{"id":17384,"date":"2025-05-21T16:01:36","date_gmt":"2025-05-21T14:01:36","guid":{"rendered":"https:\/\/combi-pro.com\/?post_type=product&#038;p=17384"},"modified":"2026-04-13T20:51:16","modified_gmt":"2026-04-13T18:51:16","slug":"tablier-long-cabernet-velilla-repellent","status":"publish","type":"product","link":"https:\/\/combi-pro.com\/fr\/boutique\/tablier-long-cabernet-velilla-repellent\/","title":{"rendered":"Tablier long r\u00e9pulsif CABERNET | VELILLA"},"content":{"rendered":"<p class=\"\" data-start=\"415\" data-end=\"444\"><strong data-start=\"415\" data-end=\"444\">Caract\u00e9ristiques techniques :<\/strong><\/p>\n<ul>\n<li data-start=\"448\" data-end=\"498\">Deux sangles aux extr\u00e9mit\u00e9s pour resserrer le v\u00eatement<\/li>\n<li data-start=\"501\" data-end=\"519\">Ouverture centrale<\/li>\n<li data-start=\"522\" data-end=\"568\">Tissu avec traitement hydrofuge<\/li>\n<li data-start=\"571\" data-end=\"585\">Sans pochette<\/li>\n<\/ul>\n<p class=\"\" data-start=\"587\" data-end=\"599\"><strong data-start=\"587\" data-end=\"599\">Tissus :<\/strong><\/p>\n<ul>\n<li data-start=\"601\" data-end=\"651\">Twill - 65 % polyester \/ 35 % coton \/ 200 g\/m\u00b2.<\/li>\n<\/ul>\n<p class=\"\" data-start=\"685\" data-end=\"710\"><strong data-start=\"685\" data-end=\"710\">Recommandation d'utilisation :<\/strong><\/p>\n<ul>\n<li data-start=\"712\" data-end=\"865\">Parfait pour les serveurs, les serveuses, les sommeliers et le personnel de service \u00e0 la recherche d'un v\u00eatement sobre, r\u00e9sistant aux taches, confortable et adapt\u00e9 \u00e0 un service exigeant.<\/li>\n<\/ul>","protected":false},"excerpt":{"rendered":"<p class=\"\" data-start=\"255\" data-end=\"413\">Tablier long sans poche avec ouverture frontale et tissu technique, id\u00e9al pour les professionnels qui ont besoin d'une protection contre les liquides et d'une libert\u00e9 de mouvement.<\/p>\n<p><img decoding=\"async\" class=\"alignnone wp-image-17386\" src=\"https:\/\/combi-pro.com\/wp-content\/uploads\/2025\/05\/COOLMAX_0.png\" alt=\"\" width=\"178\" height=\"40\" srcset=\"https:\/\/combi-pro.com\/wp-content\/uploads\/2025\/05\/COOLMAX_0.png 178w, https:\/\/combi-pro.com\/wp-content\/uploads\/2025\/05\/COOLMAX_0-64x14.png 64w, https:\/\/combi-pro.com\/wp-content\/uploads\/2025\/05\/COOLMAX_0-18x4.png 18w\" sizes=\"(max-width: 178px) 100vw, 178px\" \/><\/p>\n<p>&nbsp;<\/p>","protected":false},"featured_media":17389,"template":"","meta":{"site-sidebar-layout":"default","site-content-layout":"","ast-site-content-layout":"default","site-content-style":"default","site-sidebar-style":"default","ast-global-header-display":"","ast-banner-title-visibility":"","ast-main-header-display":"","ast-hfb-above-header-display":"","ast-hfb-below-header-display":"","ast-hfb-mobile-header-display":"","site-post-title":"","ast-breadcrumbs-content":"","ast-featured-img":"","footer-sml-layout":"","ast-disable-related-posts":"","theme-transparent-header-meta":"default","adv-header-id-meta":"","stick-header-meta":"","header-above-stick-meta":"","header-main-stick-meta":"","header-below-stick-meta":"","astra-migrate-meta-layouts":"set","ast-page-background-enabled":"default","ast-page-background-meta":{"desktop":{"background-color":"","background-image":"","background-repeat":"repeat","background-position":"center center","background-size":"auto","background-attachment":"scroll","background-type":"","background-media":"","overlay-type":"","overlay-color":"","overlay-opacity":"","overlay-gradient":""},"tablet":{"background-color":"","background-image":"","background-repeat":"repeat","background-position":"center center","background-size":"auto","background-attachment":"scroll","background-type":"","background-media":"","overlay-type":"","overlay-color":"","overlay-opacity":"","overlay-gradient":""},"mobile":{"background-color":"","background-image":"","background-repeat":"repeat","background-position":"center center","background-size":"auto","background-attachment":"scroll","background-type":"","background-media":"","overlay-type":"","overlay-color":"","overlay-opacity":"","overlay-gradient":""}},"ast-content-background-meta":{"desktop":{"background-color":"var(--ast-global-color-5)","background-image":"","background-repeat":"repeat","background-position":"center center","background-size":"auto","background-attachment":"scroll","background-type":"","background-media":"","overlay-type":"","overlay-color":"","overlay-opacity":"","overlay-gradient":""},"tablet":{"background-color":"var(--ast-global-color-5)","background-image":"","background-repeat":"repeat","background-position":"center center","background-size":"auto","background-attachment":"scroll","background-type":"","background-media":"","overlay-type":"","overlay-color":"","overlay-opacity":"","overlay-gradient":""},"mobile":{"background-color":"var(--ast-global-color-5)","background-image":"","background-repeat":"repeat","background-position":"center center","background-size":"auto","background-attachment":"scroll","background-type":"","background-media":"","overlay-type":"","overlay-color":"","overlay-opacity":"","overlay-gradient":""}}},"product_brand":[442],"product_cat":[114,72,50],"product_tag":[],"class_list":{"0":"post-17384","1":"product","2":"type-product","3":"status-publish","4":"has-post-thumbnail","6":"product_brand-velilla","7":"product_cat-delantal-hosteleria","8":"product_cat-hosteleria","9":"product_cat-ropa-profesional","10":"desktop-align-center","11":"tablet-align-left","12":"mobile-align-left","14":"first","15":"outofstock","16":"taxable","17":"shipping-taxable","18":"purchasable","19":"product-type-variable","20":"has-default-attributes"},"_links":{"self":[{"href":"https:\/\/combi-pro.com\/fr\/wp-json\/wp\/v2\/product\/17384","targetHints":{"allow":["GET"]}}],"collection":[{"href":"https:\/\/combi-pro.com\/fr\/wp-json\/wp\/v2\/product"}],"about":[{"href":"https:\/\/combi-pro.com\/fr\/wp-json\/wp\/v2\/types\/product"}],"wp:featuredmedia":[{"embeddable":true,"href":"https:\/\/combi-pro.com\/fr\/wp-json\/wp\/v2\/media\/17389"}],"wp:attachment":[{"href":"https:\/\/combi-pro.com\/fr\/wp-json\/wp\/v2\/media?parent=17384"}],"wp:term":[{"taxonomy":"product_brand","embeddable":true,"href":"https:\/\/combi-pro.com\/fr\/wp-json\/wp\/v2\/product_brand?post=17384"},{"taxonomy":"product_cat","embeddable":true,"href":"https:\/\/combi-pro.com\/fr\/wp-json\/wp\/v2\/product_cat?post=17384"},{"taxonomy":"product_tag","embeddable":true,"href":"https:\/\/combi-pro.com\/fr\/wp-json\/wp\/v2\/product_tag?post=17384"}],"curies":[{"name":"wp","href":"https:\/\/api.w.org\/{rel}","templated":true}]}}