{"id":17406,"date":"2025-05-21T16:19:41","date_gmt":"2025-05-21T14:19:41","guid":{"rendered":"https:\/\/combi-pro.com\/?post_type=product&#038;p=17406"},"modified":"2026-04-13T20:51:23","modified_gmt":"2026-04-13T18:51:23","slug":"tablier-a-bretelles-avec-poche-trepat-velilla","status":"publish","type":"product","link":"https:\/\/combi-pro.com\/fr\/boutique\/tablier-a-bretelles-avec-poche-trepat-velilla\/","title":{"rendered":"TREPAT | VELILLA tablier \u00e0 bretelles et \u00e0 bavette avec poche"},"content":{"rendered":"<p class=\"\" data-start=\"411\" data-end=\"440\"><strong data-start=\"411\" data-end=\"440\">Caract\u00e9ristiques techniques :<\/strong><\/p>\n<ul>\n<li data-start=\"444\" data-end=\"494\">Deux sangles aux extr\u00e9mit\u00e9s pour resserrer le v\u00eatement<\/li>\n<li data-start=\"497\" data-end=\"538\">Boucle d'ajustement de la sangle de cou<\/li>\n<li data-start=\"541\" data-end=\"587\">Tissu avec traitement hydrofuge<\/li>\n<li data-start=\"590\" data-end=\"611\">Une poche centrale<\/li>\n<\/ul>\n<p class=\"\" data-start=\"613\" data-end=\"625\"><strong data-start=\"613\" data-end=\"625\">Tissus :<\/strong><\/p>\n<ul>\n<li data-start=\"627\" data-end=\"677\">Twill - 65 % polyester \/ 35 % coton \/ 200 g\/m\u00b2.<\/li>\n<\/ul>\n<p class=\"\" data-start=\"711\" data-end=\"736\"><strong data-start=\"711\" data-end=\"736\">Recommandation d'utilisation :<\/strong><\/p>\n<ul>\n<li data-start=\"738\" data-end=\"883\">Parfait pour les serveurs, les sommeliers et le personnel de restauration qui ont besoin d'un v\u00eatement professionnel, confortable et r\u00e9sistant aux liquides et aux taches.<\/li>\n<\/ul>","protected":false},"excerpt":{"rendered":"<p>Tablier fonctionnel et \u00e9l\u00e9gant avec traitement r\u00e9pulsif, id\u00e9al pour les professionnels qui recherchent protection, confort et style dans leur travail quotidien.<\/p>\n<p><img decoding=\"async\" class=\"alignnone size-full wp-image-17386\" src=\"https:\/\/combi-pro.com\/wp-content\/uploads\/2025\/05\/COOLMAX_0.png\" alt=\"\" width=\"178\" height=\"40\" srcset=\"https:\/\/combi-pro.com\/wp-content\/uploads\/2025\/05\/COOLMAX_0.png 178w, https:\/\/combi-pro.com\/wp-content\/uploads\/2025\/05\/COOLMAX_0-64x14.png 64w, https:\/\/combi-pro.com\/wp-content\/uploads\/2025\/05\/COOLMAX_0-18x4.png 18w\" sizes=\"(max-width: 178px) 100vw, 178px\" \/><\/p>\n<p>&nbsp;<\/p>","protected":false},"featured_media":17407,"template":"","meta":{"site-sidebar-layout":"default","site-content-layout":"","ast-site-content-layout":"default","site-content-style":"default","site-sidebar-style":"default","ast-global-header-display":"","ast-banner-title-visibility":"","ast-main-header-display":"","ast-hfb-above-header-display":"","ast-hfb-below-header-display":"","ast-hfb-mobile-header-display":"","site-post-title":"","ast-breadcrumbs-content":"","ast-featured-img":"","footer-sml-layout":"","ast-disable-related-posts":"","theme-transparent-header-meta":"default","adv-header-id-meta":"","stick-header-meta":"","header-above-stick-meta":"","header-main-stick-meta":"","header-below-stick-meta":"","astra-migrate-meta-layouts":"set","ast-page-background-enabled":"default","ast-page-background-meta":{"desktop":{"background-color":"","background-image":"","background-repeat":"repeat","background-position":"center center","background-size":"auto","background-attachment":"scroll","background-type":"","background-media":"","overlay-type":"","overlay-color":"","overlay-opacity":"","overlay-gradient":""},"tablet":{"background-color":"","background-image":"","background-repeat":"repeat","background-position":"center center","background-size":"auto","background-attachment":"scroll","background-type":"","background-media":"","overlay-type":"","overlay-color":"","overlay-opacity":"","overlay-gradient":""},"mobile":{"background-color":"","background-image":"","background-repeat":"repeat","background-position":"center center","background-size":"auto","background-attachment":"scroll","background-type":"","background-media":"","overlay-type":"","overlay-color":"","overlay-opacity":"","overlay-gradient":""}},"ast-content-background-meta":{"desktop":{"background-color":"var(--ast-global-color-5)","background-image":"","background-repeat":"repeat","background-position":"center center","background-size":"auto","background-attachment":"scroll","background-type":"","background-media":"","overlay-type":"","overlay-color":"","overlay-opacity":"","overlay-gradient":""},"tablet":{"background-color":"var(--ast-global-color-5)","background-image":"","background-repeat":"repeat","background-position":"center center","background-size":"auto","background-attachment":"scroll","background-type":"","background-media":"","overlay-type":"","overlay-color":"","overlay-opacity":"","overlay-gradient":""},"mobile":{"background-color":"var(--ast-global-color-5)","background-image":"","background-repeat":"repeat","background-position":"center center","background-size":"auto","background-attachment":"scroll","background-type":"","background-media":"","overlay-type":"","overlay-color":"","overlay-opacity":"","overlay-gradient":""}}},"product_brand":[442],"product_cat":[114,72,50],"product_tag":[],"class_list":{"0":"post-17406","1":"product","2":"type-product","3":"status-publish","4":"has-post-thumbnail","6":"product_brand-velilla","7":"product_cat-delantal-hosteleria","8":"product_cat-hosteleria","9":"product_cat-ropa-profesional","10":"desktop-align-center","11":"tablet-align-left","12":"mobile-align-left","14":"first","15":"outofstock","16":"taxable","17":"shipping-taxable","18":"purchasable","19":"product-type-variable"},"_links":{"self":[{"href":"https:\/\/combi-pro.com\/fr\/wp-json\/wp\/v2\/product\/17406","targetHints":{"allow":["GET"]}}],"collection":[{"href":"https:\/\/combi-pro.com\/fr\/wp-json\/wp\/v2\/product"}],"about":[{"href":"https:\/\/combi-pro.com\/fr\/wp-json\/wp\/v2\/types\/product"}],"wp:featuredmedia":[{"embeddable":true,"href":"https:\/\/combi-pro.com\/fr\/wp-json\/wp\/v2\/media\/17407"}],"wp:attachment":[{"href":"https:\/\/combi-pro.com\/fr\/wp-json\/wp\/v2\/media?parent=17406"}],"wp:term":[{"taxonomy":"product_brand","embeddable":true,"href":"https:\/\/combi-pro.com\/fr\/wp-json\/wp\/v2\/product_brand?post=17406"},{"taxonomy":"product_cat","embeddable":true,"href":"https:\/\/combi-pro.com\/fr\/wp-json\/wp\/v2\/product_cat?post=17406"},{"taxonomy":"product_tag","embeddable":true,"href":"https:\/\/combi-pro.com\/fr\/wp-json\/wp\/v2\/product_tag?post=17406"}],"curies":[{"name":"wp","href":"https:\/\/api.w.org\/{rel}","templated":true}]}}