{"id":17410,"date":"2025-05-22T11:24:52","date_gmt":"2025-05-22T09:24:52","guid":{"rendered":"https:\/\/combi-pro.com\/?post_type=product&#038;p=17410"},"modified":"2026-04-13T20:51:25","modified_gmt":"2026-04-13T18:51:25","slug":"lito-de-camarero-clasico-25-velilla","status":"publish","type":"product","link":"https:\/\/combi-pro.com\/fr\/boutique\/lito-de-camarero-clasico-25-velilla\/","title":{"rendered":"Serveur classique Lito 25 | VELILLA"},"content":{"rendered":"<p class=\"\" data-start=\"377\" data-end=\"406\"><strong data-start=\"377\" data-end=\"406\">Caract\u00e9ristiques techniques :<\/strong><\/p>\n<ul>\n<li data-start=\"410\" data-end=\"438\">Design classique et fonctionnel<\/li>\n<li data-start=\"441\" data-end=\"455\">Sans pochette<\/li>\n<li data-start=\"458\" data-end=\"535\">Ajustement par n\u0153ud ou fermoir<\/li>\n<\/ul>\n<p class=\"\" data-start=\"537\" data-end=\"549\"><strong data-start=\"537\" data-end=\"549\">Tissus :<\/strong><\/p>\n<ul>\n<li data-start=\"551\" data-end=\"601\">Twill - 65 % polyester \/ 35 % coton \/ 190 g\/m\u00b2.<\/li>\n<\/ul>\n<p class=\"\" data-start=\"635\" data-end=\"660\"><strong data-start=\"635\" data-end=\"660\">Recommandation d'utilisation :<\/strong><\/p>\n<ul>\n<li data-start=\"662\" data-end=\"802\">Recommand\u00e9 pour les serveurs dans les restaurants, les \u00e9v\u00e9nements ou les services o\u00f9 un v\u00eatement pratique et l\u00e9ger avec une image professionnelle est n\u00e9cessaire.<\/li>\n<\/ul>","protected":false},"excerpt":{"rendered":"<p>Lito professionnel de coupe traditionnelle, id\u00e9al pour les serveurs qui recherchent \u00e9l\u00e9gance, fonctionnalit\u00e9 et protection dans un environnement de service \u00e0 la client\u00e8le.<\/p>","protected":false},"featured_media":17411,"template":"","meta":{"site-sidebar-layout":"default","site-content-layout":"","ast-site-content-layout":"default","site-content-style":"default","site-sidebar-style":"default","ast-global-header-display":"","ast-banner-title-visibility":"","ast-main-header-display":"","ast-hfb-above-header-display":"","ast-hfb-below-header-display":"","ast-hfb-mobile-header-display":"","site-post-title":"","ast-breadcrumbs-content":"","ast-featured-img":"","footer-sml-layout":"","ast-disable-related-posts":"","theme-transparent-header-meta":"default","adv-header-id-meta":"","stick-header-meta":"","header-above-stick-meta":"","header-main-stick-meta":"","header-below-stick-meta":"","astra-migrate-meta-layouts":"set","ast-page-background-enabled":"default","ast-page-background-meta":{"desktop":{"background-color":"","background-image":"","background-repeat":"repeat","background-position":"center center","background-size":"auto","background-attachment":"scroll","background-type":"","background-media":"","overlay-type":"","overlay-color":"","overlay-opacity":"","overlay-gradient":""},"tablet":{"background-color":"","background-image":"","background-repeat":"repeat","background-position":"center center","background-size":"auto","background-attachment":"scroll","background-type":"","background-media":"","overlay-type":"","overlay-color":"","overlay-opacity":"","overlay-gradient":""},"mobile":{"background-color":"","background-image":"","background-repeat":"repeat","background-position":"center center","background-size":"auto","background-attachment":"scroll","background-type":"","background-media":"","overlay-type":"","overlay-color":"","overlay-opacity":"","overlay-gradient":""}},"ast-content-background-meta":{"desktop":{"background-color":"var(--ast-global-color-5)","background-image":"","background-repeat":"repeat","background-position":"center center","background-size":"auto","background-attachment":"scroll","background-type":"","background-media":"","overlay-type":"","overlay-color":"","overlay-opacity":"","overlay-gradient":""},"tablet":{"background-color":"var(--ast-global-color-5)","background-image":"","background-repeat":"repeat","background-position":"center center","background-size":"auto","background-attachment":"scroll","background-type":"","background-media":"","overlay-type":"","overlay-color":"","overlay-opacity":"","overlay-gradient":""},"mobile":{"background-color":"var(--ast-global-color-5)","background-image":"","background-repeat":"repeat","background-position":"center center","background-size":"auto","background-attachment":"scroll","background-type":"","background-media":"","overlay-type":"","overlay-color":"","overlay-opacity":"","overlay-gradient":""}}},"product_brand":[442],"product_cat":[115,72,50],"product_tag":[],"class_list":{"0":"post-17410","1":"product","2":"type-product","3":"status-publish","4":"has-post-thumbnail","6":"product_brand-velilla","7":"product_cat-complementos-hosteleria","8":"product_cat-hosteleria","9":"product_cat-ropa-profesional","10":"desktop-align-center","11":"tablet-align-left","12":"mobile-align-left","14":"first","15":"outofstock","16":"taxable","17":"shipping-taxable","18":"purchasable","19":"product-type-variable"},"_links":{"self":[{"href":"https:\/\/combi-pro.com\/fr\/wp-json\/wp\/v2\/product\/17410","targetHints":{"allow":["GET"]}}],"collection":[{"href":"https:\/\/combi-pro.com\/fr\/wp-json\/wp\/v2\/product"}],"about":[{"href":"https:\/\/combi-pro.com\/fr\/wp-json\/wp\/v2\/types\/product"}],"wp:featuredmedia":[{"embeddable":true,"href":"https:\/\/combi-pro.com\/fr\/wp-json\/wp\/v2\/media\/17411"}],"wp:attachment":[{"href":"https:\/\/combi-pro.com\/fr\/wp-json\/wp\/v2\/media?parent=17410"}],"wp:term":[{"taxonomy":"product_brand","embeddable":true,"href":"https:\/\/combi-pro.com\/fr\/wp-json\/wp\/v2\/product_brand?post=17410"},{"taxonomy":"product_cat","embeddable":true,"href":"https:\/\/combi-pro.com\/fr\/wp-json\/wp\/v2\/product_cat?post=17410"},{"taxonomy":"product_tag","embeddable":true,"href":"https:\/\/combi-pro.com\/fr\/wp-json\/wp\/v2\/product_tag?post=17410"}],"curies":[{"name":"wp","href":"https:\/\/api.w.org\/{rel}","templated":true}]}}