{"id":17514,"date":"2025-05-22T13:59:12","date_gmt":"2025-05-22T11:59:12","guid":{"rendered":"https:\/\/combi-pro.com\/?post_type=product&#038;p=17514"},"modified":"2026-04-13T20:51:34","modified_gmt":"2026-04-13T18:51:34","slug":"bicolour-professional-bib-apron-404210b-velilla","status":"publish","type":"product","link":"https:\/\/combi-pro.com\/fr\/boutique\/bicolour-professional-bib-apron-404210b-velilla\/","title":{"rendered":"Tablier professionnel \u00e0 bavette bicolore 404210B | VELILLA"},"content":{"rendered":"<p class=\"\" data-start=\"369\" data-end=\"398\"><strong data-start=\"369\" data-end=\"398\">Caract\u00e9ristiques techniques :<\/strong><\/p>\n<ul>\n<li data-start=\"402\" data-end=\"463\">Bretelles en coton \u00e0 chevrons ivoire<\/li>\n<li data-start=\"466\" data-end=\"503\">Collier nou\u00e9 r\u00e9glable<\/li>\n<li data-start=\"506\" data-end=\"556\">Deux sangles aux extr\u00e9mit\u00e9s pour resserrer le v\u00eatement<\/li>\n<li data-start=\"559\" data-end=\"611\">25 combinaisons de couleurs disponibles (base noire)<\/li>\n<li data-start=\"614\" data-end=\"631\">Trois poches :<\/li>\n<li data-start=\"636\" data-end=\"693\">1 poche poitrine avec compartiment \u00e0 stylos<\/li>\n<li data-start=\"698\" data-end=\"727\">1 poche centrale en bas<\/li>\n<li data-start=\"732\" data-end=\"774\">1 poche int\u00e9rieure sur l'acc\u00e8s droit<\/li>\n<\/ul>\n<p class=\"\" data-start=\"776\" data-end=\"788\"><strong data-start=\"776\" data-end=\"788\">Tissus :<\/strong><\/p>\n<ul>\n<li data-start=\"790\" data-end=\"840\">Twill - 65 % polyester \/ 35 % coton \/ 190 g\/m\u00b2.<\/li>\n<\/ul>\n<p class=\"\" data-start=\"874\" data-end=\"899\"><strong data-start=\"874\" data-end=\"899\">Recommandation d'utilisation :<\/strong><\/p>\n<ul>\n<li data-start=\"901\" data-end=\"1053\">Parfait pour les serveurs, les baristas, les sommeliers et le personnel de service qui ont besoin d'un v\u00eatement pratique avec un aspect professionnel et de multiples compartiments.<\/li>\n<\/ul>","protected":false},"excerpt":{"rendered":"<p>Tablier au design bicolore \u00e9l\u00e9gant et fonctionnel, id\u00e9al pour les professionnels \u00e0 la recherche de confort, d'organisation et de style dans un environnement de soins.<\/p>\n<p>&nbsp;<\/p>","protected":false},"featured_media":17532,"template":"","meta":{"site-sidebar-layout":"default","site-content-layout":"","ast-site-content-layout":"default","site-content-style":"default","site-sidebar-style":"default","ast-global-header-display":"","ast-banner-title-visibility":"","ast-main-header-display":"","ast-hfb-above-header-display":"","ast-hfb-below-header-display":"","ast-hfb-mobile-header-display":"","site-post-title":"","ast-breadcrumbs-content":"","ast-featured-img":"","footer-sml-layout":"","ast-disable-related-posts":"","theme-transparent-header-meta":"default","adv-header-id-meta":"","stick-header-meta":"","header-above-stick-meta":"","header-main-stick-meta":"","header-below-stick-meta":"","astra-migrate-meta-layouts":"set","ast-page-background-enabled":"default","ast-page-background-meta":{"desktop":{"background-color":"","background-image":"","background-repeat":"repeat","background-position":"center center","background-size":"auto","background-attachment":"scroll","background-type":"","background-media":"","overlay-type":"","overlay-color":"","overlay-opacity":"","overlay-gradient":""},"tablet":{"background-color":"","background-image":"","background-repeat":"repeat","background-position":"center center","background-size":"auto","background-attachment":"scroll","background-type":"","background-media":"","overlay-type":"","overlay-color":"","overlay-opacity":"","overlay-gradient":""},"mobile":{"background-color":"","background-image":"","background-repeat":"repeat","background-position":"center center","background-size":"auto","background-attachment":"scroll","background-type":"","background-media":"","overlay-type":"","overlay-color":"","overlay-opacity":"","overlay-gradient":""}},"ast-content-background-meta":{"desktop":{"background-color":"var(--ast-global-color-5)","background-image":"","background-repeat":"repeat","background-position":"center center","background-size":"auto","background-attachment":"scroll","background-type":"","background-media":"","overlay-type":"","overlay-color":"","overlay-opacity":"","overlay-gradient":""},"tablet":{"background-color":"var(--ast-global-color-5)","background-image":"","background-repeat":"repeat","background-position":"center center","background-size":"auto","background-attachment":"scroll","background-type":"","background-media":"","overlay-type":"","overlay-color":"","overlay-opacity":"","overlay-gradient":""},"mobile":{"background-color":"var(--ast-global-color-5)","background-image":"","background-repeat":"repeat","background-position":"center center","background-size":"auto","background-attachment":"scroll","background-type":"","background-media":"","overlay-type":"","overlay-color":"","overlay-opacity":"","overlay-gradient":""}}},"product_brand":[442],"product_cat":[114,72,50],"product_tag":[],"class_list":{"0":"post-17514","1":"product","2":"type-product","3":"status-publish","4":"has-post-thumbnail","6":"product_brand-velilla","7":"product_cat-delantal-hosteleria","8":"product_cat-hosteleria","9":"product_cat-ropa-profesional","10":"desktop-align-center","11":"tablet-align-left","12":"mobile-align-left","14":"first","15":"instock","16":"taxable","17":"shipping-taxable","18":"purchasable","19":"product-type-variable","20":"has-default-attributes"},"_links":{"self":[{"href":"https:\/\/combi-pro.com\/fr\/wp-json\/wp\/v2\/product\/17514","targetHints":{"allow":["GET"]}}],"collection":[{"href":"https:\/\/combi-pro.com\/fr\/wp-json\/wp\/v2\/product"}],"about":[{"href":"https:\/\/combi-pro.com\/fr\/wp-json\/wp\/v2\/types\/product"}],"wp:featuredmedia":[{"embeddable":true,"href":"https:\/\/combi-pro.com\/fr\/wp-json\/wp\/v2\/media\/17532"}],"wp:attachment":[{"href":"https:\/\/combi-pro.com\/fr\/wp-json\/wp\/v2\/media?parent=17514"}],"wp:term":[{"taxonomy":"product_brand","embeddable":true,"href":"https:\/\/combi-pro.com\/fr\/wp-json\/wp\/v2\/product_brand?post=17514"},{"taxonomy":"product_cat","embeddable":true,"href":"https:\/\/combi-pro.com\/fr\/wp-json\/wp\/v2\/product_cat?post=17514"},{"taxonomy":"product_tag","embeddable":true,"href":"https:\/\/combi-pro.com\/fr\/wp-json\/wp\/v2\/product_tag?post=17514"}],"curies":[{"name":"wp","href":"https:\/\/api.w.org\/{rel}","templated":true}]}}