{"id":17582,"date":"2025-05-22T14:06:32","date_gmt":"2025-05-22T12:06:32","guid":{"rendered":"https:\/\/combi-pro.com\/?post_type=product&#038;p=17582"},"modified":"2026-04-13T20:51:40","modified_gmt":"2026-04-13T18:51:40","slug":"salopette-bio-tablier-nougat-404214-velilla","status":"publish","type":"product","link":"https:\/\/combi-pro.com\/fr\/boutique\/salopette-bio-tablier-nougat-404214-velilla\/","title":{"rendered":"Tablier \u00e0 bavette NOUGAT 404214 | VELILLA"},"content":{"rendered":"<p class=\"\" data-start=\"363\" data-end=\"392\"><strong data-start=\"363\" data-end=\"392\">Caract\u00e9ristiques techniques :<\/strong><\/p>\n<ul>\n<li data-start=\"396\" data-end=\"465\">Bretelles ergonomiques de r\u00e9glage multipositions dans le m\u00eame tissu ton sur ton<\/li>\n<li data-start=\"468\" data-end=\"504\">Design confortable avec dos crois\u00e9<\/li>\n<li data-start=\"507\" data-end=\"553\">Tissu avec traitement hydrofuge<\/li>\n<li data-start=\"556\" data-end=\"575\">Suspension int\u00e9rieure<\/li>\n<li data-start=\"578\" data-end=\"594\">Deux poches :<\/li>\n<li data-start=\"599\" data-end=\"626\">1 grande poche centrale<\/li>\n<li data-start=\"631\" data-end=\"652\">1 poche int\u00e9rieure<\/li>\n<\/ul>\n<p class=\"\" data-start=\"654\" data-end=\"666\"><strong data-start=\"654\" data-end=\"666\">Tissus :<\/strong><\/p>\n<ul>\n<li data-start=\"668\" data-end=\"721\">Plat - 100 % coton biologique d\u00e9perlant \/ 240 g\/m\u00b2.<\/li>\n<\/ul>\n<p class=\"\" data-start=\"755\" data-end=\"780\"><strong data-start=\"755\" data-end=\"780\">Recommandation d'utilisation :<\/strong><\/p>\n<ul>\n<li data-start=\"782\" data-end=\"925\">Id\u00e9al pour les cuisines, les caf\u00e9s, les magasins ou la restauration responsable, o\u00f9 le confort et l'engagement en faveur de l'environnement sont appr\u00e9ci\u00e9s.<\/li>\n<\/ul>","protected":false},"excerpt":{"rendered":"<p>Tablier \u00e9cologique et ergonomique en tissu r\u00e9pulsif, parfait pour les professionnels \u00e0 la recherche de confort, de durabilit\u00e9 et de fonctionnalit\u00e9.<\/p>\n<p><img decoding=\"async\" class=\"alignnone size-full wp-image-17364\" src=\"https:\/\/combi-pro.com\/wp-content\/uploads\/2025\/05\/ICONO-HIDROFUGADO_0.png\" alt=\"\" width=\"40\" height=\"40\" srcset=\"https:\/\/combi-pro.com\/wp-content\/uploads\/2025\/05\/ICONO-HIDROFUGADO_0.png 40w, https:\/\/combi-pro.com\/wp-content\/uploads\/2025\/05\/ICONO-HIDROFUGADO_0-12x12.png 12w\" sizes=\"(max-width: 40px) 100vw, 40px\" \/><\/p>\n<p>&nbsp;<\/p>","protected":false},"featured_media":17591,"template":"","meta":{"site-sidebar-layout":"default","site-content-layout":"","ast-site-content-layout":"default","site-content-style":"default","site-sidebar-style":"default","ast-global-header-display":"","ast-banner-title-visibility":"","ast-main-header-display":"","ast-hfb-above-header-display":"","ast-hfb-below-header-display":"","ast-hfb-mobile-header-display":"","site-post-title":"","ast-breadcrumbs-content":"","ast-featured-img":"","footer-sml-layout":"","ast-disable-related-posts":"","theme-transparent-header-meta":"default","adv-header-id-meta":"","stick-header-meta":"","header-above-stick-meta":"","header-main-stick-meta":"","header-below-stick-meta":"","astra-migrate-meta-layouts":"set","ast-page-background-enabled":"default","ast-page-background-meta":{"desktop":{"background-color":"","background-image":"","background-repeat":"repeat","background-position":"center center","background-size":"auto","background-attachment":"scroll","background-type":"","background-media":"","overlay-type":"","overlay-color":"","overlay-opacity":"","overlay-gradient":""},"tablet":{"background-color":"","background-image":"","background-repeat":"repeat","background-position":"center center","background-size":"auto","background-attachment":"scroll","background-type":"","background-media":"","overlay-type":"","overlay-color":"","overlay-opacity":"","overlay-gradient":""},"mobile":{"background-color":"","background-image":"","background-repeat":"repeat","background-position":"center center","background-size":"auto","background-attachment":"scroll","background-type":"","background-media":"","overlay-type":"","overlay-color":"","overlay-opacity":"","overlay-gradient":""}},"ast-content-background-meta":{"desktop":{"background-color":"var(--ast-global-color-5)","background-image":"","background-repeat":"repeat","background-position":"center center","background-size":"auto","background-attachment":"scroll","background-type":"","background-media":"","overlay-type":"","overlay-color":"","overlay-opacity":"","overlay-gradient":""},"tablet":{"background-color":"var(--ast-global-color-5)","background-image":"","background-repeat":"repeat","background-position":"center center","background-size":"auto","background-attachment":"scroll","background-type":"","background-media":"","overlay-type":"","overlay-color":"","overlay-opacity":"","overlay-gradient":""},"mobile":{"background-color":"var(--ast-global-color-5)","background-image":"","background-repeat":"repeat","background-position":"center center","background-size":"auto","background-attachment":"scroll","background-type":"","background-media":"","overlay-type":"","overlay-color":"","overlay-opacity":"","overlay-gradient":""}}},"product_brand":[442],"product_cat":[114,72,50],"product_tag":[],"class_list":{"0":"post-17582","1":"product","2":"type-product","3":"status-publish","4":"has-post-thumbnail","6":"product_brand-velilla","7":"product_cat-delantal-hosteleria","8":"product_cat-hosteleria","9":"product_cat-ropa-profesional","10":"desktop-align-center","11":"tablet-align-left","12":"mobile-align-left","14":"first","15":"outofstock","16":"taxable","17":"shipping-taxable","18":"purchasable","19":"product-type-variable","20":"has-default-attributes"},"_links":{"self":[{"href":"https:\/\/combi-pro.com\/fr\/wp-json\/wp\/v2\/product\/17582","targetHints":{"allow":["GET"]}}],"collection":[{"href":"https:\/\/combi-pro.com\/fr\/wp-json\/wp\/v2\/product"}],"about":[{"href":"https:\/\/combi-pro.com\/fr\/wp-json\/wp\/v2\/types\/product"}],"wp:featuredmedia":[{"embeddable":true,"href":"https:\/\/combi-pro.com\/fr\/wp-json\/wp\/v2\/media\/17591"}],"wp:attachment":[{"href":"https:\/\/combi-pro.com\/fr\/wp-json\/wp\/v2\/media?parent=17582"}],"wp:term":[{"taxonomy":"product_brand","embeddable":true,"href":"https:\/\/combi-pro.com\/fr\/wp-json\/wp\/v2\/product_brand?post=17582"},{"taxonomy":"product_cat","embeddable":true,"href":"https:\/\/combi-pro.com\/fr\/wp-json\/wp\/v2\/product_cat?post=17582"},{"taxonomy":"product_tag","embeddable":true,"href":"https:\/\/combi-pro.com\/fr\/wp-json\/wp\/v2\/product_tag?post=17582"}],"curies":[{"name":"wp","href":"https:\/\/api.w.org\/{rel}","templated":true}]}}