{"id":17664,"date":"2025-05-23T13:12:05","date_gmt":"2025-05-23T11:12:05","guid":{"rendered":"https:\/\/combi-pro.com\/?post_type=product&#038;p=17664"},"modified":"2026-04-13T20:52:01","modified_gmt":"2026-04-13T18:52:01","slug":"tablier-court-avec-poche-subirat-velilla","status":"publish","type":"product","link":"https:\/\/combi-pro.com\/fr\/boutique\/tablier-court-avec-poche-subirat-velilla\/","title":{"rendered":"Tablier court avec poche SUBIRAT | VELILLA"},"content":{"rendered":"<p data-start=\"331\" data-end=\"360\"><strong data-start=\"331\" data-end=\"360\">Caract\u00e9ristiques techniques :<\/strong><\/p>\n<ul>\n<li data-start=\"364\" data-end=\"414\">Deux sangles aux extr\u00e9mit\u00e9s pour resserrer le v\u00eatement<\/li>\n<li data-start=\"417\" data-end=\"463\">Tissu avec traitement hydrofuge<\/li>\n<li data-start=\"466\" data-end=\"527\">Une poche centrale en forme de V avec trois compartiments<\/li>\n<\/ul>\n<p data-start=\"529\" data-end=\"541\"><strong data-start=\"529\" data-end=\"541\">Tissus :<\/strong><\/p>\n<ul>\n<li data-start=\"543\" data-end=\"593\">Twill - 65 % polyester \/ 35 % coton \/ 200 g\/m\u00b2.<\/li>\n<\/ul>\n<p data-start=\"627\" data-end=\"652\"><strong data-start=\"627\" data-end=\"652\">Recommandation d'utilisation :<\/strong><\/p>\n<ul>\n<li data-start=\"654\" data-end=\"794\">Parfait pour les barmen, les baristas et les serveurs qui ont besoin d'avoir des ustensiles \u00e0 port\u00e9e de main, avec un tablier pratique et facile \u00e0 nettoyer.<\/li>\n<\/ul>","protected":false},"excerpt":{"rendered":"<p>Tablier court, fonctionnel et r\u00e9sistant, avec un tissu r\u00e9pulsif, id\u00e9al pour les professionnels \u00e0 la recherche d'organisation, de confort et d'aisance de mouvement.<\/p>\n<p><img decoding=\"async\" class=\"alignnone size-full wp-image-17386\" src=\"https:\/\/combi-pro.com\/wp-content\/uploads\/2025\/05\/COOLMAX_0.png\" alt=\"\" width=\"178\" height=\"40\" srcset=\"https:\/\/combi-pro.com\/wp-content\/uploads\/2025\/05\/COOLMAX_0.png 178w, https:\/\/combi-pro.com\/wp-content\/uploads\/2025\/05\/COOLMAX_0-64x14.png 64w, https:\/\/combi-pro.com\/wp-content\/uploads\/2025\/05\/COOLMAX_0-18x4.png 18w\" sizes=\"(max-width: 178px) 100vw, 178px\" \/><\/p>\n<p><a href=\"https:\/\/combi-pro.com\/wp-content\/uploads\/2025\/04\/Guide-de-taille-Velilla_Partes-Superiores-y-Batas-Homme.jpg\">guide des tailles<\/a><\/p>","protected":false},"featured_media":17665,"template":"","meta":{"site-sidebar-layout":"default","site-content-layout":"","ast-site-content-layout":"default","site-content-style":"default","site-sidebar-style":"default","ast-global-header-display":"","ast-banner-title-visibility":"","ast-main-header-display":"","ast-hfb-above-header-display":"","ast-hfb-below-header-display":"","ast-hfb-mobile-header-display":"","site-post-title":"","ast-breadcrumbs-content":"","ast-featured-img":"","footer-sml-layout":"","ast-disable-related-posts":"","theme-transparent-header-meta":"default","adv-header-id-meta":"","stick-header-meta":"","header-above-stick-meta":"","header-main-stick-meta":"","header-below-stick-meta":"","astra-migrate-meta-layouts":"set","ast-page-background-enabled":"default","ast-page-background-meta":{"desktop":{"background-color":"","background-image":"","background-repeat":"repeat","background-position":"center center","background-size":"auto","background-attachment":"scroll","background-type":"","background-media":"","overlay-type":"","overlay-color":"","overlay-opacity":"","overlay-gradient":""},"tablet":{"background-color":"","background-image":"","background-repeat":"repeat","background-position":"center center","background-size":"auto","background-attachment":"scroll","background-type":"","background-media":"","overlay-type":"","overlay-color":"","overlay-opacity":"","overlay-gradient":""},"mobile":{"background-color":"","background-image":"","background-repeat":"repeat","background-position":"center center","background-size":"auto","background-attachment":"scroll","background-type":"","background-media":"","overlay-type":"","overlay-color":"","overlay-opacity":"","overlay-gradient":""}},"ast-content-background-meta":{"desktop":{"background-color":"var(--ast-global-color-5)","background-image":"","background-repeat":"repeat","background-position":"center center","background-size":"auto","background-attachment":"scroll","background-type":"","background-media":"","overlay-type":"","overlay-color":"","overlay-opacity":"","overlay-gradient":""},"tablet":{"background-color":"var(--ast-global-color-5)","background-image":"","background-repeat":"repeat","background-position":"center center","background-size":"auto","background-attachment":"scroll","background-type":"","background-media":"","overlay-type":"","overlay-color":"","overlay-opacity":"","overlay-gradient":""},"mobile":{"background-color":"var(--ast-global-color-5)","background-image":"","background-repeat":"repeat","background-position":"center center","background-size":"auto","background-attachment":"scroll","background-type":"","background-media":"","overlay-type":"","overlay-color":"","overlay-opacity":"","overlay-gradient":""}}},"product_brand":[442],"product_cat":[114,72,50],"product_tag":[],"class_list":{"0":"post-17664","1":"product","2":"type-product","3":"status-publish","4":"has-post-thumbnail","6":"product_brand-velilla","7":"product_cat-delantal-hosteleria","8":"product_cat-hosteleria","9":"product_cat-ropa-profesional","10":"desktop-align-center","11":"tablet-align-left","12":"mobile-align-left","14":"first","15":"outofstock","16":"taxable","17":"shipping-taxable","18":"purchasable","19":"product-type-variable"},"_links":{"self":[{"href":"https:\/\/combi-pro.com\/fr\/wp-json\/wp\/v2\/product\/17664","targetHints":{"allow":["GET"]}}],"collection":[{"href":"https:\/\/combi-pro.com\/fr\/wp-json\/wp\/v2\/product"}],"about":[{"href":"https:\/\/combi-pro.com\/fr\/wp-json\/wp\/v2\/types\/product"}],"wp:featuredmedia":[{"embeddable":true,"href":"https:\/\/combi-pro.com\/fr\/wp-json\/wp\/v2\/media\/17665"}],"wp:attachment":[{"href":"https:\/\/combi-pro.com\/fr\/wp-json\/wp\/v2\/media?parent=17664"}],"wp:term":[{"taxonomy":"product_brand","embeddable":true,"href":"https:\/\/combi-pro.com\/fr\/wp-json\/wp\/v2\/product_brand?post=17664"},{"taxonomy":"product_cat","embeddable":true,"href":"https:\/\/combi-pro.com\/fr\/wp-json\/wp\/v2\/product_cat?post=17664"},{"taxonomy":"product_tag","embeddable":true,"href":"https:\/\/combi-pro.com\/fr\/wp-json\/wp\/v2\/product_tag?post=17664"}],"curies":[{"name":"wp","href":"https:\/\/api.w.org\/{rel}","templated":true}]}}