{"id":17781,"date":"2025-06-16T12:22:57","date_gmt":"2025-06-16T10:22:57","guid":{"rendered":"https:\/\/combi-pro.com\/?post_type=product&#038;p=17781"},"modified":"2026-05-02T20:19:37","modified_gmt":"2026-05-02T18:19:37","slug":"tablier-chasuble-reversible-en-serge-254201-velilla","status":"publish","type":"product","link":"https:\/\/combi-pro.com\/fr\/boutique\/tablier-chasuble-reversible-en-serge-254201-velilla\/","title":{"rendered":"Tablier chasuble en serg\u00e9 r\u00e9versible 254201 | VELILLE"},"content":{"rendered":"<p data-start=\"489\" data-end=\"522\"><strong data-start=\"493\" data-end=\"522\">Caract\u00e9ristiques techniques :<\/strong><\/p>\n<ul data-start=\"524\" data-end=\"847\">\n<li data-start=\"524\" data-end=\"594\">\n<p data-start=\"526\" data-end=\"594\">Conception r\u00e9versible pour une fonctionnalit\u00e9 et une durabilit\u00e9 accrues<\/p>\n<\/li>\n<li data-start=\"595\" data-end=\"689\">\n<p data-start=\"597\" data-end=\"689\">Profil nervur\u00e9 qui renforce le contour et assure une finition propre et durable<\/p>\n<\/li>\n<li data-start=\"690\" data-end=\"747\">\n<p data-start=\"692\" data-end=\"747\">Ajustement confortable et adaptable gr\u00e2ce \u00e0 des sangles de fixation en biais<\/p>\n<\/li>\n<li data-start=\"748\" data-end=\"847\">\n<p data-start=\"750\" data-end=\"847\">Une poche inf\u00e9rieure, divis\u00e9e en deux compartiments par des coutures pour plus de praticit\u00e9<\/p>\n<\/li>\n<\/ul>\n<p data-start=\"849\" data-end=\"866\"><strong data-start=\"853\" data-end=\"864\">Tissu: <\/strong>Serg\u00e9 r\u00e9sistant, doux au toucher et facile d'entretien<\/p>\n<p data-start=\"923\" data-end=\"945\"><strong data-start=\"927\" data-end=\"943\">Composition : <\/strong>65% polyester - 35% coton<\/p>\n<p data-start=\"923\" data-end=\"945\"><strong data-start=\"976\" data-end=\"988\">Grammage :<\/strong> 190 g\/m\u00b2.<\/p>\n<p data-start=\"999\" data-end=\"1028\"><strong data-start=\"1003\" data-end=\"1028\">Recommandation d'utilisation :<\/strong><\/p>\n<ul>\n<li data-start=\"1030\" data-end=\"1200\">Parfait pour les professionnels de l'h\u00f4tellerie, les magasins, les cliniques, les centres \u00e9ducatifs ou tout autre environnement o\u00f9 une image soign\u00e9e, le confort et la fonctionnalit\u00e9 sont requis.<\/li>\n<\/ul>","protected":false},"excerpt":{"rendered":"<p>Tablier de chasuble r\u00e9versible en serg\u00e9, avec passepoil et biais. Il poss\u00e8de une poche inf\u00e9rieure divis\u00e9e par des coutures.<\/p>","protected":false},"featured_media":17787,"template":"","meta":{"site-sidebar-layout":"default","site-content-layout":"","ast-site-content-layout":"default","site-content-style":"default","site-sidebar-style":"default","ast-global-header-display":"","ast-banner-title-visibility":"","ast-main-header-display":"","ast-hfb-above-header-display":"","ast-hfb-below-header-display":"","ast-hfb-mobile-header-display":"","site-post-title":"","ast-breadcrumbs-content":"","ast-featured-img":"","footer-sml-layout":"","ast-disable-related-posts":"","theme-transparent-header-meta":"default","adv-header-id-meta":"","stick-header-meta":"","header-above-stick-meta":"","header-main-stick-meta":"","header-below-stick-meta":"","astra-migrate-meta-layouts":"set","ast-page-background-enabled":"default","ast-page-background-meta":{"desktop":{"background-color":"","background-image":"","background-repeat":"repeat","background-position":"center center","background-size":"auto","background-attachment":"scroll","background-type":"","background-media":"","overlay-type":"","overlay-color":"","overlay-opacity":"","overlay-gradient":""},"tablet":{"background-color":"","background-image":"","background-repeat":"repeat","background-position":"center center","background-size":"auto","background-attachment":"scroll","background-type":"","background-media":"","overlay-type":"","overlay-color":"","overlay-opacity":"","overlay-gradient":""},"mobile":{"background-color":"","background-image":"","background-repeat":"repeat","background-position":"center center","background-size":"auto","background-attachment":"scroll","background-type":"","background-media":"","overlay-type":"","overlay-color":"","overlay-opacity":"","overlay-gradient":""}},"ast-content-background-meta":{"desktop":{"background-color":"var(--ast-global-color-5)","background-image":"","background-repeat":"repeat","background-position":"center center","background-size":"auto","background-attachment":"scroll","background-type":"","background-media":"","overlay-type":"","overlay-color":"","overlay-opacity":"","overlay-gradient":""},"tablet":{"background-color":"var(--ast-global-color-5)","background-image":"","background-repeat":"repeat","background-position":"center center","background-size":"auto","background-attachment":"scroll","background-type":"","background-media":"","overlay-type":"","overlay-color":"","overlay-opacity":"","overlay-gradient":""},"mobile":{"background-color":"var(--ast-global-color-5)","background-image":"","background-repeat":"repeat","background-position":"center center","background-size":"auto","background-attachment":"scroll","background-type":"","background-media":"","overlay-type":"","overlay-color":"","overlay-opacity":"","overlay-gradient":""}}},"product_brand":[442],"product_cat":[121,69,50],"product_tag":[],"class_list":{"0":"post-17781","1":"product","2":"type-product","3":"status-publish","4":"has-post-thumbnail","6":"product_brand-velilla","7":"product_cat-delantales","8":"product_cat-industria-alimentaria","9":"product_cat-ropa-profesional","10":"desktop-align-center","11":"tablet-align-left","12":"mobile-align-left","14":"first","15":"instock","16":"taxable","17":"shipping-taxable","18":"purchasable","19":"product-type-variable","20":"has-default-attributes"},"_links":{"self":[{"href":"https:\/\/combi-pro.com\/fr\/wp-json\/wp\/v2\/product\/17781","targetHints":{"allow":["GET"]}}],"collection":[{"href":"https:\/\/combi-pro.com\/fr\/wp-json\/wp\/v2\/product"}],"about":[{"href":"https:\/\/combi-pro.com\/fr\/wp-json\/wp\/v2\/types\/product"}],"wp:featuredmedia":[{"embeddable":true,"href":"https:\/\/combi-pro.com\/fr\/wp-json\/wp\/v2\/media\/17787"}],"wp:attachment":[{"href":"https:\/\/combi-pro.com\/fr\/wp-json\/wp\/v2\/media?parent=17781"}],"wp:term":[{"taxonomy":"product_brand","embeddable":true,"href":"https:\/\/combi-pro.com\/fr\/wp-json\/wp\/v2\/product_brand?post=17781"},{"taxonomy":"product_cat","embeddable":true,"href":"https:\/\/combi-pro.com\/fr\/wp-json\/wp\/v2\/product_cat?post=17781"},{"taxonomy":"product_tag","embeddable":true,"href":"https:\/\/combi-pro.com\/fr\/wp-json\/wp\/v2\/product_tag?post=17781"}],"curies":[{"name":"wp","href":"https:\/\/api.w.org\/{rel}","templated":true}]}}