{"id":17796,"date":"2025-06-16T14:00:21","date_gmt":"2025-06-16T12:00:21","guid":{"rendered":"https:\/\/combi-pro.com\/?post_type=product&#038;p=17796"},"modified":"2026-03-10T00:57:35","modified_gmt":"2026-03-09T23:57:35","slug":"tablier-a-bavette-en-pvc-pour-travaux-lourds-7-velilla","status":"publish","type":"product","link":"https:\/\/combi-pro.com\/fr\/boutique\/tablier-a-bavette-en-pvc-pour-travaux-lourds-7-velilla\/","title":{"rendered":"Tablier bavette en PVC haute r\u00e9sistance 7 | VELILLA"},"content":{"rendered":"<p data-start=\"475\" data-end=\"508\"><strong data-start=\"479\" data-end=\"508\">Caract\u00e9ristiques techniques :<\/strong><\/p>\n<ul data-start=\"510\" data-end=\"719\">\n<li data-start=\"510\" data-end=\"564\">\n<p data-start=\"512\" data-end=\"564\">Boucle de col pour un ajustement personnalis\u00e9<\/p>\n<\/li>\n<li data-start=\"565\" data-end=\"647\">\n<p data-start=\"567\" data-end=\"647\">Deux sangles lat\u00e9rales pour fixer solidement le v\u00eatement au corps<\/p>\n<\/li>\n<li data-start=\"648\" data-end=\"719\">\n<p data-start=\"650\" data-end=\"719\">Mat\u00e9riau imperm\u00e9able et facile \u00e0 d\u00e9sinfecter, id\u00e9al pour un usage intensif.<\/p>\n<\/li>\n<\/ul>\n<p data-start=\"721\" data-end=\"738\"><strong data-start=\"725\" data-end=\"736\">Tissu: <\/strong>Film PVC renforc\u00e9 avec support textile<\/p>\n<p data-start=\"783\" data-end=\"805\"><strong data-start=\"787\" data-end=\"803\">Composition :<\/strong><\/p>\n<ul>\n<li data-start=\"806\" data-end=\"853\">80% PVC - 20% polyester<\/li>\n<li data-start=\"806\" data-end=\"853\">Grammage : 470 g\/m\u00b2.<\/li>\n<\/ul>\n<p data-start=\"855\" data-end=\"884\"><strong data-start=\"859\" data-end=\"884\">Recommandation d'utilisation :<\/strong><\/p>\n<ul>\n<li data-start=\"886\" data-end=\"1065\">Recommand\u00e9 pour les travaux n\u00e9cessitant une protection efficace contre les liquides, les graisses ou les produits chimiques, par exemple dans l'industrie alimentaire, le nettoyage professionnel ou les laboratoires.<\/li>\n<\/ul>","protected":false},"excerpt":{"rendered":"<p>Tablier \u00e0 bretelles en PVC imperm\u00e9able (470 g\/m\u00b2) avec boucle de r\u00e9glage au niveau du cou et deux bretelles lat\u00e9rales. Solide, durable et facile \u00e0 nettoyer.<\/p>\n<p><strong>Mesures<\/strong>Longueur 90 cm - Largeur 66 cm<\/p>","protected":false},"featured_media":17798,"template":"","meta":{"site-sidebar-layout":"default","site-content-layout":"","ast-site-content-layout":"default","site-content-style":"default","site-sidebar-style":"default","ast-global-header-display":"","ast-banner-title-visibility":"","ast-main-header-display":"","ast-hfb-above-header-display":"","ast-hfb-below-header-display":"","ast-hfb-mobile-header-display":"","site-post-title":"","ast-breadcrumbs-content":"","ast-featured-img":"","footer-sml-layout":"","ast-disable-related-posts":"","theme-transparent-header-meta":"default","adv-header-id-meta":"","stick-header-meta":"","header-above-stick-meta":"","header-main-stick-meta":"","header-below-stick-meta":"","astra-migrate-meta-layouts":"set","ast-page-background-enabled":"default","ast-page-background-meta":{"desktop":{"background-color":"","background-image":"","background-repeat":"repeat","background-position":"center center","background-size":"auto","background-attachment":"scroll","background-type":"","background-media":"","overlay-type":"","overlay-color":"","overlay-opacity":"","overlay-gradient":""},"tablet":{"background-color":"","background-image":"","background-repeat":"repeat","background-position":"center center","background-size":"auto","background-attachment":"scroll","background-type":"","background-media":"","overlay-type":"","overlay-color":"","overlay-opacity":"","overlay-gradient":""},"mobile":{"background-color":"","background-image":"","background-repeat":"repeat","background-position":"center center","background-size":"auto","background-attachment":"scroll","background-type":"","background-media":"","overlay-type":"","overlay-color":"","overlay-opacity":"","overlay-gradient":""}},"ast-content-background-meta":{"desktop":{"background-color":"var(--ast-global-color-5)","background-image":"","background-repeat":"repeat","background-position":"center center","background-size":"auto","background-attachment":"scroll","background-type":"","background-media":"","overlay-type":"","overlay-color":"","overlay-opacity":"","overlay-gradient":""},"tablet":{"background-color":"var(--ast-global-color-5)","background-image":"","background-repeat":"repeat","background-position":"center center","background-size":"auto","background-attachment":"scroll","background-type":"","background-media":"","overlay-type":"","overlay-color":"","overlay-opacity":"","overlay-gradient":""},"mobile":{"background-color":"var(--ast-global-color-5)","background-image":"","background-repeat":"repeat","background-position":"center center","background-size":"auto","background-attachment":"scroll","background-type":"","background-media":"","overlay-type":"","overlay-color":"","overlay-opacity":"","overlay-gradient":""}}},"product_brand":[442],"product_cat":[121,69,50],"product_tag":[],"class_list":{"0":"post-17796","1":"product","2":"type-product","3":"status-publish","4":"has-post-thumbnail","6":"product_brand-velilla","7":"product_cat-delantales","8":"product_cat-industria-alimentaria","9":"product_cat-ropa-profesional","10":"desktop-align-center","11":"tablet-align-left","12":"mobile-align-left","14":"first","15":"instock","16":"taxable","17":"shipping-taxable","18":"purchasable","19":"product-type-simple"},"_links":{"self":[{"href":"https:\/\/combi-pro.com\/fr\/wp-json\/wp\/v2\/product\/17796","targetHints":{"allow":["GET"]}}],"collection":[{"href":"https:\/\/combi-pro.com\/fr\/wp-json\/wp\/v2\/product"}],"about":[{"href":"https:\/\/combi-pro.com\/fr\/wp-json\/wp\/v2\/types\/product"}],"wp:featuredmedia":[{"embeddable":true,"href":"https:\/\/combi-pro.com\/fr\/wp-json\/wp\/v2\/media\/17798"}],"wp:attachment":[{"href":"https:\/\/combi-pro.com\/fr\/wp-json\/wp\/v2\/media?parent=17796"}],"wp:term":[{"taxonomy":"product_brand","embeddable":true,"href":"https:\/\/combi-pro.com\/fr\/wp-json\/wp\/v2\/product_brand?post=17796"},{"taxonomy":"product_cat","embeddable":true,"href":"https:\/\/combi-pro.com\/fr\/wp-json\/wp\/v2\/product_cat?post=17796"},{"taxonomy":"product_tag","embeddable":true,"href":"https:\/\/combi-pro.com\/fr\/wp-json\/wp\/v2\/product_tag?post=17796"}],"curies":[{"name":"wp","href":"https:\/\/api.w.org\/{rel}","templated":true}]}}