{"id":17800,"date":"2025-06-16T14:19:10","date_gmt":"2025-06-16T12:19:10","guid":{"rendered":"https:\/\/combi-pro.com\/?post_type=product&#038;p=17800"},"modified":"2026-01-31T17:56:13","modified_gmt":"2026-01-31T16:56:13","slug":"tablier-eponge-plastifie-9-velilla-2","status":"publish","type":"product","link":"https:\/\/combi-pro.com\/fr\/boutique\/tablier-eponge-plastifie-9-velilla-2\/","title":{"rendered":"Tablier bavette en tissu \u00e9ponge plastifi\u00e9 9 | VELILLA"},"content":{"rendered":"<p data-start=\"449\" data-end=\"482\"><strong data-start=\"453\" data-end=\"482\">Caract\u00e9ristiques techniques :<\/strong><\/p>\n<ul data-start=\"484\" data-end=\"671\">\n<li data-start=\"484\" data-end=\"544\">\n<p data-start=\"486\" data-end=\"544\">Sangles en biais pour un ajustement s\u00fbr et personnalis\u00e9<\/p>\n<\/li>\n<li data-start=\"545\" data-end=\"616\">\n<p data-start=\"547\" data-end=\"616\">Verso lamin\u00e9 en PVC, qui agit comme une barri\u00e8re imperm\u00e9able \u00e0 l'eau<\/p>\n<\/li>\n<li data-start=\"617\" data-end=\"671\">\n<p data-start=\"619\" data-end=\"671\">Surface en \u00e9ponge douce et cotonneuse<\/p>\n<\/li>\n<\/ul>\n<p data-start=\"673\" data-end=\"690\"><strong data-start=\"677\" data-end=\"688\">Tissu: <\/strong>Tissu \u00e9ponge avec support lamin\u00e9<\/p>\n<p data-start=\"722\" data-end=\"744\"><strong data-start=\"726\" data-end=\"742\">Composition :<\/strong><\/p>\n<ul>\n<li data-start=\"745\" data-end=\"787\">100% coton - PVC<\/li>\n<li data-start=\"745\" data-end=\"787\">Grammage : 500 g\/m\u00b2.<\/li>\n<\/ul>\n<p data-start=\"789\" data-end=\"818\"><strong data-start=\"793\" data-end=\"818\">Recommandation d'utilisation :<\/strong><\/p>\n<ul>\n<li data-start=\"820\" data-end=\"1029\">Id\u00e9al pour les activit\u00e9s combinant humidit\u00e9 et confort, telles que la coiffure, l'esth\u00e9tique, la cuisine, les soins de sant\u00e9 ou le nettoyage l\u00e9ger, o\u00f9 une protection frontale est n\u00e9cessaire sans sacrifier le confort.<\/li>\n<\/ul>","protected":false},"excerpt":{"rendered":"<p>Tablier en tissu \u00e9ponge plastifi\u00e9 (500 g\/m\u00b2), avec fixation en biais pour l'ajustement et support PVC imperm\u00e9able. Confortable, absorbant et r\u00e9sistant.<\/p>\n<p><strong>Mesures<\/strong>Longueur 88,5 cm - Largeur 63,5 cm<\/p>","protected":false},"featured_media":17802,"template":"","meta":{"site-sidebar-layout":"default","site-content-layout":"","ast-site-content-layout":"default","site-content-style":"default","site-sidebar-style":"default","ast-global-header-display":"","ast-banner-title-visibility":"","ast-main-header-display":"","ast-hfb-above-header-display":"","ast-hfb-below-header-display":"","ast-hfb-mobile-header-display":"","site-post-title":"","ast-breadcrumbs-content":"","ast-featured-img":"","footer-sml-layout":"","ast-disable-related-posts":"","theme-transparent-header-meta":"default","adv-header-id-meta":"","stick-header-meta":"","header-above-stick-meta":"","header-main-stick-meta":"","header-below-stick-meta":"","astra-migrate-meta-layouts":"set","ast-page-background-enabled":"default","ast-page-background-meta":{"desktop":{"background-color":"","background-image":"","background-repeat":"repeat","background-position":"center center","background-size":"auto","background-attachment":"scroll","background-type":"","background-media":"","overlay-type":"","overlay-color":"","overlay-opacity":"","overlay-gradient":""},"tablet":{"background-color":"","background-image":"","background-repeat":"repeat","background-position":"center center","background-size":"auto","background-attachment":"scroll","background-type":"","background-media":"","overlay-type":"","overlay-color":"","overlay-opacity":"","overlay-gradient":""},"mobile":{"background-color":"","background-image":"","background-repeat":"repeat","background-position":"center center","background-size":"auto","background-attachment":"scroll","background-type":"","background-media":"","overlay-type":"","overlay-color":"","overlay-opacity":"","overlay-gradient":""}},"ast-content-background-meta":{"desktop":{"background-color":"var(--ast-global-color-5)","background-image":"","background-repeat":"repeat","background-position":"center center","background-size":"auto","background-attachment":"scroll","background-type":"","background-media":"","overlay-type":"","overlay-color":"","overlay-opacity":"","overlay-gradient":""},"tablet":{"background-color":"var(--ast-global-color-5)","background-image":"","background-repeat":"repeat","background-position":"center center","background-size":"auto","background-attachment":"scroll","background-type":"","background-media":"","overlay-type":"","overlay-color":"","overlay-opacity":"","overlay-gradient":""},"mobile":{"background-color":"var(--ast-global-color-5)","background-image":"","background-repeat":"repeat","background-position":"center center","background-size":"auto","background-attachment":"scroll","background-type":"","background-media":"","overlay-type":"","overlay-color":"","overlay-opacity":"","overlay-gradient":""}}},"product_brand":[442],"product_cat":[121,69,50],"product_tag":[],"class_list":{"0":"post-17800","1":"product","2":"type-product","3":"status-publish","4":"has-post-thumbnail","6":"product_brand-velilla","7":"product_cat-delantales","8":"product_cat-industria-alimentaria","9":"product_cat-ropa-profesional","10":"desktop-align-center","11":"tablet-align-left","12":"mobile-align-left","14":"first","15":"instock","16":"taxable","17":"shipping-taxable","18":"purchasable","19":"product-type-simple"},"_links":{"self":[{"href":"https:\/\/combi-pro.com\/fr\/wp-json\/wp\/v2\/product\/17800","targetHints":{"allow":["GET"]}}],"collection":[{"href":"https:\/\/combi-pro.com\/fr\/wp-json\/wp\/v2\/product"}],"about":[{"href":"https:\/\/combi-pro.com\/fr\/wp-json\/wp\/v2\/types\/product"}],"wp:featuredmedia":[{"embeddable":true,"href":"https:\/\/combi-pro.com\/fr\/wp-json\/wp\/v2\/media\/17802"}],"wp:attachment":[{"href":"https:\/\/combi-pro.com\/fr\/wp-json\/wp\/v2\/media?parent=17800"}],"wp:term":[{"taxonomy":"product_brand","embeddable":true,"href":"https:\/\/combi-pro.com\/fr\/wp-json\/wp\/v2\/product_brand?post=17800"},{"taxonomy":"product_cat","embeddable":true,"href":"https:\/\/combi-pro.com\/fr\/wp-json\/wp\/v2\/product_cat?post=17800"},{"taxonomy":"product_tag","embeddable":true,"href":"https:\/\/combi-pro.com\/fr\/wp-json\/wp\/v2\/product_tag?post=17800"}],"curies":[{"name":"wp","href":"https:\/\/api.w.org\/{rel}","templated":true}]}}