{"id":33489,"date":"2026-01-29T20:01:36","date_gmt":"2026-01-29T19:01:36","guid":{"rendered":"https:\/\/combi-pro.com\/?post_type=product&#038;p=33489"},"modified":"2026-05-08T23:04:28","modified_gmt":"2026-05-08T21:04:28","slug":"calzado-de-seguridad-sin-metal-s1p-esd-707007c-vpro","status":"publish","type":"product","link":"https:\/\/combi-pro.com\/fr\/boutique\/calzado-de-seguridad-sin-metal-s1p-esd-707007c-vpro\/","title":{"rendered":"Chaussures de s\u00e9curit\u00e9 sans m\u00e9tal S1P ESD 707007C | VPRO"},"content":{"rendered":"<div class=\"data item\" role=\"tablist\">\n<div id=\"tab-label-description\" class=\"data item title active\" tabindex=\"0\" role=\"tab\" data-role=\"collapsible\" data-collapsible=\"true\" aria-controls=\"description\" aria-selected=\"false\" aria-expanded=\"true\">\n<p data-start=\"1652\" data-end=\"1687\"><strong data-start=\"1658\" data-end=\"1687\">Caract\u00e9ristiques techniques :<\/strong><\/p>\n<ul>\n<li data-start=\"1691\" data-end=\"1733\">Norme : EN ISO 20345:2011 S1P ESD<\/li>\n<li data-start=\"1736\" data-end=\"1790\">Embout : composite sans m\u00e9tal, r\u00e9sistant \u00e0 200 J<\/li>\n<li data-start=\"1793\" data-end=\"1862\">Semelle anti-perforation : Mat\u00e9riau textile, r\u00e9sistant \u00e0 1100 N<\/li>\n<li data-start=\"1865\" data-end=\"1959\">Dessus \/ Cou-de-pied : Textile tricot\u00e9 (moins de coutures, plus de flexibilit\u00e9 et de respirabilit\u00e9)<\/li>\n<li data-start=\"1962\" data-end=\"2002\">Doublure int\u00e9rieure : Maille respirante<\/li>\n<li data-start=\"2005\" data-end=\"2056\">Semelle int\u00e9rieure : nouvelle semelle int\u00e9rieure amovible<\/li>\n<li data-start=\"2059\" data-end=\"2101\">Semelle ext\u00e9rieure : polyur\u00e9thane double densit\u00e9<\/li>\n<li data-start=\"2104\" data-end=\"2142\">Absorption de l'\u00e9nergie au niveau du talon<\/li>\n<li data-start=\"2145\" data-end=\"2176\">Propri\u00e9t\u00e9s antistatiques<\/li>\n<li data-start=\"2179\" data-end=\"2202\">Certification ESD<\/li>\n<li data-start=\"2205\" data-end=\"2236\">Sans m\u00e9tal<\/li>\n<\/ul>\n<p data-start=\"2243\" data-end=\"2275\"><strong data-start=\"2248\" data-end=\"2273\">Recommandation d'utilisation :<\/strong><\/p>\n<ul>\n<li data-start=\"2276\" data-end=\"2442\">Id\u00e9al pour les environnements de logistique, d'industrie l\u00e9g\u00e8re, de maintenance ou d'entrep\u00f4t, o\u00f9 le confort, la flexibilit\u00e9 et la protection sans composants m\u00e9talliques sont n\u00e9cessaires.<\/li>\n<\/ul>\n<\/div>\n<\/div>","protected":false},"excerpt":{"rendered":"<h3><em><strong>SPEZIAL ORANGE<\/strong><\/em><\/h3>\n<p>Chaussures de s\u00e9curit\u00e9 S1P ESD, sans m\u00e9tal, avec embout en composite, semelle int\u00e9rieure en textile antiperforation, tige flexible en tricot et semelle int\u00e9rieure amovible.<\/p>\n<p><img decoding=\"async\" class=\"alignnone wp-image-15504\" src=\"https:\/\/combi-pro.com\/wp-content\/uploads\/2024\/05\/ESD-300x300.png\" alt=\"\" width=\"40\" height=\"40\" srcset=\"https:\/\/combi-pro.com\/wp-content\/uploads\/2024\/05\/ESD-300x300.png 300w, https:\/\/combi-pro.com\/wp-content\/uploads\/2024\/05\/ESD-450x450.png 450w, https:\/\/combi-pro.com\/wp-content\/uploads\/2024\/05\/ESD-100x100.png 100w, https:\/\/combi-pro.com\/wp-content\/uploads\/2024\/05\/ESD-64x64.png 64w, https:\/\/combi-pro.com\/wp-content\/uploads\/2024\/05\/ESD-150x150.png 150w, https:\/\/combi-pro.com\/wp-content\/uploads\/2024\/05\/ESD-12x12.png 12w, https:\/\/combi-pro.com\/wp-content\/uploads\/2024\/05\/ESD.png 456w\" sizes=\"(max-width: 40px) 100vw, 40px\" \/> <img decoding=\"async\" class=\"alignnone wp-image-15500\" src=\"https:\/\/combi-pro.com\/wp-content\/uploads\/2024\/05\/METAL-FREE-300x300.png\" alt=\"\" width=\"40\" height=\"40\" srcset=\"https:\/\/combi-pro.com\/wp-content\/uploads\/2024\/05\/METAL-FREE-300x300.png 300w, https:\/\/combi-pro.com\/wp-content\/uploads\/2024\/05\/METAL-FREE-450x450.png 450w, https:\/\/combi-pro.com\/wp-content\/uploads\/2024\/05\/METAL-FREE-100x100.png 100w, https:\/\/combi-pro.com\/wp-content\/uploads\/2024\/05\/METAL-FREE-64x64.png 64w, https:\/\/combi-pro.com\/wp-content\/uploads\/2024\/05\/METAL-FREE-150x150.png 150w, https:\/\/combi-pro.com\/wp-content\/uploads\/2024\/05\/METAL-FREE-12x12.png 12w, https:\/\/combi-pro.com\/wp-content\/uploads\/2024\/05\/METAL-FREE.png 510w\" sizes=\"(max-width: 40px) 100vw, 40px\" \/> <img decoding=\"async\" class=\"alignnone wp-image-15501\" src=\"https:\/\/combi-pro.com\/wp-content\/uploads\/2024\/05\/S1P-300x182.png\" alt=\"\" width=\"68\" height=\"41\" srcset=\"https:\/\/combi-pro.com\/wp-content\/uploads\/2024\/05\/S1P-300x182.png 300w, https:\/\/combi-pro.com\/wp-content\/uploads\/2024\/05\/S1P-64x39.png 64w, https:\/\/combi-pro.com\/wp-content\/uploads\/2024\/05\/S1P-18x12.png 18w, https:\/\/combi-pro.com\/wp-content\/uploads\/2024\/05\/S1P.png 356w\" sizes=\"(max-width: 68px) 100vw, 68px\" \/><\/p>","protected":false},"featured_media":33518,"template":"","meta":{"site-sidebar-layout":"default","site-content-layout":"","ast-site-content-layout":"default","site-content-style":"default","site-sidebar-style":"default","ast-global-header-display":"","ast-banner-title-visibility":"","ast-main-header-display":"","ast-hfb-above-header-display":"","ast-hfb-below-header-display":"","ast-hfb-mobile-header-display":"","site-post-title":"","ast-breadcrumbs-content":"","ast-featured-img":"","footer-sml-layout":"","ast-disable-related-posts":"","theme-transparent-header-meta":"default","adv-header-id-meta":"","stick-header-meta":"","header-above-stick-meta":"","header-main-stick-meta":"","header-below-stick-meta":"","astra-migrate-meta-layouts":"set","ast-page-background-enabled":"default","ast-page-background-meta":{"desktop":{"background-color":"","background-image":"","background-repeat":"repeat","background-position":"center center","background-size":"auto","background-attachment":"scroll","background-type":"","background-media":"","overlay-type":"","overlay-color":"","overlay-opacity":"","overlay-gradient":""},"tablet":{"background-color":"","background-image":"","background-repeat":"repeat","background-position":"center center","background-size":"auto","background-attachment":"scroll","background-type":"","background-media":"","overlay-type":"","overlay-color":"","overlay-opacity":"","overlay-gradient":""},"mobile":{"background-color":"","background-image":"","background-repeat":"repeat","background-position":"center center","background-size":"auto","background-attachment":"scroll","background-type":"","background-media":"","overlay-type":"","overlay-color":"","overlay-opacity":"","overlay-gradient":""}},"ast-content-background-meta":{"desktop":{"background-color":"var(--ast-global-color-5)","background-image":"","background-repeat":"repeat","background-position":"center center","background-size":"auto","background-attachment":"scroll","background-type":"","background-media":"","overlay-type":"","overlay-color":"","overlay-opacity":"","overlay-gradient":""},"tablet":{"background-color":"var(--ast-global-color-5)","background-image":"","background-repeat":"repeat","background-position":"center center","background-size":"auto","background-attachment":"scroll","background-type":"","background-media":"","overlay-type":"","overlay-color":"","overlay-opacity":"","overlay-gradient":""},"mobile":{"background-color":"var(--ast-global-color-5)","background-image":"","background-repeat":"repeat","background-position":"center center","background-size":"auto","background-attachment":"scroll","background-type":"","background-media":"","overlay-type":"","overlay-color":"","overlay-opacity":"","overlay-gradient":""}}},"product_brand":[443],"product_cat":[41,73],"product_tag":[],"class_list":{"0":"post-33489","1":"product","2":"type-product","3":"status-publish","4":"has-post-thumbnail","6":"product_brand-vpro","7":"product_cat-calzado-de-seguridad","8":"product_cat-calzado-industria","9":"desktop-align-center","10":"tablet-align-left","11":"mobile-align-left","13":"first","14":"instock","15":"taxable","16":"shipping-taxable","17":"purchasable","18":"product-type-variable","19":"has-default-attributes"},"_links":{"self":[{"href":"https:\/\/combi-pro.com\/fr\/wp-json\/wp\/v2\/product\/33489","targetHints":{"allow":["GET"]}}],"collection":[{"href":"https:\/\/combi-pro.com\/fr\/wp-json\/wp\/v2\/product"}],"about":[{"href":"https:\/\/combi-pro.com\/fr\/wp-json\/wp\/v2\/types\/product"}],"wp:featuredmedia":[{"embeddable":true,"href":"https:\/\/combi-pro.com\/fr\/wp-json\/wp\/v2\/media\/33518"}],"wp:attachment":[{"href":"https:\/\/combi-pro.com\/fr\/wp-json\/wp\/v2\/media?parent=33489"}],"wp:term":[{"taxonomy":"product_brand","embeddable":true,"href":"https:\/\/combi-pro.com\/fr\/wp-json\/wp\/v2\/product_brand?post=33489"},{"taxonomy":"product_cat","embeddable":true,"href":"https:\/\/combi-pro.com\/fr\/wp-json\/wp\/v2\/product_cat?post=33489"},{"taxonomy":"product_tag","embeddable":true,"href":"https:\/\/combi-pro.com\/fr\/wp-json\/wp\/v2\/product_tag?post=33489"}],"curies":[{"name":"wp","href":"https:\/\/api.w.org\/{rel}","templated":true}]}}