{"id":33605,"date":"2026-02-02T12:03:03","date_gmt":"2026-02-02T11:03:03","guid":{"rendered":"https:\/\/combi-pro.com\/?post_type=product&#038;p=33605"},"modified":"2026-05-02T20:26:37","modified_gmt":"2026-05-02T18:26:37","slug":"pantalon-extensible-haute-visibilite-303031s","status":"publish","type":"product","link":"https:\/\/combi-pro.com\/fr\/boutique\/pantalon-extensible-haute-visibilite-303031s\/","title":{"rendered":"Pantalon stretch recycl\u00e9 haute visibilit\u00e9 303031S | VELILLA"},"content":{"rendered":"<p data-start=\"384\" data-end=\"413\"><strong data-start=\"384\" data-end=\"413\">Caract\u00e9ristiques techniques :<\/strong><\/p>\n<ul data-start=\"415\" data-end=\"1025\">\n<li data-start=\"415\" data-end=\"433\">\n<p data-start=\"417\" data-end=\"433\">Coupe cintr\u00e9e<\/p>\n<\/li>\n<li data-start=\"434\" data-end=\"452\">\n<p data-start=\"436\" data-end=\"452\">Arcade arri\u00e8re<\/p>\n<\/li>\n<li data-start=\"453\" data-end=\"508\">\n<p data-start=\"455\" data-end=\"508\">Fermeture centrale \u00e0 glissi\u00e8re avec bouton personnalis\u00e9<\/p>\n<\/li>\n<li data-start=\"509\" data-end=\"586\">\n<p data-start=\"511\" data-end=\"586\">Trois bandes r\u00e9fl\u00e9chissantes segment\u00e9es et thermoscell\u00e9es au bas du pantalon<\/p>\n<\/li>\n<li data-start=\"587\" data-end=\"612\">\n<p data-start=\"589\" data-end=\"612\">D\u00e9tails r\u00e9fl\u00e9chissants<\/p>\n<\/li>\n<li data-start=\"613\" data-end=\"644\">\n<p data-start=\"615\" data-end=\"644\">Boucle arri\u00e8re asym\u00e9trique<\/p>\n<\/li>\n<li data-start=\"645\" data-end=\"687\">\n<p data-start=\"647\" data-end=\"687\">Ceinture \u00e9lastique ergonomique \u00e0 l'arri\u00e8re<\/p>\n<\/li>\n<li data-start=\"688\" data-end=\"718\">\n<p data-start=\"690\" data-end=\"718\">Double couture de s\u00e9curit\u00e9<\/p>\n<\/li>\n<li data-start=\"719\" data-end=\"1025\">\n<p data-start=\"721\" data-end=\"739\">Sept poches :<\/p>\n<ul data-start=\"742\" data-end=\"1025\">\n<li data-start=\"742\" data-end=\"767\">\n<p data-start=\"744\" data-end=\"767\">2 poches fran\u00e7aises<\/p>\n<\/li>\n<li data-start=\"770\" data-end=\"841\">\n<p data-start=\"772\" data-end=\"841\">2 poches lat\u00e9rales \u00e0 soufflet et rabat, facilement accessibles<\/p>\n<\/li>\n<li data-start=\"844\" data-end=\"935\">\n<p data-start=\"846\" data-end=\"935\">1 poche arri\u00e8re plaqu\u00e9e avec rabat asym\u00e9trique, fermeture velcro et passepoil r\u00e9fl\u00e9chissant<\/p>\n<\/li>\n<li data-start=\"938\" data-end=\"1025\">\n<p data-start=\"940\" data-end=\"1025\">1 double poche arri\u00e8re plaqu\u00e9e sans rabat, avec 1 poche asym\u00e9trique avec fermeture velcro<\/p>\n<\/li>\n<\/ul>\n<\/li>\n<\/ul>\n<p data-start=\"1027\" data-end=\"1047\"><strong data-start=\"1027\" data-end=\"1047\">Certifications :<\/strong><\/p>\n<ul data-start=\"1049\" data-end=\"1108\">\n<li data-start=\"1049\" data-end=\"1075\">\n<p data-start=\"1051\" data-end=\"1075\">EN ISO 20471 - Classe 2<\/p>\n<\/li>\n<li data-start=\"1076\" data-end=\"1083\">\n<p data-start=\"1078\" data-end=\"1083\">GRS<\/p>\n<\/li>\n<li data-start=\"1084\" data-end=\"1108\">\n<p data-start=\"1086\" data-end=\"1108\">EN 13758-2 - UPF 50+<\/p>\n<\/li>\n<\/ul>\n<p data-start=\"1110\" data-end=\"1122\"><strong data-start=\"1110\" data-end=\"1122\">Tissus :<\/strong><\/p>\n<p data-start=\"1124\" data-end=\"1205\">Stretch - 65 % polyester recycl\u00e9 GRS \/ 32 % coton \/ 3 % \u00e9lasthanne \/ 260 g\/m\u00b2.<\/p>\n<p data-start=\"1207\" data-end=\"1217\"><strong data-start=\"1207\" data-end=\"1217\">Gamme de produits :<\/strong><\/p>\n<p data-start=\"1219\" data-end=\"1269\">\u00c9tirer<br data-start=\"1226\" data-end=\"1229\" \/>Reflatex RS Ruban segment\u00e9 recycl\u00e9<\/p>\n<p data-start=\"1271\" data-end=\"1296\"><strong data-start=\"1271\" data-end=\"1296\">Recommandation d'utilisation :<\/strong><\/p>\n<p data-start=\"1298\" data-end=\"1472\">Id\u00e9al pour les professionnels de l'industrie, de la logistique, de la maintenance et de la construction qui ont besoin d'un v\u00eatement \u00e0 haute visibilit\u00e9, durable et offrant une grande libert\u00e9 de mouvement.<\/p>\n<p data-start=\"1298\" data-end=\"1472\"><img decoding=\"async\" class=\"alignnone wp-image-33554\" src=\"https:\/\/combi-pro.com\/wp-content\/uploads\/2026\/02\/en204712_0.webp\" alt=\"\" width=\"84\" height=\"80\" srcset=\"https:\/\/combi-pro.com\/wp-content\/uploads\/2026\/02\/en204712_0.webp 105w, https:\/\/combi-pro.com\/wp-content\/uploads\/2026\/02\/en204712_0-13x12.webp 13w, https:\/\/combi-pro.com\/wp-content\/uploads\/2026\/02\/en204712_0-64x61.webp 64w\" sizes=\"(max-width: 84px) 100vw, 84px\" \/>\u00a0<img decoding=\"async\" class=\"alignnone wp-image-33584 size-full\" src=\"https:\/\/combi-pro.com\/wp-content\/uploads\/2026\/02\/7-Bolsillos_0.png\" alt=\"\" width=\"81\" height=\"81\" srcset=\"https:\/\/combi-pro.com\/wp-content\/uploads\/2026\/02\/7-Bolsillos_0.png 81w, https:\/\/combi-pro.com\/wp-content\/uploads\/2026\/02\/7-Bolsillos_0-12x12.png 12w, https:\/\/combi-pro.com\/wp-content\/uploads\/2026\/02\/7-Bolsillos_0-64x64.png 64w\" sizes=\"(max-width: 81px) 100vw, 81px\" \/> <img decoding=\"async\" class=\"alignnone wp-image-33583 size-medium\" src=\"https:\/\/combi-pro.com\/wp-content\/uploads\/2026\/02\/REFLATEX-S_0-1-300x88.webp\" alt=\"\" width=\"300\" height=\"88\" srcset=\"https:\/\/combi-pro.com\/wp-content\/uploads\/2026\/02\/REFLATEX-S_0-1-300x88.webp 300w, https:\/\/combi-pro.com\/wp-content\/uploads\/2026\/02\/REFLATEX-S_0-1-18x5.webp 18w, https:\/\/combi-pro.com\/wp-content\/uploads\/2026\/02\/REFLATEX-S_0-1-64x19.webp 64w, https:\/\/combi-pro.com\/wp-content\/uploads\/2026\/02\/REFLATEX-S_0-1.webp 339w\" sizes=\"(max-width: 300px) 100vw, 300px\" \/> <img loading=\"lazy\" decoding=\"async\" class=\"alignnone wp-image-33585 size-full\" src=\"https:\/\/combi-pro.com\/wp-content\/uploads\/2026\/02\/Weight260_0.png\" alt=\"\" width=\"133\" height=\"45\" srcset=\"https:\/\/combi-pro.com\/wp-content\/uploads\/2026\/02\/Weight260_0.png 133w, https:\/\/combi-pro.com\/wp-content\/uploads\/2026\/02\/Weight260_0-18x6.png 18w, https:\/\/combi-pro.com\/wp-content\/uploads\/2026\/02\/Weight260_0-64x22.png 64w\" sizes=\"(max-width: 133px) 100vw, 133px\" \/><\/p>","protected":false},"excerpt":{"rendered":"<p>Pantalon de travail en tissu extensible recycl\u00e9, avec une coupe ajust\u00e9e et des bandes r\u00e9fl\u00e9chissantes segment\u00e9es pour garantir la visibilit\u00e9, le confort et la r\u00e9sistance dans les environnements exigeants.<\/p>\n<p><img loading=\"lazy\" decoding=\"async\" class=\"alignnone wp-image-33581\" src=\"https:\/\/combi-pro.com\/wp-content\/uploads\/2026\/02\/UPF-50_0.webp\" alt=\"\" width=\"61\" height=\"60\" srcset=\"https:\/\/combi-pro.com\/wp-content\/uploads\/2026\/02\/UPF-50_0.webp 101w, https:\/\/combi-pro.com\/wp-content\/uploads\/2026\/02\/UPF-50_0-12x12.webp 12w, https:\/\/combi-pro.com\/wp-content\/uploads\/2026\/02\/UPF-50_0-64x63.webp 64w\" sizes=\"(max-width: 61px) 100vw, 61px\" \/> <img loading=\"lazy\" decoding=\"async\" class=\"alignnone wp-image-33580\" src=\"https:\/\/combi-pro.com\/wp-content\/uploads\/2026\/02\/GRS-65_0-300x69.webp\" alt=\"\" width=\"300\" height=\"69\" srcset=\"https:\/\/combi-pro.com\/wp-content\/uploads\/2026\/02\/GRS-65_0-300x69.webp 300w, https:\/\/combi-pro.com\/wp-content\/uploads\/2026\/02\/GRS-65_0-18x4.webp 18w, https:\/\/combi-pro.com\/wp-content\/uploads\/2026\/02\/GRS-65_0-64x15.webp 64w, https:\/\/combi-pro.com\/wp-content\/uploads\/2026\/02\/GRS-65_0.webp 434w\" sizes=\"(max-width: 300px) 100vw, 300px\" \/> <img loading=\"lazy\" decoding=\"async\" class=\"alignnone wp-image-33579\" src=\"https:\/\/combi-pro.com\/wp-content\/uploads\/2026\/02\/Eco-design_0.webp\" alt=\"\" width=\"68\" height=\"60\" srcset=\"https:\/\/combi-pro.com\/wp-content\/uploads\/2026\/02\/Eco-design_0.webp 113w, https:\/\/combi-pro.com\/wp-content\/uploads\/2026\/02\/Eco-design_0-14x12.webp 14w, https:\/\/combi-pro.com\/wp-content\/uploads\/2026\/02\/Eco-design_0-64x57.webp 64w\" sizes=\"(max-width: 68px) 100vw, 68px\" \/><\/p>","protected":false},"featured_media":33611,"template":"","meta":{"site-sidebar-layout":"default","site-content-layout":"","ast-site-content-layout":"default","site-content-style":"default","site-sidebar-style":"default","ast-global-header-display":"","ast-banner-title-visibility":"","ast-main-header-display":"","ast-hfb-above-header-display":"","ast-hfb-below-header-display":"","ast-hfb-mobile-header-display":"","site-post-title":"","ast-breadcrumbs-content":"","ast-featured-img":"","footer-sml-layout":"","ast-disable-related-posts":"","theme-transparent-header-meta":"default","adv-header-id-meta":"","stick-header-meta":"","header-above-stick-meta":"","header-main-stick-meta":"","header-below-stick-meta":"","astra-migrate-meta-layouts":"set","ast-page-background-enabled":"default","ast-page-background-meta":{"desktop":{"background-color":"","background-image":"","background-repeat":"repeat","background-position":"center center","background-size":"auto","background-attachment":"scroll","background-type":"","background-media":"","overlay-type":"","overlay-color":"","overlay-opacity":"","overlay-gradient":""},"tablet":{"background-color":"","background-image":"","background-repeat":"repeat","background-position":"center center","background-size":"auto","background-attachment":"scroll","background-type":"","background-media":"","overlay-type":"","overlay-color":"","overlay-opacity":"","overlay-gradient":""},"mobile":{"background-color":"","background-image":"","background-repeat":"repeat","background-position":"center center","background-size":"auto","background-attachment":"scroll","background-type":"","background-media":"","overlay-type":"","overlay-color":"","overlay-opacity":"","overlay-gradient":""}},"ast-content-background-meta":{"desktop":{"background-color":"var(--ast-global-color-5)","background-image":"","background-repeat":"repeat","background-position":"center center","background-size":"auto","background-attachment":"scroll","background-type":"","background-media":"","overlay-type":"","overlay-color":"","overlay-opacity":"","overlay-gradient":""},"tablet":{"background-color":"var(--ast-global-color-5)","background-image":"","background-repeat":"repeat","background-position":"center center","background-size":"auto","background-attachment":"scroll","background-type":"","background-media":"","overlay-type":"","overlay-color":"","overlay-opacity":"","overlay-gradient":""},"mobile":{"background-color":"var(--ast-global-color-5)","background-image":"","background-repeat":"repeat","background-position":"center center","background-size":"auto","background-attachment":"scroll","background-type":"","background-media":"","overlay-type":"","overlay-color":"","overlay-opacity":"","overlay-gradient":""}}},"product_brand":[],"product_cat":[50,67,100],"product_tag":[],"class_list":{"0":"post-33605","1":"product","2":"type-product","3":"status-publish","4":"has-post-thumbnail","6":"product_cat-ropa-profesional","7":"product_cat-alta-visibilidad","8":"product_cat-pantalones-alta-visibilidad","9":"desktop-align-center","10":"tablet-align-left","11":"mobile-align-left","13":"first","14":"instock","15":"taxable","16":"shipping-taxable","17":"purchasable","18":"product-type-variable"},"_links":{"self":[{"href":"https:\/\/combi-pro.com\/fr\/wp-json\/wp\/v2\/product\/33605","targetHints":{"allow":["GET"]}}],"collection":[{"href":"https:\/\/combi-pro.com\/fr\/wp-json\/wp\/v2\/product"}],"about":[{"href":"https:\/\/combi-pro.com\/fr\/wp-json\/wp\/v2\/types\/product"}],"wp:featuredmedia":[{"embeddable":true,"href":"https:\/\/combi-pro.com\/fr\/wp-json\/wp\/v2\/media\/33611"}],"wp:attachment":[{"href":"https:\/\/combi-pro.com\/fr\/wp-json\/wp\/v2\/media?parent=33605"}],"wp:term":[{"taxonomy":"product_brand","embeddable":true,"href":"https:\/\/combi-pro.com\/fr\/wp-json\/wp\/v2\/product_brand?post=33605"},{"taxonomy":"product_cat","embeddable":true,"href":"https:\/\/combi-pro.com\/fr\/wp-json\/wp\/v2\/product_cat?post=33605"},{"taxonomy":"product_tag","embeddable":true,"href":"https:\/\/combi-pro.com\/fr\/wp-json\/wp\/v2\/product_tag?post=33605"}],"curies":[{"name":"wp","href":"https:\/\/api.w.org\/{rel}","templated":true}]}}