{"id":33782,"date":"2026-02-02T15:34:07","date_gmt":"2026-02-02T14:34:07","guid":{"rendered":"https:\/\/combi-pro.com\/?post_type=product&#038;p=33782"},"modified":"2026-04-13T20:57:47","modified_gmt":"2026-04-13T18:57:47","slug":"t-shirt-technique-haute-visibilite-305604","status":"publish","type":"product","link":"https:\/\/combi-pro.com\/fr\/boutique\/t-shirt-technique-haute-visibilite-305604\/","title":{"rendered":"T-shirt technique \u00e0 manches longues haute visibilit\u00e9 305604 | VELILLA"},"content":{"rendered":"<p data-start=\"328\" data-end=\"357\"><strong data-start=\"328\" data-end=\"357\">Caract\u00e9ristiques techniques :<\/strong><\/p>\n<ul data-start=\"359\" data-end=\"499\">\n<li data-start=\"359\" data-end=\"393\">\n<p data-start=\"361\" data-end=\"393\">Col ras du cou c\u00f4tel\u00e9<\/p>\n<\/li>\n<li data-start=\"394\" data-end=\"431\">\n<p data-start=\"396\" data-end=\"431\">Bande \u00e0 chevrons pour les coutures<\/p>\n<\/li>\n<li data-start=\"432\" data-end=\"473\">\n<p data-start=\"434\" data-end=\"473\">Bandes r\u00e9fl\u00e9chissantes sur le torse et les manches<\/p>\n<\/li>\n<li data-start=\"474\" data-end=\"499\">\n<p data-start=\"476\" data-end=\"499\">Poignets c\u00f4tel\u00e9s<\/p>\n<\/li>\n<\/ul>\n<p data-start=\"501\" data-end=\"519\"><strong data-start=\"501\" data-end=\"519\">Certification:<\/strong><\/p>\n<ul data-start=\"521\" data-end=\"547\">\n<li data-start=\"521\" data-end=\"547\">\n<p data-start=\"523\" data-end=\"547\">EN ISO 20471 - Classe 2<\/p>\n<\/li>\n<\/ul>\n<p data-start=\"549\" data-end=\"561\"><strong data-start=\"549\" data-end=\"561\">Tissus :<\/strong><\/p>\n<p data-start=\"563\" data-end=\"602\">Bird-Eye - 100 polyester % \/ 140 g\/m\u00b2.<\/p>\n<p data-start=\"604\" data-end=\"621\"><strong data-start=\"604\" data-end=\"613\">Gamme :<\/strong><br data-start=\"613\" data-end=\"616\" \/>De base<\/p>\n<p data-start=\"623\" data-end=\"648\"><strong data-start=\"623\" data-end=\"648\">Recommandation d'utilisation :<\/strong><\/p>\n<p data-start=\"650\" data-end=\"832\">Id\u00e9al pour les professionnels de la construction, de la logistique, de la maintenance et de l'industrie qui ont besoin d'un v\u00eatement technique \u00e0 manches longues offrant une grande visibilit\u00e9 et un grand confort tout au long de la journ\u00e9e de travail.<\/p>\n<p data-start=\"650\" data-end=\"832\"><img decoding=\"async\" class=\"alignnone wp-image-33554\" src=\"https:\/\/combi-pro.com\/wp-content\/uploads\/2026\/02\/en204712_0.webp\" alt=\"\" width=\"84\" height=\"80\" srcset=\"https:\/\/combi-pro.com\/wp-content\/uploads\/2026\/02\/en204712_0.webp 105w, https:\/\/combi-pro.com\/wp-content\/uploads\/2026\/02\/en204712_0-13x12.webp 13w, https:\/\/combi-pro.com\/wp-content\/uploads\/2026\/02\/en204712_0-64x61.webp 64w\" sizes=\"(max-width: 84px) 100vw, 84px\" \/> <img decoding=\"async\" class=\"alignnone wp-image-33788\" src=\"https:\/\/combi-pro.com\/wp-content\/uploads\/2026\/02\/TRANSPIRABLE_0.webp\" alt=\"\" width=\"80\" height=\"80\" srcset=\"https:\/\/combi-pro.com\/wp-content\/uploads\/2026\/02\/TRANSPIRABLE_0.webp 100w, https:\/\/combi-pro.com\/wp-content\/uploads\/2026\/02\/TRANSPIRABLE_0-12x12.webp 12w, https:\/\/combi-pro.com\/wp-content\/uploads\/2026\/02\/TRANSPIRABLE_0-64x64.webp 64w\" sizes=\"(max-width: 80px) 100vw, 80px\" \/><\/p>","protected":false},"excerpt":{"rendered":"<p>T-shirt technique \u00e0 manches longues con\u00e7u pour les travaux n\u00e9cessitant une grande visibilit\u00e9, du confort et une bonne respirabilit\u00e9, dans le respect des r\u00e9glementations en vigueur.<\/p>","protected":false},"featured_media":33787,"template":"","meta":{"site-sidebar-layout":"default","site-content-layout":"","ast-site-content-layout":"default","site-content-style":"default","site-sidebar-style":"default","ast-global-header-display":"","ast-banner-title-visibility":"","ast-main-header-display":"","ast-hfb-above-header-display":"","ast-hfb-below-header-display":"","ast-hfb-mobile-header-display":"","site-post-title":"","ast-breadcrumbs-content":"","ast-featured-img":"","footer-sml-layout":"","ast-disable-related-posts":"","theme-transparent-header-meta":"default","adv-header-id-meta":"","stick-header-meta":"","header-above-stick-meta":"","header-main-stick-meta":"","header-below-stick-meta":"","astra-migrate-meta-layouts":"set","ast-page-background-enabled":"default","ast-page-background-meta":{"desktop":{"background-color":"","background-image":"","background-repeat":"repeat","background-position":"center center","background-size":"auto","background-attachment":"scroll","background-type":"","background-media":"","overlay-type":"","overlay-color":"","overlay-opacity":"","overlay-gradient":""},"tablet":{"background-color":"","background-image":"","background-repeat":"repeat","background-position":"center center","background-size":"auto","background-attachment":"scroll","background-type":"","background-media":"","overlay-type":"","overlay-color":"","overlay-opacity":"","overlay-gradient":""},"mobile":{"background-color":"","background-image":"","background-repeat":"repeat","background-position":"center center","background-size":"auto","background-attachment":"scroll","background-type":"","background-media":"","overlay-type":"","overlay-color":"","overlay-opacity":"","overlay-gradient":""}},"ast-content-background-meta":{"desktop":{"background-color":"var(--ast-global-color-5)","background-image":"","background-repeat":"repeat","background-position":"center center","background-size":"auto","background-attachment":"scroll","background-type":"","background-media":"","overlay-type":"","overlay-color":"","overlay-opacity":"","overlay-gradient":""},"tablet":{"background-color":"var(--ast-global-color-5)","background-image":"","background-repeat":"repeat","background-position":"center center","background-size":"auto","background-attachment":"scroll","background-type":"","background-media":"","overlay-type":"","overlay-color":"","overlay-opacity":"","overlay-gradient":""},"mobile":{"background-color":"var(--ast-global-color-5)","background-image":"","background-repeat":"repeat","background-position":"center center","background-size":"auto","background-attachment":"scroll","background-type":"","background-media":"","overlay-type":"","overlay-color":"","overlay-opacity":"","overlay-gradient":""}}},"product_brand":[442],"product_cat":[50,67,95],"product_tag":[],"class_list":{"0":"post-33782","1":"product","2":"type-product","3":"status-publish","4":"has-post-thumbnail","6":"product_brand-velilla","7":"product_cat-ropa-profesional","8":"product_cat-alta-visibilidad","9":"product_cat-camisetas-alta-visibilidad","10":"desktop-align-center","11":"tablet-align-left","12":"mobile-align-left","14":"first","15":"instock","16":"taxable","17":"shipping-taxable","18":"purchasable","19":"product-type-variable"},"_links":{"self":[{"href":"https:\/\/combi-pro.com\/fr\/wp-json\/wp\/v2\/product\/33782","targetHints":{"allow":["GET"]}}],"collection":[{"href":"https:\/\/combi-pro.com\/fr\/wp-json\/wp\/v2\/product"}],"about":[{"href":"https:\/\/combi-pro.com\/fr\/wp-json\/wp\/v2\/types\/product"}],"wp:featuredmedia":[{"embeddable":true,"href":"https:\/\/combi-pro.com\/fr\/wp-json\/wp\/v2\/media\/33787"}],"wp:attachment":[{"href":"https:\/\/combi-pro.com\/fr\/wp-json\/wp\/v2\/media?parent=33782"}],"wp:term":[{"taxonomy":"product_brand","embeddable":true,"href":"https:\/\/combi-pro.com\/fr\/wp-json\/wp\/v2\/product_brand?post=33782"},{"taxonomy":"product_cat","embeddable":true,"href":"https:\/\/combi-pro.com\/fr\/wp-json\/wp\/v2\/product_cat?post=33782"},{"taxonomy":"product_tag","embeddable":true,"href":"https:\/\/combi-pro.com\/fr\/wp-json\/wp\/v2\/product_tag?post=33782"}],"curies":[{"name":"wp","href":"https:\/\/api.w.org\/{rel}","templated":true}]}}