{"id":33886,"date":"2026-02-03T10:38:31","date_gmt":"2026-02-03T09:38:31","guid":{"rendered":"https:\/\/combi-pro.com\/?post_type=product&#038;p=33886"},"modified":"2026-05-02T20:27:29","modified_gmt":"2026-05-02T18:27:29","slug":"veste-matelassee-grs-v-dynamix-206035-velilla","status":"publish","type":"product","link":"https:\/\/combi-pro.com\/fr\/boutique\/veste-matelassee-grs-v-dynamix-206035-velilla\/","title":{"rendered":"GRS V-Dynamix veste matelass\u00e9e 206035 | VELILLA"},"content":{"rendered":"<p data-start=\"377\" data-end=\"406\"><strong data-start=\"377\" data-end=\"406\">Caract\u00e9ristiques techniques :<\/strong><\/p>\n<ul data-start=\"408\" data-end=\"1107\">\n<li data-start=\"408\" data-end=\"492\">\n<p data-start=\"410\" data-end=\"492\">Fermeture centrale \u00e0 glissi\u00e8re inject\u00e9e, dissimul\u00e9e par un rabat et des boutons-pression<\/p>\n<\/li>\n<li data-start=\"493\" data-end=\"545\">\n<p data-start=\"495\" data-end=\"545\">Tissu extensible avec traitement d\u00e9perlant<\/p>\n<\/li>\n<li data-start=\"546\" data-end=\"572\">\n<p data-start=\"548\" data-end=\"572\">Coutures thermosoud\u00e9es<\/p>\n<\/li>\n<li data-start=\"573\" data-end=\"598\">\n<p data-start=\"575\" data-end=\"598\">D\u00e9tails r\u00e9fl\u00e9chissants<\/p>\n<\/li>\n<li data-start=\"599\" data-end=\"675\">\n<p data-start=\"601\" data-end=\"675\">Capuche dissimul\u00e9e \u00e0 l'int\u00e9rieur du col avec cordon de serrage r\u00e9glable et stoppeurs<\/p>\n<\/li>\n<li data-start=\"676\" data-end=\"729\">\n<p data-start=\"678\" data-end=\"729\">Poignets c\u00f4tel\u00e9s dissimul\u00e9s et fermeture velcro<\/p>\n<\/li>\n<li data-start=\"730\" data-end=\"761\">\n<p data-start=\"732\" data-end=\"761\">Basse r\u00e9glable avec bouchons<\/p>\n<\/li>\n<li data-start=\"762\" data-end=\"834\">\n<p data-start=\"764\" data-end=\"834\">Ouverture zipp\u00e9e au dos pour faciliter la s\u00e9rigraphie<\/p>\n<\/li>\n<li data-start=\"835\" data-end=\"1107\">\n<p data-start=\"837\" data-end=\"855\">Cinq poches :<\/p>\n<ul data-start=\"858\" data-end=\"1107\">\n<li data-start=\"858\" data-end=\"923\">\n<p data-start=\"860\" data-end=\"923\">2 poches lat\u00e9rales zipp\u00e9es avec bandes r\u00e9fl\u00e9chissantes et tirettes<\/p>\n<\/li>\n<li data-start=\"926\" data-end=\"999\">\n<p data-start=\"928\" data-end=\"999\">1 poche poitrine gauche avec fermeture \u00e0 glissi\u00e8re et tirette r\u00e9fl\u00e9chissante<\/p>\n<\/li>\n<li data-start=\"1002\" data-end=\"1066\">\n<p data-start=\"1004\" data-end=\"1066\">1 poche poitrine droite avec rabat et fermeture velcro<\/p>\n<\/li>\n<li data-start=\"1069\" data-end=\"1107\">\n<p data-start=\"1071\" data-end=\"1107\">1 poche int\u00e9rieure zipp\u00e9e<\/p>\n<\/li>\n<\/ul>\n<\/li>\n<\/ul>\n<p data-start=\"1109\" data-end=\"1129\"><strong data-start=\"1109\" data-end=\"1129\">Certifications :<\/strong><\/p>\n<ul data-start=\"1131\" data-end=\"1188\">\n<li data-start=\"1131\" data-end=\"1138\">\n<p data-start=\"1133\" data-end=\"1138\">GRS<\/p>\n<\/li>\n<li data-start=\"1139\" data-end=\"1163\">\n<p data-start=\"1141\" data-end=\"1163\">EN 13758-2 - UPF 50+<\/p>\n<\/li>\n<li data-start=\"1164\" data-end=\"1188\">\n<p data-start=\"1166\" data-end=\"1188\">EN 343 - Classe 3\/1\/X<\/p>\n<\/li>\n<\/ul>\n<p data-start=\"1190\" data-end=\"1202\"><strong data-start=\"1190\" data-end=\"1202\">Tissus :<\/strong><\/p>\n<ul data-start=\"1204\" data-end=\"1399\">\n<li data-start=\"1204\" data-end=\"1278\">\n<p data-start=\"1206\" data-end=\"1278\"><strong data-start=\"1206\" data-end=\"1219\">Ext\u00e9rieur :<\/strong> 50 % polyester recycl\u00e9 GRS \/ 50 % polyester \/ 180 g\/m\u00b2 \/ 180 g\/m\u00b2.<\/p>\n<\/li>\n<li data-start=\"1279\" data-end=\"1343\">\n<p data-start=\"1281\" data-end=\"1343\"><strong data-start=\"1281\" data-end=\"1291\">Doublure :<\/strong> Taffetas - 100 % polyester recycl\u00e9 GRS \/ 55 g\/m\u00b2.<\/p>\n<\/li>\n<li data-start=\"1344\" data-end=\"1399\">\n<p data-start=\"1346\" data-end=\"1399\"><strong data-start=\"1346\" data-end=\"1356\">Ouate :<\/strong> 100 % polyester recycl\u00e9 GRS \/ 180 g\/m<\/p>\n<\/li>\n<\/ul>\n<p data-start=\"1401\" data-end=\"1422\"><strong data-start=\"1401\" data-end=\"1410\">Gamme :<\/strong><br data-start=\"1410\" data-end=\"1413\" \/>V-Dynamix<\/p>\n<p data-start=\"1424\" data-end=\"1449\"><strong data-start=\"1424\" data-end=\"1449\">Recommandation d'utilisation :<\/strong><\/p>\n<p data-start=\"1451\" data-end=\"1659\">Id\u00e9ale pour les professionnels de l'industrie, de la logistique, de la maintenance et du travail en ext\u00e9rieur qui ont besoin d'une veste matelass\u00e9e durable, imperm\u00e9able, r\u00e9sistante et pr\u00eate \u00e0 affronter des conditions m\u00e9t\u00e9orologiques d\u00e9favorables.<\/p>\n<p data-start=\"1451\" data-end=\"1659\"><img decoding=\"async\" class=\"alignnone wp-image-15240\" src=\"https:\/\/combi-pro.com\/wp-content\/uploads\/2025\/04\/icon-stretch.png\" alt=\"\" width=\"198\" height=\"80\" srcset=\"https:\/\/combi-pro.com\/wp-content\/uploads\/2025\/04\/icon-stretch.png 228w, https:\/\/combi-pro.com\/wp-content\/uploads\/2025\/04\/icon-stretch-64x26.png 64w, https:\/\/combi-pro.com\/wp-content\/uploads\/2025\/04\/icon-stretch-18x7.png 18w\" sizes=\"(max-width: 198px) 100vw, 198px\" \/> <img decoding=\"async\" class=\"alignnone size-full wp-image-33897\" src=\"https:\/\/combi-pro.com\/wp-content\/uploads\/2026\/02\/RAINPROOF_0.png\" alt=\"\" width=\"228\" height=\"45\" srcset=\"https:\/\/combi-pro.com\/wp-content\/uploads\/2026\/02\/RAINPROOF_0.png 228w, https:\/\/combi-pro.com\/wp-content\/uploads\/2026\/02\/RAINPROOF_0-18x4.png 18w, https:\/\/combi-pro.com\/wp-content\/uploads\/2026\/02\/RAINPROOF_0-64x13.png 64w\" sizes=\"(max-width: 228px) 100vw, 228px\" \/><img decoding=\"async\" class=\"alignnone wp-image-33788\" src=\"https:\/\/combi-pro.com\/wp-content\/uploads\/2026\/02\/TRANSPIRABLE_0.webp\" alt=\"\" width=\"80\" height=\"80\" srcset=\"https:\/\/combi-pro.com\/wp-content\/uploads\/2026\/02\/TRANSPIRABLE_0.webp 100w, https:\/\/combi-pro.com\/wp-content\/uploads\/2026\/02\/TRANSPIRABLE_0-12x12.webp 12w, https:\/\/combi-pro.com\/wp-content\/uploads\/2026\/02\/TRANSPIRABLE_0-64x64.webp 64w\" sizes=\"(max-width: 80px) 100vw, 80px\" \/> <img loading=\"lazy\" decoding=\"async\" class=\"alignnone wp-image-33898\" src=\"https:\/\/combi-pro.com\/wp-content\/uploads\/2026\/02\/RESISTENTE-AL-VIENTO_0.webp\" alt=\"\" width=\"80\" height=\"80\" srcset=\"https:\/\/combi-pro.com\/wp-content\/uploads\/2026\/02\/RESISTENTE-AL-VIENTO_0.webp 100w, https:\/\/combi-pro.com\/wp-content\/uploads\/2026\/02\/RESISTENTE-AL-VIENTO_0-12x12.webp 12w, https:\/\/combi-pro.com\/wp-content\/uploads\/2026\/02\/RESISTENTE-AL-VIENTO_0-64x64.webp 64w\" sizes=\"(max-width: 80px) 100vw, 80px\" \/> \u00a0<img loading=\"lazy\" decoding=\"async\" class=\"alignnone wp-image-33899\" src=\"https:\/\/combi-pro.com\/wp-content\/uploads\/2026\/02\/en34331x_0.webp\" alt=\"\" width=\"71\" height=\"80\" srcset=\"https:\/\/combi-pro.com\/wp-content\/uploads\/2026\/02\/en34331x_0.webp 89w, https:\/\/combi-pro.com\/wp-content\/uploads\/2026\/02\/en34331x_0-11x12.webp 11w, https:\/\/combi-pro.com\/wp-content\/uploads\/2026\/02\/en34331x_0-64x72.webp 64w\" sizes=\"(max-width: 71px) 100vw, 71px\" \/> <img loading=\"lazy\" decoding=\"async\" class=\"alignnone wp-image-33900\" src=\"https:\/\/combi-pro.com\/wp-content\/uploads\/2026\/02\/Costura-termosellada_0.png\" alt=\"\" width=\"80\" height=\"80\" srcset=\"https:\/\/combi-pro.com\/wp-content\/uploads\/2026\/02\/Costura-termosellada_0.png 84w, https:\/\/combi-pro.com\/wp-content\/uploads\/2026\/02\/Costura-termosellada_0-12x12.png 12w, https:\/\/combi-pro.com\/wp-content\/uploads\/2026\/02\/Costura-termosellada_0-64x64.png 64w\" sizes=\"(max-width: 80px) 100vw, 80px\" \/><\/p>","protected":false},"excerpt":{"rendered":"<p data-start=\"172\" data-end=\"375\">Veste technique matelass\u00e9e fabriqu\u00e9e \u00e0 partir de mat\u00e9riaux recycl\u00e9s GRS, con\u00e7ue pour offrir une protection contre les intemp\u00e9ries, un confort thermique et une libert\u00e9 de mouvement dans les environnements de travail exigeants.<\/p>\n<p data-start=\"172\" data-end=\"375\"><img loading=\"lazy\" decoding=\"async\" class=\"alignnone wp-image-33581\" src=\"https:\/\/combi-pro.com\/wp-content\/uploads\/2026\/02\/UPF-50_0.webp\" alt=\"\" width=\"61\" height=\"60\" srcset=\"https:\/\/combi-pro.com\/wp-content\/uploads\/2026\/02\/UPF-50_0.webp 101w, https:\/\/combi-pro.com\/wp-content\/uploads\/2026\/02\/UPF-50_0-12x12.webp 12w, https:\/\/combi-pro.com\/wp-content\/uploads\/2026\/02\/UPF-50_0-64x63.webp 64w\" sizes=\"(max-width: 61px) 100vw, 61px\" \/> <img loading=\"lazy\" decoding=\"async\" class=\"alignnone wp-image-33580\" src=\"https:\/\/combi-pro.com\/wp-content\/uploads\/2026\/02\/GRS-65_0-300x69.webp\" alt=\"\" width=\"260\" height=\"60\" srcset=\"https:\/\/combi-pro.com\/wp-content\/uploads\/2026\/02\/GRS-65_0-300x69.webp 300w, https:\/\/combi-pro.com\/wp-content\/uploads\/2026\/02\/GRS-65_0-18x4.webp 18w, https:\/\/combi-pro.com\/wp-content\/uploads\/2026\/02\/GRS-65_0-64x15.webp 64w, https:\/\/combi-pro.com\/wp-content\/uploads\/2026\/02\/GRS-65_0.webp 434w\" sizes=\"(max-width: 260px) 100vw, 260px\" \/> <img loading=\"lazy\" decoding=\"async\" class=\"alignnone wp-image-33579\" src=\"https:\/\/combi-pro.com\/wp-content\/uploads\/2026\/02\/Eco-design_0.webp\" alt=\"\" width=\"68\" height=\"60\" srcset=\"https:\/\/combi-pro.com\/wp-content\/uploads\/2026\/02\/Eco-design_0.webp 113w, https:\/\/combi-pro.com\/wp-content\/uploads\/2026\/02\/Eco-design_0-14x12.webp 14w, https:\/\/combi-pro.com\/wp-content\/uploads\/2026\/02\/Eco-design_0-64x57.webp 64w\" sizes=\"(max-width: 68px) 100vw, 68px\" \/><\/p>\n<p data-start=\"377\" data-end=\"406\">","protected":false},"featured_media":33896,"template":"","meta":{"site-sidebar-layout":"default","site-content-layout":"","ast-site-content-layout":"default","site-content-style":"default","site-sidebar-style":"default","ast-global-header-display":"","ast-banner-title-visibility":"","ast-main-header-display":"","ast-hfb-above-header-display":"","ast-hfb-below-header-display":"","ast-hfb-mobile-header-display":"","site-post-title":"","ast-breadcrumbs-content":"","ast-featured-img":"","footer-sml-layout":"","ast-disable-related-posts":"","theme-transparent-header-meta":"default","adv-header-id-meta":"","stick-header-meta":"","header-above-stick-meta":"","header-main-stick-meta":"","header-below-stick-meta":"","astra-migrate-meta-layouts":"set","ast-page-background-enabled":"default","ast-page-background-meta":{"desktop":{"background-color":"","background-image":"","background-repeat":"repeat","background-position":"center center","background-size":"auto","background-attachment":"scroll","background-type":"","background-media":"","overlay-type":"","overlay-color":"","overlay-opacity":"","overlay-gradient":""},"tablet":{"background-color":"","background-image":"","background-repeat":"repeat","background-position":"center center","background-size":"auto","background-attachment":"scroll","background-type":"","background-media":"","overlay-type":"","overlay-color":"","overlay-opacity":"","overlay-gradient":""},"mobile":{"background-color":"","background-image":"","background-repeat":"repeat","background-position":"center center","background-size":"auto","background-attachment":"scroll","background-type":"","background-media":"","overlay-type":"","overlay-color":"","overlay-opacity":"","overlay-gradient":""}},"ast-content-background-meta":{"desktop":{"background-color":"var(--ast-global-color-5)","background-image":"","background-repeat":"repeat","background-position":"center center","background-size":"auto","background-attachment":"scroll","background-type":"","background-media":"","overlay-type":"","overlay-color":"","overlay-opacity":"","overlay-gradient":""},"tablet":{"background-color":"var(--ast-global-color-5)","background-image":"","background-repeat":"repeat","background-position":"center center","background-size":"auto","background-attachment":"scroll","background-type":"","background-media":"","overlay-type":"","overlay-color":"","overlay-opacity":"","overlay-gradient":""},"mobile":{"background-color":"var(--ast-global-color-5)","background-image":"","background-repeat":"repeat","background-position":"center center","background-size":"auto","background-attachment":"scroll","background-type":"","background-media":"","overlay-type":"","overlay-color":"","overlay-opacity":"","overlay-gradient":""}}},"product_brand":[442],"product_cat":[50,82,30],"product_tag":[],"class_list":{"0":"post-33886","1":"product","2":"type-product","3":"status-publish","4":"has-post-thumbnail","6":"product_brand-velilla","7":"product_cat-ropa-profesional","8":"product_cat-chaquetas","9":"product_cat-industria-base","10":"desktop-align-center","11":"tablet-align-left","12":"mobile-align-left","14":"first","15":"instock","16":"taxable","17":"shipping-taxable","18":"purchasable","19":"product-type-variable"},"_links":{"self":[{"href":"https:\/\/combi-pro.com\/fr\/wp-json\/wp\/v2\/product\/33886","targetHints":{"allow":["GET"]}}],"collection":[{"href":"https:\/\/combi-pro.com\/fr\/wp-json\/wp\/v2\/product"}],"about":[{"href":"https:\/\/combi-pro.com\/fr\/wp-json\/wp\/v2\/types\/product"}],"wp:featuredmedia":[{"embeddable":true,"href":"https:\/\/combi-pro.com\/fr\/wp-json\/wp\/v2\/media\/33896"}],"wp:attachment":[{"href":"https:\/\/combi-pro.com\/fr\/wp-json\/wp\/v2\/media?parent=33886"}],"wp:term":[{"taxonomy":"product_brand","embeddable":true,"href":"https:\/\/combi-pro.com\/fr\/wp-json\/wp\/v2\/product_brand?post=33886"},{"taxonomy":"product_cat","embeddable":true,"href":"https:\/\/combi-pro.com\/fr\/wp-json\/wp\/v2\/product_cat?post=33886"},{"taxonomy":"product_tag","embeddable":true,"href":"https:\/\/combi-pro.com\/fr\/wp-json\/wp\/v2\/product_tag?post=33886"}],"curies":[{"name":"wp","href":"https:\/\/api.w.org\/{rel}","templated":true}]}}