{"id":33948,"date":"2026-02-03T11:31:57","date_gmt":"2026-02-03T10:31:57","guid":{"rendered":"https:\/\/combi-pro.com\/?post_type=product&#038;p=33948"},"modified":"2026-05-13T18:31:27","modified_gmt":"2026-05-13T16:31:27","slug":"shift-femme-cuisine-veste-coolmax-femme-405211w-velilla","status":"publish","type":"product","link":"https:\/\/combi-pro.com\/fr\/boutique\/shift-femme-cuisine-veste-coolmax-femme-405211w-velilla\/","title":{"rendered":"SHIFT WOMAN - Veste de cuisine Coolmax\u00ae pour femme 405211W | VELILLA"},"content":{"rendered":"<p data-start=\"352\" data-end=\"381\"><strong data-start=\"352\" data-end=\"381\">Caract\u00e9ristiques techniques :<\/strong><\/p>\n<ul data-start=\"383\" data-end=\"954\">\n<li data-start=\"383\" data-end=\"410\">\n<p data-start=\"385\" data-end=\"410\">Design f\u00e9minin et confortable<\/p>\n<\/li>\n<li data-start=\"411\" data-end=\"476\">\n<p data-start=\"413\" data-end=\"476\">Tissu avec traitement antibact\u00e9rien et hydrofuge<\/p>\n<\/li>\n<li data-start=\"477\" data-end=\"498\">\n<p data-start=\"479\" data-end=\"498\">Tissu doux au toucher<\/p>\n<\/li>\n<li data-start=\"499\" data-end=\"557\">\n<p data-start=\"501\" data-end=\"557\">Dos en Coolmax\u00ae respirant<\/p>\n<\/li>\n<li data-start=\"558\" data-end=\"608\">\n<p data-start=\"560\" data-end=\"608\">Verrouillage central avec boutons-pression dissimul\u00e9s<\/p>\n<\/li>\n<li data-start=\"609\" data-end=\"658\">\n<p data-start=\"611\" data-end=\"658\">Collier avec bande arri\u00e8re pour tablier<\/p>\n<\/li>\n<li data-start=\"659\" data-end=\"680\">\n<p data-start=\"661\" data-end=\"680\">Suspension int\u00e9rieure<\/p>\n<\/li>\n<li data-start=\"681\" data-end=\"720\">\n<p data-start=\"683\" data-end=\"720\">Ouvertures lat\u00e9rales sur les c\u00f4t\u00e9s<\/p>\n<\/li>\n<li data-start=\"721\" data-end=\"815\">\n<p data-start=\"723\" data-end=\"815\">Manches longues ajust\u00e9es avec fente aux poignets, revers avec patte de boutonnage et fermeture \u00e0 boutons-pression<\/p>\n<\/li>\n<li data-start=\"816\" data-end=\"872\">\n<p data-start=\"818\" data-end=\"872\">Courroie de la manche droite pour suspendre les accessoires du chef<\/p>\n<\/li>\n<li data-start=\"873\" data-end=\"954\">\n<p data-start=\"875\" data-end=\"889\">Une poche :<\/p>\n<ul data-start=\"892\" data-end=\"954\">\n<li data-start=\"892\" data-end=\"954\">\n<p data-start=\"894\" data-end=\"954\">1 poche sur la manche gauche avec \u00e9lastique pour les accessoires<\/p>\n<\/li>\n<\/ul>\n<\/li>\n<\/ul>\n<p data-start=\"956\" data-end=\"974\"><strong data-start=\"956\" data-end=\"974\">Certification:<\/strong><\/p>\n<ul data-start=\"976\" data-end=\"983\">\n<li data-start=\"976\" data-end=\"983\">\n<p data-start=\"978\" data-end=\"983\">GRS<\/p>\n<\/li>\n<\/ul>\n<p data-start=\"985\" data-end=\"997\"><strong data-start=\"985\" data-end=\"997\">Tissus :<\/strong><\/p>\n<ul data-start=\"999\" data-end=\"1147\">\n<li data-start=\"999\" data-end=\"1086\">\n<p data-start=\"1001\" data-end=\"1086\"><strong data-start=\"1001\" data-end=\"1021\">Devant :<\/strong> Twill - 65 % GRS polyester recycl\u00e9 \/ 35 % coton \/ 190 g\/m\u00b2.<\/p>\n<\/li>\n<li data-start=\"1087\" data-end=\"1147\">\n<p data-start=\"1089\" data-end=\"1147\"><strong data-start=\"1089\" data-end=\"1107\">Arri\u00e8re :<\/strong> Coolmax\u00ae - 100 polyester % \/ 135 g\/m\u00b2.<\/p>\n<\/li>\n<\/ul>\n<p><img decoding=\"async\" class=\"alignnone wp-image-33788\" src=\"https:\/\/combi-pro.com\/wp-content\/uploads\/2026\/02\/TRANSPIRABLE_0.webp\" alt=\"\" width=\"60\" height=\"60\" srcset=\"https:\/\/combi-pro.com\/wp-content\/uploads\/2026\/02\/TRANSPIRABLE_0.webp 100w, https:\/\/combi-pro.com\/wp-content\/uploads\/2026\/02\/TRANSPIRABLE_0-12x12.webp 12w, https:\/\/combi-pro.com\/wp-content\/uploads\/2026\/02\/TRANSPIRABLE_0-64x64.webp 64w\" sizes=\"(max-width: 60px) 100vw, 60px\" \/> <img decoding=\"async\" class=\"alignnone wp-image-17386\" src=\"https:\/\/combi-pro.com\/wp-content\/uploads\/2025\/05\/COOLMAX_0.png\" alt=\"\" width=\"267\" height=\"60\" srcset=\"https:\/\/combi-pro.com\/wp-content\/uploads\/2025\/05\/COOLMAX_0.png 178w, https:\/\/combi-pro.com\/wp-content\/uploads\/2025\/05\/COOLMAX_0-64x14.png 64w, https:\/\/combi-pro.com\/wp-content\/uploads\/2025\/05\/COOLMAX_0-18x4.png 18w\" sizes=\"(max-width: 267px) 100vw, 267px\" \/> <img decoding=\"async\" class=\"alignnone wp-image-15584\" src=\"https:\/\/combi-pro.com\/wp-content\/uploads\/2025\/05\/Antibacterial-300x213.png\" alt=\"\" width=\"84\" height=\"60\" srcset=\"https:\/\/combi-pro.com\/wp-content\/uploads\/2025\/05\/Antibacterial-300x213.png 300w, https:\/\/combi-pro.com\/wp-content\/uploads\/2025\/05\/Antibacterial-450x320.png 450w, https:\/\/combi-pro.com\/wp-content\/uploads\/2025\/05\/Antibacterial-64x45.png 64w, https:\/\/combi-pro.com\/wp-content\/uploads\/2025\/05\/Antibacterial-18x12.png 18w, https:\/\/combi-pro.com\/wp-content\/uploads\/2025\/05\/Antibacterial.png 570w\" sizes=\"(max-width: 84px) 100vw, 84px\" \/> <img loading=\"lazy\" decoding=\"async\" class=\"alignnone wp-image-15588\" src=\"https:\/\/combi-pro.com\/wp-content\/uploads\/2025\/05\/Water-repellent_0-2.webp\" alt=\"\" width=\"82\" height=\"60\" srcset=\"https:\/\/combi-pro.com\/wp-content\/uploads\/2025\/05\/Water-repellent_0-2.webp 137w, https:\/\/combi-pro.com\/wp-content\/uploads\/2025\/05\/Water-repellent_0-2-64x47.webp 64w, https:\/\/combi-pro.com\/wp-content\/uploads\/2025\/05\/Water-repellent_0-2-16x12.webp 16w\" sizes=\"(max-width: 82px) 100vw, 82px\" \/><\/p>","protected":false},"excerpt":{"rendered":"<p>Veste de cuisine pour femme con\u00e7ue pour un maximum de confort, de respirabilit\u00e9 et de fonctionnalit\u00e9 dans des environnements professionnels exigeants, avec des tissus techniques et durables.<\/p>\n<p><img loading=\"lazy\" decoding=\"async\" class=\"alignnone wp-image-33580\" src=\"https:\/\/combi-pro.com\/wp-content\/uploads\/2026\/02\/GRS-65_0-300x69.webp\" alt=\"\" width=\"260\" height=\"60\" srcset=\"https:\/\/combi-pro.com\/wp-content\/uploads\/2026\/02\/GRS-65_0-300x69.webp 300w, https:\/\/combi-pro.com\/wp-content\/uploads\/2026\/02\/GRS-65_0-18x4.webp 18w, https:\/\/combi-pro.com\/wp-content\/uploads\/2026\/02\/GRS-65_0-64x15.webp 64w, https:\/\/combi-pro.com\/wp-content\/uploads\/2026\/02\/GRS-65_0.webp 434w\" sizes=\"(max-width: 260px) 100vw, 260px\" \/><\/p>","protected":false},"featured_media":33954,"template":"","meta":{"site-sidebar-layout":"default","site-content-layout":"","ast-site-content-layout":"default","site-content-style":"default","site-sidebar-style":"default","ast-global-header-display":"","ast-banner-title-visibility":"","ast-main-header-display":"","ast-hfb-above-header-display":"","ast-hfb-below-header-display":"","ast-hfb-mobile-header-display":"","site-post-title":"","ast-breadcrumbs-content":"","ast-featured-img":"","footer-sml-layout":"","ast-disable-related-posts":"","theme-transparent-header-meta":"default","adv-header-id-meta":"","stick-header-meta":"","header-above-stick-meta":"","header-main-stick-meta":"","header-below-stick-meta":"","astra-migrate-meta-layouts":"set","ast-page-background-enabled":"default","ast-page-background-meta":{"desktop":{"background-color":"","background-image":"","background-repeat":"repeat","background-position":"center center","background-size":"auto","background-attachment":"scroll","background-type":"","background-media":"","overlay-type":"","overlay-color":"","overlay-opacity":"","overlay-gradient":""},"tablet":{"background-color":"","background-image":"","background-repeat":"repeat","background-position":"center center","background-size":"auto","background-attachment":"scroll","background-type":"","background-media":"","overlay-type":"","overlay-color":"","overlay-opacity":"","overlay-gradient":""},"mobile":{"background-color":"","background-image":"","background-repeat":"repeat","background-position":"center center","background-size":"auto","background-attachment":"scroll","background-type":"","background-media":"","overlay-type":"","overlay-color":"","overlay-opacity":"","overlay-gradient":""}},"ast-content-background-meta":{"desktop":{"background-color":"var(--ast-global-color-5)","background-image":"","background-repeat":"repeat","background-position":"center center","background-size":"auto","background-attachment":"scroll","background-type":"","background-media":"","overlay-type":"","overlay-color":"","overlay-opacity":"","overlay-gradient":""},"tablet":{"background-color":"var(--ast-global-color-5)","background-image":"","background-repeat":"repeat","background-position":"center center","background-size":"auto","background-attachment":"scroll","background-type":"","background-media":"","overlay-type":"","overlay-color":"","overlay-opacity":"","overlay-gradient":""},"mobile":{"background-color":"var(--ast-global-color-5)","background-image":"","background-repeat":"repeat","background-position":"center center","background-size":"auto","background-attachment":"scroll","background-type":"","background-media":"","overlay-type":"","overlay-color":"","overlay-opacity":"","overlay-gradient":""}}},"product_brand":[442],"product_cat":[50,116,72],"product_tag":[],"class_list":{"0":"post-33948","1":"product","2":"type-product","3":"status-publish","4":"has-post-thumbnail","6":"product_brand-velilla","7":"product_cat-ropa-profesional","8":"product_cat-chaquetas-hosteleria","9":"product_cat-hosteleria","10":"desktop-align-center","11":"tablet-align-left","12":"mobile-align-left","14":"first","15":"instock","16":"taxable","17":"shipping-taxable","18":"purchasable","19":"product-type-variable"},"_links":{"self":[{"href":"https:\/\/combi-pro.com\/fr\/wp-json\/wp\/v2\/product\/33948","targetHints":{"allow":["GET"]}}],"collection":[{"href":"https:\/\/combi-pro.com\/fr\/wp-json\/wp\/v2\/product"}],"about":[{"href":"https:\/\/combi-pro.com\/fr\/wp-json\/wp\/v2\/types\/product"}],"wp:featuredmedia":[{"embeddable":true,"href":"https:\/\/combi-pro.com\/fr\/wp-json\/wp\/v2\/media\/33954"}],"wp:attachment":[{"href":"https:\/\/combi-pro.com\/fr\/wp-json\/wp\/v2\/media?parent=33948"}],"wp:term":[{"taxonomy":"product_brand","embeddable":true,"href":"https:\/\/combi-pro.com\/fr\/wp-json\/wp\/v2\/product_brand?post=33948"},{"taxonomy":"product_cat","embeddable":true,"href":"https:\/\/combi-pro.com\/fr\/wp-json\/wp\/v2\/product_cat?post=33948"},{"taxonomy":"product_tag","embeddable":true,"href":"https:\/\/combi-pro.com\/fr\/wp-json\/wp\/v2\/product_tag?post=33948"}],"curies":[{"name":"wp","href":"https:\/\/api.w.org\/{rel}","templated":true}]}}