{"id":34143,"date":"2026-02-04T15:32:16","date_gmt":"2026-02-04T14:32:16","guid":{"rendered":"https:\/\/combi-pro.com\/?post_type=product&#038;p=34143"},"modified":"2026-03-10T01:02:55","modified_gmt":"2026-03-10T00:02:55","slug":"t-shirt-manches-courtes-garcon-190-ts190kc-mukua","status":"publish","type":"product","link":"https:\/\/combi-pro.com\/fr\/boutique\/t-shirt-manches-courtes-garcon-190-ts190kc-mukua\/","title":{"rendered":"T-shirt manches courtes gar\u00e7on 190 TS190KC | MUKUA"},"content":{"rendered":"<p data-start=\"376\" data-end=\"405\"><strong data-start=\"376\" data-end=\"405\">Caract\u00e9ristiques techniques :<\/strong><\/p>\n<ul data-start=\"407\" data-end=\"742\">\n<li data-start=\"407\" data-end=\"442\">\n<p data-start=\"409\" data-end=\"442\">T-shirt \u00e0 manches courtes pour enfants<\/p>\n<\/li>\n<li data-start=\"443\" data-end=\"467\">\n<p data-start=\"445\" data-end=\"467\">Tissu en jersey simple<\/p>\n<\/li>\n<li data-start=\"468\" data-end=\"542\">\n<p data-start=\"470\" data-end=\"542\">Col ras du cou en c\u00f4tes 1\u00d71 avec \u00e9lasthanne pour plus d'\u00e9lasticit\u00e9<\/p>\n<\/li>\n<li data-start=\"543\" data-end=\"615\">\n<p data-start=\"545\" data-end=\"615\">Coutures renforc\u00e9es d'une \u00e9paule \u00e0 l'autre pour \u00e9viter le gauchissement.<\/p>\n<\/li>\n<li data-start=\"616\" data-end=\"659\">\n<p data-start=\"618\" data-end=\"659\">Coutures lat\u00e9rales pour un meilleur ajustement<\/p>\n<\/li>\n<li data-start=\"660\" data-end=\"684\">\n<p data-start=\"662\" data-end=\"684\">Doux et confortable au toucher<\/p>\n<\/li>\n<li data-start=\"685\" data-end=\"709\">\n<p data-start=\"687\" data-end=\"709\">Taille unisexe : PALM<\/p>\n<\/li>\n<li data-start=\"710\" data-end=\"742\">\n<p data-start=\"712\" data-end=\"742\">Taille femme : PALM WOMAN<\/p>\n<\/li>\n<\/ul>\n<p data-start=\"744\" data-end=\"756\"><strong data-start=\"744\" data-end=\"756\">Tissus :<\/strong><\/p>\n<ul data-start=\"758\" data-end=\"874\">\n<li data-start=\"758\" data-end=\"811\">\n<p data-start=\"760\" data-end=\"811\">Single Jersey - 100 % RingSpun cotton \/ 190 g\/m\u00b2.<\/p>\n<\/li>\n<li data-start=\"812\" data-end=\"874\">\n<p data-start=\"814\" data-end=\"874\">Couleur Gris chin\u00e9 : 85 % coton - 15 % viscose \/ 190 g\/m\u00b2.<\/p>\n<\/li>\n<\/ul>\n<p data-start=\"876\" data-end=\"901\"><strong data-start=\"876\" data-end=\"901\">Recommandation d'utilisation :<\/strong><\/p>\n<p data-start=\"903\" data-end=\"1071\">Parfaits pour l'\u00e9cole, les activit\u00e9s sportives, les \u00e9v\u00e9nements promotionnels ou la personnalisation de textiles, ils offrent confort, durabilit\u00e9 et qualit\u00e9 de finition aux enfants.<\/p>\n<p data-start=\"903\" data-end=\"1071\"><img decoding=\"async\" class=\"alignnone wp-image-34144\" src=\"https:\/\/combi-pro.com\/wp-content\/uploads\/2026\/02\/OEKOTEX-25_0.webp\" alt=\"\" width=\"137\" height=\"60\" srcset=\"https:\/\/combi-pro.com\/wp-content\/uploads\/2026\/02\/OEKOTEX-25_0.webp 228w, https:\/\/combi-pro.com\/wp-content\/uploads\/2026\/02\/OEKOTEX-25_0-18x8.webp 18w, https:\/\/combi-pro.com\/wp-content\/uploads\/2026\/02\/OEKOTEX-25_0-64x28.webp 64w\" sizes=\"(max-width: 137px) 100vw, 137px\" \/><\/p>","protected":false},"excerpt":{"rendered":"<p>T-shirt \u00e0 manches courtes pour enfants en coton RingSpun, doux au toucher et durable, id\u00e9al pour un usage quotidien et des activit\u00e9s scolaires ou promotionnelles.<\/p>\n<p><strong>GUIDE DES TAILLES<\/strong><\/p>\n<p><img fetchpriority=\"high\" decoding=\"async\" class=\"alignnone wp-image-34177\" src=\"https:\/\/combi-pro.com\/wp-content\/uploads\/2026\/02\/Capture-decran-2026-02-04-a-10.44.06-e1770198411538-300x111.png\" alt=\"\" width=\"434\" height=\"160\" srcset=\"https:\/\/combi-pro.com\/wp-content\/uploads\/2026\/02\/Capture-decran-2026-02-04-a-10.44.06-e1770198411538-300x111.png 300w, https:\/\/combi-pro.com\/wp-content\/uploads\/2026\/02\/Capture-decran-2026-02-04-a-10.44.06-e1770198411538-18x7.png 18w, https:\/\/combi-pro.com\/wp-content\/uploads\/2026\/02\/Capture-decran-2026-02-04-a-10.44.06-e1770198411538-450x166.png 450w, https:\/\/combi-pro.com\/wp-content\/uploads\/2026\/02\/Capture-decran-2026-02-04-a-10.44.06-e1770198411538-64x24.png 64w, https:\/\/combi-pro.com\/wp-content\/uploads\/2026\/02\/Capture-decran-2026-02-04-a-10.44.06-e1770198411538.png 618w\" sizes=\"(max-width: 434px) 100vw, 434px\" \/><\/p>","protected":false},"featured_media":34176,"template":"","meta":{"site-sidebar-layout":"default","site-content-layout":"","ast-site-content-layout":"default","site-content-style":"default","site-sidebar-style":"default","ast-global-header-display":"","ast-banner-title-visibility":"","ast-main-header-display":"","ast-hfb-above-header-display":"","ast-hfb-below-header-display":"","ast-hfb-mobile-header-display":"","site-post-title":"","ast-breadcrumbs-content":"","ast-featured-img":"","footer-sml-layout":"","ast-disable-related-posts":"","theme-transparent-header-meta":"default","adv-header-id-meta":"","stick-header-meta":"","header-above-stick-meta":"","header-main-stick-meta":"","header-below-stick-meta":"","astra-migrate-meta-layouts":"set","ast-page-background-enabled":"default","ast-page-background-meta":{"desktop":{"background-color":"","background-image":"","background-repeat":"repeat","background-position":"center center","background-size":"auto","background-attachment":"scroll","background-type":"","background-media":"","overlay-type":"","overlay-color":"","overlay-opacity":"","overlay-gradient":""},"tablet":{"background-color":"","background-image":"","background-repeat":"repeat","background-position":"center center","background-size":"auto","background-attachment":"scroll","background-type":"","background-media":"","overlay-type":"","overlay-color":"","overlay-opacity":"","overlay-gradient":""},"mobile":{"background-color":"","background-image":"","background-repeat":"repeat","background-position":"center center","background-size":"auto","background-attachment":"scroll","background-type":"","background-media":"","overlay-type":"","overlay-color":"","overlay-opacity":"","overlay-gradient":""}},"ast-content-background-meta":{"desktop":{"background-color":"var(--ast-global-color-5)","background-image":"","background-repeat":"repeat","background-position":"center center","background-size":"auto","background-attachment":"scroll","background-type":"","background-media":"","overlay-type":"","overlay-color":"","overlay-opacity":"","overlay-gradient":""},"tablet":{"background-color":"var(--ast-global-color-5)","background-image":"","background-repeat":"repeat","background-position":"center center","background-size":"auto","background-attachment":"scroll","background-type":"","background-media":"","overlay-type":"","overlay-color":"","overlay-opacity":"","overlay-gradient":""},"mobile":{"background-color":"var(--ast-global-color-5)","background-image":"","background-repeat":"repeat","background-position":"center center","background-size":"auto","background-attachment":"scroll","background-type":"","background-media":"","overlay-type":"","overlay-color":"","overlay-opacity":"","overlay-gradient":""}}},"product_brand":[444],"product_cat":[340,348],"product_tag":[],"class_list":{"0":"post-34143","1":"product","2":"type-product","3":"status-publish","4":"has-post-thumbnail","6":"product_brand-mukua","7":"product_cat-textil-promocional","8":"product_cat-camisetas-textil-promocional","9":"desktop-align-center","10":"tablet-align-left","11":"mobile-align-left","13":"first","14":"instock","15":"taxable","16":"shipping-taxable","17":"purchasable","18":"product-type-variable"},"_links":{"self":[{"href":"https:\/\/combi-pro.com\/fr\/wp-json\/wp\/v2\/product\/34143","targetHints":{"allow":["GET"]}}],"collection":[{"href":"https:\/\/combi-pro.com\/fr\/wp-json\/wp\/v2\/product"}],"about":[{"href":"https:\/\/combi-pro.com\/fr\/wp-json\/wp\/v2\/types\/product"}],"wp:featuredmedia":[{"embeddable":true,"href":"https:\/\/combi-pro.com\/fr\/wp-json\/wp\/v2\/media\/34176"}],"wp:attachment":[{"href":"https:\/\/combi-pro.com\/fr\/wp-json\/wp\/v2\/media?parent=34143"}],"wp:term":[{"taxonomy":"product_brand","embeddable":true,"href":"https:\/\/combi-pro.com\/fr\/wp-json\/wp\/v2\/product_brand?post=34143"},{"taxonomy":"product_cat","embeddable":true,"href":"https:\/\/combi-pro.com\/fr\/wp-json\/wp\/v2\/product_cat?post=34143"},{"taxonomy":"product_tag","embeddable":true,"href":"https:\/\/combi-pro.com\/fr\/wp-json\/wp\/v2\/product_tag?post=34143"}],"curies":[{"name":"wp","href":"https:\/\/api.w.org\/{rel}","templated":true}]}}