{"id":34360,"date":"2026-02-04T16:24:25","date_gmt":"2026-02-04T15:24:25","guid":{"rendered":"https:\/\/combi-pro.com\/?post_type=product&#038;p=34360"},"modified":"2026-03-10T01:06:35","modified_gmt":"2026-03-10T00:06:35","slug":"t-shirt-unisexe-a-manches-longues-palm-lsl-tl190uc-palm","status":"publish","type":"product","link":"https:\/\/combi-pro.com\/fr\/boutique\/t-shirt-unisexe-a-manches-longues-palm-lsl-tl190uc-palm\/","title":{"rendered":"PALM LSL TL190UC T-Shirt unisexe \u00e0 manches longues | PALM"},"content":{"rendered":"<p data-start=\"417\" data-end=\"755\"><strong data-start=\"417\" data-end=\"445\">Caract\u00e9ristiques techniques<\/strong><br data-start=\"445\" data-end=\"448\" \/>Col rond et poignets en tricot c\u00f4tel\u00e9 1\u00d71 avec \u00e9lasthanne pour plus d'extensibilit\u00e9.<br data-start=\"531\" data-end=\"534\" \/>Coutures renforc\u00e9es d'une \u00e9paule \u00e0 l'autre pour \u00e9viter les d\u00e9formations.<br data-start=\"603\" data-end=\"606\" \/>Coutures lat\u00e9rales pour un meilleur ajustement et une plus grande durabilit\u00e9.<br data-start=\"664\" data-end=\"667\" \/>Doux et agr\u00e9able au toucher.<br data-start=\"715\" data-end=\"718\" \/>Coupe r\u00e9guli\u00e8re, confortable et polyvalente.<\/p>\n<p data-start=\"757\" data-end=\"874\"><strong data-start=\"757\" data-end=\"768\">Tissus<\/strong><br data-start=\"768\" data-end=\"771\" \/>Maillot unique.<br data-start=\"785\" data-end=\"788\" \/>100% Coton RingSpun.<br data-start=\"810\" data-end=\"813\" \/>Gris chin\u00e9 : 85% coton - 15% viscose.<br data-start=\"853\" data-end=\"856\" \/>Poids : 190 g\/m\u00b2.<\/p>\n<p data-start=\"876\" data-end=\"893\"><strong data-start=\"876\" data-end=\"884\">Gamme<\/strong><br data-start=\"884\" data-end=\"887\" \/>De base.<\/p>\n<p data-start=\"895\" data-end=\"960\"><strong data-start=\"895\" data-end=\"912\">Certification<\/strong><br data-start=\"912\" data-end=\"915\" \/>Con\u00e7u pour un usage quotidien et professionnel.<\/p>\n<p data-start=\"962\" data-end=\"1134\"><strong data-start=\"962\" data-end=\"986\">Recommandation d'utilisation<\/strong><br data-start=\"986\" data-end=\"989\" \/>Id\u00e9al pour les v\u00eatements de tous les jours, le merchandising, les uniformes d\u00e9contract\u00e9s, les activit\u00e9s promotionnelles ou comme v\u00eatement de base dans tout environnement de travail ou d\u00e9contract\u00e9.<\/p>\n<p data-start=\"962\" data-end=\"1134\">","protected":false},"excerpt":{"rendered":"<p>T-shirt unisexe \u00e0 manches longues con\u00e7u pour un usage quotidien confortable, avec un tissu doux et durable qui conserve sa forme lavage apr\u00e8s lavage.<\/p>\n<p><img decoding=\"async\" class=\"alignnone wp-image-34144\" src=\"https:\/\/combi-pro.com\/wp-content\/uploads\/2026\/02\/OEKOTEX-25_0.webp\" alt=\"\" width=\"137\" height=\"60\" srcset=\"https:\/\/combi-pro.com\/wp-content\/uploads\/2026\/02\/OEKOTEX-25_0.webp 228w, https:\/\/combi-pro.com\/wp-content\/uploads\/2026\/02\/OEKOTEX-25_0-18x8.webp 18w, https:\/\/combi-pro.com\/wp-content\/uploads\/2026\/02\/OEKOTEX-25_0-64x28.webp 64w\" sizes=\"(max-width: 137px) 100vw, 137px\" \/><\/p>\n<p><strong>GUIDE DES TAILLES<\/strong><\/p>\n<p><img decoding=\"async\" class=\"alignnone size-medium wp-image-34374\" src=\"https:\/\/combi-pro.com\/wp-content\/uploads\/2026\/02\/Capture-decran-2026-02-04-a-15.46.10-300x86.png\" alt=\"\" width=\"300\" height=\"86\" srcset=\"https:\/\/combi-pro.com\/wp-content\/uploads\/2026\/02\/Capture-decran-2026-02-04-a-15.46.10-300x86.png 300w, https:\/\/combi-pro.com\/wp-content\/uploads\/2026\/02\/Capture-decran-2026-02-04-a-15.46.10-18x5.png 18w, https:\/\/combi-pro.com\/wp-content\/uploads\/2026\/02\/Capture-decran-2026-02-04-a-15.46.10-450x129.png 450w, https:\/\/combi-pro.com\/wp-content\/uploads\/2026\/02\/Capture-decran-2026-02-04-a-15.46.10-64x18.png 64w, https:\/\/combi-pro.com\/wp-content\/uploads\/2026\/02\/Capture-decran-2026-02-04-a-15.46.10-350x100.png 350w, https:\/\/combi-pro.com\/wp-content\/uploads\/2026\/02\/Capture-decran-2026-02-04-a-15.46.10.png 591w\" sizes=\"(max-width: 300px) 100vw, 300px\" \/><\/p>","protected":false},"featured_media":34373,"template":"","meta":{"site-sidebar-layout":"default","site-content-layout":"","ast-site-content-layout":"default","site-content-style":"default","site-sidebar-style":"default","ast-global-header-display":"","ast-banner-title-visibility":"","ast-main-header-display":"","ast-hfb-above-header-display":"","ast-hfb-below-header-display":"","ast-hfb-mobile-header-display":"","site-post-title":"","ast-breadcrumbs-content":"","ast-featured-img":"","footer-sml-layout":"","ast-disable-related-posts":"","theme-transparent-header-meta":"default","adv-header-id-meta":"","stick-header-meta":"","header-above-stick-meta":"","header-main-stick-meta":"","header-below-stick-meta":"","astra-migrate-meta-layouts":"set","ast-page-background-enabled":"default","ast-page-background-meta":{"desktop":{"background-color":"","background-image":"","background-repeat":"repeat","background-position":"center center","background-size":"auto","background-attachment":"scroll","background-type":"","background-media":"","overlay-type":"","overlay-color":"","overlay-opacity":"","overlay-gradient":""},"tablet":{"background-color":"","background-image":"","background-repeat":"repeat","background-position":"center center","background-size":"auto","background-attachment":"scroll","background-type":"","background-media":"","overlay-type":"","overlay-color":"","overlay-opacity":"","overlay-gradient":""},"mobile":{"background-color":"","background-image":"","background-repeat":"repeat","background-position":"center center","background-size":"auto","background-attachment":"scroll","background-type":"","background-media":"","overlay-type":"","overlay-color":"","overlay-opacity":"","overlay-gradient":""}},"ast-content-background-meta":{"desktop":{"background-color":"var(--ast-global-color-5)","background-image":"","background-repeat":"repeat","background-position":"center center","background-size":"auto","background-attachment":"scroll","background-type":"","background-media":"","overlay-type":"","overlay-color":"","overlay-opacity":"","overlay-gradient":""},"tablet":{"background-color":"var(--ast-global-color-5)","background-image":"","background-repeat":"repeat","background-position":"center center","background-size":"auto","background-attachment":"scroll","background-type":"","background-media":"","overlay-type":"","overlay-color":"","overlay-opacity":"","overlay-gradient":""},"mobile":{"background-color":"var(--ast-global-color-5)","background-image":"","background-repeat":"repeat","background-position":"center center","background-size":"auto","background-attachment":"scroll","background-type":"","background-media":"","overlay-type":"","overlay-color":"","overlay-opacity":"","overlay-gradient":""}}},"product_brand":[444],"product_cat":[340,348],"product_tag":[],"class_list":{"0":"post-34360","1":"product","2":"type-product","3":"status-publish","4":"has-post-thumbnail","6":"product_brand-mukua","7":"product_cat-textil-promocional","8":"product_cat-camisetas-textil-promocional","9":"desktop-align-center","10":"tablet-align-left","11":"mobile-align-left","13":"first","14":"instock","15":"taxable","16":"shipping-taxable","17":"product-type-variable"},"_links":{"self":[{"href":"https:\/\/combi-pro.com\/fr\/wp-json\/wp\/v2\/product\/34360","targetHints":{"allow":["GET"]}}],"collection":[{"href":"https:\/\/combi-pro.com\/fr\/wp-json\/wp\/v2\/product"}],"about":[{"href":"https:\/\/combi-pro.com\/fr\/wp-json\/wp\/v2\/types\/product"}],"wp:featuredmedia":[{"embeddable":true,"href":"https:\/\/combi-pro.com\/fr\/wp-json\/wp\/v2\/media\/34373"}],"wp:attachment":[{"href":"https:\/\/combi-pro.com\/fr\/wp-json\/wp\/v2\/media?parent=34360"}],"wp:term":[{"taxonomy":"product_brand","embeddable":true,"href":"https:\/\/combi-pro.com\/fr\/wp-json\/wp\/v2\/product_brand?post=34360"},{"taxonomy":"product_cat","embeddable":true,"href":"https:\/\/combi-pro.com\/fr\/wp-json\/wp\/v2\/product_cat?post=34360"},{"taxonomy":"product_tag","embeddable":true,"href":"https:\/\/combi-pro.com\/fr\/wp-json\/wp\/v2\/product_tag?post=34360"}],"curies":[{"name":"wp","href":"https:\/\/api.w.org\/{rel}","templated":true}]}}