{"id":34456,"date":"2026-02-04T16:49:04","date_gmt":"2026-02-04T15:49:04","guid":{"rendered":"https:\/\/combi-pro.com\/?post_type=product&#038;p=34456"},"modified":"2026-04-13T20:59:23","modified_gmt":"2026-04-13T18:59:23","slug":"creek-psn160uw-polo-unisexe-a-manches-courtes-mukua","status":"publish","type":"product","link":"https:\/\/combi-pro.com\/fr\/boutique\/creek-psn160uw-polo-unisexe-a-manches-courtes-mukua\/","title":{"rendered":"Polo unisexe \u00e0 manches courtes CREEK PSN160UW | MUKUA"},"content":{"rendered":"<p data-start=\"341\" data-end=\"720\"><strong data-start=\"341\" data-end=\"369\">Caract\u00e9ristiques techniques<\/strong><br data-start=\"369\" data-end=\"372\" \/>Patte de boutonnage avec 2 boutons.<br data-start=\"401\" data-end=\"404\" \/>Tissu en jersey simple.<br data-start=\"428\" data-end=\"431\" \/>Couverture des coutures renforc\u00e9e pour \u00e9viter les d\u00e9formations.<br data-start=\"481\" data-end=\"484\" \/>Col et poignets dans le m\u00eame tissu.<br data-start=\"533\" data-end=\"536\" \/>Coutures lat\u00e9rales avec fentes inf\u00e9rieures pour plus de confort.<br data-start=\"601\" data-end=\"604\" \/>Doux et agr\u00e9able au toucher.<br data-start=\"628\" data-end=\"631\" \/>Pas d'\u00e9tiquette de marque sur le col pour une personnalisation facile.<br data-start=\"700\" data-end=\"703\" \/>Medium Fit.<\/p>\n<p data-start=\"722\" data-end=\"806\"><strong data-start=\"722\" data-end=\"733\">Tissus<\/strong><br data-start=\"733\" data-end=\"736\" \/>Maillot unique.<br data-start=\"750\" data-end=\"753\" \/>100 % coton biologique RingSpun.<br data-start=\"785\" data-end=\"788\" \/>Poids : 160 g\/m\u00b2.<\/p>\n<p data-start=\"808\" data-end=\"825\"><strong data-start=\"808\" data-end=\"816\">Gamme<\/strong><br data-start=\"816\" data-end=\"819\" \/>De base.<\/p>\n<p data-start=\"827\" data-end=\"892\"><strong data-start=\"827\" data-end=\"844\">Certification<\/strong><br data-start=\"844\" data-end=\"847\" \/>Con\u00e7u pour un usage quotidien et professionnel.<\/p>\n<p data-start=\"894\" data-end=\"1071\"><strong data-start=\"894\" data-end=\"918\">Recommandation d'utilisation<\/strong><br data-start=\"918\" data-end=\"921\" \/>Id\u00e9al pour les uniformes d'entreprise, les \u00e9v\u00e9nements promotionnels, l'h\u00f4tellerie, la vente au d\u00e9tail et l'usage quotidien, offrant une image soign\u00e9e et un haut niveau de confort.<\/p>","protected":false},"excerpt":{"rendered":"<p>Polo unisexe \u00e0 manches courtes en coton biologique RingSpun, con\u00e7u pour le confort, la douceur et une coupe \u00e9quilibr\u00e9e pour un usage quotidien et professionnel.<\/p>\n<p><img decoding=\"async\" class=\"alignnone wp-image-34144\" src=\"https:\/\/combi-pro.com\/wp-content\/uploads\/2026\/02\/OEKOTEX-25_0.webp\" alt=\"\" width=\"137\" height=\"60\" srcset=\"https:\/\/combi-pro.com\/wp-content\/uploads\/2026\/02\/OEKOTEX-25_0.webp 228w, https:\/\/combi-pro.com\/wp-content\/uploads\/2026\/02\/OEKOTEX-25_0-18x8.webp 18w, https:\/\/combi-pro.com\/wp-content\/uploads\/2026\/02\/OEKOTEX-25_0-64x28.webp 64w\" sizes=\"(max-width: 137px) 100vw, 137px\" \/> <img decoding=\"async\" class=\"alignnone wp-image-15280\" src=\"https:\/\/combi-pro.com\/wp-content\/uploads\/2025\/01\/Textile-Exchange-ORGANIC_0.png\" alt=\"\" width=\"185\" height=\"60\" srcset=\"https:\/\/combi-pro.com\/wp-content\/uploads\/2025\/01\/Textile-Exchange-ORGANIC_0.png 123w, https:\/\/combi-pro.com\/wp-content\/uploads\/2025\/01\/Textile-Exchange-ORGANIC_0-64x21.png 64w, https:\/\/combi-pro.com\/wp-content\/uploads\/2025\/01\/Textile-Exchange-ORGANIC_0-18x6.png 18w\" sizes=\"(max-width: 185px) 100vw, 185px\" \/><\/p>","protected":false},"featured_media":34461,"template":"","meta":{"site-sidebar-layout":"default","site-content-layout":"","ast-site-content-layout":"default","site-content-style":"default","site-sidebar-style":"default","ast-global-header-display":"","ast-banner-title-visibility":"","ast-main-header-display":"","ast-hfb-above-header-display":"","ast-hfb-below-header-display":"","ast-hfb-mobile-header-display":"","site-post-title":"","ast-breadcrumbs-content":"","ast-featured-img":"","footer-sml-layout":"","ast-disable-related-posts":"","theme-transparent-header-meta":"default","adv-header-id-meta":"","stick-header-meta":"","header-above-stick-meta":"","header-main-stick-meta":"","header-below-stick-meta":"","astra-migrate-meta-layouts":"set","ast-page-background-enabled":"default","ast-page-background-meta":{"desktop":{"background-color":"","background-image":"","background-repeat":"repeat","background-position":"center center","background-size":"auto","background-attachment":"scroll","background-type":"","background-media":"","overlay-type":"","overlay-color":"","overlay-opacity":"","overlay-gradient":""},"tablet":{"background-color":"","background-image":"","background-repeat":"repeat","background-position":"center center","background-size":"auto","background-attachment":"scroll","background-type":"","background-media":"","overlay-type":"","overlay-color":"","overlay-opacity":"","overlay-gradient":""},"mobile":{"background-color":"","background-image":"","background-repeat":"repeat","background-position":"center center","background-size":"auto","background-attachment":"scroll","background-type":"","background-media":"","overlay-type":"","overlay-color":"","overlay-opacity":"","overlay-gradient":""}},"ast-content-background-meta":{"desktop":{"background-color":"var(--ast-global-color-5)","background-image":"","background-repeat":"repeat","background-position":"center center","background-size":"auto","background-attachment":"scroll","background-type":"","background-media":"","overlay-type":"","overlay-color":"","overlay-opacity":"","overlay-gradient":""},"tablet":{"background-color":"var(--ast-global-color-5)","background-image":"","background-repeat":"repeat","background-position":"center center","background-size":"auto","background-attachment":"scroll","background-type":"","background-media":"","overlay-type":"","overlay-color":"","overlay-opacity":"","overlay-gradient":""},"mobile":{"background-color":"var(--ast-global-color-5)","background-image":"","background-repeat":"repeat","background-position":"center center","background-size":"auto","background-attachment":"scroll","background-type":"","background-media":"","overlay-type":"","overlay-color":"","overlay-opacity":"","overlay-gradient":""}}},"product_brand":[444],"product_cat":[340,344],"product_tag":[],"class_list":{"0":"post-34456","1":"product","2":"type-product","3":"status-publish","4":"has-post-thumbnail","6":"product_brand-mukua","7":"product_cat-textil-promocional","8":"product_cat-gama-natura","9":"desktop-align-center","10":"tablet-align-left","11":"mobile-align-left","13":"first","14":"outofstock","15":"taxable","16":"shipping-taxable","17":"product-type-variable"},"_links":{"self":[{"href":"https:\/\/combi-pro.com\/fr\/wp-json\/wp\/v2\/product\/34456","targetHints":{"allow":["GET"]}}],"collection":[{"href":"https:\/\/combi-pro.com\/fr\/wp-json\/wp\/v2\/product"}],"about":[{"href":"https:\/\/combi-pro.com\/fr\/wp-json\/wp\/v2\/types\/product"}],"wp:featuredmedia":[{"embeddable":true,"href":"https:\/\/combi-pro.com\/fr\/wp-json\/wp\/v2\/media\/34461"}],"wp:attachment":[{"href":"https:\/\/combi-pro.com\/fr\/wp-json\/wp\/v2\/media?parent=34456"}],"wp:term":[{"taxonomy":"product_brand","embeddable":true,"href":"https:\/\/combi-pro.com\/fr\/wp-json\/wp\/v2\/product_brand?post=34456"},{"taxonomy":"product_cat","embeddable":true,"href":"https:\/\/combi-pro.com\/fr\/wp-json\/wp\/v2\/product_cat?post=34456"},{"taxonomy":"product_tag","embeddable":true,"href":"https:\/\/combi-pro.com\/fr\/wp-json\/wp\/v2\/product_tag?post=34456"}],"curies":[{"name":"wp","href":"https:\/\/api.w.org\/{rel}","templated":true}]}}