{"id":34468,"date":"2026-02-04T17:02:42","date_gmt":"2026-02-04T16:02:42","guid":{"rendered":"https:\/\/combi-pro.com\/?post_type=product&#038;p=34468"},"modified":"2026-04-13T20:59:26","modified_gmt":"2026-04-13T18:59:26","slug":"palm-long-sleeve-unisex-t-shirt-long-sleeve-tl190uw-mukua","status":"publish","type":"product","link":"https:\/\/combi-pro.com\/fr\/boutique\/palm-long-sleeve-unisex-t-shirt-long-sleeve-tl190uw-mukua\/","title":{"rendered":"PALM LONG SLEEVE TL190UW T-Shirt unisexe \u00e0 manches longues - MUKUA"},"content":{"rendered":"<p data-start=\"356\" data-end=\"653\"><strong data-start=\"356\" data-end=\"384\">Caract\u00e9ristiques techniques<\/strong><br data-start=\"384\" data-end=\"387\" \/>Col rond et poignets en tricot c\u00f4tel\u00e9 1\u00d71 avec \u00e9lasthanne pour plus d'extensibilit\u00e9.<br data-start=\"466\" data-end=\"469\" \/>Coutures renforc\u00e9es d'une \u00e9paule \u00e0 l'autre pour \u00e9viter les d\u00e9formations.<br data-start=\"538\" data-end=\"541\" \/>Coutures lat\u00e9rales pour un meilleur ajustement.<br data-start=\"581\" data-end=\"584\" \/>Doux et agr\u00e9able au toucher.<br data-start=\"632\" data-end=\"635\" \/>Coupe Regular Fit.<\/p>\n<p data-start=\"655\" data-end=\"775\"><strong data-start=\"655\" data-end=\"666\">Tissus<\/strong><br data-start=\"666\" data-end=\"669\" \/>Maillot unique.<br data-start=\"683\" data-end=\"686\" \/>100 % RingSpun coton.<br data-start=\"709\" data-end=\"712\" \/>Gris chin\u00e9 : 85 % coton - 15 % viscose.<br data-start=\"754\" data-end=\"757\" \/>Poids : 190 g\/m\u00b2.<\/p>\n<p data-start=\"777\" data-end=\"794\"><strong data-start=\"777\" data-end=\"785\">Gamme<\/strong><br data-start=\"785\" data-end=\"788\" \/>De base.<\/p>\n<p data-start=\"796\" data-end=\"861\"><strong data-start=\"796\" data-end=\"813\">Certification<\/strong><br data-start=\"813\" data-end=\"816\" \/>Con\u00e7u pour un usage quotidien et professionnel.<\/p>\n<p data-start=\"863\" data-end=\"1010\"><strong data-start=\"863\" data-end=\"887\">Recommandation d'utilisation<\/strong><br data-start=\"887\" data-end=\"890\" \/>Id\u00e9al pour les uniformes de travail, le merchandising, les \u00e9v\u00e9nements promotionnels et l'usage quotidien, gr\u00e2ce \u00e0 son confort et sa durabilit\u00e9.<\/p>","protected":false},"excerpt":{"rendered":"<p>T-shirt unisexe \u00e0 manches longues en coton RingSpun, con\u00e7u pour le confort, la durabilit\u00e9 et un toucher doux pour un usage quotidien et professionnel.<\/p>\n<p><img decoding=\"async\" class=\"alignnone wp-image-34144\" src=\"https:\/\/combi-pro.com\/wp-content\/uploads\/2026\/02\/OEKOTEX-25_0.webp\" alt=\"\" width=\"137\" height=\"60\" srcset=\"https:\/\/combi-pro.com\/wp-content\/uploads\/2026\/02\/OEKOTEX-25_0.webp 228w, https:\/\/combi-pro.com\/wp-content\/uploads\/2026\/02\/OEKOTEX-25_0-18x8.webp 18w, https:\/\/combi-pro.com\/wp-content\/uploads\/2026\/02\/OEKOTEX-25_0-64x28.webp 64w\" sizes=\"(max-width: 137px) 100vw, 137px\" \/><\/p>","protected":false},"featured_media":34472,"template":"","meta":{"site-sidebar-layout":"default","site-content-layout":"","ast-site-content-layout":"default","site-content-style":"default","site-sidebar-style":"default","ast-global-header-display":"","ast-banner-title-visibility":"","ast-main-header-display":"","ast-hfb-above-header-display":"","ast-hfb-below-header-display":"","ast-hfb-mobile-header-display":"","site-post-title":"","ast-breadcrumbs-content":"","ast-featured-img":"","footer-sml-layout":"","ast-disable-related-posts":"","theme-transparent-header-meta":"default","adv-header-id-meta":"","stick-header-meta":"","header-above-stick-meta":"","header-main-stick-meta":"","header-below-stick-meta":"","astra-migrate-meta-layouts":"set","ast-page-background-enabled":"default","ast-page-background-meta":{"desktop":{"background-color":"","background-image":"","background-repeat":"repeat","background-position":"center center","background-size":"auto","background-attachment":"scroll","background-type":"","background-media":"","overlay-type":"","overlay-color":"","overlay-opacity":"","overlay-gradient":""},"tablet":{"background-color":"","background-image":"","background-repeat":"repeat","background-position":"center center","background-size":"auto","background-attachment":"scroll","background-type":"","background-media":"","overlay-type":"","overlay-color":"","overlay-opacity":"","overlay-gradient":""},"mobile":{"background-color":"","background-image":"","background-repeat":"repeat","background-position":"center center","background-size":"auto","background-attachment":"scroll","background-type":"","background-media":"","overlay-type":"","overlay-color":"","overlay-opacity":"","overlay-gradient":""}},"ast-content-background-meta":{"desktop":{"background-color":"var(--ast-global-color-5)","background-image":"","background-repeat":"repeat","background-position":"center center","background-size":"auto","background-attachment":"scroll","background-type":"","background-media":"","overlay-type":"","overlay-color":"","overlay-opacity":"","overlay-gradient":""},"tablet":{"background-color":"var(--ast-global-color-5)","background-image":"","background-repeat":"repeat","background-position":"center center","background-size":"auto","background-attachment":"scroll","background-type":"","background-media":"","overlay-type":"","overlay-color":"","overlay-opacity":"","overlay-gradient":""},"mobile":{"background-color":"var(--ast-global-color-5)","background-image":"","background-repeat":"repeat","background-position":"center center","background-size":"auto","background-attachment":"scroll","background-type":"","background-media":"","overlay-type":"","overlay-color":"","overlay-opacity":"","overlay-gradient":""}}},"product_brand":[444],"product_cat":[340,342],"product_tag":[],"class_list":{"0":"post-34468","1":"product","2":"type-product","3":"status-publish","4":"has-post-thumbnail","6":"product_brand-mukua","7":"product_cat-textil-promocional","8":"product_cat-polos-textil-promocional","9":"desktop-align-center","10":"tablet-align-left","11":"mobile-align-left","13":"first","14":"outofstock","15":"taxable","16":"shipping-taxable","17":"purchasable","18":"product-type-variable","19":"has-default-attributes"},"_links":{"self":[{"href":"https:\/\/combi-pro.com\/fr\/wp-json\/wp\/v2\/product\/34468","targetHints":{"allow":["GET"]}}],"collection":[{"href":"https:\/\/combi-pro.com\/fr\/wp-json\/wp\/v2\/product"}],"about":[{"href":"https:\/\/combi-pro.com\/fr\/wp-json\/wp\/v2\/types\/product"}],"wp:featuredmedia":[{"embeddable":true,"href":"https:\/\/combi-pro.com\/fr\/wp-json\/wp\/v2\/media\/34472"}],"wp:attachment":[{"href":"https:\/\/combi-pro.com\/fr\/wp-json\/wp\/v2\/media?parent=34468"}],"wp:term":[{"taxonomy":"product_brand","embeddable":true,"href":"https:\/\/combi-pro.com\/fr\/wp-json\/wp\/v2\/product_brand?post=34468"},{"taxonomy":"product_cat","embeddable":true,"href":"https:\/\/combi-pro.com\/fr\/wp-json\/wp\/v2\/product_cat?post=34468"},{"taxonomy":"product_tag","embeddable":true,"href":"https:\/\/combi-pro.com\/fr\/wp-json\/wp\/v2\/product_tag?post=34468"}],"curies":[{"name":"wp","href":"https:\/\/api.w.org\/{rel}","templated":true}]}}