{"id":34482,"date":"2026-02-05T12:09:55","date_gmt":"2026-02-05T11:09:55","guid":{"rendered":"https:\/\/combi-pro.com\/?post_type=product&#038;p=34482"},"modified":"2026-04-13T20:59:37","modified_gmt":"2026-04-13T18:59:37","slug":"polo-unisexe-a-manches-courtes-creek-psn160uc-mukua","status":"publish","type":"product","link":"https:\/\/combi-pro.com\/fr\/boutique\/polo-unisexe-a-manches-courtes-creek-psn160uc-mukua\/","title":{"rendered":"Polo unisexe \u00e0 manches courtes CREEK PSN160UC | MUKUA"},"content":{"rendered":"<p data-start=\"370\" data-end=\"767\"><strong data-start=\"370\" data-end=\"398\">Caract\u00e9ristiques techniques<\/strong><br data-start=\"398\" data-end=\"401\" \/>Patte de boutonnage avec 2 boutons.<br data-start=\"430\" data-end=\"433\" \/>Tissu en jersey simple.<br data-start=\"457\" data-end=\"460\" \/>Couverture des coutures renforc\u00e9e pour \u00e9viter les d\u00e9formations.<br data-start=\"510\" data-end=\"513\" \/>Col et poignets dans le m\u00eame tissu.<br data-start=\"562\" data-end=\"565\" \/>Coutures lat\u00e9rales avec fentes inf\u00e9rieures pour faciliter les mouvements.<br data-start=\"644\" data-end=\"647\" \/>Toucher doux.<br data-start=\"659\" data-end=\"662\" \/>Pas d'\u00e9tiquette de marque au niveau du cou pour plus de confort et de facilit\u00e9 de personnalisation.<br data-start=\"747\" data-end=\"750\" \/>Medium Fit.<\/p>\n<p data-start=\"769\" data-end=\"853\"><strong data-start=\"769\" data-end=\"780\">Tissus<\/strong><br data-start=\"780\" data-end=\"783\" \/>Maillot unique.<br data-start=\"797\" data-end=\"800\" \/>100 % coton biologique RingSpun.<br data-start=\"832\" data-end=\"835\" \/>Poids : 160 g\/m\u00b2.<\/p>\n<p data-start=\"855\" data-end=\"874\"><strong data-start=\"855\" data-end=\"863\">Gamme<\/strong><br data-start=\"863\" data-end=\"866\" \/>Organique.<\/p>\n<p data-start=\"876\" data-end=\"941\"><strong data-start=\"876\" data-end=\"893\">Certification<\/strong><br data-start=\"893\" data-end=\"896\" \/>Con\u00e7u pour un usage quotidien et professionnel.<\/p>\n<p data-start=\"943\" data-end=\"1120\"><strong data-start=\"943\" data-end=\"967\">Recommandation d'utilisation<\/strong><br data-start=\"967\" data-end=\"970\" \/>Recommand\u00e9 pour les uniformes d'entreprise, l'h\u00f4tellerie, le commerce, les \u00e9v\u00e9nements et le merchandising, gr\u00e2ce \u00e0 son image soign\u00e9e et \u00e0 son tissu confortable et respirant.<\/p>","protected":false},"excerpt":{"rendered":"<p>Polo unisexe \u00e0 manches courtes en coton biologique RingSpun, id\u00e9al pour un usage quotidien et professionnel exigeant confort, douceur et finition soign\u00e9e.<\/p>\n<p><img decoding=\"async\" class=\"alignnone size-medium wp-image-34497\" src=\"https:\/\/combi-pro.com\/wp-content\/uploads\/2026\/02\/Capture-decran-2026-02-04-a-17.07.34-300x82.png\" alt=\"\" width=\"300\" height=\"82\" srcset=\"https:\/\/combi-pro.com\/wp-content\/uploads\/2026\/02\/Capture-decran-2026-02-04-a-17.07.34-300x82.png 300w, https:\/\/combi-pro.com\/wp-content\/uploads\/2026\/02\/Capture-decran-2026-02-04-a-17.07.34-18x5.png 18w, https:\/\/combi-pro.com\/wp-content\/uploads\/2026\/02\/Capture-decran-2026-02-04-a-17.07.34-450x123.png 450w, https:\/\/combi-pro.com\/wp-content\/uploads\/2026\/02\/Capture-decran-2026-02-04-a-17.07.34-64x18.png 64w, https:\/\/combi-pro.com\/wp-content\/uploads\/2026\/02\/Capture-decran-2026-02-04-a-17.07.34.png 603w\" sizes=\"(max-width: 300px) 100vw, 300px\" \/><\/p>","protected":false},"featured_media":34496,"template":"","meta":{"site-sidebar-layout":"default","site-content-layout":"","ast-site-content-layout":"default","site-content-style":"default","site-sidebar-style":"default","ast-global-header-display":"","ast-banner-title-visibility":"","ast-main-header-display":"","ast-hfb-above-header-display":"","ast-hfb-below-header-display":"","ast-hfb-mobile-header-display":"","site-post-title":"","ast-breadcrumbs-content":"","ast-featured-img":"","footer-sml-layout":"","ast-disable-related-posts":"","theme-transparent-header-meta":"default","adv-header-id-meta":"","stick-header-meta":"","header-above-stick-meta":"","header-main-stick-meta":"","header-below-stick-meta":"","astra-migrate-meta-layouts":"set","ast-page-background-enabled":"default","ast-page-background-meta":{"desktop":{"background-color":"","background-image":"","background-repeat":"repeat","background-position":"center center","background-size":"auto","background-attachment":"scroll","background-type":"","background-media":"","overlay-type":"","overlay-color":"","overlay-opacity":"","overlay-gradient":""},"tablet":{"background-color":"","background-image":"","background-repeat":"repeat","background-position":"center center","background-size":"auto","background-attachment":"scroll","background-type":"","background-media":"","overlay-type":"","overlay-color":"","overlay-opacity":"","overlay-gradient":""},"mobile":{"background-color":"","background-image":"","background-repeat":"repeat","background-position":"center center","background-size":"auto","background-attachment":"scroll","background-type":"","background-media":"","overlay-type":"","overlay-color":"","overlay-opacity":"","overlay-gradient":""}},"ast-content-background-meta":{"desktop":{"background-color":"var(--ast-global-color-5)","background-image":"","background-repeat":"repeat","background-position":"center center","background-size":"auto","background-attachment":"scroll","background-type":"","background-media":"","overlay-type":"","overlay-color":"","overlay-opacity":"","overlay-gradient":""},"tablet":{"background-color":"var(--ast-global-color-5)","background-image":"","background-repeat":"repeat","background-position":"center center","background-size":"auto","background-attachment":"scroll","background-type":"","background-media":"","overlay-type":"","overlay-color":"","overlay-opacity":"","overlay-gradient":""},"mobile":{"background-color":"var(--ast-global-color-5)","background-image":"","background-repeat":"repeat","background-position":"center center","background-size":"auto","background-attachment":"scroll","background-type":"","background-media":"","overlay-type":"","overlay-color":"","overlay-opacity":"","overlay-gradient":""}}},"product_brand":[444],"product_cat":[340,344,342],"product_tag":[],"class_list":{"0":"post-34482","1":"product","2":"type-product","3":"status-publish","4":"has-post-thumbnail","6":"product_brand-mukua","7":"product_cat-textil-promocional","8":"product_cat-gama-natura","9":"product_cat-polos-textil-promocional","10":"desktop-align-center","11":"tablet-align-left","12":"mobile-align-left","14":"first","15":"outofstock","16":"taxable","17":"shipping-taxable","18":"purchasable","19":"product-type-variable","20":"has-default-attributes"},"_links":{"self":[{"href":"https:\/\/combi-pro.com\/fr\/wp-json\/wp\/v2\/product\/34482","targetHints":{"allow":["GET"]}}],"collection":[{"href":"https:\/\/combi-pro.com\/fr\/wp-json\/wp\/v2\/product"}],"about":[{"href":"https:\/\/combi-pro.com\/fr\/wp-json\/wp\/v2\/types\/product"}],"wp:featuredmedia":[{"embeddable":true,"href":"https:\/\/combi-pro.com\/fr\/wp-json\/wp\/v2\/media\/34496"}],"wp:attachment":[{"href":"https:\/\/combi-pro.com\/fr\/wp-json\/wp\/v2\/media?parent=34482"}],"wp:term":[{"taxonomy":"product_brand","embeddable":true,"href":"https:\/\/combi-pro.com\/fr\/wp-json\/wp\/v2\/product_brand?post=34482"},{"taxonomy":"product_cat","embeddable":true,"href":"https:\/\/combi-pro.com\/fr\/wp-json\/wp\/v2\/product_cat?post=34482"},{"taxonomy":"product_tag","embeddable":true,"href":"https:\/\/combi-pro.com\/fr\/wp-json\/wp\/v2\/product_tag?post=34482"}],"curies":[{"name":"wp","href":"https:\/\/api.w.org\/{rel}","templated":true}]}}