{"id":34567,"date":"2026-02-05T13:06:11","date_gmt":"2026-02-05T12:06:11","guid":{"rendered":"https:\/\/combi-pro.com\/?post_type=product&#038;p=34567"},"modified":"2026-04-13T20:59:47","modified_gmt":"2026-04-13T18:59:47","slug":"sweatshirt-unisexe-a-col-ras-du-cou-stcn300u-mukua","status":"publish","type":"product","link":"https:\/\/combi-pro.com\/fr\/boutique\/sweatshirt-unisexe-a-col-ras-du-cou-stcn300u-mukua\/","title":{"rendered":"Sweat-shirt unisexe \u00e0 col ras du cou MIST STCN300U | MUKUA"},"content":{"rendered":"<p data-path-to-node=\"3\"><strong>Caract\u00e9ristiques techniques<\/strong><\/p>\n<ul data-path-to-node=\"4\">\n<li>\n<p data-path-to-node=\"4,0,0\">Col, poignets et ceinture en tricot c\u00f4tel\u00e9 1\u00d71.<\/p>\n<\/li>\n<li>\n<p data-path-to-node=\"4,1,0\">Coutures renforc\u00e9es avec bande \u00e0 chevrons \u00e0 l'int\u00e9rieur du col pour une plus grande durabilit\u00e9.<\/p>\n<\/li>\n<li>\n<p data-path-to-node=\"4,2,0\">Le triangle d\u00e9coratif sur le devant ajoute une touche distinctive.<\/p>\n<\/li>\n<li>\n<p data-path-to-node=\"4,3,0\">Tissu polaire en \u00e9ponge fran\u00e7aise, doux au toucher et tr\u00e8s respirant.<\/p>\n<\/li>\n<li>\n<p data-path-to-node=\"4,4,0\">Pas d'\u00e9tiquette de marque au niveau du cou pour plus de confort et de facilit\u00e9 de personnalisation.<\/p>\n<\/li>\n<li>\n<p data-path-to-node=\"4,5,0\">Coupe Regular Fit.<\/p>\n<\/li>\n<\/ul>\n<p data-path-to-node=\"5\"><strong>Tissus<\/strong><\/p>\n<ul data-path-to-node=\"6\">\n<li>\n<p data-path-to-node=\"6,0,0\">Peluche French Terry.<\/p>\n<\/li>\n<li>\n<p data-path-to-node=\"6,1,0\">100 % coton biologique RingSpun.<\/p>\n<\/li>\n<li>\n<p data-path-to-node=\"6,2,0\">Poids : 300 g\/m\u00b2.<\/p>\n<\/li>\n<\/ul>\n<p data-path-to-node=\"7\"><strong>Gamme<\/strong><\/p>\n<ul data-path-to-node=\"8\">\n<li>\n<p data-path-to-node=\"8,0,0\">Bio \/ Premium.<\/p>\n<\/li>\n<\/ul>\n<p data-path-to-node=\"9\"><strong>Certification<\/strong><\/p>\n<ul data-path-to-node=\"10\">\n<li>\n<p data-path-to-node=\"10,0,0\">Con\u00e7u pour une utilisation quotidienne et professionnelle de haute qualit\u00e9.<\/p>\n<\/li>\n<\/ul>\n<p data-path-to-node=\"11\"><strong>Recommandation d'utilisation<\/strong><\/p>\n<ul data-path-to-node=\"12\">\n<li>\n<p data-path-to-node=\"12,0,0\">Recommand\u00e9 pour les uniformes d'entreprise, les \u00e9quipements sportifs, les \u00e9v\u00e9nements promotionnels haut de gamme et le merchandising, gr\u00e2ce \u00e0 son tissu robuste de 300 g\/m\u00b2 et \u00e0 sa finition haut de gamme.<\/p>\n<\/li>\n<\/ul>","protected":false},"excerpt":{"rendered":"<p>Sweat-shirt unisexe \u00e0 col ras du cou en molleton de coton biologique, con\u00e7u pour un maximum de confort, de respirabilit\u00e9 et une construction durable pour un usage quotidien.<\/p>\n<p><img decoding=\"async\" class=\"alignnone wp-image-34144\" src=\"https:\/\/combi-pro.com\/wp-content\/uploads\/2026\/02\/OEKOTEX-25_0.webp\" alt=\"\" width=\"137\" height=\"60\" srcset=\"https:\/\/combi-pro.com\/wp-content\/uploads\/2026\/02\/OEKOTEX-25_0.webp 228w, https:\/\/combi-pro.com\/wp-content\/uploads\/2026\/02\/OEKOTEX-25_0-18x8.webp 18w, https:\/\/combi-pro.com\/wp-content\/uploads\/2026\/02\/OEKOTEX-25_0-64x28.webp 64w\" sizes=\"(max-width: 137px) 100vw, 137px\" \/> <img decoding=\"async\" class=\"alignnone wp-image-15280\" src=\"https:\/\/combi-pro.com\/wp-content\/uploads\/2025\/01\/Textile-Exchange-ORGANIC_0.png\" alt=\"\" width=\"185\" height=\"60\" srcset=\"https:\/\/combi-pro.com\/wp-content\/uploads\/2025\/01\/Textile-Exchange-ORGANIC_0.png 123w, https:\/\/combi-pro.com\/wp-content\/uploads\/2025\/01\/Textile-Exchange-ORGANIC_0-64x21.png 64w, https:\/\/combi-pro.com\/wp-content\/uploads\/2025\/01\/Textile-Exchange-ORGANIC_0-18x6.png 18w\" sizes=\"(max-width: 185px) 100vw, 185px\" \/><\/p>\n<p>&nbsp;<\/p>\n<p><strong>GUIDE DES TAILLES<\/strong><\/p>\n<p><img decoding=\"async\" class=\"alignnone size-medium wp-image-34581\" src=\"https:\/\/combi-pro.com\/wp-content\/uploads\/2026\/02\/Capture-decran-2026-02-05-a-12.25.20-300x83.png\" alt=\"\" width=\"300\" height=\"83\" srcset=\"https:\/\/combi-pro.com\/wp-content\/uploads\/2026\/02\/Capture-decran-2026-02-05-a-12.25.20-300x83.png 300w, https:\/\/combi-pro.com\/wp-content\/uploads\/2026\/02\/Capture-decran-2026-02-05-a-12.25.20-18x5.png 18w, https:\/\/combi-pro.com\/wp-content\/uploads\/2026\/02\/Capture-decran-2026-02-05-a-12.25.20-450x124.png 450w, https:\/\/combi-pro.com\/wp-content\/uploads\/2026\/02\/Capture-decran-2026-02-05-a-12.25.20-64x18.png 64w, https:\/\/combi-pro.com\/wp-content\/uploads\/2026\/02\/Capture-decran-2026-02-05-a-12.25.20.png 740w\" sizes=\"(max-width: 300px) 100vw, 300px\" \/><\/p>","protected":false},"featured_media":34580,"template":"","meta":{"site-sidebar-layout":"default","site-content-layout":"","ast-site-content-layout":"default","site-content-style":"default","site-sidebar-style":"default","ast-global-header-display":"","ast-banner-title-visibility":"","ast-main-header-display":"","ast-hfb-above-header-display":"","ast-hfb-below-header-display":"","ast-hfb-mobile-header-display":"","site-post-title":"","ast-breadcrumbs-content":"","ast-featured-img":"","footer-sml-layout":"","ast-disable-related-posts":"","theme-transparent-header-meta":"default","adv-header-id-meta":"","stick-header-meta":"","header-above-stick-meta":"","header-main-stick-meta":"","header-below-stick-meta":"","astra-migrate-meta-layouts":"set","ast-page-background-enabled":"default","ast-page-background-meta":{"desktop":{"background-color":"","background-image":"","background-repeat":"repeat","background-position":"center center","background-size":"auto","background-attachment":"scroll","background-type":"","background-media":"","overlay-type":"","overlay-color":"","overlay-opacity":"","overlay-gradient":""},"tablet":{"background-color":"","background-image":"","background-repeat":"repeat","background-position":"center center","background-size":"auto","background-attachment":"scroll","background-type":"","background-media":"","overlay-type":"","overlay-color":"","overlay-opacity":"","overlay-gradient":""},"mobile":{"background-color":"","background-image":"","background-repeat":"repeat","background-position":"center center","background-size":"auto","background-attachment":"scroll","background-type":"","background-media":"","overlay-type":"","overlay-color":"","overlay-opacity":"","overlay-gradient":""}},"ast-content-background-meta":{"desktop":{"background-color":"var(--ast-global-color-5)","background-image":"","background-repeat":"repeat","background-position":"center center","background-size":"auto","background-attachment":"scroll","background-type":"","background-media":"","overlay-type":"","overlay-color":"","overlay-opacity":"","overlay-gradient":""},"tablet":{"background-color":"var(--ast-global-color-5)","background-image":"","background-repeat":"repeat","background-position":"center center","background-size":"auto","background-attachment":"scroll","background-type":"","background-media":"","overlay-type":"","overlay-color":"","overlay-opacity":"","overlay-gradient":""},"mobile":{"background-color":"var(--ast-global-color-5)","background-image":"","background-repeat":"repeat","background-position":"center center","background-size":"auto","background-attachment":"scroll","background-type":"","background-media":"","overlay-type":"","overlay-color":"","overlay-opacity":"","overlay-gradient":""}}},"product_brand":[444],"product_cat":[340,344,343],"product_tag":[],"class_list":{"0":"post-34567","1":"product","2":"type-product","3":"status-publish","4":"has-post-thumbnail","6":"product_brand-mukua","7":"product_cat-textil-promocional","8":"product_cat-gama-natura","9":"product_cat-sudaderas-textil-promocional","10":"desktop-align-center","11":"tablet-align-left","12":"mobile-align-left","14":"first","15":"outofstock","16":"taxable","17":"shipping-taxable","18":"purchasable","19":"product-type-variable","20":"has-default-attributes"},"_links":{"self":[{"href":"https:\/\/combi-pro.com\/fr\/wp-json\/wp\/v2\/product\/34567","targetHints":{"allow":["GET"]}}],"collection":[{"href":"https:\/\/combi-pro.com\/fr\/wp-json\/wp\/v2\/product"}],"about":[{"href":"https:\/\/combi-pro.com\/fr\/wp-json\/wp\/v2\/types\/product"}],"wp:featuredmedia":[{"embeddable":true,"href":"https:\/\/combi-pro.com\/fr\/wp-json\/wp\/v2\/media\/34580"}],"wp:attachment":[{"href":"https:\/\/combi-pro.com\/fr\/wp-json\/wp\/v2\/media?parent=34567"}],"wp:term":[{"taxonomy":"product_brand","embeddable":true,"href":"https:\/\/combi-pro.com\/fr\/wp-json\/wp\/v2\/product_brand?post=34567"},{"taxonomy":"product_cat","embeddable":true,"href":"https:\/\/combi-pro.com\/fr\/wp-json\/wp\/v2\/product_cat?post=34567"},{"taxonomy":"product_tag","embeddable":true,"href":"https:\/\/combi-pro.com\/fr\/wp-json\/wp\/v2\/product_tag?post=34567"}],"curies":[{"name":"wp","href":"https:\/\/api.w.org\/{rel}","templated":true}]}}