{"id":34717,"date":"2026-02-05T14:44:29","date_gmt":"2026-02-05T13:44:29","guid":{"rendered":"https:\/\/combi-pro.com\/?post_type=product&#038;p=34717"},"modified":"2026-04-13T21:00:07","modified_gmt":"2026-04-13T19:00:07","slug":"camden-lined-lightweight-unisex-jacket-jg170u-mukua","status":"publish","type":"product","link":"https:\/\/combi-pro.com\/fr\/boutique\/camden-lined-lightweight-unisex-jacket-jg170u-mukua\/","title":{"rendered":"Veste l\u00e9g\u00e8re unisexe doubl\u00e9e CAMDEN JG170U | MUKUA"},"content":{"rendered":"<p data-path-to-node=\"3\"><strong>Caract\u00e9ristiques techniques<\/strong><\/p>\n<ul data-path-to-node=\"4\">\n<li>\n<p data-path-to-node=\"4,0,0\">Le tissu ext\u00e9rieur \u201c4-way stretch\u201d permet une extensibilit\u00e9 totale dans les quatre directions.<\/p>\n<\/li>\n<li>\n<p data-path-to-node=\"4,1,0\">Finition d\u00e9perlante pour une protection contre les pluies l\u00e9g\u00e8res.<\/p>\n<\/li>\n<li>\n<p data-path-to-node=\"4,2,0\">Doublure en polaire pour la chaleur et le confort thermique.<\/p>\n<\/li>\n<li>\n<p data-path-to-node=\"4,3,0\">Fermeture centrale avec zip invers\u00e9 ton sur ton, prot\u00e8ge-menton et cordon de serrage.<\/p>\n<\/li>\n<li>\n<p data-path-to-node=\"4,4,0\">Syst\u00e8me de rangement fonctionnel : 2 poches lat\u00e9rales avec fermetures \u00e9clair invisibles et 1 poche int\u00e9rieure avec fermeture velcro.<\/p>\n<\/li>\n<li>\n<p data-path-to-node=\"4,5,0\">Tr\u00e8s grande poche arri\u00e8re cach\u00e9e, con\u00e7ue pour ranger votre propre veste ou transporter des objets en toute s\u00e9curit\u00e9.<\/p>\n<\/li>\n<li>\n<p data-path-to-node=\"4,6,0\">Capuche \u00e0 3 panneaux avec cordon de serrage \u00e9lastique int\u00e9rieur et r\u00e9glage du bouchon pour une fermeture \u00e9tanche.<\/p>\n<\/li>\n<li>\n<p data-path-to-node=\"4,7,0\">Conception ergonomique avec un dos plus long et arrondi pour une meilleure couverture.<\/p>\n<\/li>\n<li>\n<p data-path-to-node=\"4,8,0\">Poign\u00e9e \u00e0 l'int\u00e9rieur du collier pour faciliter la suspension.<\/p>\n<\/li>\n<\/ul>\n<p data-path-to-node=\"5\"><strong>Tissus<\/strong><\/p>\n<ul data-path-to-node=\"6\">\n<li>\n<p data-path-to-node=\"6,0,0\">Ext\u00e9rieur : Dobby 4-way stretch (92% Polyester \/ 8% Spandex).<\/p>\n<\/li>\n<li>\n<p data-path-to-node=\"6,1,0\">Int\u00e9rieur : Polaire 100% Polyester.<\/p>\n<\/li>\n<li>\n<p data-path-to-node=\"6,2,0\">Poids : 165 g\/m\u00b2.<\/p>\n<\/li>\n<\/ul>\n<p data-path-to-node=\"7\"><strong>Gamme<\/strong><\/p>\n<ul data-path-to-node=\"8\">\n<li>\n<p data-path-to-node=\"8,0,0\">Tech \/ Outdoor.<\/p>\n<\/li>\n<\/ul>\n<p data-path-to-node=\"9\"><strong>Certification<\/strong><\/p>\n<ul data-path-to-node=\"10\">\n<li>\n<p data-path-to-node=\"10,0,0\">Con\u00e7u pour une utilisation professionnelle active et des activit\u00e9s de plein air.<\/p>\n<\/li>\n<\/ul>\n<p data-path-to-node=\"11\"><strong>Recommandation d'utilisation<\/strong><\/p>\n<ul data-path-to-node=\"12\">\n<li>\n<p data-path-to-node=\"12,0,0\">Parfait pour les \u00e9quipes de travail en ext\u00e9rieur, les activit\u00e9s sportives, la logistique et les \u00e9v\u00e9nements techniques. Sa capacit\u00e9 de pliage automatique et son tissu d\u00e9perlant en font le choix id\u00e9al pour les conditions variables.<\/p>\n<\/li>\n<\/ul>","protected":false},"excerpt":{"rendered":"<p>Veste unisexe technique haute performance, fabriqu\u00e9e avec un tissu extensible dans les 4 sens et une doublure en polaire, id\u00e9ale pour les activit\u00e9s qui n\u00e9cessitent une libert\u00e9 de mouvement et une protection contre les \u00e9l\u00e9ments.<\/p>","protected":false},"featured_media":34726,"template":"","meta":{"site-sidebar-layout":"default","site-content-layout":"","ast-site-content-layout":"default","site-content-style":"default","site-sidebar-style":"default","ast-global-header-display":"","ast-banner-title-visibility":"","ast-main-header-display":"","ast-hfb-above-header-display":"","ast-hfb-below-header-display":"","ast-hfb-mobile-header-display":"","site-post-title":"","ast-breadcrumbs-content":"","ast-featured-img":"","footer-sml-layout":"","ast-disable-related-posts":"","theme-transparent-header-meta":"default","adv-header-id-meta":"","stick-header-meta":"","header-above-stick-meta":"","header-main-stick-meta":"","header-below-stick-meta":"","astra-migrate-meta-layouts":"set","ast-page-background-enabled":"default","ast-page-background-meta":{"desktop":{"background-color":"","background-image":"","background-repeat":"repeat","background-position":"center center","background-size":"auto","background-attachment":"scroll","background-type":"","background-media":"","overlay-type":"","overlay-color":"","overlay-opacity":"","overlay-gradient":""},"tablet":{"background-color":"","background-image":"","background-repeat":"repeat","background-position":"center center","background-size":"auto","background-attachment":"scroll","background-type":"","background-media":"","overlay-type":"","overlay-color":"","overlay-opacity":"","overlay-gradient":""},"mobile":{"background-color":"","background-image":"","background-repeat":"repeat","background-position":"center center","background-size":"auto","background-attachment":"scroll","background-type":"","background-media":"","overlay-type":"","overlay-color":"","overlay-opacity":"","overlay-gradient":""}},"ast-content-background-meta":{"desktop":{"background-color":"var(--ast-global-color-5)","background-image":"","background-repeat":"repeat","background-position":"center center","background-size":"auto","background-attachment":"scroll","background-type":"","background-media":"","overlay-type":"","overlay-color":"","overlay-opacity":"","overlay-gradient":""},"tablet":{"background-color":"var(--ast-global-color-5)","background-image":"","background-repeat":"repeat","background-position":"center center","background-size":"auto","background-attachment":"scroll","background-type":"","background-media":"","overlay-type":"","overlay-color":"","overlay-opacity":"","overlay-gradient":""},"mobile":{"background-color":"var(--ast-global-color-5)","background-image":"","background-repeat":"repeat","background-position":"center center","background-size":"auto","background-attachment":"scroll","background-type":"","background-media":"","overlay-type":"","overlay-color":"","overlay-opacity":"","overlay-gradient":""}}},"product_brand":[444],"product_cat":[340,345],"product_tag":[],"class_list":{"0":"post-34717","1":"product","2":"type-product","3":"status-publish","4":"has-post-thumbnail","6":"product_brand-mukua","7":"product_cat-textil-promocional","8":"product_cat-outerwear","9":"desktop-align-center","10":"tablet-align-left","11":"mobile-align-left","13":"first","14":"instock","15":"taxable","16":"shipping-taxable","17":"purchasable","18":"product-type-variable"},"_links":{"self":[{"href":"https:\/\/combi-pro.com\/fr\/wp-json\/wp\/v2\/product\/34717","targetHints":{"allow":["GET"]}}],"collection":[{"href":"https:\/\/combi-pro.com\/fr\/wp-json\/wp\/v2\/product"}],"about":[{"href":"https:\/\/combi-pro.com\/fr\/wp-json\/wp\/v2\/types\/product"}],"wp:featuredmedia":[{"embeddable":true,"href":"https:\/\/combi-pro.com\/fr\/wp-json\/wp\/v2\/media\/34726"}],"wp:attachment":[{"href":"https:\/\/combi-pro.com\/fr\/wp-json\/wp\/v2\/media?parent=34717"}],"wp:term":[{"taxonomy":"product_brand","embeddable":true,"href":"https:\/\/combi-pro.com\/fr\/wp-json\/wp\/v2\/product_brand?post=34717"},{"taxonomy":"product_cat","embeddable":true,"href":"https:\/\/combi-pro.com\/fr\/wp-json\/wp\/v2\/product_cat?post=34717"},{"taxonomy":"product_tag","embeddable":true,"href":"https:\/\/combi-pro.com\/fr\/wp-json\/wp\/v2\/product_tag?post=34717"}],"curies":[{"name":"wp","href":"https:\/\/api.w.org\/{rel}","templated":true}]}}