{"id":34764,"date":"2026-02-05T16:53:22","date_gmt":"2026-02-05T15:53:22","guid":{"rendered":"https:\/\/combi-pro.com\/?post_type=product&#038;p=34764"},"modified":"2026-04-13T21:00:19","modified_gmt":"2026-04-13T19:00:19","slug":"micro-fleece-half-zip-unisex-albury-fq165u-mukua","status":"publish","type":"product","link":"https:\/\/combi-pro.com\/fr\/boutique\/micro-fleece-half-zip-unisex-albury-fq165u-mukua\/","title":{"rendered":"ALBURY FQ165U | MUKUA unisex half zip micro fleece"},"content":{"rendered":"<p data-path-to-node=\"3\"><strong>Caract\u00e9ristiques techniques<\/strong><\/p>\n<ul data-path-to-node=\"4\">\n<li>\n<p data-path-to-node=\"4,0,0\">Col haut pour une meilleure protection thermique.<\/p>\n<\/li>\n<li>\n<p data-path-to-node=\"4,1,0\">Tissu micro polaire doux, confortable et tr\u00e8s chaud.<\/p>\n<\/li>\n<li>\n<p data-path-to-node=\"4,2,0\">Traitement anti-boulochage : excellente r\u00e9sistance au boulochage, garantissant la durabilit\u00e9 du tissu.<\/p>\n<\/li>\n<li>\n<p data-path-to-node=\"4,3,0\">Fermeture \u00e0 glissi\u00e8re invers\u00e9e avec cordon de serrage, tirette en plastique et prot\u00e8ge-menton pour plus de confort.<\/p>\n<\/li>\n<li>\n<p data-path-to-node=\"4,4,0\">Coutures renforc\u00e9es avec bande \u00e0 chevrons \u00e0 l'int\u00e9rieur du col.<\/p>\n<\/li>\n<li>\n<p data-path-to-node=\"4,5,0\">Conception ergonomique avec un dos plus long et arrondi pour une meilleure couverture.<\/p>\n<\/li>\n<li>\n<p data-path-to-node=\"4,6,0\">Coupe Regular Fit.<\/p>\n<\/li>\n<\/ul>\n<p data-path-to-node=\"5\"><strong>Tissus<\/strong><\/p>\n<ul data-path-to-node=\"6\">\n<li>\n<p data-path-to-node=\"6,0,0\">Tissu micropolaire.<\/p>\n<\/li>\n<li>\n<p data-path-to-node=\"6,1,0\">100 polyester %.<\/p>\n<\/li>\n<li>\n<p data-path-to-node=\"6,2,0\">Poids : 165 g\/m\u00b2.<\/p>\n<\/li>\n<\/ul>\n<p data-path-to-node=\"7\"><strong>Gamme<\/strong><\/p>\n<ul data-path-to-node=\"8\">\n<li>\n<p data-path-to-node=\"8,0,0\">Essentiels \/ Polaire.<\/p>\n<\/li>\n<\/ul>\n<p data-path-to-node=\"9\"><strong>Certification<\/strong><\/p>\n<ul data-path-to-node=\"10\">\n<li>\n<p data-path-to-node=\"10,0,0\">Con\u00e7u pour une utilisation quotidienne et professionnelle dans des environnements froids.<\/p>\n<\/li>\n<\/ul>\n<p data-path-to-node=\"11\"><strong>Recommandation d'utilisation<\/strong><\/p>\n<ul data-path-to-node=\"12\">\n<li>\n<p data-path-to-node=\"12,0,0\">Id\u00e9al comme seconde couche pour les uniformes de travail, les activit\u00e9s de plein air, le secteur des services et les \u00e9v\u00e9nements promotionnels. Son poids l\u00e9ger et sa capacit\u00e9 thermique le rendent parfait pour les environnements qui exigent une mobilit\u00e9 et un confort constants.<\/p>\n<\/li>\n<\/ul>","protected":false},"excerpt":{"rendered":"<p>Micro polaire unisexe \u00e0 demi zipp\u00e9e en tissu doux et l\u00e9ger, con\u00e7ue pour apporter chaleur et confort thermique avec d'excellentes performances contre l'usure et la d\u00e9chirure.<\/p>\n<p><strong>GUIDE DES TAILLES<\/strong><\/p>\n<p><img decoding=\"async\" class=\"alignnone size-medium wp-image-34777\" src=\"https:\/\/combi-pro.com\/wp-content\/uploads\/2026\/02\/Capture-decran-2026-02-05-a-15.59.46-2-300x91.png\" alt=\"\" width=\"300\" height=\"91\" srcset=\"https:\/\/combi-pro.com\/wp-content\/uploads\/2026\/02\/Capture-decran-2026-02-05-a-15.59.46-2-300x91.png 300w, https:\/\/combi-pro.com\/wp-content\/uploads\/2026\/02\/Capture-decran-2026-02-05-a-15.59.46-2-18x5.png 18w, https:\/\/combi-pro.com\/wp-content\/uploads\/2026\/02\/Capture-decran-2026-02-05-a-15.59.46-2-64x19.png 64w, https:\/\/combi-pro.com\/wp-content\/uploads\/2026\/02\/Capture-decran-2026-02-05-a-15.59.46-2.png 396w\" sizes=\"(max-width: 300px) 100vw, 300px\" \/><\/p>","protected":false},"featured_media":34776,"template":"","meta":{"site-sidebar-layout":"default","site-content-layout":"","ast-site-content-layout":"default","site-content-style":"default","site-sidebar-style":"default","ast-global-header-display":"","ast-banner-title-visibility":"","ast-main-header-display":"","ast-hfb-above-header-display":"","ast-hfb-below-header-display":"","ast-hfb-mobile-header-display":"","site-post-title":"","ast-breadcrumbs-content":"","ast-featured-img":"","footer-sml-layout":"","ast-disable-related-posts":"","theme-transparent-header-meta":"default","adv-header-id-meta":"","stick-header-meta":"","header-above-stick-meta":"","header-main-stick-meta":"","header-below-stick-meta":"","astra-migrate-meta-layouts":"set","ast-page-background-enabled":"default","ast-page-background-meta":{"desktop":{"background-color":"","background-image":"","background-repeat":"repeat","background-position":"center center","background-size":"auto","background-attachment":"scroll","background-type":"","background-media":"","overlay-type":"","overlay-color":"","overlay-opacity":"","overlay-gradient":""},"tablet":{"background-color":"","background-image":"","background-repeat":"repeat","background-position":"center center","background-size":"auto","background-attachment":"scroll","background-type":"","background-media":"","overlay-type":"","overlay-color":"","overlay-opacity":"","overlay-gradient":""},"mobile":{"background-color":"","background-image":"","background-repeat":"repeat","background-position":"center center","background-size":"auto","background-attachment":"scroll","background-type":"","background-media":"","overlay-type":"","overlay-color":"","overlay-opacity":"","overlay-gradient":""}},"ast-content-background-meta":{"desktop":{"background-color":"var(--ast-global-color-5)","background-image":"","background-repeat":"repeat","background-position":"center center","background-size":"auto","background-attachment":"scroll","background-type":"","background-media":"","overlay-type":"","overlay-color":"","overlay-opacity":"","overlay-gradient":""},"tablet":{"background-color":"var(--ast-global-color-5)","background-image":"","background-repeat":"repeat","background-position":"center center","background-size":"auto","background-attachment":"scroll","background-type":"","background-media":"","overlay-type":"","overlay-color":"","overlay-opacity":"","overlay-gradient":""},"mobile":{"background-color":"var(--ast-global-color-5)","background-image":"","background-repeat":"repeat","background-position":"center center","background-size":"auto","background-attachment":"scroll","background-type":"","background-media":"","overlay-type":"","overlay-color":"","overlay-opacity":"","overlay-gradient":""}}},"product_brand":[444],"product_cat":[340,345],"product_tag":[],"class_list":{"0":"post-34764","1":"product","2":"type-product","3":"status-publish","4":"has-post-thumbnail","6":"product_brand-mukua","7":"product_cat-textil-promocional","8":"product_cat-outerwear","9":"desktop-align-center","10":"tablet-align-left","11":"mobile-align-left","13":"first","14":"instock","15":"taxable","16":"shipping-taxable","17":"product-type-variable"},"_links":{"self":[{"href":"https:\/\/combi-pro.com\/fr\/wp-json\/wp\/v2\/product\/34764","targetHints":{"allow":["GET"]}}],"collection":[{"href":"https:\/\/combi-pro.com\/fr\/wp-json\/wp\/v2\/product"}],"about":[{"href":"https:\/\/combi-pro.com\/fr\/wp-json\/wp\/v2\/types\/product"}],"wp:featuredmedia":[{"embeddable":true,"href":"https:\/\/combi-pro.com\/fr\/wp-json\/wp\/v2\/media\/34776"}],"wp:attachment":[{"href":"https:\/\/combi-pro.com\/fr\/wp-json\/wp\/v2\/media?parent=34764"}],"wp:term":[{"taxonomy":"product_brand","embeddable":true,"href":"https:\/\/combi-pro.com\/fr\/wp-json\/wp\/v2\/product_brand?post=34764"},{"taxonomy":"product_cat","embeddable":true,"href":"https:\/\/combi-pro.com\/fr\/wp-json\/wp\/v2\/product_cat?post=34764"},{"taxonomy":"product_tag","embeddable":true,"href":"https:\/\/combi-pro.com\/fr\/wp-json\/wp\/v2\/product_tag?post=34764"}],"curies":[{"name":"wp","href":"https:\/\/api.w.org\/{rel}","templated":true}]}}