{"id":34859,"date":"2026-02-05T17:12:55","date_gmt":"2026-02-05T16:12:55","guid":{"rendered":"https:\/\/combi-pro.com\/?post_type=product&#038;p=34859"},"modified":"2026-04-13T21:00:24","modified_gmt":"2026-04-13T19:00:24","slug":"casquette-trucker-5-panels-hamilton-cm260-mukua","status":"publish","type":"product","link":"https:\/\/combi-pro.com\/fr\/boutique\/casquette-trucker-5-panels-hamilton-cm260-mukua\/","title":{"rendered":"Casquette trucker 5 panneaux HAMILTON CM260 | MUKUA"},"content":{"rendered":"<p data-path-to-node=\"3\"><strong>Caract\u00e9ristiques techniques<\/strong><\/p>\n<ul data-path-to-node=\"4\">\n<li>\n<p data-path-to-node=\"4,0,0\">Conception \u00e0 5 panneaux, id\u00e9ale pour une personnalisation sans faille de la face avant.<\/p>\n<\/li>\n<li>\n<p data-path-to-node=\"4,1,0\">Combinaison de tissus : devant en serg\u00e9 de coton et dos en maille ton sur ton pour une ventilation maximale.<\/p>\n<\/li>\n<li>\n<p data-path-to-node=\"4,2,0\">Fermeture \u00e0 bouton-pression en plastique pour s'adapter \u00e0 toutes les tailles.<\/p>\n<\/li>\n<li>\n<p data-path-to-node=\"4,3,0\">Visi\u00e8re incurv\u00e9e avec coutures d\u00e9coratives renforc\u00e9es.<\/p>\n<\/li>\n<li>\n<p data-path-to-node=\"4,4,0\">Le bouton du haut est doubl\u00e9 dans la m\u00eame couleur que le tissu.<\/p>\n<\/li>\n<li>\n<p data-path-to-node=\"4,5,0\">Bandeau de transpiration interne pour un meilleur confort lors d'une utilisation prolong\u00e9e.<\/p>\n<\/li>\n<li>\n<p data-path-to-node=\"4,6,0\">Une marge de couture int\u00e9rieure ton sur ton pour une finition propre et professionnelle.<\/p>\n<\/li>\n<\/ul>\n<p data-path-to-node=\"5\"><strong>Tissus<\/strong><\/p>\n<ul data-path-to-node=\"6\">\n<li>\n<p data-path-to-node=\"6,0,0\">Serg\u00e9 et maille.<\/p>\n<\/li>\n<li>\n<p data-path-to-node=\"6,1,0\">Devant : Twill 100 % Coton.<\/p>\n<\/li>\n<li>\n<p data-path-to-node=\"6,2,0\">Grille : 100 % Polyester.<\/p>\n<\/li>\n<li>\n<p data-path-to-node=\"6,3,0\">Poids : 180 g\/m\u00b2.<\/p>\n<\/li>\n<\/ul>\n<p data-path-to-node=\"7\"><strong>Gamme<\/strong><\/p>\n<ul data-path-to-node=\"8\">\n<li>\n<p data-path-to-node=\"8,0,0\">Accessoires \/ couvre-chefs.<\/p>\n<\/li>\n<\/ul>\n<p data-path-to-node=\"9\"><strong>Certification<\/strong><\/p>\n<ul data-path-to-node=\"10\">\n<li>\n<p data-path-to-node=\"10,0,0\">Con\u00e7u pour un usage quotidien, des \u00e9v\u00e9nements et la personnalisation.<\/p>\n<\/li>\n<\/ul>\n<p data-path-to-node=\"11\"><strong>Recommandation d'utilisation<\/strong><\/p>\n<ul data-path-to-node=\"12\">\n<li>\n<p data-path-to-node=\"12,0,0\">Particuli\u00e8rement recommand\u00e9 pour le merchandising, les \u00e9v\u00e9nements en plein air, les groupes de jeunes et les uniformes d'\u00e9t\u00e9 d\u00e9contract\u00e9s en raison de son excellente respirabilit\u00e9 et de la facilit\u00e9 de broderie ou d'impression.<\/p>\n<\/li>\n<\/ul>","protected":false},"excerpt":{"rendered":"<p>Une casquette de style camionneur \u00e0 5 panneaux en combinaison de serg\u00e9 et de maille, con\u00e7ue pour offrir fra\u00eecheur et style moderne pour un usage promotionnel et quotidien.<\/p>","protected":false},"featured_media":34868,"template":"","meta":{"site-sidebar-layout":"default","site-content-layout":"","ast-site-content-layout":"default","site-content-style":"default","site-sidebar-style":"default","ast-global-header-display":"","ast-banner-title-visibility":"","ast-main-header-display":"","ast-hfb-above-header-display":"","ast-hfb-below-header-display":"","ast-hfb-mobile-header-display":"","site-post-title":"","ast-breadcrumbs-content":"","ast-featured-img":"","footer-sml-layout":"","ast-disable-related-posts":"","theme-transparent-header-meta":"default","adv-header-id-meta":"","stick-header-meta":"","header-above-stick-meta":"","header-main-stick-meta":"","header-below-stick-meta":"","astra-migrate-meta-layouts":"set","ast-page-background-enabled":"default","ast-page-background-meta":{"desktop":{"background-color":"","background-image":"","background-repeat":"repeat","background-position":"center center","background-size":"auto","background-attachment":"scroll","background-type":"","background-media":"","overlay-type":"","overlay-color":"","overlay-opacity":"","overlay-gradient":""},"tablet":{"background-color":"","background-image":"","background-repeat":"repeat","background-position":"center center","background-size":"auto","background-attachment":"scroll","background-type":"","background-media":"","overlay-type":"","overlay-color":"","overlay-opacity":"","overlay-gradient":""},"mobile":{"background-color":"","background-image":"","background-repeat":"repeat","background-position":"center center","background-size":"auto","background-attachment":"scroll","background-type":"","background-media":"","overlay-type":"","overlay-color":"","overlay-opacity":"","overlay-gradient":""}},"ast-content-background-meta":{"desktop":{"background-color":"var(--ast-global-color-5)","background-image":"","background-repeat":"repeat","background-position":"center center","background-size":"auto","background-attachment":"scroll","background-type":"","background-media":"","overlay-type":"","overlay-color":"","overlay-opacity":"","overlay-gradient":""},"tablet":{"background-color":"var(--ast-global-color-5)","background-image":"","background-repeat":"repeat","background-position":"center center","background-size":"auto","background-attachment":"scroll","background-type":"","background-media":"","overlay-type":"","overlay-color":"","overlay-opacity":"","overlay-gradient":""},"mobile":{"background-color":"var(--ast-global-color-5)","background-image":"","background-repeat":"repeat","background-position":"center center","background-size":"auto","background-attachment":"scroll","background-type":"","background-media":"","overlay-type":"","overlay-color":"","overlay-opacity":"","overlay-gradient":""}}},"product_brand":[444],"product_cat":[340,347],"product_tag":[],"class_list":{"0":"post-34859","1":"product","2":"type-product","3":"status-publish","4":"has-post-thumbnail","6":"product_brand-mukua","7":"product_cat-textil-promocional","8":"product_cat-gorras","9":"desktop-align-center","10":"tablet-align-left","11":"mobile-align-left","13":"first","14":"outofstock","15":"taxable","16":"shipping-taxable","17":"product-type-variable"},"_links":{"self":[{"href":"https:\/\/combi-pro.com\/fr\/wp-json\/wp\/v2\/product\/34859","targetHints":{"allow":["GET"]}}],"collection":[{"href":"https:\/\/combi-pro.com\/fr\/wp-json\/wp\/v2\/product"}],"about":[{"href":"https:\/\/combi-pro.com\/fr\/wp-json\/wp\/v2\/types\/product"}],"wp:featuredmedia":[{"embeddable":true,"href":"https:\/\/combi-pro.com\/fr\/wp-json\/wp\/v2\/media\/34868"}],"wp:attachment":[{"href":"https:\/\/combi-pro.com\/fr\/wp-json\/wp\/v2\/media?parent=34859"}],"wp:term":[{"taxonomy":"product_brand","embeddable":true,"href":"https:\/\/combi-pro.com\/fr\/wp-json\/wp\/v2\/product_brand?post=34859"},{"taxonomy":"product_cat","embeddable":true,"href":"https:\/\/combi-pro.com\/fr\/wp-json\/wp\/v2\/product_cat?post=34859"},{"taxonomy":"product_tag","embeddable":true,"href":"https:\/\/combi-pro.com\/fr\/wp-json\/wp\/v2\/product_tag?post=34859"}],"curies":[{"name":"wp","href":"https:\/\/api.w.org\/{rel}","templated":true}]}}