{"id":34914,"date":"2026-02-17T10:31:51","date_gmt":"2026-02-17T09:31:51","guid":{"rendered":"https:\/\/combi-pro.com\/"},"modified":"2026-04-13T21:00:26","modified_gmt":"2026-04-13T19:00:26","slug":"casquette-trucker-bicolore-5-panneaux-hamilton-bicolore-cm260b-mukua","status":"publish","type":"product","link":"https:\/\/combi-pro.com\/fr\/boutique\/casquette-trucker-bicolore-5-panneaux-hamilton-bicolore-cm260b-mukua\/","title":{"rendered":"Casquette camionneur bicolore 5 panneaux HAMILTON BICOLOR CM260B | MUKUA"},"content":{"rendered":"<p data-path-to-node=\"3\"><strong>Caract\u00e9ristiques techniques<\/strong><\/p>\n<ul data-path-to-node=\"4\">\n<li>\n<p data-path-to-node=\"4,0,0\">Conception \u00e0 5 panneaux, avec panneau frontal uni, id\u00e9al pour la personnalisation.<\/p>\n<\/li>\n<li>\n<p data-path-to-node=\"4,1,0\">Combinaison de serg\u00e9 et de tissu en maille contrast\u00e9e pour un style visuel distinctif.<\/p>\n<\/li>\n<li>\n<p data-path-to-node=\"4,2,0\">Fermoir de r\u00e9glage en plastique pour un ajustement rapide et confortable.<\/p>\n<\/li>\n<li>\n<p data-path-to-node=\"4,3,0\">Visi\u00e8re incurv\u00e9e avec coutures d\u00e9coratives renforc\u00e9es.<\/p>\n<\/li>\n<li>\n<p data-path-to-node=\"4,4,0\">Le bouton du haut est doubl\u00e9 pour s'harmoniser avec le panneau frontal ton sur ton.<\/p>\n<\/li>\n<li>\n<p data-path-to-node=\"4,5,0\">Bandeau de transpiration int\u00e9rieur pour une meilleure respirabilit\u00e9 et un plus grand confort.<\/p>\n<\/li>\n<li>\n<p data-path-to-node=\"4,6,0\">Une marge de couture int\u00e9rieure ton sur ton pour une finition professionnelle.<\/p>\n<\/li>\n<\/ul>\n<p data-path-to-node=\"5\"><strong>Tissus<\/strong><\/p>\n<ul data-path-to-node=\"6\">\n<li>\n<p data-path-to-node=\"6,0,0\">Serg\u00e9 et maille.<\/p>\n<\/li>\n<li>\n<p data-path-to-node=\"6,1,0\">Devant : Twill 100 % Coton.<\/p>\n<\/li>\n<li>\n<p data-path-to-node=\"6,2,0\">Grille : 100 % Polyester.<\/p>\n<\/li>\n<li>\n<p data-path-to-node=\"6,3,0\">Poids : 180 g\/m\u00b2.<\/p>\n<\/li>\n<\/ul>\n<p data-path-to-node=\"7\"><strong>Gamme<\/strong><\/p>\n<ul data-path-to-node=\"8\">\n<li>\n<p data-path-to-node=\"8,0,0\">Accessoires \/ couvre-chefs.<\/p>\n<\/li>\n<\/ul>\n<p data-path-to-node=\"9\"><strong>Certification<\/strong><\/p>\n<ul data-path-to-node=\"10\">\n<li>\n<p data-path-to-node=\"10,0,0\">Con\u00e7us pour un usage quotidien, des \u00e9v\u00e9nements et un merchandising promotionnel.<\/p>\n<\/li>\n<\/ul>\n<p data-path-to-node=\"11\"><strong>Recommandation d'utilisation<\/strong><\/p>\n<ul data-path-to-node=\"12\">\n<li>\n<p data-path-to-node=\"12,0,0\">Id\u00e9al pour la promotion des marques, les \u00e9v\u00e9nements sportifs, l'h\u00f4tellerie d\u00e9contract\u00e9e et le merchandising, il se distingue par son contraste de couleurs qui fait ressortir visuellement les logos.<\/p>\n<\/li>\n<\/ul>","protected":false},"excerpt":{"rendered":"<p>Casquette de style trucker \u00e0 5 panneaux avec un design contrast\u00e9 dynamique, combinant la r\u00e9sistance du serg\u00e9 avec la ventilation du mesh pour un look moderne et fonctionnel.<\/p>","protected":false},"featured_media":34915,"template":"","meta":{"site-sidebar-layout":"default","site-content-layout":"","ast-site-content-layout":"default","site-content-style":"default","site-sidebar-style":"default","ast-global-header-display":"","ast-banner-title-visibility":"","ast-main-header-display":"","ast-hfb-above-header-display":"","ast-hfb-below-header-display":"","ast-hfb-mobile-header-display":"","site-post-title":"","ast-breadcrumbs-content":"","ast-featured-img":"","footer-sml-layout":"","ast-disable-related-posts":"","theme-transparent-header-meta":"default","adv-header-id-meta":"","stick-header-meta":"","header-above-stick-meta":"","header-main-stick-meta":"","header-below-stick-meta":"","astra-migrate-meta-layouts":"set","ast-page-background-enabled":"default","ast-page-background-meta":{"desktop":{"background-color":"","background-image":"","background-repeat":"repeat","background-position":"center center","background-size":"auto","background-attachment":"scroll","background-type":"","background-media":"","overlay-type":"","overlay-color":"","overlay-opacity":"","overlay-gradient":""},"tablet":{"background-color":"","background-image":"","background-repeat":"repeat","background-position":"center center","background-size":"auto","background-attachment":"scroll","background-type":"","background-media":"","overlay-type":"","overlay-color":"","overlay-opacity":"","overlay-gradient":""},"mobile":{"background-color":"","background-image":"","background-repeat":"repeat","background-position":"center center","background-size":"auto","background-attachment":"scroll","background-type":"","background-media":"","overlay-type":"","overlay-color":"","overlay-opacity":"","overlay-gradient":""}},"ast-content-background-meta":{"desktop":{"background-color":"var(--ast-global-color-5)","background-image":"","background-repeat":"repeat","background-position":"center center","background-size":"auto","background-attachment":"scroll","background-type":"","background-media":"","overlay-type":"","overlay-color":"","overlay-opacity":"","overlay-gradient":""},"tablet":{"background-color":"var(--ast-global-color-5)","background-image":"","background-repeat":"repeat","background-position":"center center","background-size":"auto","background-attachment":"scroll","background-type":"","background-media":"","overlay-type":"","overlay-color":"","overlay-opacity":"","overlay-gradient":""},"mobile":{"background-color":"var(--ast-global-color-5)","background-image":"","background-repeat":"repeat","background-position":"center center","background-size":"auto","background-attachment":"scroll","background-type":"","background-media":"","overlay-type":"","overlay-color":"","overlay-opacity":"","overlay-gradient":""}}},"product_brand":[444],"product_cat":[340,347],"product_tag":[],"class_list":{"0":"post-34914","1":"product","2":"type-product","3":"status-publish","4":"has-post-thumbnail","6":"product_brand-mukua","7":"product_cat-textil-promocional","8":"product_cat-gorras","9":"desktop-align-center","10":"tablet-align-left","11":"mobile-align-left","13":"first","14":"outofstock","15":"taxable","16":"shipping-taxable","17":"purchasable","18":"product-type-variable"},"_links":{"self":[{"href":"https:\/\/combi-pro.com\/fr\/wp-json\/wp\/v2\/product\/34914","targetHints":{"allow":["GET"]}}],"collection":[{"href":"https:\/\/combi-pro.com\/fr\/wp-json\/wp\/v2\/product"}],"about":[{"href":"https:\/\/combi-pro.com\/fr\/wp-json\/wp\/v2\/types\/product"}],"wp:featuredmedia":[{"embeddable":true,"href":"https:\/\/combi-pro.com\/fr\/wp-json\/wp\/v2\/media\/34915"}],"wp:attachment":[{"href":"https:\/\/combi-pro.com\/fr\/wp-json\/wp\/v2\/media?parent=34914"}],"wp:term":[{"taxonomy":"product_brand","embeddable":true,"href":"https:\/\/combi-pro.com\/fr\/wp-json\/wp\/v2\/product_brand?post=34914"},{"taxonomy":"product_cat","embeddable":true,"href":"https:\/\/combi-pro.com\/fr\/wp-json\/wp\/v2\/product_cat?post=34914"},{"taxonomy":"product_tag","embeddable":true,"href":"https:\/\/combi-pro.com\/fr\/wp-json\/wp\/v2\/product_tag?post=34914"}],"curies":[{"name":"wp","href":"https:\/\/api.w.org\/{rel}","templated":true}]}}