{"id":34922,"date":"2026-02-17T10:48:25","date_gmt":"2026-02-17T09:48:25","guid":{"rendered":"https:\/\/combi-pro.com\/"},"modified":"2026-04-13T21:00:29","modified_gmt":"2026-04-13T19:00:29","slug":"casquette-aventure-darwin-ca260-mukua","status":"publish","type":"product","link":"https:\/\/combi-pro.com\/fr\/boutique\/casquette-aventure-darwin-ca260-mukua\/","title":{"rendered":"Casquette aventure DARWIN CA260 | MUKUA"},"content":{"rendered":"<p data-path-to-node=\"3\"><strong>Caract\u00e9ristiques techniques<\/strong><\/p>\n<ul data-path-to-node=\"4\">\n<li>\n<p data-path-to-node=\"4,0,0\">Aile large et flexible avec coutures d\u00e9coratives pour la stabilit\u00e9 et la protection.<\/p>\n<\/li>\n<li>\n<p data-path-to-node=\"4,1,0\">Bande de stabilit\u00e9 int\u00e9rieure pour un ajustement confortable et ferme.<\/p>\n<\/li>\n<li>\n<p data-path-to-node=\"4,2,0\">4 trous d'a\u00e9ration en m\u00e9tal pour la respirabilit\u00e9 et la circulation de l'air.<\/p>\n<\/li>\n<li>\n<p data-path-to-node=\"4,3,0\">Cordon de serrage assorti avec stoppeur, permettant de fixer solidement la casquette sous le menton.<\/p>\n<\/li>\n<li>\n<p data-path-to-node=\"4,4,0\">2 boutons-pression en m\u00e9tal sur les c\u00f4t\u00e9s pour attacher les ailes et changer le style du chapeau.<\/p>\n<\/li>\n<li>\n<p data-path-to-node=\"4,5,0\">Tissu serg\u00e9 robuste et durable.<\/p>\n<\/li>\n<\/ul>\n<p data-path-to-node=\"5\"><strong>Tissus<\/strong><\/p>\n<ul data-path-to-node=\"6\">\n<li>\n<p data-path-to-node=\"6,0,0\">Serg\u00e9.<\/p>\n<\/li>\n<li>\n<p data-path-to-node=\"6,1,0\">100 coton %.<\/p>\n<\/li>\n<li>\n<p data-path-to-node=\"6,2,0\">Poids : 280 g\/m\u00b2.<\/p>\n<\/li>\n<\/ul>\n<p data-path-to-node=\"7\"><strong>Gamme<\/strong><\/p>\n<ul data-path-to-node=\"8\">\n<li>\n<p data-path-to-node=\"8,0,0\">Accessoires \/ Aventure.<\/p>\n<\/li>\n<\/ul>\n<p data-path-to-node=\"9\"><strong>Certification<\/strong><\/p>\n<ul data-path-to-node=\"10\">\n<li>\n<p data-path-to-node=\"10,0,0\">Con\u00e7u pour une utilisation professionnelle et r\u00e9cr\u00e9ative en ext\u00e9rieur.<\/p>\n<\/li>\n<\/ul>\n<p data-path-to-node=\"11\"><strong>Recommandation d'utilisation<\/strong><\/p>\n<ul data-path-to-node=\"12\">\n<li>\n<p data-path-to-node=\"12,0,0\">Recommand\u00e9 pour le jardinage, l'agriculture, les activit\u00e9s de loisirs telles que la randonn\u00e9e ou la p\u00eache, et le merchandising pour les \u00e9v\u00e9nements en plein air qui n\u00e9cessitent une protection solaire efficace et un style aventureux.<\/p>\n<\/li>\n<\/ul>","protected":false},"excerpt":{"rendered":"<p>Chapeau \u00e0 large bord de style aventure, fabriqu\u00e9 en serg\u00e9 de coton \u00e9pais, con\u00e7u pour offrir une protection solaire et une durabilit\u00e9 dans les activit\u00e9s de plein air et les environnements de travail expos\u00e9s.<\/p>","protected":false},"featured_media":34929,"template":"","meta":{"site-sidebar-layout":"default","site-content-layout":"","ast-site-content-layout":"default","site-content-style":"default","site-sidebar-style":"default","ast-global-header-display":"","ast-banner-title-visibility":"","ast-main-header-display":"","ast-hfb-above-header-display":"","ast-hfb-below-header-display":"","ast-hfb-mobile-header-display":"","site-post-title":"","ast-breadcrumbs-content":"","ast-featured-img":"","footer-sml-layout":"","ast-disable-related-posts":"","theme-transparent-header-meta":"","adv-header-id-meta":"","stick-header-meta":"","header-above-stick-meta":"","header-main-stick-meta":"","header-below-stick-meta":"","astra-migrate-meta-layouts":"default","ast-page-background-enabled":"default","ast-page-background-meta":{"desktop":{"background-color":"","background-image":"","background-repeat":"repeat","background-position":"center center","background-size":"auto","background-attachment":"scroll","background-type":"","background-media":"","overlay-type":"","overlay-color":"","overlay-opacity":"","overlay-gradient":""},"tablet":{"background-color":"","background-image":"","background-repeat":"repeat","background-position":"center center","background-size":"auto","background-attachment":"scroll","background-type":"","background-media":"","overlay-type":"","overlay-color":"","overlay-opacity":"","overlay-gradient":""},"mobile":{"background-color":"","background-image":"","background-repeat":"repeat","background-position":"center center","background-size":"auto","background-attachment":"scroll","background-type":"","background-media":"","overlay-type":"","overlay-color":"","overlay-opacity":"","overlay-gradient":""}},"ast-content-background-meta":{"desktop":{"background-color":"var(--ast-global-color-5)","background-image":"","background-repeat":"repeat","background-position":"center center","background-size":"auto","background-attachment":"scroll","background-type":"","background-media":"","overlay-type":"","overlay-color":"","overlay-opacity":"","overlay-gradient":""},"tablet":{"background-color":"var(--ast-global-color-5)","background-image":"","background-repeat":"repeat","background-position":"center center","background-size":"auto","background-attachment":"scroll","background-type":"","background-media":"","overlay-type":"","overlay-color":"","overlay-opacity":"","overlay-gradient":""},"mobile":{"background-color":"var(--ast-global-color-5)","background-image":"","background-repeat":"repeat","background-position":"center center","background-size":"auto","background-attachment":"scroll","background-type":"","background-media":"","overlay-type":"","overlay-color":"","overlay-opacity":"","overlay-gradient":""}}},"product_brand":[444],"product_cat":[340,347],"product_tag":[],"class_list":{"0":"post-34922","1":"product","2":"type-product","3":"status-publish","4":"has-post-thumbnail","6":"product_brand-mukua","7":"product_cat-textil-promocional","8":"product_cat-gorras","9":"desktop-align-center","10":"tablet-align-left","11":"mobile-align-left","13":"first","14":"outofstock","15":"taxable","16":"shipping-taxable","17":"product-type-variable"},"_links":{"self":[{"href":"https:\/\/combi-pro.com\/fr\/wp-json\/wp\/v2\/product\/34922","targetHints":{"allow":["GET"]}}],"collection":[{"href":"https:\/\/combi-pro.com\/fr\/wp-json\/wp\/v2\/product"}],"about":[{"href":"https:\/\/combi-pro.com\/fr\/wp-json\/wp\/v2\/types\/product"}],"wp:featuredmedia":[{"embeddable":true,"href":"https:\/\/combi-pro.com\/fr\/wp-json\/wp\/v2\/media\/34929"}],"wp:attachment":[{"href":"https:\/\/combi-pro.com\/fr\/wp-json\/wp\/v2\/media?parent=34922"}],"wp:term":[{"taxonomy":"product_brand","embeddable":true,"href":"https:\/\/combi-pro.com\/fr\/wp-json\/wp\/v2\/product_brand?post=34922"},{"taxonomy":"product_cat","embeddable":true,"href":"https:\/\/combi-pro.com\/fr\/wp-json\/wp\/v2\/product_cat?post=34922"},{"taxonomy":"product_tag","embeddable":true,"href":"https:\/\/combi-pro.com\/fr\/wp-json\/wp\/v2\/product_tag?post=34922"}],"curies":[{"name":"wp","href":"https:\/\/api.w.org\/{rel}","templated":true}]}}