{"id":34939,"date":"2026-02-17T10:59:40","date_gmt":"2026-02-17T09:59:40","guid":{"rendered":"https:\/\/combi-pro.com\/"},"modified":"2026-04-13T21:00:48","modified_gmt":"2026-04-13T19:00:48","slug":"casquette-vintage-6-panneaux-forbes-cv300-mukua","status":"publish","type":"product","link":"https:\/\/combi-pro.com\/fr\/boutique\/casquette-vintage-6-panneaux-forbes-cv300-mukua\/","title":{"rendered":"Casquette vintage 6 panneaux FORBES CV300 | MUKUA"},"content":{"rendered":"<p data-path-to-node=\"3\"><strong>Caract\u00e9ristiques techniques<\/strong><\/p>\n<ul data-path-to-node=\"4\">\n<li>\n<p data-path-to-node=\"4,0,0\">Conception \u00e0 6 panneaux avec renforcement structurel pour une forme d\u00e9finie.<\/p>\n<\/li>\n<li>\n<p data-path-to-node=\"4,1,0\">Fermeture arri\u00e8re en m\u00e9tal, qui ajoute une touche de qualit\u00e9 et de durabilit\u00e9.<\/p>\n<\/li>\n<li>\n<p data-path-to-node=\"4,2,0\">Visi\u00e8re incurv\u00e9e avec coutures d\u00e9coratives renforc\u00e9es.<\/p>\n<\/li>\n<li>\n<p data-path-to-node=\"4,3,0\">6 \u0153illets d'a\u00e9ration brod\u00e9s ton sur ton pour une meilleure respirabilit\u00e9.<\/p>\n<\/li>\n<li>\n<p data-path-to-node=\"4,4,0\">Le bouton du haut est doubl\u00e9 dans la m\u00eame couleur que le tissu.<\/p>\n<\/li>\n<li>\n<p data-path-to-node=\"4,5,0\">Bandeau de transpiration interne pour un confort tout au long de la journ\u00e9e.<\/p>\n<\/li>\n<li>\n<p data-path-to-node=\"4,6,0\">Coutures int\u00e9rieures ton sur ton pour une finition nette et esth\u00e9tique.<\/p>\n<\/li>\n<\/ul>\n<p data-path-to-node=\"5\"><strong>Tissus<\/strong><\/p>\n<ul data-path-to-node=\"6\">\n<li>\n<p data-path-to-node=\"6,0,0\">Serg\u00e9.<\/p>\n<\/li>\n<li>\n<p data-path-to-node=\"6,1,0\">100 coton %.<\/p>\n<\/li>\n<li>\n<p data-path-to-node=\"6,2,0\">Poids : 280 g\/m\u00b2.<\/p>\n<\/li>\n<\/ul>\n<p data-path-to-node=\"7\"><strong>Gamme<\/strong><\/p>\n<ul data-path-to-node=\"8\">\n<li>\n<p data-path-to-node=\"8,0,0\">Accessoires \/ Vintage.<\/p>\n<\/li>\n<\/ul>\n<p data-path-to-node=\"9\"><strong>Certification<\/strong><\/p>\n<ul data-path-to-node=\"10\">\n<li>\n<p data-path-to-node=\"10,0,0\">Con\u00e7u pour une utilisation quotidienne et une personnalisation de haute qualit\u00e9.<\/p>\n<\/li>\n<\/ul>\n<p data-path-to-node=\"11\"><strong>Recommandation d'utilisation<\/strong><\/p>\n<ul data-path-to-node=\"12\">\n<li>\n<p data-path-to-node=\"12,0,0\">Excellent pour les uniformes soucieux de leur image, le merchandising haut de gamme, les clubs sportifs et les \u00e9v\u00e9nements d'entreprise \u00e0 la recherche d'un accessoire avec des mat\u00e9riaux robustes et une fermeture de classe sup\u00e9rieure au plastique standard.<\/p>\n<\/li>\n<\/ul>","protected":false},"excerpt":{"rendered":"<p>Casquette de style vintage avec une structure \u00e0 6 panneaux, fabriqu\u00e9e en serg\u00e9 de coton \u00e9pais, id\u00e9ale pour ceux qui recherchent un accessoire durable avec une finition classique et professionnelle.<\/p>","protected":false},"featured_media":34954,"template":"","meta":{"site-sidebar-layout":"default","site-content-layout":"","ast-site-content-layout":"default","site-content-style":"default","site-sidebar-style":"default","ast-global-header-display":"","ast-banner-title-visibility":"","ast-main-header-display":"","ast-hfb-above-header-display":"","ast-hfb-below-header-display":"","ast-hfb-mobile-header-display":"","site-post-title":"","ast-breadcrumbs-content":"","ast-featured-img":"","footer-sml-layout":"","ast-disable-related-posts":"","theme-transparent-header-meta":"default","adv-header-id-meta":"","stick-header-meta":"","header-above-stick-meta":"","header-main-stick-meta":"","header-below-stick-meta":"","astra-migrate-meta-layouts":"set","ast-page-background-enabled":"default","ast-page-background-meta":{"desktop":{"background-color":"","background-image":"","background-repeat":"repeat","background-position":"center center","background-size":"auto","background-attachment":"scroll","background-type":"","background-media":"","overlay-type":"","overlay-color":"","overlay-opacity":"","overlay-gradient":""},"tablet":{"background-color":"","background-image":"","background-repeat":"repeat","background-position":"center center","background-size":"auto","background-attachment":"scroll","background-type":"","background-media":"","overlay-type":"","overlay-color":"","overlay-opacity":"","overlay-gradient":""},"mobile":{"background-color":"","background-image":"","background-repeat":"repeat","background-position":"center center","background-size":"auto","background-attachment":"scroll","background-type":"","background-media":"","overlay-type":"","overlay-color":"","overlay-opacity":"","overlay-gradient":""}},"ast-content-background-meta":{"desktop":{"background-color":"var(--ast-global-color-5)","background-image":"","background-repeat":"repeat","background-position":"center center","background-size":"auto","background-attachment":"scroll","background-type":"","background-media":"","overlay-type":"","overlay-color":"","overlay-opacity":"","overlay-gradient":""},"tablet":{"background-color":"var(--ast-global-color-5)","background-image":"","background-repeat":"repeat","background-position":"center center","background-size":"auto","background-attachment":"scroll","background-type":"","background-media":"","overlay-type":"","overlay-color":"","overlay-opacity":"","overlay-gradient":""},"mobile":{"background-color":"var(--ast-global-color-5)","background-image":"","background-repeat":"repeat","background-position":"center center","background-size":"auto","background-attachment":"scroll","background-type":"","background-media":"","overlay-type":"","overlay-color":"","overlay-opacity":"","overlay-gradient":""}}},"product_brand":[444],"product_cat":[340,347],"product_tag":[],"class_list":{"0":"post-34939","1":"product","2":"type-product","3":"status-publish","4":"has-post-thumbnail","6":"product_brand-mukua","7":"product_cat-textil-promocional","8":"product_cat-gorras","9":"desktop-align-center","10":"tablet-align-left","11":"mobile-align-left","13":"first","14":"outofstock","15":"taxable","16":"shipping-taxable","17":"product-type-variable"},"_links":{"self":[{"href":"https:\/\/combi-pro.com\/fr\/wp-json\/wp\/v2\/product\/34939","targetHints":{"allow":["GET"]}}],"collection":[{"href":"https:\/\/combi-pro.com\/fr\/wp-json\/wp\/v2\/product"}],"about":[{"href":"https:\/\/combi-pro.com\/fr\/wp-json\/wp\/v2\/types\/product"}],"wp:featuredmedia":[{"embeddable":true,"href":"https:\/\/combi-pro.com\/fr\/wp-json\/wp\/v2\/media\/34954"}],"wp:attachment":[{"href":"https:\/\/combi-pro.com\/fr\/wp-json\/wp\/v2\/media?parent=34939"}],"wp:term":[{"taxonomy":"product_brand","embeddable":true,"href":"https:\/\/combi-pro.com\/fr\/wp-json\/wp\/v2\/product_brand?post=34939"},{"taxonomy":"product_cat","embeddable":true,"href":"https:\/\/combi-pro.com\/fr\/wp-json\/wp\/v2\/product_cat?post=34939"},{"taxonomy":"product_tag","embeddable":true,"href":"https:\/\/combi-pro.com\/fr\/wp-json\/wp\/v2\/product_tag?post=34939"}],"curies":[{"name":"wp","href":"https:\/\/api.w.org\/{rel}","templated":true}]}}