{"id":35013,"date":"2026-02-17T12:18:09","date_gmt":"2026-02-17T11:18:09","guid":{"rendered":"https:\/\/combi-pro.com\/"},"modified":"2026-04-13T21:00:44","modified_gmt":"2026-04-13T19:00:44","slug":"lox-kids-lox-kids-bas-de-survetement-sbs270k-mukua","status":"publish","type":"product","link":"https:\/\/combi-pro.com\/fr\/boutique\/lox-kids-lox-kids-bas-de-survetement-sbs270k-mukua\/","title":{"rendered":"Bas de surv\u00eatement LOX KIDS SBS270K | MUKUA"},"content":{"rendered":"<p data-path-to-node=\"3\"><strong>Caract\u00e9ristiques techniques<\/strong><\/p>\n<ul data-path-to-node=\"4\">\n<li>\n<p data-path-to-node=\"4,0,0\">Tissu polaire doux, confortable et chaud.<\/p>\n<\/li>\n<li>\n<p data-path-to-node=\"4,1,0\">Ceinture c\u00f4tel\u00e9e 2\u00d71 avec \u00e9lasthanne pour un maintien ferme et durable.<\/p>\n<\/li>\n<li>\n<p data-path-to-node=\"4,2,0\">Cordons plats r\u00e9glables ton sur ton, situ\u00e9s \u00e0 l'int\u00e9rieur de la ceinture pour plus de confort et de s\u00e9curit\u00e9.<\/p>\n<\/li>\n<li>\n<p data-path-to-node=\"4,3,0\">Fonctionnalit\u00e9 garantie avec 2 poches lat\u00e9rales et 1 poche arri\u00e8re.<\/p>\n<\/li>\n<li>\n<p data-path-to-node=\"4,4,0\">Finitions de qualit\u00e9 avec des passepoils aux ouvertures et des coutures renforc\u00e9es aux points critiques.<\/p>\n<\/li>\n<li>\n<p data-path-to-node=\"4,5,0\">Version enfant du mod\u00e8le unisexe : LOX.<\/p>\n<\/li>\n<\/ul>\n<p data-path-to-node=\"5\"><strong>Tissus<\/strong><\/p>\n<ul data-path-to-node=\"6\">\n<li>\n<p data-path-to-node=\"6,0,0\">Polaire percale.<\/p>\n<\/li>\n<li>\n<p data-path-to-node=\"6,1,0\">60 % coton \/ 40 % polyester.<\/p>\n<\/li>\n<li>\n<p data-path-to-node=\"6,2,0\">*Gris chin\u00e9 : 60 % coton \/ 30 % polyester \/ 10 % viscose.<\/p>\n<\/li>\n<li>\n<p data-path-to-node=\"6,3,0\">Poids : 270 g\/m\u00b2.<\/p>\n<\/li>\n<\/ul>\n<p data-path-to-node=\"7\"><strong>Gamme<\/strong><\/p>\n<ul data-path-to-node=\"8\">\n<li>\n<p data-path-to-node=\"8,0,0\">Kids \/ Essentials.<\/p>\n<\/li>\n<\/ul>\n<p data-path-to-node=\"9\"><strong>Certification<\/strong><\/p>\n<ul data-path-to-node=\"10\">\n<li>\n<p data-path-to-node=\"10,0,0\">Con\u00e7u pour une utilisation intensive \u00e0 l'\u00e9cole, au sport et au quotidien.<\/p>\n<\/li>\n<\/ul>\n<p data-path-to-node=\"11\"><strong>Recommandation d'utilisation<\/strong><\/p>\n<ul data-path-to-node=\"12\">\n<li>\n<p data-path-to-node=\"12,0,0\">Excellent pour les uniformes d'\u00e9t\u00e9 dans les \u00e9coles, les clubs sportifs pour enfants, les camps et le merchandising, offrant un v\u00eatement robuste qui r\u00e9siste \u00e0 l'utilisation intensive par les enfants.<\/p>\n<\/li>\n<\/ul>","protected":false},"excerpt":{"rendered":"<p>Bas de surv\u00eatement pour enfants en polaire matelass\u00e9e, con\u00e7u pour offrir une combinaison id\u00e9ale de douceur, de chaleur et de durabilit\u00e9 pour les activit\u00e9s sportives ou de loisirs.<\/p>","protected":false},"featured_media":35023,"template":"","meta":{"site-sidebar-layout":"default","site-content-layout":"","ast-site-content-layout":"default","site-content-style":"default","site-sidebar-style":"default","ast-global-header-display":"","ast-banner-title-visibility":"","ast-main-header-display":"","ast-hfb-above-header-display":"","ast-hfb-below-header-display":"","ast-hfb-mobile-header-display":"","site-post-title":"","ast-breadcrumbs-content":"","ast-featured-img":"","footer-sml-layout":"","ast-disable-related-posts":"","theme-transparent-header-meta":"default","adv-header-id-meta":"","stick-header-meta":"","header-above-stick-meta":"","header-main-stick-meta":"","header-below-stick-meta":"","astra-migrate-meta-layouts":"set","ast-page-background-enabled":"default","ast-page-background-meta":{"desktop":{"background-color":"","background-image":"","background-repeat":"repeat","background-position":"center center","background-size":"auto","background-attachment":"scroll","background-type":"","background-media":"","overlay-type":"","overlay-color":"","overlay-opacity":"","overlay-gradient":""},"tablet":{"background-color":"","background-image":"","background-repeat":"repeat","background-position":"center center","background-size":"auto","background-attachment":"scroll","background-type":"","background-media":"","overlay-type":"","overlay-color":"","overlay-opacity":"","overlay-gradient":""},"mobile":{"background-color":"","background-image":"","background-repeat":"repeat","background-position":"center center","background-size":"auto","background-attachment":"scroll","background-type":"","background-media":"","overlay-type":"","overlay-color":"","overlay-opacity":"","overlay-gradient":""}},"ast-content-background-meta":{"desktop":{"background-color":"var(--ast-global-color-5)","background-image":"","background-repeat":"repeat","background-position":"center center","background-size":"auto","background-attachment":"scroll","background-type":"","background-media":"","overlay-type":"","overlay-color":"","overlay-opacity":"","overlay-gradient":""},"tablet":{"background-color":"var(--ast-global-color-5)","background-image":"","background-repeat":"repeat","background-position":"center center","background-size":"auto","background-attachment":"scroll","background-type":"","background-media":"","overlay-type":"","overlay-color":"","overlay-opacity":"","overlay-gradient":""},"mobile":{"background-color":"var(--ast-global-color-5)","background-image":"","background-repeat":"repeat","background-position":"center center","background-size":"auto","background-attachment":"scroll","background-type":"","background-media":"","overlay-type":"","overlay-color":"","overlay-opacity":"","overlay-gradient":""}}},"product_brand":[444],"product_cat":[340,344],"product_tag":[],"class_list":{"0":"post-35013","1":"product","2":"type-product","3":"status-publish","4":"has-post-thumbnail","6":"product_brand-mukua","7":"product_cat-textil-promocional","8":"product_cat-gama-natura","9":"desktop-align-center","10":"tablet-align-left","11":"mobile-align-left","13":"first","14":"outofstock","15":"taxable","16":"shipping-taxable","17":"purchasable","18":"product-type-variable"},"_links":{"self":[{"href":"https:\/\/combi-pro.com\/fr\/wp-json\/wp\/v2\/product\/35013","targetHints":{"allow":["GET"]}}],"collection":[{"href":"https:\/\/combi-pro.com\/fr\/wp-json\/wp\/v2\/product"}],"about":[{"href":"https:\/\/combi-pro.com\/fr\/wp-json\/wp\/v2\/types\/product"}],"wp:featuredmedia":[{"embeddable":true,"href":"https:\/\/combi-pro.com\/fr\/wp-json\/wp\/v2\/media\/35023"}],"wp:attachment":[{"href":"https:\/\/combi-pro.com\/fr\/wp-json\/wp\/v2\/media?parent=35013"}],"wp:term":[{"taxonomy":"product_brand","embeddable":true,"href":"https:\/\/combi-pro.com\/fr\/wp-json\/wp\/v2\/product_brand?post=35013"},{"taxonomy":"product_cat","embeddable":true,"href":"https:\/\/combi-pro.com\/fr\/wp-json\/wp\/v2\/product_cat?post=35013"},{"taxonomy":"product_tag","embeddable":true,"href":"https:\/\/combi-pro.com\/fr\/wp-json\/wp\/v2\/product_tag?post=35013"}],"curies":[{"name":"wp","href":"https:\/\/api.w.org\/{rel}","templated":true}]}}