{"id":35855,"date":"2026-03-31T16:10:53","date_gmt":"2026-03-31T14:10:53","guid":{"rendered":"https:\/\/combi-pro.com\/"},"modified":"2026-04-10T12:11:18","modified_gmt":"2026-04-10T10:11:18","slug":"chino-stretch-homme-403004s-mukua","status":"publish","type":"product","link":"https:\/\/combi-pro.com\/fr\/boutique\/chino-stretch-homme-403004s-mukua\/","title":{"rendered":"Chino stretch homme 403004S | MUKUA"},"content":{"rendered":"<h3 data-path-to-node=\"3\">Caract\u00e9ristiques techniques<\/h3>\n<ul data-path-to-node=\"4\">\n<li>\n<p data-path-to-node=\"4,0,0\">Fermeture centrale \u00e0 glissi\u00e8re et bouton pour une coupe classique.<\/p>\n<\/li>\n<li>\n<p data-path-to-node=\"4,1,0\">Ceinture lat\u00e9rale \u00e9lastiqu\u00e9e pour une meilleure adaptabilit\u00e9 et un plus grand confort pendant la journ\u00e9e de travail.<\/p>\n<\/li>\n<li>\n<p data-path-to-node=\"4,2,0\">Double couture de s\u00e9curit\u00e9 pour garantir la solidit\u00e9 et la durabilit\u00e9 du v\u00eatement.<\/p>\n<\/li>\n<li>\n<p data-path-to-node=\"4,3,0\">Les pinces arri\u00e8re am\u00e9liorent la coupe et le drap\u00e9 du pantalon.<\/p>\n<\/li>\n<li>\n<p data-path-to-node=\"4,4,0\">Configuration \u00e0 quatre poches :<\/p>\n<ul data-path-to-node=\"4,4,1\">\n<li>\n<p data-path-to-node=\"4,4,1,0,0\">2 poches lat\u00e9rales avec coupe italienne.<\/p>\n<\/li>\n<li>\n<p data-path-to-node=\"4,4,1,1,0\">2 poches passepoil\u00e9es au dos avec fermeture \u00e0 bouton.<\/p>\n<\/li>\n<\/ul>\n<\/li>\n<li>\n<p data-path-to-node=\"4,5,0\">Tissu extensible au toucher agr\u00e9able.<\/p>\n<\/li>\n<\/ul>\n<h3 data-path-to-node=\"5\">Tissus<\/h3>\n<ul data-path-to-node=\"6\">\n<li>\n<p data-path-to-node=\"6,0,0\">\u00c9tirer.<\/p>\n<\/li>\n<li>\n<p data-path-to-node=\"6,1,0\">97 % coton \/ 3 % \u00e9lasthanne.<\/p>\n<\/li>\n<li>\n<p data-path-to-node=\"6,2,0\">Poids : 270 g\/m\u00b2.<\/p>\n<\/li>\n<\/ul>\n<h3 data-path-to-node=\"7\">Gamme<\/h3>\n<ul data-path-to-node=\"8\">\n<li>\n<p data-path-to-node=\"8,0,0\">SALLE \/ Hospitalit\u00e9.<\/p>\n<\/li>\n<\/ul>\n<h3 data-path-to-node=\"9\">Certification<\/h3>\n<ul data-path-to-node=\"10\">\n<li>\n<p data-path-to-node=\"10,0,0\">Con\u00e7u pour une utilisation professionnelle exigeante dans le secteur des services.<\/p>\n<\/li>\n<\/ul>\n<h3 data-path-to-node=\"11\">Recommandation d'utilisation<\/h3>\n<ul data-path-to-node=\"12\">\n<li>\n<p data-path-to-node=\"12,0,0\">Id\u00e9al pour les uniformes de l'h\u00f4tellerie, de la r\u00e9ception, de la vente au d\u00e9tail et des \u00e9v\u00e9nements d'entreprise. Son tissu extensible et sa taille \u00e9lastiqu\u00e9e en font un v\u00eatement id\u00e9al pour les professionnels \u00e0 la recherche d'un look \u00e9l\u00e9gant et d'un confort de mouvement maximal.<\/p>\n<\/li>\n<\/ul>\n<p><img decoding=\"async\" class=\"alignnone wp-image-15239\" src=\"https:\/\/combi-pro.com\/wp-content\/uploads\/2025\/04\/icon-stretch-cotton.png\" alt=\"\" width=\"100\" height=\"54\" srcset=\"https:\/\/combi-pro.com\/wp-content\/uploads\/2025\/04\/icon-stretch-cotton.png 228w, https:\/\/combi-pro.com\/wp-content\/uploads\/2025\/04\/icon-stretch-cotton-64x34.png 64w, https:\/\/combi-pro.com\/wp-content\/uploads\/2025\/04\/icon-stretch-cotton-18x10.png 18w\" sizes=\"(max-width: 100px) 100vw, 100px\" \/><\/p>","protected":false},"excerpt":{"rendered":"<p>Pantalon chino pour homme en tissu extensible, con\u00e7u pour offrir une image professionnelle impeccable sans sacrifier la libert\u00e9 de mouvement gr\u00e2ce \u00e0 son \u00e9lasticit\u00e9.<\/p>","protected":false},"featured_media":35860,"template":"","meta":{"site-sidebar-layout":"default","site-content-layout":"","ast-site-content-layout":"default","site-content-style":"default","site-sidebar-style":"default","ast-global-header-display":"","ast-banner-title-visibility":"","ast-main-header-display":"","ast-hfb-above-header-display":"","ast-hfb-below-header-display":"","ast-hfb-mobile-header-display":"","site-post-title":"","ast-breadcrumbs-content":"","ast-featured-img":"","footer-sml-layout":"","ast-disable-related-posts":"","theme-transparent-header-meta":"default","adv-header-id-meta":"","stick-header-meta":"","header-above-stick-meta":"","header-main-stick-meta":"","header-below-stick-meta":"","astra-migrate-meta-layouts":"set","ast-page-background-enabled":"default","ast-page-background-meta":{"desktop":{"background-color":"","background-image":"","background-repeat":"repeat","background-position":"center center","background-size":"auto","background-attachment":"scroll","background-type":"","background-media":"","overlay-type":"","overlay-color":"","overlay-opacity":"","overlay-gradient":""},"tablet":{"background-color":"","background-image":"","background-repeat":"repeat","background-position":"center center","background-size":"auto","background-attachment":"scroll","background-type":"","background-media":"","overlay-type":"","overlay-color":"","overlay-opacity":"","overlay-gradient":""},"mobile":{"background-color":"","background-image":"","background-repeat":"repeat","background-position":"center center","background-size":"auto","background-attachment":"scroll","background-type":"","background-media":"","overlay-type":"","overlay-color":"","overlay-opacity":"","overlay-gradient":""}},"ast-content-background-meta":{"desktop":{"background-color":"var(--ast-global-color-5)","background-image":"","background-repeat":"repeat","background-position":"center center","background-size":"auto","background-attachment":"scroll","background-type":"","background-media":"","overlay-type":"","overlay-color":"","overlay-opacity":"","overlay-gradient":""},"tablet":{"background-color":"var(--ast-global-color-5)","background-image":"","background-repeat":"repeat","background-position":"center center","background-size":"auto","background-attachment":"scroll","background-type":"","background-media":"","overlay-type":"","overlay-color":"","overlay-opacity":"","overlay-gradient":""},"mobile":{"background-color":"var(--ast-global-color-5)","background-image":"","background-repeat":"repeat","background-position":"center center","background-size":"auto","background-attachment":"scroll","background-type":"","background-media":"","overlay-type":"","overlay-color":"","overlay-opacity":"","overlay-gradient":""}}},"product_brand":[442],"product_cat":[112,72],"product_tag":[],"class_list":{"0":"post-35855","1":"product","2":"type-product","3":"status-publish","4":"has-post-thumbnail","6":"product_brand-velilla","7":"product_cat-pantalones-hosteleria","8":"product_cat-hosteleria","9":"desktop-align-center","10":"tablet-align-left","11":"mobile-align-left","13":"first","14":"instock","15":"taxable","16":"shipping-taxable","17":"purchasable","18":"product-type-variable"},"_links":{"self":[{"href":"https:\/\/combi-pro.com\/fr\/wp-json\/wp\/v2\/product\/35855","targetHints":{"allow":["GET"]}}],"collection":[{"href":"https:\/\/combi-pro.com\/fr\/wp-json\/wp\/v2\/product"}],"about":[{"href":"https:\/\/combi-pro.com\/fr\/wp-json\/wp\/v2\/types\/product"}],"wp:featuredmedia":[{"embeddable":true,"href":"https:\/\/combi-pro.com\/fr\/wp-json\/wp\/v2\/media\/35860"}],"wp:attachment":[{"href":"https:\/\/combi-pro.com\/fr\/wp-json\/wp\/v2\/media?parent=35855"}],"wp:term":[{"taxonomy":"product_brand","embeddable":true,"href":"https:\/\/combi-pro.com\/fr\/wp-json\/wp\/v2\/product_brand?post=35855"},{"taxonomy":"product_cat","embeddable":true,"href":"https:\/\/combi-pro.com\/fr\/wp-json\/wp\/v2\/product_cat?post=35855"},{"taxonomy":"product_tag","embeddable":true,"href":"https:\/\/combi-pro.com\/fr\/wp-json\/wp\/v2\/product_tag?post=35855"}],"curies":[{"name":"wp","href":"https:\/\/api.w.org\/{rel}","templated":true}]}}