{"id":35987,"date":"2026-03-31T16:09:41","date_gmt":"2026-03-31T14:09:41","guid":{"rendered":"https:\/\/combi-pro.com\/"},"modified":"2026-04-13T21:01:42","modified_gmt":"2026-04-13T19:01:42","slug":"veste-de-cuisine-a-manches-longues-405224-mukua","status":"publish","type":"product","link":"https:\/\/combi-pro.com\/fr\/boutique\/veste-de-cuisine-a-manches-longues-405224-mukua\/","title":{"rendered":"Veste de cuisine \u00e0 manches longues 405224 | MUKUA"},"content":{"rendered":"<h3 data-path-to-node=\"3\">Caract\u00e9ristiques techniques<\/h3>\n<ul data-path-to-node=\"4\">\n<li>\n<p data-path-to-node=\"4,0,0\">Fermeture centrale \u00e0 double boutonnage, offrant \u00e9l\u00e9gance et fonctionnalit\u00e9.<\/p>\n<\/li>\n<li>\n<p data-path-to-node=\"4,1,0\">Manches longues taill\u00e9es et poignets fendus pour une coupe impeccable.<\/p>\n<\/li>\n<li>\n<p data-path-to-node=\"4,2,0\">Collier professionnel \u00e0 la coupe nette.<\/p>\n<\/li>\n<li>\n<p data-path-to-node=\"4,3,0\">Tissu doux au toucher qui permet une utilisation prolong\u00e9e tout au long de la journ\u00e9e.<\/p>\n<\/li>\n<li>\n<p data-path-to-node=\"4,4,0\">Fentes lat\u00e9rales pour une plus grande libert\u00e9 de mouvement.<\/p>\n<\/li>\n<li>\n<p data-path-to-node=\"4,5,0\">Configuration de deux poches fonctionnelles :<\/p>\n<ul data-path-to-node=\"4,5,1\">\n<li>\n<p data-path-to-node=\"4,5,1,0,0\">1 poche plaqu\u00e9e sur la poitrine.<\/p>\n<\/li>\n<li>\n<p data-path-to-node=\"4,5,1,1,0\">1 poche sur la manche gauche avec un compartiment pour les stylos ou les ustensiles.<\/p>\n<\/li>\n<\/ul>\n<\/li>\n<\/ul>\n<h3 data-path-to-node=\"5\">Tissus<\/h3>\n<ul data-path-to-node=\"6\">\n<li>\n<p data-path-to-node=\"6,0,0\">Serg\u00e9.<\/p>\n<\/li>\n<li>\n<p data-path-to-node=\"6,1,0\">65 % polyester \/ 35 % coton.<\/p>\n<\/li>\n<li>\n<p data-path-to-node=\"6,2,0\">Poids : 190 g\/m\u00b2.<\/p>\n<\/li>\n<\/ul>\n<h3 data-path-to-node=\"7\">Gamme<\/h3>\n<ul data-path-to-node=\"8\">\n<li>\n<p data-path-to-node=\"8,0,0\">Restauration \/ Cuisine.<\/p>\n<\/li>\n<\/ul>\n<h3 data-path-to-node=\"9\">Certification<\/h3>\n<ul data-path-to-node=\"10\">\n<li>\n<p data-path-to-node=\"10,0,0\">Con\u00e7u pour un usage professionnel intensif dans le secteur de la restauration et de l'h\u00f4tellerie.<\/p>\n<\/li>\n<\/ul>\n<h3 data-path-to-node=\"11\">Recommandation d'utilisation<\/h3>\n<ul data-path-to-node=\"12\">\n<li>\n<p data-path-to-node=\"12,0,0\">Particuli\u00e8rement recommand\u00e9 pour les chefs et les cuisiniers \u00e0 la recherche d'un v\u00eatement \u00e0 la coupe ajust\u00e9e, r\u00e9sistant aux lavages fr\u00e9quents et conservant un aspect soign\u00e9 \u00e0 tout moment.<\/p>\n<\/li>\n<\/ul>\n<p><img decoding=\"async\" class=\"alignnone size-full wp-image-35963\" src=\"https:\/\/combi-pro.com\/wp-content\/uploads\/2026\/03\/LAVABLE-60o_0.webp\" alt=\"\" width=\"153\" height=\"100\" srcset=\"https:\/\/combi-pro.com\/wp-content\/uploads\/2026\/03\/LAVABLE-60o_0.webp 153w, https:\/\/combi-pro.com\/wp-content\/uploads\/2026\/03\/LAVABLE-60o_0-18x12.webp 18w, https:\/\/combi-pro.com\/wp-content\/uploads\/2026\/03\/LAVABLE-60o_0-64x42.webp 64w\" sizes=\"(max-width: 153px) 100vw, 153px\" \/><\/p>","protected":false},"excerpt":{"rendered":"<p>Veste de cuisine \u00e0 manches longues con\u00e7ue pour offrir une image classique et professionnelle dans le milieu de la gastronomie, r\u00e9alis\u00e9e en tissu <i data-path-to-node=\"2\" data-index-in-node=\"142\">Toucher doux<\/i> pour un confort et une durabilit\u00e9 sup\u00e9rieurs.<\/p>","protected":false},"featured_media":35992,"template":"","meta":{"site-sidebar-layout":"default","site-content-layout":"","ast-site-content-layout":"default","site-content-style":"default","site-sidebar-style":"default","ast-global-header-display":"","ast-banner-title-visibility":"","ast-main-header-display":"","ast-hfb-above-header-display":"","ast-hfb-below-header-display":"","ast-hfb-mobile-header-display":"","site-post-title":"","ast-breadcrumbs-content":"","ast-featured-img":"","footer-sml-layout":"","ast-disable-related-posts":"","theme-transparent-header-meta":"default","adv-header-id-meta":"","stick-header-meta":"","header-above-stick-meta":"","header-main-stick-meta":"","header-below-stick-meta":"","astra-migrate-meta-layouts":"set","ast-page-background-enabled":"default","ast-page-background-meta":{"desktop":{"background-color":"","background-image":"","background-repeat":"repeat","background-position":"center center","background-size":"auto","background-attachment":"scroll","background-type":"","background-media":"","overlay-type":"","overlay-color":"","overlay-opacity":"","overlay-gradient":""},"tablet":{"background-color":"","background-image":"","background-repeat":"repeat","background-position":"center center","background-size":"auto","background-attachment":"scroll","background-type":"","background-media":"","overlay-type":"","overlay-color":"","overlay-opacity":"","overlay-gradient":""},"mobile":{"background-color":"","background-image":"","background-repeat":"repeat","background-position":"center center","background-size":"auto","background-attachment":"scroll","background-type":"","background-media":"","overlay-type":"","overlay-color":"","overlay-opacity":"","overlay-gradient":""}},"ast-content-background-meta":{"desktop":{"background-color":"var(--ast-global-color-5)","background-image":"","background-repeat":"repeat","background-position":"center center","background-size":"auto","background-attachment":"scroll","background-type":"","background-media":"","overlay-type":"","overlay-color":"","overlay-opacity":"","overlay-gradient":""},"tablet":{"background-color":"var(--ast-global-color-5)","background-image":"","background-repeat":"repeat","background-position":"center center","background-size":"auto","background-attachment":"scroll","background-type":"","background-media":"","overlay-type":"","overlay-color":"","overlay-opacity":"","overlay-gradient":""},"mobile":{"background-color":"var(--ast-global-color-5)","background-image":"","background-repeat":"repeat","background-position":"center center","background-size":"auto","background-attachment":"scroll","background-type":"","background-media":"","overlay-type":"","overlay-color":"","overlay-opacity":"","overlay-gradient":""}}},"product_brand":[442],"product_cat":[50,116,72],"product_tag":[],"class_list":{"0":"post-35987","1":"product","2":"type-product","3":"status-publish","4":"has-post-thumbnail","6":"product_brand-velilla","7":"product_cat-ropa-profesional","8":"product_cat-chaquetas-hosteleria","9":"product_cat-hosteleria","10":"desktop-align-center","11":"tablet-align-left","12":"mobile-align-left","14":"first","15":"outofstock","16":"taxable","17":"shipping-taxable","18":"purchasable","19":"product-type-variable"},"_links":{"self":[{"href":"https:\/\/combi-pro.com\/fr\/wp-json\/wp\/v2\/product\/35987","targetHints":{"allow":["GET"]}}],"collection":[{"href":"https:\/\/combi-pro.com\/fr\/wp-json\/wp\/v2\/product"}],"about":[{"href":"https:\/\/combi-pro.com\/fr\/wp-json\/wp\/v2\/types\/product"}],"wp:featuredmedia":[{"embeddable":true,"href":"https:\/\/combi-pro.com\/fr\/wp-json\/wp\/v2\/media\/35992"}],"wp:attachment":[{"href":"https:\/\/combi-pro.com\/fr\/wp-json\/wp\/v2\/media?parent=35987"}],"wp:term":[{"taxonomy":"product_brand","embeddable":true,"href":"https:\/\/combi-pro.com\/fr\/wp-json\/wp\/v2\/product_brand?post=35987"},{"taxonomy":"product_cat","embeddable":true,"href":"https:\/\/combi-pro.com\/fr\/wp-json\/wp\/v2\/product_cat?post=35987"},{"taxonomy":"product_tag","embeddable":true,"href":"https:\/\/combi-pro.com\/fr\/wp-json\/wp\/v2\/product_tag?post=35987"}],"curies":[{"name":"wp","href":"https:\/\/api.w.org\/{rel}","templated":true}]}}