{"id":36094,"date":"2026-04-01T12:10:28","date_gmt":"2026-04-01T10:10:28","guid":{"rendered":"https:\/\/combi-pro.com\/"},"modified":"2026-04-01T13:10:41","modified_gmt":"2026-04-01T11:10:41","slug":"tablier-long-laurel-velilla","status":"publish","type":"product","link":"https:\/\/combi-pro.com\/fr\/boutique\/tablier-long-laurel-velilla\/","title":{"rendered":"Tablier long LAUREL | VELILLA"},"content":{"rendered":"<h3 data-path-to-node=\"4\">Caract\u00e9ristiques techniques<\/h3>\n<ul data-path-to-node=\"5\">\n<li>\n<p data-path-to-node=\"5,0,0\">Conception sans poche pour une esth\u00e9tique soign\u00e9e et une personnalisation ais\u00e9e.<\/p>\n<\/li>\n<li>\n<p data-path-to-node=\"5,1,0\">Passepoil en satin contrastant, qui ajoute un d\u00e9tail sophistiqu\u00e9 et professionnel au v\u00eatement.<\/p>\n<\/li>\n<li>\n<p data-path-to-node=\"5,2,0\">Syst\u00e8me de r\u00e9glage par deux sangles aux extr\u00e9mit\u00e9s, permettant un ajustement rapide et confortable \u00e0 la taille.<\/p>\n<\/li>\n<li>\n<p data-path-to-node=\"5,3,0\">Coupe longue pour une protection optimale de l'uniformit\u00e9.<\/p>\n<\/li>\n<\/ul>\n<h3 data-path-to-node=\"6\">Tissus<\/h3>\n<ul data-path-to-node=\"7\">\n<li>\n<p data-path-to-node=\"7,0,0\">Serg\u00e9.<\/p>\n<\/li>\n<li>\n<p data-path-to-node=\"7,1,0\">65 % polyester \/ 35 % coton.<\/p>\n<\/li>\n<li>\n<p data-path-to-node=\"7,2,0\">Finition r\u00e9sistante et durable, r\u00e9sistante aux lavages fr\u00e9quents.<\/p>\n<\/li>\n<\/ul>\n<h3 data-path-to-node=\"8\">Gamme<\/h3>\n<ul data-path-to-node=\"9\">\n<li>\n<p data-path-to-node=\"9,0,0\">Restauration \/ Salle.<\/p>\n<\/li>\n<\/ul>\n<h3 data-path-to-node=\"10\">Certification<\/h3>\n<ul data-path-to-node=\"11\">\n<li>\n<p data-path-to-node=\"11,0,0\">Con\u00e7u pour une utilisation professionnelle dans la restauration, les \u00e9v\u00e9nements et le service \u00e0 table.<\/p>\n<\/li>\n<\/ul>\n<h3 data-path-to-node=\"12\">Recommandation d'utilisation<\/h3>\n<ul data-path-to-node=\"13\">\n<li>\n<p data-path-to-node=\"13,0,0\">Particuli\u00e8rement recommand\u00e9 pour le personnel de service, les sommeliers et les traiteurs qui ont besoin d'un uniforme formel. Le passepoil en satin en fait un choix id\u00e9al pour les environnements hospitaliers haut de gamme.<\/p>\n<\/li>\n<\/ul>","protected":false},"excerpt":{"rendered":"<p>Tablier long au design classique et minimaliste, id\u00e9al pour le secteur de l'h\u00f4tellerie et de la restauration \u00e0 la recherche d'une image sobre et \u00e9l\u00e9gante avec une touche distinctive.<\/p>","protected":false},"featured_media":36095,"template":"","meta":{"site-sidebar-layout":"default","site-content-layout":"","ast-site-content-layout":"default","site-content-style":"default","site-sidebar-style":"default","ast-global-header-display":"","ast-banner-title-visibility":"","ast-main-header-display":"","ast-hfb-above-header-display":"","ast-hfb-below-header-display":"","ast-hfb-mobile-header-display":"","site-post-title":"","ast-breadcrumbs-content":"","ast-featured-img":"","footer-sml-layout":"","ast-disable-related-posts":"","theme-transparent-header-meta":"default","adv-header-id-meta":"","stick-header-meta":"","header-above-stick-meta":"","header-main-stick-meta":"","header-below-stick-meta":"","astra-migrate-meta-layouts":"set","ast-page-background-enabled":"default","ast-page-background-meta":{"desktop":{"background-color":"","background-image":"","background-repeat":"repeat","background-position":"center center","background-size":"auto","background-attachment":"scroll","background-type":"","background-media":"","overlay-type":"","overlay-color":"","overlay-opacity":"","overlay-gradient":""},"tablet":{"background-color":"","background-image":"","background-repeat":"repeat","background-position":"center center","background-size":"auto","background-attachment":"scroll","background-type":"","background-media":"","overlay-type":"","overlay-color":"","overlay-opacity":"","overlay-gradient":""},"mobile":{"background-color":"","background-image":"","background-repeat":"repeat","background-position":"center center","background-size":"auto","background-attachment":"scroll","background-type":"","background-media":"","overlay-type":"","overlay-color":"","overlay-opacity":"","overlay-gradient":""}},"ast-content-background-meta":{"desktop":{"background-color":"var(--ast-global-color-5)","background-image":"","background-repeat":"repeat","background-position":"center center","background-size":"auto","background-attachment":"scroll","background-type":"","background-media":"","overlay-type":"","overlay-color":"","overlay-opacity":"","overlay-gradient":""},"tablet":{"background-color":"var(--ast-global-color-5)","background-image":"","background-repeat":"repeat","background-position":"center center","background-size":"auto","background-attachment":"scroll","background-type":"","background-media":"","overlay-type":"","overlay-color":"","overlay-opacity":"","overlay-gradient":""},"mobile":{"background-color":"var(--ast-global-color-5)","background-image":"","background-repeat":"repeat","background-position":"center center","background-size":"auto","background-attachment":"scroll","background-type":"","background-media":"","overlay-type":"","overlay-color":"","overlay-opacity":"","overlay-gradient":""}}},"product_brand":[442],"product_cat":[50,114,72],"product_tag":[],"class_list":{"0":"post-36094","1":"product","2":"type-product","3":"status-publish","4":"has-post-thumbnail","6":"product_brand-velilla","7":"product_cat-ropa-profesional","8":"product_cat-delantal-hosteleria","9":"product_cat-hosteleria","10":"desktop-align-center","11":"tablet-align-left","12":"mobile-align-left","14":"first","15":"instock","16":"taxable","17":"shipping-taxable","18":"product-type-simple"},"_links":{"self":[{"href":"https:\/\/combi-pro.com\/fr\/wp-json\/wp\/v2\/product\/36094","targetHints":{"allow":["GET"]}}],"collection":[{"href":"https:\/\/combi-pro.com\/fr\/wp-json\/wp\/v2\/product"}],"about":[{"href":"https:\/\/combi-pro.com\/fr\/wp-json\/wp\/v2\/types\/product"}],"wp:featuredmedia":[{"embeddable":true,"href":"https:\/\/combi-pro.com\/fr\/wp-json\/wp\/v2\/media\/36095"}],"wp:attachment":[{"href":"https:\/\/combi-pro.com\/fr\/wp-json\/wp\/v2\/media?parent=36094"}],"wp:term":[{"taxonomy":"product_brand","embeddable":true,"href":"https:\/\/combi-pro.com\/fr\/wp-json\/wp\/v2\/product_brand?post=36094"},{"taxonomy":"product_cat","embeddable":true,"href":"https:\/\/combi-pro.com\/fr\/wp-json\/wp\/v2\/product_cat?post=36094"},{"taxonomy":"product_tag","embeddable":true,"href":"https:\/\/combi-pro.com\/fr\/wp-json\/wp\/v2\/product_tag?post=36094"}],"curies":[{"name":"wp","href":"https:\/\/api.w.org\/{rel}","templated":true}]}}