{"id":36098,"date":"2026-04-01T12:39:12","date_gmt":"2026-04-01T10:39:12","guid":{"rendered":"https:\/\/combi-pro.com\/"},"modified":"2026-04-13T21:01:46","modified_gmt":"2026-04-13T19:01:46","slug":"listan-velilla-chemise-a-collet-pour-hommes","status":"publish","type":"product","link":"https:\/\/combi-pro.com\/fr\/boutique\/listan-velilla-chemise-a-collet-pour-hommes\/","title":{"rendered":"Chemise homme LISTAN | VELILLA"},"content":{"rendered":"<h3 data-path-to-node=\"3\">Caract\u00e9ristiques techniques<\/h3>\n<ul data-path-to-node=\"4\">\n<li>\n<p data-path-to-node=\"4,0,0\">Col Mao pour un style moderne et distinctif.<\/p>\n<\/li>\n<li>\n<p data-path-to-node=\"4,1,0\">Fermeture \u00e0 glissi\u00e8re centrale fran\u00e7aise (sans rabat) pour une finition frontale plus nette et plus minimaliste.<\/p>\n<\/li>\n<li>\n<p data-path-to-node=\"4,2,0\">L'empi\u00e8cement au dos am\u00e9liore la coupe et la structure du v\u00eatement.<\/p>\n<\/li>\n<li>\n<p data-path-to-node=\"4,3,0\">Poignet droit avec deux boutons pour permettre un ajustement personnalis\u00e9 de la manche.<\/p>\n<\/li>\n<li>\n<p data-path-to-node=\"4,4,0\">Comprend un bouton de rechange pour plus de commodit\u00e9.<\/p>\n<\/li>\n<li>\n<p data-path-to-node=\"4,5,0\">Fonctionnalit\u00e9 avec une poche : 1 poche plaqu\u00e9e sur la poitrine.<\/p>\n<\/li>\n<\/ul>\n<h3 data-path-to-node=\"5\">Tissus<\/h3>\n<ul data-path-to-node=\"6\">\n<li>\n<p data-path-to-node=\"6,0,0\">Serg\u00e9 \/ Popeline (selon la variante).<\/p>\n<\/li>\n<li>\n<p data-path-to-node=\"6,1,0\">Composition \u00e9quilibr\u00e9e pour un repassage facile et une grande durabilit\u00e9.<\/p>\n<\/li>\n<li>\n<p data-path-to-node=\"6,2,0\">Douceur et respirabilit\u00e9 pour une utilisation prolong\u00e9e.<\/p>\n<\/li>\n<\/ul>\n<h3 data-path-to-node=\"7\">Gamme<\/h3>\n<ul data-path-to-node=\"8\">\n<li>\n<p data-path-to-node=\"8,0,0\">Salle \/ Traiteur.<\/p>\n<\/li>\n<\/ul>\n<h3 data-path-to-node=\"9\">Certification<\/h3>\n<ul data-path-to-node=\"10\">\n<li>\n<p data-path-to-node=\"10,0,0\">Con\u00e7u pour une utilisation professionnelle dans le secteur des services et de la restauration.<\/p>\n<\/li>\n<\/ul>\n<h3 data-path-to-node=\"11\">Recommandation d'utilisation<\/h3>\n<ul data-path-to-node=\"12\">\n<li>\n<p data-path-to-node=\"12,0,0\">Id\u00e9ale pour les r\u00e9ceptions, le personnel d'accueil, les \u00e9v\u00e9nements et les uniformes d'entreprise qui cherchent \u00e0 s'\u00e9loigner de la traditionnelle chemise italienne \u00e0 col, tout en conservant un aspect \u00e9l\u00e9gant et professionnel.<\/p>\n<\/li>\n<\/ul>","protected":false},"excerpt":{"rendered":"<p data-path-to-node=\"2\">Chemise pour homme \u00e0 col mao et au design contemporain, con\u00e7ue pour donner une image professionnelle moderne et soign\u00e9e dans les environnements de service \u00e0 la client\u00e8le et d'h\u00f4tellerie.<\/p>\n<h3 data-path-to-node=\"3\"><\/h3>","protected":false},"featured_media":36100,"template":"","meta":{"site-sidebar-layout":"default","site-content-layout":"","ast-site-content-layout":"default","site-content-style":"default","site-sidebar-style":"default","ast-global-header-display":"","ast-banner-title-visibility":"","ast-main-header-display":"","ast-hfb-above-header-display":"","ast-hfb-below-header-display":"","ast-hfb-mobile-header-display":"","site-post-title":"","ast-breadcrumbs-content":"","ast-featured-img":"","footer-sml-layout":"","ast-disable-related-posts":"","theme-transparent-header-meta":"default","adv-header-id-meta":"","stick-header-meta":"","header-above-stick-meta":"","header-main-stick-meta":"","header-below-stick-meta":"","astra-migrate-meta-layouts":"set","ast-page-background-enabled":"default","ast-page-background-meta":{"desktop":{"background-color":"","background-image":"","background-repeat":"repeat","background-position":"center center","background-size":"auto","background-attachment":"scroll","background-type":"","background-media":"","overlay-type":"","overlay-color":"","overlay-opacity":"","overlay-gradient":""},"tablet":{"background-color":"","background-image":"","background-repeat":"repeat","background-position":"center center","background-size":"auto","background-attachment":"scroll","background-type":"","background-media":"","overlay-type":"","overlay-color":"","overlay-opacity":"","overlay-gradient":""},"mobile":{"background-color":"","background-image":"","background-repeat":"repeat","background-position":"center center","background-size":"auto","background-attachment":"scroll","background-type":"","background-media":"","overlay-type":"","overlay-color":"","overlay-opacity":"","overlay-gradient":""}},"ast-content-background-meta":{"desktop":{"background-color":"var(--ast-global-color-5)","background-image":"","background-repeat":"repeat","background-position":"center center","background-size":"auto","background-attachment":"scroll","background-type":"","background-media":"","overlay-type":"","overlay-color":"","overlay-opacity":"","overlay-gradient":""},"tablet":{"background-color":"var(--ast-global-color-5)","background-image":"","background-repeat":"repeat","background-position":"center center","background-size":"auto","background-attachment":"scroll","background-type":"","background-media":"","overlay-type":"","overlay-color":"","overlay-opacity":"","overlay-gradient":""},"mobile":{"background-color":"var(--ast-global-color-5)","background-image":"","background-repeat":"repeat","background-position":"center center","background-size":"auto","background-attachment":"scroll","background-type":"","background-media":"","overlay-type":"","overlay-color":"","overlay-opacity":"","overlay-gradient":""}}},"product_brand":[442],"product_cat":[50,119,72],"product_tag":[],"class_list":{"0":"post-36098","1":"product","2":"type-product","3":"status-publish","4":"has-post-thumbnail","6":"product_brand-velilla","7":"product_cat-ropa-profesional","8":"product_cat-camisas-hosteleria","9":"product_cat-hosteleria","10":"desktop-align-center","11":"tablet-align-left","12":"mobile-align-left","14":"first","15":"outofstock","16":"taxable","17":"shipping-taxable","18":"product-type-variable"},"_links":{"self":[{"href":"https:\/\/combi-pro.com\/fr\/wp-json\/wp\/v2\/product\/36098","targetHints":{"allow":["GET"]}}],"collection":[{"href":"https:\/\/combi-pro.com\/fr\/wp-json\/wp\/v2\/product"}],"about":[{"href":"https:\/\/combi-pro.com\/fr\/wp-json\/wp\/v2\/types\/product"}],"wp:featuredmedia":[{"embeddable":true,"href":"https:\/\/combi-pro.com\/fr\/wp-json\/wp\/v2\/media\/36100"}],"wp:attachment":[{"href":"https:\/\/combi-pro.com\/fr\/wp-json\/wp\/v2\/media?parent=36098"}],"wp:term":[{"taxonomy":"product_brand","embeddable":true,"href":"https:\/\/combi-pro.com\/fr\/wp-json\/wp\/v2\/product_brand?post=36098"},{"taxonomy":"product_cat","embeddable":true,"href":"https:\/\/combi-pro.com\/fr\/wp-json\/wp\/v2\/product_cat?post=36098"},{"taxonomy":"product_tag","embeddable":true,"href":"https:\/\/combi-pro.com\/fr\/wp-json\/wp\/v2\/product_tag?post=36098"}],"curies":[{"name":"wp","href":"https:\/\/api.w.org\/{rel}","templated":true}]}}