{"id":36183,"date":"2026-04-01T15:57:33","date_gmt":"2026-04-01T13:57:33","guid":{"rendered":"https:\/\/combi-pro.com\/"},"modified":"2026-04-01T15:57:33","modified_gmt":"2026-04-01T13:57:33","slug":"t-shirt-mc-unisex-gots-tsn160uc-mukua","status":"publish","type":"product","link":"https:\/\/combi-pro.com\/fr\/boutique\/t-shirt-mc-unisex-gots-tsn160uc-mukua\/","title":{"rendered":"T-shirt unisexe MC GOTS TSN160UC | MUKUA"},"content":{"rendered":"<h3 data-path-to-node=\"3\">Caract\u00e9ristiques techniques<\/h3>\n<ul data-path-to-node=\"4\">\n<li>\n<p data-path-to-node=\"4,0,0\">Col rond en tricot c\u00f4tel\u00e9 1\u00d71 avec \u00e9lasthanne pour une plus grande \u00e9lasticit\u00e9 et une meilleure r\u00e9cup\u00e9ration de la forme apr\u00e8s utilisation.<\/p>\n<\/li>\n<li>\n<p data-path-to-node=\"4,1,0\">Les coutures renforc\u00e9es au niveau des \u00e9paules et du cou garantissent la durabilit\u00e9 et \u00e9vitent les d\u00e9formations au lavage.<\/p>\n<\/li>\n<li>\n<p data-path-to-node=\"4,2,0\">Tissu tubulaire pour un drap\u00e9 net et un plus grand confort car il n'y a pas de coutures lat\u00e9rales.<\/p>\n<\/li>\n<li>\n<p data-path-to-node=\"4,3,0\">Sensation de douceur exceptionnelle, offrant un confort sup\u00e9rieur tout au long de la journ\u00e9e.<\/p>\n<\/li>\n<li>\n<p data-path-to-node=\"4,4,0\">Coupe Medium Fit, \u00e9quilibr\u00e9e pour s'adapter confortablement aux diff\u00e9rentes physionomies.<\/p>\n<\/li>\n<\/ul>\n<h3 data-path-to-node=\"5\">Tissus<\/h3>\n<ul data-path-to-node=\"6\">\n<li>\n<p data-path-to-node=\"6,0,0\">Maillot unique.<\/p>\n<\/li>\n<li>\n<p data-path-to-node=\"6,1,0\"><b data-path-to-node=\"6,1,0\" data-index-in-node=\"0\">100 % coton biologique RingSpun<\/b>.<\/p>\n<\/li>\n<li>\n<p data-path-to-node=\"6,2,0\">Poids : 160 g\/m\u00b2.<\/p>\n<\/li>\n<\/ul>\n<h3 data-path-to-node=\"7\">Gamme<\/h3>\n<ul data-path-to-node=\"8\">\n<li>\n<p data-path-to-node=\"8,0,0\">Biologique \/ GOTS.<\/p>\n<\/li>\n<\/ul>\n<h3 data-path-to-node=\"9\">Certification<\/h3>\n<ul data-path-to-node=\"10\">\n<li>\n<p data-path-to-node=\"10,0,0\">Con\u00e7u selon les normes de durabilit\u00e9 biologique pour une utilisation quotidienne et professionnelle responsable.<\/p>\n<\/li>\n<\/ul>\n<h3 data-path-to-node=\"11\">Recommandation d'utilisation<\/h3>\n<ul data-path-to-node=\"12\">\n<li>\n<p data-path-to-node=\"12,0,0\">Particuli\u00e8rement recommand\u00e9 pour les projets d'image de marque verte, les uniformes d'entreprise durables, les \u00e9v\u00e9nements de mode \u00e9thique et le merchandising de haute qualit\u00e9 qui n\u00e9cessite une base textile respectueuse de l'environnement.<\/p>\n<\/li>\n<\/ul>","protected":false},"excerpt":{"rendered":"<p data-path-to-node=\"2\">T-shirt \u00e0 manches courtes en coton biologique RingSpun certifi\u00e9 GOTS, con\u00e7u pour offrir un v\u00eatement durable de haute qualit\u00e9 avec une finition douce et durable.<\/p>\n<h3 data-path-to-node=\"3\"><\/h3>","protected":false},"featured_media":36184,"template":"","meta":{"site-sidebar-layout":"default","site-content-layout":"","ast-site-content-layout":"default","site-content-style":"default","site-sidebar-style":"default","ast-global-header-display":"","ast-banner-title-visibility":"","ast-main-header-display":"","ast-hfb-above-header-display":"","ast-hfb-below-header-display":"","ast-hfb-mobile-header-display":"","site-post-title":"","ast-breadcrumbs-content":"","ast-featured-img":"","footer-sml-layout":"","ast-disable-related-posts":"","theme-transparent-header-meta":"default","adv-header-id-meta":"","stick-header-meta":"","header-above-stick-meta":"","header-main-stick-meta":"","header-below-stick-meta":"","astra-migrate-meta-layouts":"set","ast-page-background-enabled":"default","ast-page-background-meta":{"desktop":{"background-color":"","background-image":"","background-repeat":"repeat","background-position":"center center","background-size":"auto","background-attachment":"scroll","background-type":"","background-media":"","overlay-type":"","overlay-color":"","overlay-opacity":"","overlay-gradient":""},"tablet":{"background-color":"","background-image":"","background-repeat":"repeat","background-position":"center center","background-size":"auto","background-attachment":"scroll","background-type":"","background-media":"","overlay-type":"","overlay-color":"","overlay-opacity":"","overlay-gradient":""},"mobile":{"background-color":"","background-image":"","background-repeat":"repeat","background-position":"center center","background-size":"auto","background-attachment":"scroll","background-type":"","background-media":"","overlay-type":"","overlay-color":"","overlay-opacity":"","overlay-gradient":""}},"ast-content-background-meta":{"desktop":{"background-color":"var(--ast-global-color-5)","background-image":"","background-repeat":"repeat","background-position":"center center","background-size":"auto","background-attachment":"scroll","background-type":"","background-media":"","overlay-type":"","overlay-color":"","overlay-opacity":"","overlay-gradient":""},"tablet":{"background-color":"var(--ast-global-color-5)","background-image":"","background-repeat":"repeat","background-position":"center center","background-size":"auto","background-attachment":"scroll","background-type":"","background-media":"","overlay-type":"","overlay-color":"","overlay-opacity":"","overlay-gradient":""},"mobile":{"background-color":"var(--ast-global-color-5)","background-image":"","background-repeat":"repeat","background-position":"center center","background-size":"auto","background-attachment":"scroll","background-type":"","background-media":"","overlay-type":"","overlay-color":"","overlay-opacity":"","overlay-gradient":""}}},"product_brand":[444],"product_cat":[340,348,341],"product_tag":[],"class_list":{"0":"post-36183","1":"product","2":"type-product","3":"status-publish","4":"has-post-thumbnail","6":"product_brand-mukua","7":"product_cat-textil-promocional","8":"product_cat-camisetas-textil-promocional","9":"product_cat-outlet","10":"desktop-align-center","11":"tablet-align-left","12":"mobile-align-left","14":"first","15":"instock","16":"taxable","17":"shipping-taxable","18":"product-type-variable"},"_links":{"self":[{"href":"https:\/\/combi-pro.com\/fr\/wp-json\/wp\/v2\/product\/36183","targetHints":{"allow":["GET"]}}],"collection":[{"href":"https:\/\/combi-pro.com\/fr\/wp-json\/wp\/v2\/product"}],"about":[{"href":"https:\/\/combi-pro.com\/fr\/wp-json\/wp\/v2\/types\/product"}],"wp:featuredmedia":[{"embeddable":true,"href":"https:\/\/combi-pro.com\/fr\/wp-json\/wp\/v2\/media\/36184"}],"wp:attachment":[{"href":"https:\/\/combi-pro.com\/fr\/wp-json\/wp\/v2\/media?parent=36183"}],"wp:term":[{"taxonomy":"product_brand","embeddable":true,"href":"https:\/\/combi-pro.com\/fr\/wp-json\/wp\/v2\/product_brand?post=36183"},{"taxonomy":"product_cat","embeddable":true,"href":"https:\/\/combi-pro.com\/fr\/wp-json\/wp\/v2\/product_cat?post=36183"},{"taxonomy":"product_tag","embeddable":true,"href":"https:\/\/combi-pro.com\/fr\/wp-json\/wp\/v2\/product_tag?post=36183"}],"curies":[{"name":"wp","href":"https:\/\/api.w.org\/{rel}","templated":true}]}}