{"id":36244,"date":"2026-04-01T16:22:26","date_gmt":"2026-04-01T14:22:26","guid":{"rendered":"https:\/\/combi-pro.com\/"},"modified":"2026-04-11T01:12:23","modified_gmt":"2026-04-10T23:12:23","slug":"sweat-shirt-a-capuche-unisexe-gots-shn290u-mukua","status":"publish","type":"product","link":"https:\/\/combi-pro.com\/fr\/boutique\/sweat-shirt-a-capuche-unisexe-gots-shn290u-mukua\/","title":{"rendered":"GOTS sweat \u00e0 capuche unisexe SHN290U | MUKUA"},"content":{"rendered":"<h3 data-path-to-node=\"3\">Caract\u00e9ristiques techniques<\/h3>\n<ul data-path-to-node=\"4\">\n<li>\n<p data-path-to-node=\"4,0,0\">Polaire matelass\u00e9e au toucher doux, offrant un v\u00eatement confortable et tr\u00e8s chaud.<\/p>\n<\/li>\n<li>\n<p data-path-to-node=\"4,1,0\">Capuche \u00e0 2 panneaux doubl\u00e9e de tissu Single Jersey pour une finition int\u00e9rieure plus propre et plus confortable.<\/p>\n<\/li>\n<li>\n<p data-path-to-node=\"4,2,0\">Poche kangourou fonctionnelle avec passepoil aux ouvertures pour renforcer la structure et \u00e9viter l'usure.<\/p>\n<\/li>\n<li>\n<p data-path-to-node=\"4,3,0\">Poignets et ceinture c\u00f4tel\u00e9s 1\u00d71 avec \u00e9lasthanne, assurant une tenue durable.<\/p>\n<\/li>\n<li>\n<p data-path-to-node=\"4,4,0\">Bande de couture renforc\u00e9e par des chevrons \u00e0 l'int\u00e9rieur du col pour plus de solidit\u00e9.<\/p>\n<\/li>\n<li>\n<p data-path-to-node=\"4,5,0\">Coupe r\u00e9guli\u00e8re, \u00e9quilibr\u00e9e pour une tenue polyvalente de tous les jours.<\/p>\n<\/li>\n<\/ul>\n<h3 data-path-to-node=\"5\">Tissus<\/h3>\n<ul data-path-to-node=\"6\">\n<li>\n<p data-path-to-node=\"6,0,0\">Polaire percale.<\/p>\n<\/li>\n<li>\n<p data-path-to-node=\"6,1,0\"><b data-path-to-node=\"6,1,0\" data-index-in-node=\"0\">85 % RingSpun Organic Cotton \/ 15 % Recycled Polyester<\/b>.<\/p>\n<\/li>\n<li>\n<p data-path-to-node=\"6,2,0\">Grammage : 290 g\/m\u00b2.<\/p>\n<\/li>\n<\/ul>\n<h3 data-path-to-node=\"7\">Gamme<\/h3>\n<ul data-path-to-node=\"8\">\n<li>\n<p data-path-to-node=\"8,0,0\">Biologique \/ GOTS.<\/p>\n<\/li>\n<\/ul>\n<h3 data-path-to-node=\"9\">Certification<\/h3>\n<ul data-path-to-node=\"10\">\n<li>\n<p data-path-to-node=\"10,0,0\">V\u00eatement fabriqu\u00e9 selon les normes GOTS, garantissant des processus durables et des mat\u00e9riaux recycl\u00e9s.<\/p>\n<\/li>\n<\/ul>\n<h3 data-path-to-node=\"11\">Recommandation d'utilisation<\/h3>\n<ul data-path-to-node=\"12\">\n<li>\n<p data-path-to-node=\"12,0,0\">Id\u00e9al pour les entreprises engag\u00e9es dans le d\u00e9veloppement durable, les \u00e9v\u00e9nements de mode \u00e9thique, le merchandising haut de gamme et les uniformes d'entreprise de haute qualit\u00e9 qui n\u00e9cessitent un v\u00eatement robuste, chaud et respectueux de l'environnement.<\/p>\n<\/li>\n<\/ul>","protected":false},"excerpt":{"rendered":"<p data-path-to-node=\"2\">Sweat-shirt unisexe \u00e0 capuche fabriqu\u00e9 \u00e0 partir d'un m\u00e9lange durable de coton biologique et de polyester recycl\u00e9, con\u00e7u pour offrir une chaleur sup\u00e9rieure et un v\u00e9ritable engagement en faveur de l'environnement.<\/p>\n<h3 data-path-to-node=\"3\"><\/h3>","protected":false},"featured_media":36245,"template":"","meta":{"site-sidebar-layout":"default","site-content-layout":"","ast-site-content-layout":"default","site-content-style":"default","site-sidebar-style":"default","ast-global-header-display":"","ast-banner-title-visibility":"","ast-main-header-display":"","ast-hfb-above-header-display":"","ast-hfb-below-header-display":"","ast-hfb-mobile-header-display":"","site-post-title":"","ast-breadcrumbs-content":"","ast-featured-img":"","footer-sml-layout":"","ast-disable-related-posts":"","theme-transparent-header-meta":"default","adv-header-id-meta":"","stick-header-meta":"","header-above-stick-meta":"","header-main-stick-meta":"","header-below-stick-meta":"","astra-migrate-meta-layouts":"set","ast-page-background-enabled":"default","ast-page-background-meta":{"desktop":{"background-color":"","background-image":"","background-repeat":"repeat","background-position":"center center","background-size":"auto","background-attachment":"scroll","background-type":"","background-media":"","overlay-type":"","overlay-color":"","overlay-opacity":"","overlay-gradient":""},"tablet":{"background-color":"","background-image":"","background-repeat":"repeat","background-position":"center center","background-size":"auto","background-attachment":"scroll","background-type":"","background-media":"","overlay-type":"","overlay-color":"","overlay-opacity":"","overlay-gradient":""},"mobile":{"background-color":"","background-image":"","background-repeat":"repeat","background-position":"center center","background-size":"auto","background-attachment":"scroll","background-type":"","background-media":"","overlay-type":"","overlay-color":"","overlay-opacity":"","overlay-gradient":""}},"ast-content-background-meta":{"desktop":{"background-color":"var(--ast-global-color-5)","background-image":"","background-repeat":"repeat","background-position":"center center","background-size":"auto","background-attachment":"scroll","background-type":"","background-media":"","overlay-type":"","overlay-color":"","overlay-opacity":"","overlay-gradient":""},"tablet":{"background-color":"var(--ast-global-color-5)","background-image":"","background-repeat":"repeat","background-position":"center center","background-size":"auto","background-attachment":"scroll","background-type":"","background-media":"","overlay-type":"","overlay-color":"","overlay-opacity":"","overlay-gradient":""},"mobile":{"background-color":"var(--ast-global-color-5)","background-image":"","background-repeat":"repeat","background-position":"center center","background-size":"auto","background-attachment":"scroll","background-type":"","background-media":"","overlay-type":"","overlay-color":"","overlay-opacity":"","overlay-gradient":""}}},"product_brand":[444],"product_cat":[340,343],"product_tag":[],"class_list":{"0":"post-36244","1":"product","2":"type-product","3":"status-publish","4":"has-post-thumbnail","6":"product_brand-mukua","7":"product_cat-textil-promocional","8":"product_cat-sudaderas-textil-promocional","9":"desktop-align-center","10":"tablet-align-left","11":"mobile-align-left","13":"first","14":"instock","15":"taxable","16":"shipping-taxable","17":"product-type-variable"},"_links":{"self":[{"href":"https:\/\/combi-pro.com\/fr\/wp-json\/wp\/v2\/product\/36244","targetHints":{"allow":["GET"]}}],"collection":[{"href":"https:\/\/combi-pro.com\/fr\/wp-json\/wp\/v2\/product"}],"about":[{"href":"https:\/\/combi-pro.com\/fr\/wp-json\/wp\/v2\/types\/product"}],"wp:featuredmedia":[{"embeddable":true,"href":"https:\/\/combi-pro.com\/fr\/wp-json\/wp\/v2\/media\/36245"}],"wp:attachment":[{"href":"https:\/\/combi-pro.com\/fr\/wp-json\/wp\/v2\/media?parent=36244"}],"wp:term":[{"taxonomy":"product_brand","embeddable":true,"href":"https:\/\/combi-pro.com\/fr\/wp-json\/wp\/v2\/product_brand?post=36244"},{"taxonomy":"product_cat","embeddable":true,"href":"https:\/\/combi-pro.com\/fr\/wp-json\/wp\/v2\/product_cat?post=36244"},{"taxonomy":"product_tag","embeddable":true,"href":"https:\/\/combi-pro.com\/fr\/wp-json\/wp\/v2\/product_tag?post=36244"}],"curies":[{"name":"wp","href":"https:\/\/api.w.org\/{rel}","templated":true}]}}