{"id":36290,"date":"2026-04-01T17:04:23","date_gmt":"2026-04-01T15:04:23","guid":{"rendered":"https:\/\/combi-pro.com\/"},"modified":"2026-04-13T21:02:11","modified_gmt":"2026-04-13T19:02:11","slug":"crew-gots-sweatshirt-unisexe-scn290u-mukua","status":"publish","type":"product","link":"https:\/\/combi-pro.com\/fr\/boutique\/crew-gots-sweatshirt-unisexe-scn290u-mukua\/","title":{"rendered":"Sweat-shirt unisexe GOTS SCN290U | MUKUA"},"content":{"rendered":"<h3 data-path-to-node=\"3\">Caract\u00e9ristiques techniques<\/h3>\n<ul data-path-to-node=\"4\">\n<li>\n<p data-path-to-node=\"4,0,0\">Polaire douce, confortable et chaude, id\u00e9ale pour les climats froids.<\/p>\n<\/li>\n<li>\n<p data-path-to-node=\"4,1,0\">Col, poignets et ceinture en c\u00f4tes 1\u00d71 avec \u00e9lasthanne, ce qui permet au v\u00eatement de conserver sa forme initiale apr\u00e8s un port prolong\u00e9.<\/p>\n<\/li>\n<li>\n<p data-path-to-node=\"4,2,0\">Coutures \u00e0 chevrons \u00e0 l'int\u00e9rieur du col pour une finition nette et une meilleure r\u00e9sistance \u00e0 l'abrasion.<\/p>\n<\/li>\n<li>\n<p data-path-to-node=\"4,3,0\">Design intemporel sans capuchon pour un look plus discret et polyvalent.<\/p>\n<\/li>\n<li>\n<p data-path-to-node=\"4,4,0\">Coupe r\u00e9guli\u00e8re, confortable et adapt\u00e9e \u00e0 toutes les physionomies.<\/p>\n<\/li>\n<\/ul>\n<h3 data-path-to-node=\"5\">Tissus<\/h3>\n<ul data-path-to-node=\"6\">\n<li>\n<p data-path-to-node=\"6,0,0\">Polaire percale.<\/p>\n<\/li>\n<li>\n<p data-path-to-node=\"6,1,0\"><b data-path-to-node=\"6,1,0\" data-index-in-node=\"0\">85 % RingSpun Organic Cotton \/ 15 % Recycled Polyester<\/b>.<\/p>\n<\/li>\n<li>\n<p data-path-to-node=\"6,2,0\">Grammage : 290 g\/m\u00b2.<\/p>\n<\/li>\n<\/ul>\n<h3 data-path-to-node=\"7\">Gamme<\/h3>\n<ul data-path-to-node=\"8\">\n<li>\n<p data-path-to-node=\"8,0,0\">Biologique \/ GOTS.<\/p>\n<\/li>\n<\/ul>\n<h3 data-path-to-node=\"9\">Certification<\/h3>\n<ul data-path-to-node=\"10\">\n<li>\n<p data-path-to-node=\"10,0,0\">Certification GOTS qui garantit l'origine biologique des fibres et l'utilisation de polyester recycl\u00e9, r\u00e9duisant ainsi l'impact sur l'environnement.<\/p>\n<\/li>\n<\/ul>","protected":false},"excerpt":{"rendered":"<p data-path-to-node=\"2\">Un sweat-shirt classique \u00e0 col ras du cou fabriqu\u00e9 \u00e0 partir de mat\u00e9riaux durables, con\u00e7u pour offrir une chaleur exceptionnelle et un confort sup\u00e9rieur gr\u00e2ce \u00e0 son int\u00e9rieur en polaire.<\/p>\n<h3 data-path-to-node=\"3\"><\/h3>","protected":false},"featured_media":36291,"template":"","meta":{"site-sidebar-layout":"default","site-content-layout":"","ast-site-content-layout":"default","site-content-style":"default","site-sidebar-style":"default","ast-global-header-display":"","ast-banner-title-visibility":"","ast-main-header-display":"","ast-hfb-above-header-display":"","ast-hfb-below-header-display":"","ast-hfb-mobile-header-display":"","site-post-title":"","ast-breadcrumbs-content":"","ast-featured-img":"","footer-sml-layout":"","ast-disable-related-posts":"","theme-transparent-header-meta":"default","adv-header-id-meta":"","stick-header-meta":"","header-above-stick-meta":"","header-main-stick-meta":"","header-below-stick-meta":"","astra-migrate-meta-layouts":"set","ast-page-background-enabled":"default","ast-page-background-meta":{"desktop":{"background-color":"","background-image":"","background-repeat":"repeat","background-position":"center center","background-size":"auto","background-attachment":"scroll","background-type":"","background-media":"","overlay-type":"","overlay-color":"","overlay-opacity":"","overlay-gradient":""},"tablet":{"background-color":"","background-image":"","background-repeat":"repeat","background-position":"center center","background-size":"auto","background-attachment":"scroll","background-type":"","background-media":"","overlay-type":"","overlay-color":"","overlay-opacity":"","overlay-gradient":""},"mobile":{"background-color":"","background-image":"","background-repeat":"repeat","background-position":"center center","background-size":"auto","background-attachment":"scroll","background-type":"","background-media":"","overlay-type":"","overlay-color":"","overlay-opacity":"","overlay-gradient":""}},"ast-content-background-meta":{"desktop":{"background-color":"var(--ast-global-color-5)","background-image":"","background-repeat":"repeat","background-position":"center center","background-size":"auto","background-attachment":"scroll","background-type":"","background-media":"","overlay-type":"","overlay-color":"","overlay-opacity":"","overlay-gradient":""},"tablet":{"background-color":"var(--ast-global-color-5)","background-image":"","background-repeat":"repeat","background-position":"center center","background-size":"auto","background-attachment":"scroll","background-type":"","background-media":"","overlay-type":"","overlay-color":"","overlay-opacity":"","overlay-gradient":""},"mobile":{"background-color":"var(--ast-global-color-5)","background-image":"","background-repeat":"repeat","background-position":"center center","background-size":"auto","background-attachment":"scroll","background-type":"","background-media":"","overlay-type":"","overlay-color":"","overlay-opacity":"","overlay-gradient":""}}},"product_brand":[444],"product_cat":[340,343],"product_tag":[],"class_list":{"0":"post-36290","1":"product","2":"type-product","3":"status-publish","4":"has-post-thumbnail","6":"product_brand-mukua","7":"product_cat-textil-promocional","8":"product_cat-sudaderas-textil-promocional","9":"desktop-align-center","10":"tablet-align-left","11":"mobile-align-left","13":"first","14":"outofstock","15":"taxable","16":"shipping-taxable","17":"product-type-variable"},"_links":{"self":[{"href":"https:\/\/combi-pro.com\/fr\/wp-json\/wp\/v2\/product\/36290","targetHints":{"allow":["GET"]}}],"collection":[{"href":"https:\/\/combi-pro.com\/fr\/wp-json\/wp\/v2\/product"}],"about":[{"href":"https:\/\/combi-pro.com\/fr\/wp-json\/wp\/v2\/types\/product"}],"wp:featuredmedia":[{"embeddable":true,"href":"https:\/\/combi-pro.com\/fr\/wp-json\/wp\/v2\/media\/36291"}],"wp:attachment":[{"href":"https:\/\/combi-pro.com\/fr\/wp-json\/wp\/v2\/media?parent=36290"}],"wp:term":[{"taxonomy":"product_brand","embeddable":true,"href":"https:\/\/combi-pro.com\/fr\/wp-json\/wp\/v2\/product_brand?post=36290"},{"taxonomy":"product_cat","embeddable":true,"href":"https:\/\/combi-pro.com\/fr\/wp-json\/wp\/v2\/product_cat?post=36290"},{"taxonomy":"product_tag","embeddable":true,"href":"https:\/\/combi-pro.com\/fr\/wp-json\/wp\/v2\/product_tag?post=36290"}],"curies":[{"name":"wp","href":"https:\/\/api.w.org\/{rel}","templated":true}]}}