{"id":36358,"date":"2026-04-02T16:28:18","date_gmt":"2026-04-02T14:28:18","guid":{"rendered":"https:\/\/combi-pro.com\/"},"modified":"2026-04-11T01:12:39","modified_gmt":"2026-04-10T23:12:39","slug":"bas-de-survetement-unisexe-lox-sbs270u-mukua","status":"publish","type":"product","link":"https:\/\/combi-pro.com\/fr\/boutique\/bas-de-survetement-unisexe-lox-sbs270u-mukua\/","title":{"rendered":"Bas de surv\u00eatement unisexe LOX SBS270U | MUKUA"},"content":{"rendered":"<h3 data-path-to-node=\"3\">Caract\u00e9ristiques techniques<\/h3>\n<ul data-path-to-node=\"4\">\n<li>\n<p data-path-to-node=\"4,0,0\">Tissu polaire doux au toucher, offrant un v\u00eatement confortable et chaud.<\/p>\n<\/li>\n<li>\n<p data-path-to-node=\"4,1,0\">Ceinture c\u00f4tel\u00e9e 2\u00d71 avec \u00e9lasthanne pour un maintien ferme et durable.<\/p>\n<\/li>\n<li>\n<p data-path-to-node=\"4,2,0\">Cordons plats r\u00e9glables ton sur ton, situ\u00e9s \u00e0 l'int\u00e9rieur de la ceinture pour une esth\u00e9tique \u00e9pur\u00e9e et un grand confort.<\/p>\n<\/li>\n<li>\n<p data-path-to-node=\"4,3,0\">Fonctionnalit\u00e9 avec 2 poches lat\u00e9rales et 1 poche arri\u00e8re.<\/p>\n<\/li>\n<li>\n<p data-path-to-node=\"4,4,0\">Finitions renforc\u00e9es avec des passepoils aux ouvertures et des coutures de s\u00e9curit\u00e9 aux points de tension.<\/p>\n<\/li>\n<li>\n<p data-path-to-node=\"4,5,0\">Disponible en taille enfant : LOX KIDS.<\/p>\n<\/li>\n<\/ul>\n<h3 data-path-to-node=\"5\">Tissus<\/h3>\n<ul data-path-to-node=\"6\">\n<li>\n<p data-path-to-node=\"6,0,0\">Polaire percale.<\/p>\n<\/li>\n<li>\n<p data-path-to-node=\"6,1,0\">60 % coton \/ 40 % polyester.<\/p>\n<\/li>\n<li>\n<p data-path-to-node=\"6,2,0\">*Gris chin\u00e9 : 60 % coton \/ 30 % polyester \/ 10 % viscose.<\/p>\n<\/li>\n<li>\n<p data-path-to-node=\"6,3,0\">Poids : 270 g\/m\u00b2.<\/p>\n<\/li>\n<\/ul>\n<h3 data-path-to-node=\"7\">Gamme<\/h3>\n<ul data-path-to-node=\"8\">\n<li>\n<p data-path-to-node=\"8,0,0\">Essentials \/ Casual.<\/p>\n<\/li>\n<\/ul>\n<h3 data-path-to-node=\"9\">Certification<\/h3>\n<ul data-path-to-node=\"10\">\n<li>\n<p data-path-to-node=\"10,0,0\">Con\u00e7u pour une utilisation quotidienne, sportive et professionnelle.<\/p>\n<\/li>\n<\/ul>\n<h3 data-path-to-node=\"11\">Recommandation d'utilisation<\/h3>\n<ul data-path-to-node=\"12\">\n<li>\n<p data-path-to-node=\"12,0,0\">Id\u00e9al pour les uniformes d'\u00e9t\u00e9 dans les secteurs dynamiques, les clubs sportifs, les \u00e9v\u00e9nements en plein air et le merchandising d'entreprise, il se distingue par sa durabilit\u00e9 et le confort thermique de son tissu matelass\u00e9.<\/p>\n<\/li>\n<\/ul>","protected":false},"excerpt":{"rendered":"<p data-path-to-node=\"2\">Bas de surv\u00eatement unisexe en polaire matelass\u00e9e de haute qualit\u00e9, con\u00e7u pour offrir une combinaison parfaite de chaleur, de douceur et de durabilit\u00e9 pour un usage quotidien.<\/p>\n<h3 data-path-to-node=\"3\"><\/h3>","protected":false},"featured_media":36359,"template":"","meta":{"site-sidebar-layout":"default","site-content-layout":"","ast-site-content-layout":"default","site-content-style":"default","site-sidebar-style":"default","ast-global-header-display":"","ast-banner-title-visibility":"","ast-main-header-display":"","ast-hfb-above-header-display":"","ast-hfb-below-header-display":"","ast-hfb-mobile-header-display":"","site-post-title":"","ast-breadcrumbs-content":"","ast-featured-img":"","footer-sml-layout":"","ast-disable-related-posts":"","theme-transparent-header-meta":"default","adv-header-id-meta":"","stick-header-meta":"","header-above-stick-meta":"","header-main-stick-meta":"","header-below-stick-meta":"","astra-migrate-meta-layouts":"set","ast-page-background-enabled":"default","ast-page-background-meta":{"desktop":{"background-color":"","background-image":"","background-repeat":"repeat","background-position":"center center","background-size":"auto","background-attachment":"scroll","background-type":"","background-media":"","overlay-type":"","overlay-color":"","overlay-opacity":"","overlay-gradient":""},"tablet":{"background-color":"","background-image":"","background-repeat":"repeat","background-position":"center center","background-size":"auto","background-attachment":"scroll","background-type":"","background-media":"","overlay-type":"","overlay-color":"","overlay-opacity":"","overlay-gradient":""},"mobile":{"background-color":"","background-image":"","background-repeat":"repeat","background-position":"center center","background-size":"auto","background-attachment":"scroll","background-type":"","background-media":"","overlay-type":"","overlay-color":"","overlay-opacity":"","overlay-gradient":""}},"ast-content-background-meta":{"desktop":{"background-color":"var(--ast-global-color-5)","background-image":"","background-repeat":"repeat","background-position":"center center","background-size":"auto","background-attachment":"scroll","background-type":"","background-media":"","overlay-type":"","overlay-color":"","overlay-opacity":"","overlay-gradient":""},"tablet":{"background-color":"var(--ast-global-color-5)","background-image":"","background-repeat":"repeat","background-position":"center center","background-size":"auto","background-attachment":"scroll","background-type":"","background-media":"","overlay-type":"","overlay-color":"","overlay-opacity":"","overlay-gradient":""},"mobile":{"background-color":"var(--ast-global-color-5)","background-image":"","background-repeat":"repeat","background-position":"center center","background-size":"auto","background-attachment":"scroll","background-type":"","background-media":"","overlay-type":"","overlay-color":"","overlay-opacity":"","overlay-gradient":""}}},"product_brand":[444],"product_cat":[340,574],"product_tag":[],"class_list":{"0":"post-36358","1":"product","2":"type-product","3":"status-publish","4":"has-post-thumbnail","6":"product_brand-mukua","7":"product_cat-textil-promocional","8":"product_cat-pantalones-textil-promocional","9":"desktop-align-center","10":"tablet-align-left","11":"mobile-align-left","13":"first","14":"instock","15":"taxable","16":"shipping-taxable","17":"purchasable","18":"product-type-variable"},"_links":{"self":[{"href":"https:\/\/combi-pro.com\/fr\/wp-json\/wp\/v2\/product\/36358","targetHints":{"allow":["GET"]}}],"collection":[{"href":"https:\/\/combi-pro.com\/fr\/wp-json\/wp\/v2\/product"}],"about":[{"href":"https:\/\/combi-pro.com\/fr\/wp-json\/wp\/v2\/types\/product"}],"wp:featuredmedia":[{"embeddable":true,"href":"https:\/\/combi-pro.com\/fr\/wp-json\/wp\/v2\/media\/36359"}],"wp:attachment":[{"href":"https:\/\/combi-pro.com\/fr\/wp-json\/wp\/v2\/media?parent=36358"}],"wp:term":[{"taxonomy":"product_brand","embeddable":true,"href":"https:\/\/combi-pro.com\/fr\/wp-json\/wp\/v2\/product_brand?post=36358"},{"taxonomy":"product_cat","embeddable":true,"href":"https:\/\/combi-pro.com\/fr\/wp-json\/wp\/v2\/product_cat?post=36358"},{"taxonomy":"product_tag","embeddable":true,"href":"https:\/\/combi-pro.com\/fr\/wp-json\/wp\/v2\/product_tag?post=36358"}],"curies":[{"name":"wp","href":"https:\/\/api.w.org\/{rel}","templated":true}]}}