{"id":37118,"date":"2026-05-04T16:01:54","date_gmt":"2026-05-04T14:01:54","guid":{"rendered":"https:\/\/combi-pro.com\/"},"modified":"2026-05-04T16:42:22","modified_gmt":"2026-05-04T14:42:22","slug":"polo-algodon-bicolor-manga-larga-cinta-segmentada-305545-velilla","status":"publish","type":"product","link":"https:\/\/combi-pro.com\/fr\/boutique\/polo-algodon-bicolor-manga-larga-cinta-segmentada-305545-velilla\/","title":{"rendered":"Polo algod\u00f3n bicolor manga larga cinta segmentada 305545 | VELILLA"},"content":{"rendered":"<h3 data-path-to-node=\"3\">Caract\u00e9ristiques techniques<\/h3>\n<ul data-path-to-node=\"4\">\n<li>\n<p data-path-to-node=\"4,0,0\">Dise\u00f1o bicolor con botones, cuello y presillas en color de contraste para una imagen corporativa moderna.<\/p>\n<\/li>\n<li>\n<p data-path-to-node=\"4,1,0\">Cierre central con botones que asegura un ajuste cl\u00e1sico y c\u00f3modo.<\/p>\n<\/li>\n<li>\n<p data-path-to-node=\"4,2,0\">Cintas reflectantes segmentadas y termofijadas en el torso y las mangas (tecnolog\u00eda Reflatex RS), que maximizan la visibilidad y permiten que la prenda acompa\u00f1e el movimiento del cuerpo sin restricciones.<\/p>\n<\/li>\n<li>\n<p data-path-to-node=\"4,3,0\">Cuello y pu\u00f1os de canal\u00e9 para un ajuste ergon\u00f3mico y una mayor durabilidad frente al desgaste.<\/p>\n<\/li>\n<li>\n<p data-path-to-node=\"4,4,0\">Fonctionnalit\u00e9 avec une poche : 1 poche plaqu\u00e9e sur la poitrine.<\/p>\n<\/li>\n<li>\n<p data-path-to-node=\"4,5,0\">Tejido piqu\u00e9 de 150 g\/m\u00b2, ligero y con una excelente gesti\u00f3n de la transpiraci\u00f3n.<\/p>\n<\/li>\n<\/ul>\n<h3 data-path-to-node=\"5\">Tissus<\/h3>\n<ul data-path-to-node=\"6\">\n<li>\n<p data-path-to-node=\"6,0,0\">Piqu\u00e9.<\/p>\n<\/li>\n<li>\n<p data-path-to-node=\"6,1,0\">55 % algod\u00f3n \/ 45 % poli\u00e9ster reciclado RCS.<\/p>\n<\/li>\n<li>\n<p data-path-to-node=\"6,2,0\">Gramaje: 150 g\/m\u00b2.<\/p>\n<\/li>\n<\/ul>\n<h3 data-path-to-node=\"7\">Gamme<\/h3>\n<ul data-path-to-node=\"8\">\n<li>\n<p data-path-to-node=\"8,0,0\">Hi Vis Cotton \/ Cinta Segmentada Reflatex RS.<\/p>\n<\/li>\n<\/ul>\n<h3 data-path-to-node=\"9\">Certification<\/h3>\n<ul data-path-to-node=\"10\">\n<li>\n<p data-path-to-node=\"10,0,0\">EN ISO 20471: CLASE 1 (Normativa de alta visibilidad para entornos de riesgo moderado).<\/p>\n<\/li>\n<li>\n<p data-path-to-node=\"10,1,0\">Certificado RCS (Recycled Claim Standard) por el uso de materiales reciclados.<\/p>\n<\/li>\n<\/ul>\n<h3 data-path-to-node=\"11\">Recommandation d'utilisation<\/h3>\n<ul data-path-to-node=\"12\">\n<li>\n<p data-path-to-node=\"12,0,0\">Ideal para personal de log\u00edstica, transporte, mantenimiento industrial y servicios urbanos que requieran una prenda de manga larga con certificaci\u00f3n Clase 1. Gracias a su composici\u00f3n con algod\u00f3n org\u00e1nico y reciclado, es la opci\u00f3n perfecta para empresas comprometidas con la sostenibilidad y el confort de sus trabajadores.<\/p>\n<\/li>\n<\/ul>\n<p><img decoding=\"async\" class=\"alignnone wp-image-37029\" src=\"https:\/\/combi-pro.com\/wp-content\/uploads\/2026\/05\/en204712_0.webp\" alt=\"\" width=\"84\" height=\"80\" srcset=\"https:\/\/combi-pro.com\/wp-content\/uploads\/2026\/05\/en204712_0.webp 105w, https:\/\/combi-pro.com\/wp-content\/uploads\/2026\/05\/en204712_0-13x12.webp 13w, https:\/\/combi-pro.com\/wp-content\/uploads\/2026\/05\/en204712_0-64x61.webp 64w\" sizes=\"(max-width: 84px) 100vw, 84px\" \/> <img decoding=\"async\" class=\"alignnone wp-image-37028\" src=\"https:\/\/combi-pro.com\/wp-content\/uploads\/2026\/05\/HI-VIS-COTTON_0.png\" alt=\"\" width=\"231\" height=\"80\" srcset=\"https:\/\/combi-pro.com\/wp-content\/uploads\/2026\/05\/HI-VIS-COTTON_0.png 228w, https:\/\/combi-pro.com\/wp-content\/uploads\/2026\/05\/HI-VIS-COTTON_0-18x6.png 18w, https:\/\/combi-pro.com\/wp-content\/uploads\/2026\/05\/HI-VIS-COTTON_0-64x22.png 64w\" sizes=\"(max-width: 231px) 100vw, 231px\" \/> <img decoding=\"async\" class=\"alignnone wp-image-37026\" src=\"https:\/\/combi-pro.com\/wp-content\/uploads\/2026\/05\/TRANSPIRABLE_0.webp\" alt=\"\" width=\"80\" height=\"80\" srcset=\"https:\/\/combi-pro.com\/wp-content\/uploads\/2026\/05\/TRANSPIRABLE_0.webp 100w, https:\/\/combi-pro.com\/wp-content\/uploads\/2026\/05\/TRANSPIRABLE_0-12x12.webp 12w, https:\/\/combi-pro.com\/wp-content\/uploads\/2026\/05\/TRANSPIRABLE_0-64x64.webp 64w\" sizes=\"(max-width: 80px) 100vw, 80px\" \/> <img loading=\"lazy\" decoding=\"async\" class=\"alignnone wp-image-37025\" src=\"https:\/\/combi-pro.com\/wp-content\/uploads\/2026\/05\/REFLATEX-S_0-300x88.webp\" alt=\"\" width=\"271\" height=\"80\" srcset=\"https:\/\/combi-pro.com\/wp-content\/uploads\/2026\/05\/REFLATEX-S_0-300x88.webp 300w, https:\/\/combi-pro.com\/wp-content\/uploads\/2026\/05\/REFLATEX-S_0-18x5.webp 18w, https:\/\/combi-pro.com\/wp-content\/uploads\/2026\/05\/REFLATEX-S_0-64x19.webp 64w, https:\/\/combi-pro.com\/wp-content\/uploads\/2026\/05\/REFLATEX-S_0.webp 339w\" sizes=\"(max-width: 271px) 100vw, 271px\" \/><\/p>","protected":false},"excerpt":{"rendered":"<p data-path-to-node=\"2\">Polo de alta visibilidad bicolor en manga larga, dise\u00f1ado para ofrecer una protecci\u00f3n visual certificada con un enfoque sostenible. Su dise\u00f1o combina el contraste de color con la flexibilidad de las cintas segmentadas para un rendimiento profesional \u00f3ptimo.<\/p>\n<h3 data-path-to-node=\"3\"><img loading=\"lazy\" decoding=\"async\" class=\"alignnone wp-image-37056\" src=\"https:\/\/combi-pro.com\/wp-content\/uploads\/2026\/05\/UPF-30_0-1.webp\" alt=\"\" width=\"57\" height=\"60\" srcset=\"https:\/\/combi-pro.com\/wp-content\/uploads\/2026\/05\/UPF-30_0-1.webp 142w, https:\/\/combi-pro.com\/wp-content\/uploads\/2026\/05\/UPF-30_0-1-11x12.webp 11w, https:\/\/combi-pro.com\/wp-content\/uploads\/2026\/05\/UPF-30_0-1-64x68.webp 64w\" sizes=\"(max-width: 57px) 100vw, 57px\" \/> <img loading=\"lazy\" decoding=\"async\" class=\"alignnone wp-image-37057\" src=\"https:\/\/combi-pro.com\/wp-content\/uploads\/2026\/05\/RCS-Blended_0-1-300x97.webp\" alt=\"\" width=\"185\" height=\"60\" srcset=\"https:\/\/combi-pro.com\/wp-content\/uploads\/2026\/05\/RCS-Blended_0-1-300x97.webp 300w, https:\/\/combi-pro.com\/wp-content\/uploads\/2026\/05\/RCS-Blended_0-1-18x6.webp 18w, https:\/\/combi-pro.com\/wp-content\/uploads\/2026\/05\/RCS-Blended_0-1-450x146.webp 450w, https:\/\/combi-pro.com\/wp-content\/uploads\/2026\/05\/RCS-Blended_0-1-64x21.webp 64w, https:\/\/combi-pro.com\/wp-content\/uploads\/2026\/05\/RCS-Blended_0-1.webp 463w\" sizes=\"(max-width: 185px) 100vw, 185px\" \/> <img loading=\"lazy\" decoding=\"async\" class=\"alignnone wp-image-37053\" src=\"https:\/\/combi-pro.com\/wp-content\/uploads\/2026\/05\/Eco-design_0.webp\" alt=\"\" width=\"68\" height=\"60\" srcset=\"https:\/\/combi-pro.com\/wp-content\/uploads\/2026\/05\/Eco-design_0.webp 113w, https:\/\/combi-pro.com\/wp-content\/uploads\/2026\/05\/Eco-design_0-14x12.webp 14w, https:\/\/combi-pro.com\/wp-content\/uploads\/2026\/05\/Eco-design_0-64x57.webp 64w\" sizes=\"(max-width: 68px) 100vw, 68px\" \/><\/h3>","protected":false},"featured_media":37123,"template":"","meta":{"site-sidebar-layout":"default","site-content-layout":"","ast-site-content-layout":"default","site-content-style":"default","site-sidebar-style":"default","ast-global-header-display":"","ast-banner-title-visibility":"","ast-main-header-display":"","ast-hfb-above-header-display":"","ast-hfb-below-header-display":"","ast-hfb-mobile-header-display":"","site-post-title":"","ast-breadcrumbs-content":"","ast-featured-img":"","footer-sml-layout":"","ast-disable-related-posts":"","theme-transparent-header-meta":"default","adv-header-id-meta":"","stick-header-meta":"","header-above-stick-meta":"","header-main-stick-meta":"","header-below-stick-meta":"","astra-migrate-meta-layouts":"set","ast-page-background-enabled":"default","ast-page-background-meta":{"desktop":{"background-color":"","background-image":"","background-repeat":"repeat","background-position":"center center","background-size":"auto","background-attachment":"scroll","background-type":"","background-media":"","overlay-type":"","overlay-color":"","overlay-opacity":"","overlay-gradient":""},"tablet":{"background-color":"","background-image":"","background-repeat":"repeat","background-position":"center center","background-size":"auto","background-attachment":"scroll","background-type":"","background-media":"","overlay-type":"","overlay-color":"","overlay-opacity":"","overlay-gradient":""},"mobile":{"background-color":"","background-image":"","background-repeat":"repeat","background-position":"center center","background-size":"auto","background-attachment":"scroll","background-type":"","background-media":"","overlay-type":"","overlay-color":"","overlay-opacity":"","overlay-gradient":""}},"ast-content-background-meta":{"desktop":{"background-color":"var(--ast-global-color-5)","background-image":"","background-repeat":"repeat","background-position":"center center","background-size":"auto","background-attachment":"scroll","background-type":"","background-media":"","overlay-type":"","overlay-color":"","overlay-opacity":"","overlay-gradient":""},"tablet":{"background-color":"var(--ast-global-color-5)","background-image":"","background-repeat":"repeat","background-position":"center center","background-size":"auto","background-attachment":"scroll","background-type":"","background-media":"","overlay-type":"","overlay-color":"","overlay-opacity":"","overlay-gradient":""},"mobile":{"background-color":"var(--ast-global-color-5)","background-image":"","background-repeat":"repeat","background-position":"center center","background-size":"auto","background-attachment":"scroll","background-type":"","background-media":"","overlay-type":"","overlay-color":"","overlay-opacity":"","overlay-gradient":""}}},"product_brand":[442],"product_cat":[50,67,102],"product_tag":[],"class_list":{"0":"post-37118","1":"product","2":"type-product","3":"status-publish","4":"has-post-thumbnail","6":"product_brand-velilla","7":"product_cat-ropa-profesional","8":"product_cat-alta-visibilidad","9":"product_cat-polos-alta-visibilidad","10":"desktop-align-center","11":"tablet-align-left","12":"mobile-align-left","14":"first","15":"instock","16":"taxable","17":"shipping-taxable","18":"purchasable","19":"product-type-variable"},"_links":{"self":[{"href":"https:\/\/combi-pro.com\/fr\/wp-json\/wp\/v2\/product\/37118","targetHints":{"allow":["GET"]}}],"collection":[{"href":"https:\/\/combi-pro.com\/fr\/wp-json\/wp\/v2\/product"}],"about":[{"href":"https:\/\/combi-pro.com\/fr\/wp-json\/wp\/v2\/types\/product"}],"wp:featuredmedia":[{"embeddable":true,"href":"https:\/\/combi-pro.com\/fr\/wp-json\/wp\/v2\/media\/37123"}],"wp:attachment":[{"href":"https:\/\/combi-pro.com\/fr\/wp-json\/wp\/v2\/media?parent=37118"}],"wp:term":[{"taxonomy":"product_brand","embeddable":true,"href":"https:\/\/combi-pro.com\/fr\/wp-json\/wp\/v2\/product_brand?post=37118"},{"taxonomy":"product_cat","embeddable":true,"href":"https:\/\/combi-pro.com\/fr\/wp-json\/wp\/v2\/product_cat?post=37118"},{"taxonomy":"product_tag","embeddable":true,"href":"https:\/\/combi-pro.com\/fr\/wp-json\/wp\/v2\/product_tag?post=37118"}],"curies":[{"name":"wp","href":"https:\/\/api.w.org\/{rel}","templated":true}]}}