{"id":37281,"date":"2026-05-05T12:41:09","date_gmt":"2026-05-05T10:41:09","guid":{"rendered":"https:\/\/combi-pro.com\/"},"modified":"2026-05-05T14:38:25","modified_gmt":"2026-05-05T12:38:25","slug":"chaqueta-polar-tecnica-v-dynamix-hi-vis-305730-velilla","status":"publish","type":"product","link":"https:\/\/combi-pro.com\/fr\/boutique\/chaqueta-polar-tecnica-v-dynamix-hi-vis-305730-velilla\/","title":{"rendered":"Chaqueta polar t\u00e9cnica V.Dynamix Hi Vis 305730 | VELILLA"},"content":{"rendered":"<h3 data-path-to-node=\"3\">Caract\u00e9ristiques techniques<\/h3>\n<ul data-path-to-node=\"4\">\n<li>\n<p data-path-to-node=\"4,0,0\">Cierre central con cremallera invertida en color contraste, equipada con un tirador reflectante para facilitar su uso incluso con guantes.<\/p>\n<\/li>\n<li>\n<p data-path-to-node=\"4,1,0\">Tapeta interna vuelta en la parte superior para proteger la barbilla del roce con la cremallera.<\/p>\n<\/li>\n<li>\n<p data-path-to-node=\"4,2,0\">Cintas reflectantes segmentadas y termofijadas en torso y mangas que maximizan la flexibilidad, junto con detalles reflectantes adicionales para una visibilidad 360\u00ba.<\/p>\n<\/li>\n<li>\n<p data-path-to-node=\"4,3,0\">Acabados en canal\u00e9 de color contraste en cuello, pu\u00f1os y cinturilla para un ajuste ergon\u00f3mico que evita la p\u00e9rdida de calor.<\/p>\n<\/li>\n<li>\n<p data-path-to-node=\"4,4,0\">Cubrecosturas del cuello reforzado e incluye un pr\u00e1ctico tirador para colgar.<\/p>\n<\/li>\n<li>\n<p data-path-to-node=\"4,5,0\">Gran capacidad de almacenamiento con cinco bolsillos:<\/p>\n<ul data-path-to-node=\"4,5,1\">\n<li>\n<p data-path-to-node=\"4,5,1,0,0\">1 bolsillo de parche en el pecho con cremallera termosellada.<\/p>\n<\/li>\n<li>\n<p data-path-to-node=\"4,5,1,1,0\">2 bolsillos laterales con cremallera oculta.<\/p>\n<\/li>\n<li>\n<p data-path-to-node=\"4,5,1,2,0\">2 bolsillos interiores de parche.<\/p>\n<\/li>\n<\/ul>\n<\/li>\n<\/ul>\n<h3 data-path-to-node=\"5\">Tissus<\/h3>\n<ul data-path-to-node=\"6\">\n<li>\n<p data-path-to-node=\"6,0,0\">Polar t\u00e9cnico de alta densidad.<\/p>\n<\/li>\n<li>\n<p data-path-to-node=\"6,1,0\">100 % poli\u00e9ster reciclado GRS.<\/p>\n<\/li>\n<li>\n<p data-path-to-node=\"6,2,0\">Poids : 300 g\/m\u00b2.<\/p>\n<\/li>\n<\/ul>\n<h3 data-path-to-node=\"7\">Gamme<\/h3>\n<ul data-path-to-node=\"8\">\n<li>\n<p data-path-to-node=\"8,0,0\">V.Dynamix Hi Vis (L\u00ednea t\u00e9cnica de alta visibilidad).<\/p>\n<\/li>\n<\/ul>\n<h3 data-path-to-node=\"9\">Certification<\/h3>\n<ul data-path-to-node=\"10\">\n<li>\n<p data-path-to-node=\"10,0,0\">EN ISO 20471: CLASE 2 (Alta visibilidad).<\/p>\n<\/li>\n<li>\n<p data-path-to-node=\"10,1,0\">EN 14058: CLASE 1\/1\/X\/X (Protecci\u00f3n contra ambientes fr\u00edos).<\/p>\n<\/li>\n<li>\n<p data-path-to-node=\"10,2,0\">EN 13758-2: UPF 50+ (Protecci\u00f3n contra la radiaci\u00f3n UV solar).<\/p>\n<\/li>\n<li>\n<p data-path-to-node=\"10,3,0\">GRS (Global Recycled Standard).<\/p>\n<\/li>\n<\/ul>\n<h3 data-path-to-node=\"11\">Recommandation d'utilisation<\/h3>\n<ul data-path-to-node=\"12\">\n<li>\n<p data-path-to-node=\"12,0,0\">Ideal para profesionales que trabajan en exteriores con temperaturas bajas y requieren una prenda t\u00e9cnica que no limite el movimiento. Perfecta para sectores como energ\u00edas renovables, mantenimiento industrial avanzado y log\u00edstica exterior donde se busca sostenibilidad, protecci\u00f3n UV y alta visibilidad en una sola prenda.<\/p>\n<\/li>\n<\/ul>\n<p><img decoding=\"async\" class=\"alignnone wp-image-37282\" src=\"https:\/\/combi-pro.com\/wp-content\/uploads\/2026\/05\/en204712_0-1.webp\" alt=\"\" width=\"84\" height=\"80\" srcset=\"https:\/\/combi-pro.com\/wp-content\/uploads\/2026\/05\/en204712_0-1.webp 105w, https:\/\/combi-pro.com\/wp-content\/uploads\/2026\/05\/en204712_0-1-13x12.webp 13w, https:\/\/combi-pro.com\/wp-content\/uploads\/2026\/05\/en204712_0-1-64x61.webp 64w\" sizes=\"(max-width: 84px) 100vw, 84px\" \/> <img decoding=\"async\" class=\"alignnone wp-image-37292\" src=\"https:\/\/combi-pro.com\/wp-content\/uploads\/2026\/05\/REFLATEX-S_0-1-300x88.webp\" alt=\"\" width=\"271\" height=\"80\" srcset=\"https:\/\/combi-pro.com\/wp-content\/uploads\/2026\/05\/REFLATEX-S_0-1-300x88.webp 300w, https:\/\/combi-pro.com\/wp-content\/uploads\/2026\/05\/REFLATEX-S_0-1-18x5.webp 18w, https:\/\/combi-pro.com\/wp-content\/uploads\/2026\/05\/REFLATEX-S_0-1-64x19.webp 64w, https:\/\/combi-pro.com\/wp-content\/uploads\/2026\/05\/REFLATEX-S_0-1.webp 339w\" sizes=\"(max-width: 271px) 100vw, 271px\" \/> <img decoding=\"async\" class=\"alignnone wp-image-37291\" src=\"https:\/\/combi-pro.com\/wp-content\/uploads\/2026\/05\/Breathable-2_0.webp\" alt=\"\" width=\"81\" height=\"80\" srcset=\"https:\/\/combi-pro.com\/wp-content\/uploads\/2026\/05\/Breathable-2_0.webp 101w, https:\/\/combi-pro.com\/wp-content\/uploads\/2026\/05\/Breathable-2_0-12x12.webp 12w, https:\/\/combi-pro.com\/wp-content\/uploads\/2026\/05\/Breathable-2_0-64x63.webp 64w\" sizes=\"(max-width: 81px) 100vw, 81px\" \/> <img loading=\"lazy\" decoding=\"async\" class=\"alignnone wp-image-37290\" src=\"https:\/\/combi-pro.com\/wp-content\/uploads\/2026\/05\/EN14058_0.png\" alt=\"\" width=\"71\" height=\"80\" srcset=\"https:\/\/combi-pro.com\/wp-content\/uploads\/2026\/05\/EN14058_0.png 75w, https:\/\/combi-pro.com\/wp-content\/uploads\/2026\/05\/EN14058_0-11x12.png 11w, https:\/\/combi-pro.com\/wp-content\/uploads\/2026\/05\/EN14058_0-64x72.png 64w\" sizes=\"(max-width: 71px) 100vw, 71px\" \/><\/p>","protected":false},"excerpt":{"rendered":"<p data-path-to-node=\"2\">Chaqueta polar t\u00e9cnica de alta visibilidad perteneciente a la serie V.Dynamix, dise\u00f1ada para ofrecer el m\u00e1ximo rendimiento t\u00e9rmico y seguridad en entornos laborales exigentes. Confeccionada con poli\u00e9ster reciclado certificado, combina protecci\u00f3n contra el fr\u00edo, visibilidad avanzada y una excelente capacidad de almacenamiento.<\/p>\n<p data-path-to-node=\"2\"><img loading=\"lazy\" decoding=\"async\" class=\"alignnone wp-image-37053\" src=\"https:\/\/combi-pro.com\/wp-content\/uploads\/2026\/05\/Eco-design_0.webp\" alt=\"\" width=\"68\" height=\"60\" srcset=\"https:\/\/combi-pro.com\/wp-content\/uploads\/2026\/05\/Eco-design_0.webp 113w, https:\/\/combi-pro.com\/wp-content\/uploads\/2026\/05\/Eco-design_0-14x12.webp 14w, https:\/\/combi-pro.com\/wp-content\/uploads\/2026\/05\/Eco-design_0-64x57.webp 64w\" sizes=\"(max-width: 68px) 100vw, 68px\" \/> <img loading=\"lazy\" decoding=\"async\" class=\"alignnone wp-image-37057\" src=\"https:\/\/combi-pro.com\/wp-content\/uploads\/2026\/05\/RCS-Blended_0-1-300x97.webp\" alt=\"\" width=\"185\" height=\"60\" srcset=\"https:\/\/combi-pro.com\/wp-content\/uploads\/2026\/05\/RCS-Blended_0-1-300x97.webp 300w, https:\/\/combi-pro.com\/wp-content\/uploads\/2026\/05\/RCS-Blended_0-1-18x6.webp 18w, https:\/\/combi-pro.com\/wp-content\/uploads\/2026\/05\/RCS-Blended_0-1-450x146.webp 450w, https:\/\/combi-pro.com\/wp-content\/uploads\/2026\/05\/RCS-Blended_0-1-64x21.webp 64w, https:\/\/combi-pro.com\/wp-content\/uploads\/2026\/05\/RCS-Blended_0-1.webp 463w\" sizes=\"(max-width: 185px) 100vw, 185px\" \/> <img loading=\"lazy\" decoding=\"async\" class=\"alignnone wp-image-37051\" src=\"https:\/\/combi-pro.com\/wp-content\/uploads\/2026\/05\/UPF-30_0.webp\" alt=\"\" width=\"57\" height=\"60\" srcset=\"https:\/\/combi-pro.com\/wp-content\/uploads\/2026\/05\/UPF-30_0.webp 142w, https:\/\/combi-pro.com\/wp-content\/uploads\/2026\/05\/UPF-30_0-11x12.webp 11w, https:\/\/combi-pro.com\/wp-content\/uploads\/2026\/05\/UPF-30_0-64x68.webp 64w\" sizes=\"(max-width: 57px) 100vw, 57px\" \/><\/p>\n<h3 data-path-to-node=\"3\"><\/h3>","protected":false},"featured_media":37289,"template":"","meta":{"site-sidebar-layout":"default","site-content-layout":"","ast-site-content-layout":"default","site-content-style":"default","site-sidebar-style":"default","ast-global-header-display":"","ast-banner-title-visibility":"","ast-main-header-display":"","ast-hfb-above-header-display":"","ast-hfb-below-header-display":"","ast-hfb-mobile-header-display":"","site-post-title":"","ast-breadcrumbs-content":"","ast-featured-img":"","footer-sml-layout":"","ast-disable-related-posts":"","theme-transparent-header-meta":"default","adv-header-id-meta":"","stick-header-meta":"","header-above-stick-meta":"","header-main-stick-meta":"","header-below-stick-meta":"","astra-migrate-meta-layouts":"set","ast-page-background-enabled":"default","ast-page-background-meta":{"desktop":{"background-color":"","background-image":"","background-repeat":"repeat","background-position":"center center","background-size":"auto","background-attachment":"scroll","background-type":"","background-media":"","overlay-type":"","overlay-color":"","overlay-opacity":"","overlay-gradient":""},"tablet":{"background-color":"","background-image":"","background-repeat":"repeat","background-position":"center center","background-size":"auto","background-attachment":"scroll","background-type":"","background-media":"","overlay-type":"","overlay-color":"","overlay-opacity":"","overlay-gradient":""},"mobile":{"background-color":"","background-image":"","background-repeat":"repeat","background-position":"center center","background-size":"auto","background-attachment":"scroll","background-type":"","background-media":"","overlay-type":"","overlay-color":"","overlay-opacity":"","overlay-gradient":""}},"ast-content-background-meta":{"desktop":{"background-color":"var(--ast-global-color-5)","background-image":"","background-repeat":"repeat","background-position":"center center","background-size":"auto","background-attachment":"scroll","background-type":"","background-media":"","overlay-type":"","overlay-color":"","overlay-opacity":"","overlay-gradient":""},"tablet":{"background-color":"var(--ast-global-color-5)","background-image":"","background-repeat":"repeat","background-position":"center center","background-size":"auto","background-attachment":"scroll","background-type":"","background-media":"","overlay-type":"","overlay-color":"","overlay-opacity":"","overlay-gradient":""},"mobile":{"background-color":"var(--ast-global-color-5)","background-image":"","background-repeat":"repeat","background-position":"center center","background-size":"auto","background-attachment":"scroll","background-type":"","background-media":"","overlay-type":"","overlay-color":"","overlay-opacity":"","overlay-gradient":""}}},"product_brand":[442],"product_cat":[50,67,105],"product_tag":[],"class_list":{"0":"post-37281","1":"product","2":"type-product","3":"status-publish","4":"has-post-thumbnail","6":"product_brand-velilla","7":"product_cat-ropa-profesional","8":"product_cat-alta-visibilidad","9":"product_cat-sudaderas-alta-visibilidad","10":"desktop-align-center","11":"tablet-align-left","12":"mobile-align-left","14":"first","15":"instock","16":"taxable","17":"shipping-taxable","18":"purchasable","19":"product-type-variable","20":"has-default-attributes"},"_links":{"self":[{"href":"https:\/\/combi-pro.com\/fr\/wp-json\/wp\/v2\/product\/37281","targetHints":{"allow":["GET"]}}],"collection":[{"href":"https:\/\/combi-pro.com\/fr\/wp-json\/wp\/v2\/product"}],"about":[{"href":"https:\/\/combi-pro.com\/fr\/wp-json\/wp\/v2\/types\/product"}],"wp:featuredmedia":[{"embeddable":true,"href":"https:\/\/combi-pro.com\/fr\/wp-json\/wp\/v2\/media\/37289"}],"wp:attachment":[{"href":"https:\/\/combi-pro.com\/fr\/wp-json\/wp\/v2\/media?parent=37281"}],"wp:term":[{"taxonomy":"product_brand","embeddable":true,"href":"https:\/\/combi-pro.com\/fr\/wp-json\/wp\/v2\/product_brand?post=37281"},{"taxonomy":"product_cat","embeddable":true,"href":"https:\/\/combi-pro.com\/fr\/wp-json\/wp\/v2\/product_cat?post=37281"},{"taxonomy":"product_tag","embeddable":true,"href":"https:\/\/combi-pro.com\/fr\/wp-json\/wp\/v2\/product_tag?post=37281"}],"curies":[{"name":"wp","href":"https:\/\/api.w.org\/{rel}","templated":true}]}}