{"id":37317,"date":"2026-05-05T13:03:09","date_gmt":"2026-05-05T11:03:09","guid":{"rendered":"https:\/\/combi-pro.com\/"},"modified":"2026-05-05T14:40:42","modified_gmt":"2026-05-05T12:40:42","slug":"camiseta-tecnica-v-dynamix-hi-vis-305630-velilla","status":"publish","type":"product","link":"https:\/\/combi-pro.com\/fr\/boutique\/camiseta-tecnica-v-dynamix-hi-vis-305630-velilla\/","title":{"rendered":"Camiseta t\u00e9cnica V.Dynamix Hi Vis 305630 | VELILLA"},"content":{"rendered":"<h3 data-path-to-node=\"3\">Caract\u00e9ristiques techniques<\/h3>\n<ul data-path-to-node=\"4\">\n<li>\n<p data-path-to-node=\"4,0,0\">Dise\u00f1o confort unisex, con un patr\u00f3n ergon\u00f3mico que se adapta a cualquier usuario.<\/p>\n<\/li>\n<li>\n<p data-path-to-node=\"4,1,0\">Tratamiento antibacteriano, que previene la proliferaci\u00f3n de bacterias y la aparici\u00f3n de malos olores, manteniendo la prenda fresca por m\u00e1s tiempo.<\/p>\n<\/li>\n<li>\n<p data-path-to-node=\"4,2,0\">Tratamiento termorregulador, que ayuda a mantener una temperatura corporal \u00f3ptima y gestiona la humedad de forma eficiente.<\/p>\n<\/li>\n<li>\n<p data-path-to-node=\"4,3,0\">Cuello redondo de canal\u00e9 para un ajuste suave y resistente al uso.<\/p>\n<\/li>\n<li>\n<p data-path-to-node=\"4,4,0\">Cintas reflectantes segmentadas y termofijadas en el torso, que permiten que la prenda sea el\u00e1stica y flexible, junto con detalles reflectantes adicionales para una mayor seguridad.<\/p>\n<\/li>\n<li>\n<p data-path-to-node=\"4,5,0\">Cubrecosturas del cuello reforzado e incluye un funcional tirador para colgar.<\/p>\n<\/li>\n<\/ul>\n<h3 data-path-to-node=\"5\">Tissus<\/h3>\n<ul>\n<li data-path-to-node=\"6,0,0\">Micro bird-eye (tejido t\u00e9cnico transpirable).<\/li>\n<li data-path-to-node=\"6,1,0\">100 % poli\u00e9ster reciclado GRS.<\/li>\n<li data-path-to-node=\"6,2,0\">Poids : 160 g\/m\u00b2.<\/li>\n<\/ul>\n<h3 data-path-to-node=\"7\">Gamme<\/h3>\n<ul data-path-to-node=\"8\">\n<li>\n<p data-path-to-node=\"8,0,0\">V.Dynamix Hi Vis.<\/p>\n<\/li>\n<\/ul>\n<h3 data-path-to-node=\"9\">Certification<\/h3>\n<ul data-path-to-node=\"10\">\n<li>\n<p data-path-to-node=\"10,0,0\">EN ISO 20471: CLASE 2 (Alta visibilidad certificada).<\/p>\n<\/li>\n<li>\n<p data-path-to-node=\"10,1,0\">EN 13758-2: UPF 50+ (Protecci\u00f3n m\u00e1xima contra la radiaci\u00f3n UV solar).<\/p>\n<\/li>\n<li>\n<p data-path-to-node=\"10,2,0\">GRS (Global Recycled Standard), garantizando el origen reciclado de las fibras.<\/p>\n<\/li>\n<\/ul>\n<h3 data-path-to-node=\"11\">Recommandation d'utilisation<\/h3>\n<ul data-path-to-node=\"12\">\n<li>\n<p data-path-to-node=\"12,0,0\">Especialmente indicada para operarios que realizan esfuerzos f\u00edsicos intensos en exteriores o entornos de alta temperatura. Su protecci\u00f3n UV 50+ y sus propiedades antibacterianas la hacen ideal para servicios de mantenimiento, obras p\u00fablicas y log\u00edstica de alto rendimiento donde se requiere visibilidad Clase 2 y un confort t\u00e9cnico superior.<\/p>\n<\/li>\n<\/ul>\n<p><img decoding=\"async\" class=\"alignnone wp-image-15584\" src=\"https:\/\/combi-pro.com\/wp-content\/uploads\/2025\/05\/Antibacterial-300x213.png\" alt=\"\" width=\"113\" height=\"80\" srcset=\"https:\/\/combi-pro.com\/wp-content\/uploads\/2025\/05\/Antibacterial-300x213.png 300w, https:\/\/combi-pro.com\/wp-content\/uploads\/2025\/05\/Antibacterial-450x320.png 450w, https:\/\/combi-pro.com\/wp-content\/uploads\/2025\/05\/Antibacterial-64x45.png 64w, https:\/\/combi-pro.com\/wp-content\/uploads\/2025\/05\/Antibacterial-18x12.png 18w, https:\/\/combi-pro.com\/wp-content\/uploads\/2025\/05\/Antibacterial.png 570w\" sizes=\"(max-width: 113px) 100vw, 113px\" \/> <img decoding=\"async\" class=\"alignnone wp-image-33921\" src=\"https:\/\/combi-pro.com\/wp-content\/uploads\/2026\/02\/silver_0-300x73.webp\" alt=\"\" width=\"327\" height=\"80\" srcset=\"https:\/\/combi-pro.com\/wp-content\/uploads\/2026\/02\/silver_0-300x73.webp 300w, https:\/\/combi-pro.com\/wp-content\/uploads\/2026\/02\/silver_0-18x4.webp 18w, https:\/\/combi-pro.com\/wp-content\/uploads\/2026\/02\/silver_0-64x16.webp 64w, https:\/\/combi-pro.com\/wp-content\/uploads\/2026\/02\/silver_0.webp 409w\" sizes=\"(max-width: 327px) 100vw, 327px\" \/> <img decoding=\"async\" class=\"alignnone wp-image-37318\" src=\"https:\/\/combi-pro.com\/wp-content\/uploads\/2026\/05\/Cool-menthol_0-1.png\" alt=\"\" width=\"141\" height=\"80\" srcset=\"https:\/\/combi-pro.com\/wp-content\/uploads\/2026\/05\/Cool-menthol_0-1.png 187w, https:\/\/combi-pro.com\/wp-content\/uploads\/2026\/05\/Cool-menthol_0-1-18x10.png 18w, https:\/\/combi-pro.com\/wp-content\/uploads\/2026\/05\/Cool-menthol_0-1-64x36.png 64w\" sizes=\"(max-width: 141px) 100vw, 141px\" \/> <img loading=\"lazy\" decoding=\"async\" class=\"alignnone wp-image-37292\" src=\"https:\/\/combi-pro.com\/wp-content\/uploads\/2026\/05\/REFLATEX-S_0-1-300x88.webp\" alt=\"\" width=\"271\" height=\"80\" srcset=\"https:\/\/combi-pro.com\/wp-content\/uploads\/2026\/05\/REFLATEX-S_0-1-300x88.webp 300w, https:\/\/combi-pro.com\/wp-content\/uploads\/2026\/05\/REFLATEX-S_0-1-18x5.webp 18w, https:\/\/combi-pro.com\/wp-content\/uploads\/2026\/05\/REFLATEX-S_0-1-64x19.webp 64w, https:\/\/combi-pro.com\/wp-content\/uploads\/2026\/05\/REFLATEX-S_0-1.webp 339w\" sizes=\"(max-width: 271px) 100vw, 271px\" \/> <img loading=\"lazy\" decoding=\"async\" class=\"alignnone wp-image-37291\" src=\"https:\/\/combi-pro.com\/wp-content\/uploads\/2026\/05\/Breathable-2_0.webp\" alt=\"\" width=\"81\" height=\"80\" srcset=\"https:\/\/combi-pro.com\/wp-content\/uploads\/2026\/05\/Breathable-2_0.webp 101w, https:\/\/combi-pro.com\/wp-content\/uploads\/2026\/05\/Breathable-2_0-12x12.webp 12w, https:\/\/combi-pro.com\/wp-content\/uploads\/2026\/05\/Breathable-2_0-64x63.webp 64w\" sizes=\"(max-width: 81px) 100vw, 81px\" \/> <img loading=\"lazy\" decoding=\"async\" class=\"alignnone wp-image-37282\" src=\"https:\/\/combi-pro.com\/wp-content\/uploads\/2026\/05\/en204712_0-1.webp\" alt=\"\" width=\"84\" height=\"80\" srcset=\"https:\/\/combi-pro.com\/wp-content\/uploads\/2026\/05\/en204712_0-1.webp 105w, https:\/\/combi-pro.com\/wp-content\/uploads\/2026\/05\/en204712_0-1-13x12.webp 13w, https:\/\/combi-pro.com\/wp-content\/uploads\/2026\/05\/en204712_0-1-64x61.webp 64w\" sizes=\"(max-width: 84px) 100vw, 84px\" \/><\/p>","protected":false},"excerpt":{"rendered":"<p data-path-to-node=\"2\">Camiseta t\u00e9cnica de alta visibilidad dise\u00f1ada bajo la l\u00ednea premium V.Dynamix, que combina seguridad avanzada con las \u00faltimas innovaciones en confort textil. Gracias a su tejido reciclado y sus tratamientos t\u00e9cnicos, es la prenda definitiva para el rendimiento laboral en condiciones exigentes.<\/p>\n<p data-path-to-node=\"2\"><img loading=\"lazy\" decoding=\"async\" class=\"alignnone wp-image-37053\" src=\"https:\/\/combi-pro.com\/wp-content\/uploads\/2026\/05\/Eco-design_0.webp\" alt=\"\" width=\"68\" height=\"60\" srcset=\"https:\/\/combi-pro.com\/wp-content\/uploads\/2026\/05\/Eco-design_0.webp 113w, https:\/\/combi-pro.com\/wp-content\/uploads\/2026\/05\/Eco-design_0-14x12.webp 14w, https:\/\/combi-pro.com\/wp-content\/uploads\/2026\/05\/Eco-design_0-64x57.webp 64w\" sizes=\"(max-width: 68px) 100vw, 68px\" \/> <img loading=\"lazy\" decoding=\"async\" class=\"alignnone wp-image-37052\" src=\"https:\/\/combi-pro.com\/wp-content\/uploads\/2026\/05\/RCS-Blended_0-300x97.webp\" alt=\"\" width=\"185\" height=\"60\" srcset=\"https:\/\/combi-pro.com\/wp-content\/uploads\/2026\/05\/RCS-Blended_0-300x97.webp 300w, https:\/\/combi-pro.com\/wp-content\/uploads\/2026\/05\/RCS-Blended_0-18x6.webp 18w, https:\/\/combi-pro.com\/wp-content\/uploads\/2026\/05\/RCS-Blended_0-450x146.webp 450w, https:\/\/combi-pro.com\/wp-content\/uploads\/2026\/05\/RCS-Blended_0-64x21.webp 64w, https:\/\/combi-pro.com\/wp-content\/uploads\/2026\/05\/RCS-Blended_0.webp 463w\" sizes=\"(max-width: 185px) 100vw, 185px\" \/> <img loading=\"lazy\" decoding=\"async\" class=\"alignnone wp-image-37056\" src=\"https:\/\/combi-pro.com\/wp-content\/uploads\/2026\/05\/UPF-30_0-1.webp\" alt=\"\" width=\"57\" height=\"60\" srcset=\"https:\/\/combi-pro.com\/wp-content\/uploads\/2026\/05\/UPF-30_0-1.webp 142w, https:\/\/combi-pro.com\/wp-content\/uploads\/2026\/05\/UPF-30_0-1-11x12.webp 11w, https:\/\/combi-pro.com\/wp-content\/uploads\/2026\/05\/UPF-30_0-1-64x68.webp 64w\" sizes=\"(max-width: 57px) 100vw, 57px\" \/><\/p>\n<h3 data-path-to-node=\"3\"><\/h3>","protected":false},"featured_media":37325,"template":"","meta":{"site-sidebar-layout":"default","site-content-layout":"","ast-site-content-layout":"default","site-content-style":"default","site-sidebar-style":"default","ast-global-header-display":"","ast-banner-title-visibility":"","ast-main-header-display":"","ast-hfb-above-header-display":"","ast-hfb-below-header-display":"","ast-hfb-mobile-header-display":"","site-post-title":"","ast-breadcrumbs-content":"","ast-featured-img":"","footer-sml-layout":"","ast-disable-related-posts":"","theme-transparent-header-meta":"default","adv-header-id-meta":"","stick-header-meta":"","header-above-stick-meta":"","header-main-stick-meta":"","header-below-stick-meta":"","astra-migrate-meta-layouts":"set","ast-page-background-enabled":"default","ast-page-background-meta":{"desktop":{"background-color":"","background-image":"","background-repeat":"repeat","background-position":"center center","background-size":"auto","background-attachment":"scroll","background-type":"","background-media":"","overlay-type":"","overlay-color":"","overlay-opacity":"","overlay-gradient":""},"tablet":{"background-color":"","background-image":"","background-repeat":"repeat","background-position":"center center","background-size":"auto","background-attachment":"scroll","background-type":"","background-media":"","overlay-type":"","overlay-color":"","overlay-opacity":"","overlay-gradient":""},"mobile":{"background-color":"","background-image":"","background-repeat":"repeat","background-position":"center center","background-size":"auto","background-attachment":"scroll","background-type":"","background-media":"","overlay-type":"","overlay-color":"","overlay-opacity":"","overlay-gradient":""}},"ast-content-background-meta":{"desktop":{"background-color":"var(--ast-global-color-5)","background-image":"","background-repeat":"repeat","background-position":"center center","background-size":"auto","background-attachment":"scroll","background-type":"","background-media":"","overlay-type":"","overlay-color":"","overlay-opacity":"","overlay-gradient":""},"tablet":{"background-color":"var(--ast-global-color-5)","background-image":"","background-repeat":"repeat","background-position":"center center","background-size":"auto","background-attachment":"scroll","background-type":"","background-media":"","overlay-type":"","overlay-color":"","overlay-opacity":"","overlay-gradient":""},"mobile":{"background-color":"var(--ast-global-color-5)","background-image":"","background-repeat":"repeat","background-position":"center center","background-size":"auto","background-attachment":"scroll","background-type":"","background-media":"","overlay-type":"","overlay-color":"","overlay-opacity":"","overlay-gradient":""}}},"product_brand":[442],"product_cat":[50,67,95],"product_tag":[],"class_list":{"0":"post-37317","1":"product","2":"type-product","3":"status-publish","4":"has-post-thumbnail","6":"product_brand-velilla","7":"product_cat-ropa-profesional","8":"product_cat-alta-visibilidad","9":"product_cat-camisetas-alta-visibilidad","10":"desktop-align-center","11":"tablet-align-left","12":"mobile-align-left","14":"first","15":"instock","16":"taxable","17":"shipping-taxable","18":"purchasable","19":"product-type-variable","20":"has-default-attributes"},"_links":{"self":[{"href":"https:\/\/combi-pro.com\/fr\/wp-json\/wp\/v2\/product\/37317","targetHints":{"allow":["GET"]}}],"collection":[{"href":"https:\/\/combi-pro.com\/fr\/wp-json\/wp\/v2\/product"}],"about":[{"href":"https:\/\/combi-pro.com\/fr\/wp-json\/wp\/v2\/types\/product"}],"wp:featuredmedia":[{"embeddable":true,"href":"https:\/\/combi-pro.com\/fr\/wp-json\/wp\/v2\/media\/37325"}],"wp:attachment":[{"href":"https:\/\/combi-pro.com\/fr\/wp-json\/wp\/v2\/media?parent=37317"}],"wp:term":[{"taxonomy":"product_brand","embeddable":true,"href":"https:\/\/combi-pro.com\/fr\/wp-json\/wp\/v2\/product_brand?post=37317"},{"taxonomy":"product_cat","embeddable":true,"href":"https:\/\/combi-pro.com\/fr\/wp-json\/wp\/v2\/product_cat?post=37317"},{"taxonomy":"product_tag","embeddable":true,"href":"https:\/\/combi-pro.com\/fr\/wp-json\/wp\/v2\/product_tag?post=37317"}],"curies":[{"name":"wp","href":"https:\/\/api.w.org\/{rel}","templated":true}]}}