{"id":4674,"date":"2024-03-05T10:47:53","date_gmt":"2024-03-05T09:47:53","guid":{"rendered":"https:\/\/combi-pro.com\/?post_type=product&#038;p=4674"},"modified":"2026-05-13T16:32:24","modified_gmt":"2026-05-13T14:32:24","slug":"103011b-pantalon-en-toile-bicolore","status":"publish","type":"product","link":"https:\/\/combi-pro.com\/fr\/boutique\/103011b-pantalon-en-toile-bicolore\/","title":{"rendered":"Pantalon de travail en toile bicolore avec poches multiples et renforts 103011B | VELILLA"},"content":{"rendered":"<p data-start=\"633\" data-end=\"665\"><strong data-start=\"636\" data-end=\"665\">Caract\u00e9ristiques techniques :<\/strong><\/p>\n<ul>\n<li data-start=\"669\" data-end=\"708\">Fermeture centrale \u00e0 glissi\u00e8re et bouton<\/li>\n<li data-start=\"711\" data-end=\"739\">Renforcement du tissu \u00e0 l'arri\u00e8re<\/li>\n<li data-start=\"742\" data-end=\"774\">Renfort en tissu aux genoux<\/li>\n<li data-start=\"777\" data-end=\"798\">Taille \u00e9lastiqu\u00e9e<\/li>\n<li data-start=\"801\" data-end=\"829\">Double couture de s\u00e9curit\u00e9<\/li>\n<li data-start=\"832\" data-end=\"861\">D\u00e9tails de couleurs contrast\u00e9es<\/li>\n<li data-start=\"864\" data-end=\"909\">Boucle d'outils sur la jambe droite<\/li>\n<li data-start=\"912\" data-end=\"934\">Clips de genou<\/li>\n<li data-start=\"937\" data-end=\"963\">10 poches fonctionnelles<\/li>\n<\/ul>\n<p data-start=\"965\" data-end=\"1037\"><strong data-start=\"968\" data-end=\"979\">Tissu:<\/strong><\/p>\n<ul>\n<li data-start=\"965\" data-end=\"1037\">Toile. 65% Polyester - 35% Coton<\/li>\n<li data-start=\"965\" data-end=\"1037\">Grammage : 290 g\/m\u00b2.<\/li>\n<\/ul>\n<p data-start=\"1039\" data-end=\"1065\"><strong data-start=\"1042\" data-end=\"1051\">Gamme : <\/strong>Match solide<\/p>\n<p data-start=\"1067\" data-end=\"1254\"><strong data-start=\"1069\" data-end=\"1094\">Recommandation d'utilisation :<\/strong><\/p>\n<ul>\n<li data-start=\"1067\" data-end=\"1254\">Con\u00e7u pour les environnements professionnels exigeants, ce pantalon offre une grande r\u00e9sistance, une grande mobilit\u00e9 et une grande capacit\u00e9 de stockage dans un design moderne bicolore.<\/li>\n<\/ul>","protected":false},"excerpt":{"rendered":"<p data-start=\"262\" data-end=\"449\">Pantalon de travail bicolore multipoches avec renforts aux genoux et au dos. Haute r\u00e9sistance, contraste moderne et utilit\u00e9 maximale.<\/p>\n<p><img decoding=\"async\" class=\"alignnone wp-image-15234\" src=\"https:\/\/combi-pro.com\/wp-content\/uploads\/2025\/04\/icon-solidmatch.png\" alt=\"\" width=\"214\" height=\"40\" srcset=\"https:\/\/combi-pro.com\/wp-content\/uploads\/2025\/04\/icon-solidmatch.png 251w, https:\/\/combi-pro.com\/wp-content\/uploads\/2025\/04\/icon-solidmatch-64x12.png 64w, https:\/\/combi-pro.com\/wp-content\/uploads\/2025\/04\/icon-solidmatch-18x3.png 18w\" sizes=\"(max-width: 214px) 100vw, 214px\" \/> <img decoding=\"async\" class=\"alignnone wp-image-15228\" src=\"https:\/\/combi-pro.com\/wp-content\/uploads\/2025\/04\/icon-w290.png\" alt=\"\" width=\"120\" height=\"40\" srcset=\"https:\/\/combi-pro.com\/wp-content\/uploads\/2025\/04\/icon-w290.png 228w, https:\/\/combi-pro.com\/wp-content\/uploads\/2025\/04\/icon-w290-64x21.png 64w, https:\/\/combi-pro.com\/wp-content\/uploads\/2025\/04\/icon-w290-18x6.png 18w\" sizes=\"(max-width: 120px) 100vw, 120px\" \/> <img decoding=\"async\" class=\"alignnone wp-image-15217\" src=\"https:\/\/combi-pro.com\/wp-content\/uploads\/2025\/04\/icon-10pockets.png\" alt=\"\" width=\"40\" height=\"40\" srcset=\"https:\/\/combi-pro.com\/wp-content\/uploads\/2025\/04\/icon-10pockets.png 134w, https:\/\/combi-pro.com\/wp-content\/uploads\/2025\/04\/icon-10pockets-100x100.png 100w, https:\/\/combi-pro.com\/wp-content\/uploads\/2025\/04\/icon-10pockets-64x64.png 64w, https:\/\/combi-pro.com\/wp-content\/uploads\/2025\/04\/icon-10pockets-12x12.png 12w\" sizes=\"(max-width: 40px) 100vw, 40px\" \/> <img loading=\"lazy\" decoding=\"async\" class=\"alignnone wp-image-15223\" src=\"https:\/\/combi-pro.com\/wp-content\/uploads\/2025\/04\/icon-knee.png\" alt=\"\" width=\"40\" height=\"40\" srcset=\"https:\/\/combi-pro.com\/wp-content\/uploads\/2025\/04\/icon-knee.png 134w, https:\/\/combi-pro.com\/wp-content\/uploads\/2025\/04\/icon-knee-100x100.png 100w, https:\/\/combi-pro.com\/wp-content\/uploads\/2025\/04\/icon-knee-64x64.png 64w, https:\/\/combi-pro.com\/wp-content\/uploads\/2025\/04\/icon-knee-12x12.png 12w\" sizes=\"(max-width: 40px) 100vw, 40px\" \/> <img loading=\"lazy\" decoding=\"async\" class=\"alignnone wp-image-15222\" src=\"https:\/\/combi-pro.com\/wp-content\/uploads\/2025\/04\/icon-kneeback.png\" alt=\"\" width=\"40\" height=\"40\" srcset=\"https:\/\/combi-pro.com\/wp-content\/uploads\/2025\/04\/icon-kneeback.png 134w, https:\/\/combi-pro.com\/wp-content\/uploads\/2025\/04\/icon-kneeback-100x100.png 100w, https:\/\/combi-pro.com\/wp-content\/uploads\/2025\/04\/icon-kneeback-64x64.png 64w, https:\/\/combi-pro.com\/wp-content\/uploads\/2025\/04\/icon-kneeback-12x12.png 12w\" sizes=\"(max-width: 40px) 100vw, 40px\" \/><\/p>\n<p><strong>GUIDE DES TAILLES<\/strong><\/p>\n<p><strong><img loading=\"lazy\" decoding=\"async\" class=\"alignnone wp-image-17866\" src=\"https:\/\/combi-pro.com\/wp-content\/uploads\/2024\/05\/108.36-113.57-screenshot-1750321408869-300x117.png\" alt=\"\" width=\"307\" height=\"120\" srcset=\"https:\/\/combi-pro.com\/wp-content\/uploads\/2024\/05\/108.36-113.57-screenshot-1750321408869-300x117.png 300w, https:\/\/combi-pro.com\/wp-content\/uploads\/2024\/05\/108.36-113.57-screenshot-1750321408869-18x7.png 18w, https:\/\/combi-pro.com\/wp-content\/uploads\/2024\/05\/108.36-113.57-screenshot-1750321408869-64x25.png 64w, https:\/\/combi-pro.com\/wp-content\/uploads\/2024\/05\/108.36-113.57-screenshot-1750321408869.png 399w\" sizes=\"(max-width: 307px) 100vw, 307px\" \/> <img loading=\"lazy\" decoding=\"async\" class=\"alignnone wp-image-17729\" src=\"https:\/\/combi-pro.com\/wp-content\/uploads\/2024\/05\/screenshot-1749765502228.png\" alt=\"\" width=\"133\" height=\"100\" srcset=\"https:\/\/combi-pro.com\/wp-content\/uploads\/2024\/05\/screenshot-1749765502228.png 292w, https:\/\/combi-pro.com\/wp-content\/uploads\/2024\/05\/screenshot-1749765502228-64x48.png 64w, https:\/\/combi-pro.com\/wp-content\/uploads\/2024\/05\/screenshot-1749765502228-16x12.png 16w\" sizes=\"(max-width: 133px) 100vw, 133px\" \/>\u00a0\u00a0<\/strong><\/p>","protected":false},"featured_media":6732,"template":"","meta":{"site-sidebar-layout":"default","site-content-layout":"","ast-site-content-layout":"default","site-content-style":"default","site-sidebar-style":"default","ast-global-header-display":"","ast-banner-title-visibility":"","ast-main-header-display":"","ast-hfb-above-header-display":"","ast-hfb-below-header-display":"","ast-hfb-mobile-header-display":"","site-post-title":"","ast-breadcrumbs-content":"","ast-featured-img":"","footer-sml-layout":"","ast-disable-related-posts":"","theme-transparent-header-meta":"default","adv-header-id-meta":"","stick-header-meta":"","header-above-stick-meta":"","header-main-stick-meta":"","header-below-stick-meta":"","astra-migrate-meta-layouts":"set","ast-page-background-enabled":"default","ast-page-background-meta":{"desktop":{"background-color":"","background-image":"","background-repeat":"repeat","background-position":"center center","background-size":"auto","background-attachment":"scroll","background-type":"","background-media":"","overlay-type":"","overlay-color":"","overlay-opacity":"","overlay-gradient":""},"tablet":{"background-color":"","background-image":"","background-repeat":"repeat","background-position":"center center","background-size":"auto","background-attachment":"scroll","background-type":"","background-media":"","overlay-type":"","overlay-color":"","overlay-opacity":"","overlay-gradient":""},"mobile":{"background-color":"","background-image":"","background-repeat":"repeat","background-position":"center center","background-size":"auto","background-attachment":"scroll","background-type":"","background-media":"","overlay-type":"","overlay-color":"","overlay-opacity":"","overlay-gradient":""}},"ast-content-background-meta":{"desktop":{"background-color":"var(--ast-global-color-5)","background-image":"","background-repeat":"repeat","background-position":"center center","background-size":"auto","background-attachment":"scroll","background-type":"","background-media":"","overlay-type":"","overlay-color":"","overlay-opacity":"","overlay-gradient":""},"tablet":{"background-color":"var(--ast-global-color-5)","background-image":"","background-repeat":"repeat","background-position":"center center","background-size":"auto","background-attachment":"scroll","background-type":"","background-media":"","overlay-type":"","overlay-color":"","overlay-opacity":"","overlay-gradient":""},"mobile":{"background-color":"var(--ast-global-color-5)","background-image":"","background-repeat":"repeat","background-position":"center center","background-size":"auto","background-attachment":"scroll","background-type":"","background-media":"","overlay-type":"","overlay-color":"","overlay-opacity":"","overlay-gradient":""}}},"product_brand":[442],"product_cat":[30,86,50],"product_tag":[],"class_list":{"0":"post-4674","1":"product","2":"type-product","3":"status-publish","4":"has-post-thumbnail","6":"product_brand-velilla","7":"product_cat-industria-base","8":"product_cat-pantalones","9":"product_cat-ropa-profesional","10":"desktop-align-center","11":"tablet-align-left","12":"mobile-align-left","14":"first","15":"instock","16":"taxable","17":"shipping-taxable","18":"purchasable","19":"product-type-variable","20":"has-default-attributes"},"_links":{"self":[{"href":"https:\/\/combi-pro.com\/fr\/wp-json\/wp\/v2\/product\/4674","targetHints":{"allow":["GET"]}}],"collection":[{"href":"https:\/\/combi-pro.com\/fr\/wp-json\/wp\/v2\/product"}],"about":[{"href":"https:\/\/combi-pro.com\/fr\/wp-json\/wp\/v2\/types\/product"}],"wp:featuredmedia":[{"embeddable":true,"href":"https:\/\/combi-pro.com\/fr\/wp-json\/wp\/v2\/media\/6732"}],"wp:attachment":[{"href":"https:\/\/combi-pro.com\/fr\/wp-json\/wp\/v2\/media?parent=4674"}],"wp:term":[{"taxonomy":"product_brand","embeddable":true,"href":"https:\/\/combi-pro.com\/fr\/wp-json\/wp\/v2\/product_brand?post=4674"},{"taxonomy":"product_cat","embeddable":true,"href":"https:\/\/combi-pro.com\/fr\/wp-json\/wp\/v2\/product_cat?post=4674"},{"taxonomy":"product_tag","embeddable":true,"href":"https:\/\/combi-pro.com\/fr\/wp-json\/wp\/v2\/product_tag?post=4674"}],"curies":[{"name":"wp","href":"https:\/\/api.w.org\/{rel}","templated":true}]}}