{"id":4797,"date":"2024-03-05T15:45:25","date_gmt":"2024-03-05T14:45:25","guid":{"rendered":"https:\/\/combi-pro.com\/?post_type=product&#038;p=4797"},"modified":"2026-05-13T16:32:33","modified_gmt":"2026-05-13T14:32:33","slug":"707006-force-s3-src-composite-boot","status":"publish","type":"product","link":"https:\/\/combi-pro.com\/fr\/boutique\/707006-force-s3-src-composite-boot\/","title":{"rendered":"Chaussures de s\u00e9curit\u00e9 S3 en cuir pleine fleur hydrofug\u00e9 sans m\u00e9tal 707006 | VPRO"},"content":{"rendered":"<p data-start=\"1657\" data-end=\"1692\"><strong data-start=\"1663\" data-end=\"1692\">Caract\u00e9ristiques techniques :<\/strong><\/p>\n<ul>\n<li data-start=\"1696\" data-end=\"1733\">Norme : EN ISO 20345:2011 S3<\/li>\n<li data-start=\"1736\" data-end=\"1790\">Embout : composite sans m\u00e9tal, r\u00e9sistant \u00e0 200 J<\/li>\n<li data-start=\"1793\" data-end=\"1853\">Semelle anti-perforation : textile, r\u00e9sistant \u00e0 1100 N<\/li>\n<li data-start=\"1856\" data-end=\"1916\">Dessus \/ Cou-de-pied : Cuir grain\u00e9 avec traitement hydrofuge<\/li>\n<li data-start=\"1919\" data-end=\"1983\">Col rembourr\u00e9 : textile haute t\u00e9nacit\u00e9 avec rembourrage<\/li>\n<li data-start=\"1986\" data-end=\"2026\">Doublure int\u00e9rieure : Maille respirante<\/li>\n<li data-start=\"2029\" data-end=\"2064\">Semelle int\u00e9rieure : amovible<\/li>\n<li data-start=\"2067\" data-end=\"2109\">Semelle ext\u00e9rieure : polyur\u00e9thane double densit\u00e9<\/li>\n<li data-start=\"2112\" data-end=\"2150\">Absorption de l'\u00e9nergie au niveau du talon<\/li>\n<li data-start=\"2153\" data-end=\"2184\">Propri\u00e9t\u00e9s antistatiques<\/li>\n<li data-start=\"2187\" data-end=\"2218\">Sans m\u00e9tal<\/li>\n<\/ul>\n<p data-start=\"2225\" data-end=\"2257\"><strong data-start=\"2230\" data-end=\"2255\">Recommandation d'utilisation :<\/strong><\/p>\n<ul>\n<li data-start=\"2258\" data-end=\"2431\">Id\u00e9ales pour les environnements de travail exigeants tels que l'industrie, la construction, la maintenance ou la logistique ext\u00e9rieure, o\u00f9 des chaussures imperm\u00e9ables, s\u00fbres et sans m\u00e9tal sont requises.<\/li>\n<\/ul>","protected":false},"excerpt":{"rendered":"<p class=\"\" data-start=\"309\" data-end=\"468\">Chaussure de s\u00e9curit\u00e9 S3 sans m\u00e9tal, avec embout composite, semelle int\u00e9rieure en textile, tige en cuir fleur hydrofug\u00e9 et semelle en PU double densit\u00e9. Antistatique et r\u00e9sistante.<\/p>\n<p data-start=\"309\" data-end=\"468\"><img decoding=\"async\" class=\"alignnone wp-image-15224\" src=\"https:\/\/combi-pro.com\/wp-content\/uploads\/2025\/04\/icon-water.png\" alt=\"\" width=\"40\" height=\"40\" srcset=\"https:\/\/combi-pro.com\/wp-content\/uploads\/2025\/04\/icon-water.png 134w, https:\/\/combi-pro.com\/wp-content\/uploads\/2025\/04\/icon-water-100x100.png 100w, https:\/\/combi-pro.com\/wp-content\/uploads\/2025\/04\/icon-water-64x64.png 64w, https:\/\/combi-pro.com\/wp-content\/uploads\/2025\/04\/icon-water-12x12.png 12w\" sizes=\"(max-width: 40px) 100vw, 40px\" \/> <img decoding=\"async\" class=\"alignnone wp-image-15500\" src=\"https:\/\/combi-pro.com\/wp-content\/uploads\/2024\/05\/METAL-FREE-300x300.png\" alt=\"\" width=\"40\" height=\"40\" srcset=\"https:\/\/combi-pro.com\/wp-content\/uploads\/2024\/05\/METAL-FREE-300x300.png 300w, https:\/\/combi-pro.com\/wp-content\/uploads\/2024\/05\/METAL-FREE-450x450.png 450w, https:\/\/combi-pro.com\/wp-content\/uploads\/2024\/05\/METAL-FREE-100x100.png 100w, https:\/\/combi-pro.com\/wp-content\/uploads\/2024\/05\/METAL-FREE-64x64.png 64w, https:\/\/combi-pro.com\/wp-content\/uploads\/2024\/05\/METAL-FREE-150x150.png 150w, https:\/\/combi-pro.com\/wp-content\/uploads\/2024\/05\/METAL-FREE-12x12.png 12w, https:\/\/combi-pro.com\/wp-content\/uploads\/2024\/05\/METAL-FREE.png 510w\" sizes=\"(max-width: 40px) 100vw, 40px\" \/> <img decoding=\"async\" class=\"alignnone wp-image-15518\" src=\"https:\/\/combi-pro.com\/wp-content\/uploads\/2024\/05\/S3.png\" alt=\"\" width=\"44\" height=\"40\" srcset=\"https:\/\/combi-pro.com\/wp-content\/uploads\/2024\/05\/S3.png 235w, https:\/\/combi-pro.com\/wp-content\/uploads\/2024\/05\/S3-64x59.png 64w, https:\/\/combi-pro.com\/wp-content\/uploads\/2024\/05\/S3-13x12.png 13w\" sizes=\"(max-width: 44px) 100vw, 44px\" \/><\/p>","protected":false},"featured_media":4808,"template":"","meta":{"site-sidebar-layout":"default","site-content-layout":"","ast-site-content-layout":"default","site-content-style":"default","site-sidebar-style":"default","ast-global-header-display":"","ast-banner-title-visibility":"","ast-main-header-display":"","ast-hfb-above-header-display":"","ast-hfb-below-header-display":"","ast-hfb-mobile-header-display":"","site-post-title":"","ast-breadcrumbs-content":"","ast-featured-img":"","footer-sml-layout":"","ast-disable-related-posts":"","theme-transparent-header-meta":"default","adv-header-id-meta":"","stick-header-meta":"","header-above-stick-meta":"","header-main-stick-meta":"","header-below-stick-meta":"","astra-migrate-meta-layouts":"set","ast-page-background-enabled":"default","ast-page-background-meta":{"desktop":{"background-color":"","background-image":"","background-repeat":"repeat","background-position":"center center","background-size":"auto","background-attachment":"scroll","background-type":"","background-media":"","overlay-type":"","overlay-color":"","overlay-opacity":"","overlay-gradient":""},"tablet":{"background-color":"","background-image":"","background-repeat":"repeat","background-position":"center center","background-size":"auto","background-attachment":"scroll","background-type":"","background-media":"","overlay-type":"","overlay-color":"","overlay-opacity":"","overlay-gradient":""},"mobile":{"background-color":"","background-image":"","background-repeat":"repeat","background-position":"center center","background-size":"auto","background-attachment":"scroll","background-type":"","background-media":"","overlay-type":"","overlay-color":"","overlay-opacity":"","overlay-gradient":""}},"ast-content-background-meta":{"desktop":{"background-color":"var(--ast-global-color-5)","background-image":"","background-repeat":"repeat","background-position":"center center","background-size":"auto","background-attachment":"scroll","background-type":"","background-media":"","overlay-type":"","overlay-color":"","overlay-opacity":"","overlay-gradient":""},"tablet":{"background-color":"var(--ast-global-color-5)","background-image":"","background-repeat":"repeat","background-position":"center center","background-size":"auto","background-attachment":"scroll","background-type":"","background-media":"","overlay-type":"","overlay-color":"","overlay-opacity":"","overlay-gradient":""},"mobile":{"background-color":"var(--ast-global-color-5)","background-image":"","background-repeat":"repeat","background-position":"center center","background-size":"auto","background-attachment":"scroll","background-type":"","background-media":"","overlay-type":"","overlay-color":"","overlay-opacity":"","overlay-gradient":""}}},"product_brand":[443],"product_cat":[41,73],"product_tag":[],"class_list":{"0":"post-4797","1":"product","2":"type-product","3":"status-publish","4":"has-post-thumbnail","6":"product_brand-vpro","7":"product_cat-calzado-de-seguridad","8":"product_cat-calzado-industria","9":"desktop-align-center","10":"tablet-align-left","11":"mobile-align-left","13":"first","14":"instock","15":"taxable","16":"shipping-taxable","17":"purchasable","18":"product-type-variable"},"_links":{"self":[{"href":"https:\/\/combi-pro.com\/fr\/wp-json\/wp\/v2\/product\/4797","targetHints":{"allow":["GET"]}}],"collection":[{"href":"https:\/\/combi-pro.com\/fr\/wp-json\/wp\/v2\/product"}],"about":[{"href":"https:\/\/combi-pro.com\/fr\/wp-json\/wp\/v2\/types\/product"}],"wp:featuredmedia":[{"embeddable":true,"href":"https:\/\/combi-pro.com\/fr\/wp-json\/wp\/v2\/media\/4808"}],"wp:attachment":[{"href":"https:\/\/combi-pro.com\/fr\/wp-json\/wp\/v2\/media?parent=4797"}],"wp:term":[{"taxonomy":"product_brand","embeddable":true,"href":"https:\/\/combi-pro.com\/fr\/wp-json\/wp\/v2\/product_brand?post=4797"},{"taxonomy":"product_cat","embeddable":true,"href":"https:\/\/combi-pro.com\/fr\/wp-json\/wp\/v2\/product_cat?post=4797"},{"taxonomy":"product_tag","embeddable":true,"href":"https:\/\/combi-pro.com\/fr\/wp-json\/wp\/v2\/product_tag?post=4797"}],"curies":[{"name":"wp","href":"https:\/\/api.w.org\/{rel}","templated":true}]}}