{"id":5545,"date":"2024-04-27T03:10:30","date_gmt":"2024-04-27T01:10:30","guid":{"rendered":"https:\/\/combi-pro.com\/?post_type=product&#038;p=5545"},"modified":"2026-05-08T21:54:17","modified_gmt":"2026-05-08T19:54:17","slug":"z435a-shoe-o1-src-sanitation","status":"publish","type":"product","link":"https:\/\/combi-pro.com\/fr\/boutique\/z435a-shoe-o1-src-sanitation\/","title":{"rendered":"Chaussures de travail O1 en microfibre perfor\u00e9e avec fermeture velcro et embout m\u00e9tallique Z435A | VPRO"},"content":{"rendered":"<div class=\"data item\" role=\"tablist\">\n<div id=\"tab-label-description\" class=\"data item title active\" tabindex=\"0\" role=\"tab\" data-role=\"collapsible\" data-collapsible=\"true\" aria-controls=\"description\" aria-selected=\"false\" aria-expanded=\"true\">\n<p data-start=\"1573\" data-end=\"1608\"><strong data-start=\"1579\" data-end=\"1608\">Caract\u00e9ristiques techniques :<\/strong><\/p>\n<ul>\n<li data-start=\"1612\" data-end=\"1649\">Norme : EN ISO 20347:2013 O1<\/li>\n<li data-start=\"1652\" data-end=\"1703\">Embout : m\u00e9tal (acier), r\u00e9sistant \u00e0 200 J<\/li>\n<li data-start=\"1706\" data-end=\"1798\">Dessus \/ Cou-de-pied : Microfibre perfor\u00e9e, r\u00e9sistante \u00e0 la p\u00e9n\u00e9tration et absorbant l'eau.<\/li>\n<li data-start=\"1801\" data-end=\"1821\">Fermeture : Velcro<\/li>\n<li data-start=\"1824\" data-end=\"1848\">Col rembourr\u00e9<\/li>\n<li data-start=\"1851\" data-end=\"1891\">Doublure int\u00e9rieure : Maille respirante<\/li>\n<li data-start=\"1894\" data-end=\"1936\">Semelle ext\u00e9rieure : polyur\u00e9thane double densit\u00e9<\/li>\n<li data-start=\"1939\" data-end=\"1977\">Absorption de l'\u00e9nergie au niveau du talon<\/li>\n<li data-start=\"1980\" data-end=\"2024\">Propri\u00e9t\u00e9s antistatiques (jusqu'\u00e0 100 k\u03a9)<\/li>\n<\/ul>\n<p data-start=\"2031\" data-end=\"2063\"><strong data-start=\"2036\" data-end=\"2061\">Recommandation d'utilisation :<\/strong><\/p>\n<ul>\n<li data-start=\"2064\" data-end=\"2264\">Recommand\u00e9 pour l'industrie alimentaire, les soins de sant\u00e9, l'h\u00f4tellerie, la logistique ou les centres de production, o\u00f9 la protection frontale, la respirabilit\u00e9 et l'hygi\u00e8ne sont n\u00e9cessaires, avec une fermeture facile et rapide.<\/li>\n<\/ul>\n<\/div>\n<\/div>","protected":false},"excerpt":{"rendered":"<p class=\"\" data-start=\"363\" data-end=\"516\">Chaussure de travail O1 avec embout en acier, tige en microfibre perfor\u00e9e, fermeture velcro et semelle en PU double densit\u00e9. Antistatique, confortable et r\u00e9sistante.<\/p>\n<p data-start=\"363\" data-end=\"516\"><img decoding=\"async\" class=\"alignnone wp-image-15522\" src=\"https:\/\/combi-pro.com\/wp-content\/uploads\/2024\/04\/O1.png\" alt=\"\" width=\"44\" height=\"40\" srcset=\"https:\/\/combi-pro.com\/wp-content\/uploads\/2024\/04\/O1.png 235w, https:\/\/combi-pro.com\/wp-content\/uploads\/2024\/04\/O1-64x59.png 64w, https:\/\/combi-pro.com\/wp-content\/uploads\/2024\/04\/O1-13x12.png 13w\" sizes=\"(max-width: 44px) 100vw, 44px\" \/><\/p>","protected":false},"featured_media":5572,"template":"","meta":{"site-sidebar-layout":"default","site-content-layout":"","ast-site-content-layout":"default","site-content-style":"default","site-sidebar-style":"default","ast-global-header-display":"","ast-banner-title-visibility":"","ast-main-header-display":"","ast-hfb-above-header-display":"","ast-hfb-below-header-display":"","ast-hfb-mobile-header-display":"","site-post-title":"","ast-breadcrumbs-content":"","ast-featured-img":"","footer-sml-layout":"","ast-disable-related-posts":"","theme-transparent-header-meta":"default","adv-header-id-meta":"","stick-header-meta":"","header-above-stick-meta":"","header-main-stick-meta":"","header-below-stick-meta":"","astra-migrate-meta-layouts":"set","ast-page-background-enabled":"default","ast-page-background-meta":{"desktop":{"background-color":"","background-image":"","background-repeat":"repeat","background-position":"center center","background-size":"auto","background-attachment":"scroll","background-type":"","background-media":"","overlay-type":"","overlay-color":"","overlay-opacity":"","overlay-gradient":""},"tablet":{"background-color":"","background-image":"","background-repeat":"repeat","background-position":"center center","background-size":"auto","background-attachment":"scroll","background-type":"","background-media":"","overlay-type":"","overlay-color":"","overlay-opacity":"","overlay-gradient":""},"mobile":{"background-color":"","background-image":"","background-repeat":"repeat","background-position":"center center","background-size":"auto","background-attachment":"scroll","background-type":"","background-media":"","overlay-type":"","overlay-color":"","overlay-opacity":"","overlay-gradient":""}},"ast-content-background-meta":{"desktop":{"background-color":"var(--ast-global-color-5)","background-image":"","background-repeat":"repeat","background-position":"center center","background-size":"auto","background-attachment":"scroll","background-type":"","background-media":"","overlay-type":"","overlay-color":"","overlay-opacity":"","overlay-gradient":""},"tablet":{"background-color":"var(--ast-global-color-5)","background-image":"","background-repeat":"repeat","background-position":"center center","background-size":"auto","background-attachment":"scroll","background-type":"","background-media":"","overlay-type":"","overlay-color":"","overlay-opacity":"","overlay-gradient":""},"mobile":{"background-color":"var(--ast-global-color-5)","background-image":"","background-repeat":"repeat","background-position":"center center","background-size":"auto","background-attachment":"scroll","background-type":"","background-media":"","overlay-type":"","overlay-color":"","overlay-opacity":"","overlay-gradient":""}}},"product_brand":[443],"product_cat":[41,74],"product_tag":[],"class_list":{"0":"post-5545","1":"product","2":"type-product","3":"status-publish","4":"has-post-thumbnail","6":"product_brand-vpro","7":"product_cat-calzado-de-seguridad","8":"product_cat-calzado-sanitario","9":"desktop-align-center","10":"tablet-align-left","11":"mobile-align-left","13":"first","14":"instock","15":"taxable","16":"shipping-taxable","17":"purchasable","18":"product-type-variable","19":"has-default-attributes"},"_links":{"self":[{"href":"https:\/\/combi-pro.com\/fr\/wp-json\/wp\/v2\/product\/5545","targetHints":{"allow":["GET"]}}],"collection":[{"href":"https:\/\/combi-pro.com\/fr\/wp-json\/wp\/v2\/product"}],"about":[{"href":"https:\/\/combi-pro.com\/fr\/wp-json\/wp\/v2\/types\/product"}],"wp:featuredmedia":[{"embeddable":true,"href":"https:\/\/combi-pro.com\/fr\/wp-json\/wp\/v2\/media\/5572"}],"wp:attachment":[{"href":"https:\/\/combi-pro.com\/fr\/wp-json\/wp\/v2\/media?parent=5545"}],"wp:term":[{"taxonomy":"product_brand","embeddable":true,"href":"https:\/\/combi-pro.com\/fr\/wp-json\/wp\/v2\/product_brand?post=5545"},{"taxonomy":"product_cat","embeddable":true,"href":"https:\/\/combi-pro.com\/fr\/wp-json\/wp\/v2\/product_cat?post=5545"},{"taxonomy":"product_tag","embeddable":true,"href":"https:\/\/combi-pro.com\/fr\/wp-json\/wp\/v2\/product_tag?post=5545"}],"curies":[{"name":"wp","href":"https:\/\/api.w.org\/{rel}","templated":true}]}}