{"id":5578,"date":"2024-04-27T03:30:41","date_gmt":"2024-04-27T01:30:41","guid":{"rendered":"https:\/\/combi-pro.com\/?post_type=product&#038;p=5578"},"modified":"2026-05-04T13:49:58","modified_gmt":"2026-05-04T11:49:58","slug":"807101-shoe-s2-esd-esd-src-metal-free","status":"publish","type":"product","link":"https:\/\/combi-pro.com\/fr\/boutique\/807101-shoe-s2-esd-esd-src-metal-free\/","title":{"rendered":"Chaussures de s\u00e9curit\u00e9 S2 ESD microfibre imperm\u00e9able et sans m\u00e9tal 807101 | VPRO"},"content":{"rendered":"<div class=\"data item\" role=\"tablist\">\n<div id=\"tab-label-description\" class=\"data item title active\" tabindex=\"0\" role=\"tab\" data-role=\"collapsible\" data-collapsible=\"true\" aria-controls=\"description\" aria-selected=\"false\" aria-expanded=\"true\">\n<p data-start=\"1477\" data-end=\"1512\"><strong data-start=\"1483\" data-end=\"1512\">Caract\u00e9ristiques techniques :<\/strong><\/p>\n<ul>\n<li data-start=\"1516\" data-end=\"1557\">Norme : EN ISO 20345:2011 S2 ESD<\/li>\n<li data-start=\"1560\" data-end=\"1614\">Embout : composite sans m\u00e9tal, r\u00e9sistant \u00e0 200 J<\/li>\n<li data-start=\"1617\" data-end=\"1698\">Dessus \/ Cou-de-pied : Microfibre r\u00e9sistante \u00e0 la p\u00e9n\u00e9tration et absorbant l'eau<\/li>\n<li data-start=\"1701\" data-end=\"1741\">Doublure int\u00e9rieure : Maille respirante<\/li>\n<li data-start=\"1744\" data-end=\"1786\">Semelle ext\u00e9rieure : polyur\u00e9thane double densit\u00e9<\/li>\n<li data-start=\"1789\" data-end=\"1827\">Absorption de l'\u00e9nergie au niveau du talon<\/li>\n<li data-start=\"1830\" data-end=\"1861\">Propri\u00e9t\u00e9s antistatiques<\/li>\n<li data-start=\"1864\" data-end=\"1887\">Certification ESD<\/li>\n<li data-start=\"1890\" data-end=\"1921\">Sans m\u00e9tal<\/li>\n<\/ul>\n<p data-start=\"1928\" data-end=\"1960\"><strong data-start=\"1933\" data-end=\"1958\">Recommandation d'utilisation :<\/strong><\/p>\n<ul>\n<li data-start=\"1961\" data-end=\"2161\">Recommand\u00e9 pour les environnements propres ou humides tels que les laboratoires, l'industrie alimentaire, la logistique int\u00e9rieure ou les environnements ESD, o\u00f9 la l\u00e9g\u00e8ret\u00e9, la r\u00e9sistance \u00e0 l'eau et la protection sans m\u00e9tal sont requises.<\/li>\n<\/ul>\n<\/div>\n<\/div>","protected":false},"excerpt":{"rendered":"<div class=\"product media\">\n<p class=\"\" data-start=\"318\" data-end=\"478\">Chaussure de s\u00e9curit\u00e9 S2 ESD sans m\u00e9tal avec embout en composite, tige en microfibre imperm\u00e9able et semelle en PU double densit\u00e9. L\u00e9g\u00e8re, respirante et s\u00fbre.<\/p>\n<p data-start=\"318\" data-end=\"478\"><img decoding=\"async\" class=\"alignnone wp-image-15224\" src=\"https:\/\/combi-pro.com\/wp-content\/uploads\/2025\/04\/icon-water.png\" alt=\"\" width=\"40\" height=\"40\" srcset=\"https:\/\/combi-pro.com\/wp-content\/uploads\/2025\/04\/icon-water.png 134w, https:\/\/combi-pro.com\/wp-content\/uploads\/2025\/04\/icon-water-100x100.png 100w, https:\/\/combi-pro.com\/wp-content\/uploads\/2025\/04\/icon-water-64x64.png 64w, https:\/\/combi-pro.com\/wp-content\/uploads\/2025\/04\/icon-water-12x12.png 12w\" sizes=\"(max-width: 40px) 100vw, 40px\" \/> <img decoding=\"async\" class=\"alignnone wp-image-15504\" src=\"https:\/\/combi-pro.com\/wp-content\/uploads\/2024\/05\/ESD-300x300.png\" alt=\"\" width=\"40\" height=\"40\" srcset=\"https:\/\/combi-pro.com\/wp-content\/uploads\/2024\/05\/ESD-300x300.png 300w, https:\/\/combi-pro.com\/wp-content\/uploads\/2024\/05\/ESD-450x450.png 450w, https:\/\/combi-pro.com\/wp-content\/uploads\/2024\/05\/ESD-100x100.png 100w, https:\/\/combi-pro.com\/wp-content\/uploads\/2024\/05\/ESD-64x64.png 64w, https:\/\/combi-pro.com\/wp-content\/uploads\/2024\/05\/ESD-150x150.png 150w, https:\/\/combi-pro.com\/wp-content\/uploads\/2024\/05\/ESD-12x12.png 12w, https:\/\/combi-pro.com\/wp-content\/uploads\/2024\/05\/ESD.png 456w\" sizes=\"(max-width: 40px) 100vw, 40px\" \/> <img decoding=\"async\" class=\"alignnone wp-image-15500\" src=\"https:\/\/combi-pro.com\/wp-content\/uploads\/2024\/05\/METAL-FREE-300x300.png\" alt=\"\" width=\"40\" height=\"40\" srcset=\"https:\/\/combi-pro.com\/wp-content\/uploads\/2024\/05\/METAL-FREE-300x300.png 300w, https:\/\/combi-pro.com\/wp-content\/uploads\/2024\/05\/METAL-FREE-450x450.png 450w, https:\/\/combi-pro.com\/wp-content\/uploads\/2024\/05\/METAL-FREE-100x100.png 100w, https:\/\/combi-pro.com\/wp-content\/uploads\/2024\/05\/METAL-FREE-64x64.png 64w, https:\/\/combi-pro.com\/wp-content\/uploads\/2024\/05\/METAL-FREE-150x150.png 150w, https:\/\/combi-pro.com\/wp-content\/uploads\/2024\/05\/METAL-FREE-12x12.png 12w, https:\/\/combi-pro.com\/wp-content\/uploads\/2024\/05\/METAL-FREE.png 510w\" sizes=\"(max-width: 40px) 100vw, 40px\" \/> <img loading=\"lazy\" decoding=\"async\" class=\"alignnone wp-image-15520\" src=\"https:\/\/combi-pro.com\/wp-content\/uploads\/2024\/04\/S2.png\" alt=\"\" width=\"44\" height=\"40\" srcset=\"https:\/\/combi-pro.com\/wp-content\/uploads\/2024\/04\/S2.png 236w, https:\/\/combi-pro.com\/wp-content\/uploads\/2024\/04\/S2-64x59.png 64w, https:\/\/combi-pro.com\/wp-content\/uploads\/2024\/04\/S2-13x12.png 13w\" sizes=\"(max-width: 44px) 100vw, 44px\" \/><\/p>\n<\/div>\n<div class=\"pictograms pictograms-top\">\n<div class=\"rocket-product-list-pictogram pictograms-attr-certificate\"><\/div>\n<\/div>","protected":false},"featured_media":5591,"template":"","meta":{"site-sidebar-layout":"default","site-content-layout":"","ast-site-content-layout":"default","site-content-style":"default","site-sidebar-style":"default","ast-global-header-display":"","ast-banner-title-visibility":"","ast-main-header-display":"","ast-hfb-above-header-display":"","ast-hfb-below-header-display":"","ast-hfb-mobile-header-display":"","site-post-title":"","ast-breadcrumbs-content":"","ast-featured-img":"","footer-sml-layout":"","ast-disable-related-posts":"","theme-transparent-header-meta":"default","adv-header-id-meta":"","stick-header-meta":"","header-above-stick-meta":"","header-main-stick-meta":"","header-below-stick-meta":"","astra-migrate-meta-layouts":"set","ast-page-background-enabled":"default","ast-page-background-meta":{"desktop":{"background-color":"","background-image":"","background-repeat":"repeat","background-position":"center center","background-size":"auto","background-attachment":"scroll","background-type":"","background-media":"","overlay-type":"","overlay-color":"","overlay-opacity":"","overlay-gradient":""},"tablet":{"background-color":"","background-image":"","background-repeat":"repeat","background-position":"center center","background-size":"auto","background-attachment":"scroll","background-type":"","background-media":"","overlay-type":"","overlay-color":"","overlay-opacity":"","overlay-gradient":""},"mobile":{"background-color":"","background-image":"","background-repeat":"repeat","background-position":"center center","background-size":"auto","background-attachment":"scroll","background-type":"","background-media":"","overlay-type":"","overlay-color":"","overlay-opacity":"","overlay-gradient":""}},"ast-content-background-meta":{"desktop":{"background-color":"var(--ast-global-color-5)","background-image":"","background-repeat":"repeat","background-position":"center center","background-size":"auto","background-attachment":"scroll","background-type":"","background-media":"","overlay-type":"","overlay-color":"","overlay-opacity":"","overlay-gradient":""},"tablet":{"background-color":"var(--ast-global-color-5)","background-image":"","background-repeat":"repeat","background-position":"center center","background-size":"auto","background-attachment":"scroll","background-type":"","background-media":"","overlay-type":"","overlay-color":"","overlay-opacity":"","overlay-gradient":""},"mobile":{"background-color":"var(--ast-global-color-5)","background-image":"","background-repeat":"repeat","background-position":"center center","background-size":"auto","background-attachment":"scroll","background-type":"","background-media":"","overlay-type":"","overlay-color":"","overlay-opacity":"","overlay-gradient":""}}},"product_brand":[443],"product_cat":[41,76],"product_tag":[],"class_list":{"0":"post-5578","1":"product","2":"type-product","3":"status-publish","4":"has-post-thumbnail","6":"product_brand-vpro","7":"product_cat-calzado-de-seguridad","8":"product_cat-calzado-hosteleria","9":"desktop-align-center","10":"tablet-align-left","11":"mobile-align-left","13":"first","14":"instock","15":"taxable","16":"shipping-taxable","17":"purchasable","18":"product-type-variable","19":"has-default-attributes"},"_links":{"self":[{"href":"https:\/\/combi-pro.com\/fr\/wp-json\/wp\/v2\/product\/5578","targetHints":{"allow":["GET"]}}],"collection":[{"href":"https:\/\/combi-pro.com\/fr\/wp-json\/wp\/v2\/product"}],"about":[{"href":"https:\/\/combi-pro.com\/fr\/wp-json\/wp\/v2\/types\/product"}],"wp:featuredmedia":[{"embeddable":true,"href":"https:\/\/combi-pro.com\/fr\/wp-json\/wp\/v2\/media\/5591"}],"wp:attachment":[{"href":"https:\/\/combi-pro.com\/fr\/wp-json\/wp\/v2\/media?parent=5578"}],"wp:term":[{"taxonomy":"product_brand","embeddable":true,"href":"https:\/\/combi-pro.com\/fr\/wp-json\/wp\/v2\/product_brand?post=5578"},{"taxonomy":"product_cat","embeddable":true,"href":"https:\/\/combi-pro.com\/fr\/wp-json\/wp\/v2\/product_cat?post=5578"},{"taxonomy":"product_tag","embeddable":true,"href":"https:\/\/combi-pro.com\/fr\/wp-json\/wp\/v2\/product_tag?post=5578"}],"curies":[{"name":"wp","href":"https:\/\/api.w.org\/{rel}","templated":true}]}}