{"id":5895,"date":"2024-04-28T11:45:57","date_gmt":"2024-04-28T09:45:57","guid":{"rendered":"https:\/\/combi-pro.com\/?post_type=product&#038;p=5895"},"modified":"2026-04-01T12:59:33","modified_gmt":"2026-04-01T10:59:33","slug":"534007-capuchon-sanitaire-en-microfibre","status":"publish","type":"product","link":"https:\/\/combi-pro.com\/fr\/boutique\/534007-capuchon-sanitaire-en-microfibre\/","title":{"rendered":"Bonnet hygi\u00e9nique antibact\u00e9rien r\u00e9glable en microfibre 534007 | VELILLA"},"content":{"rendered":"<div class=\"data item\" role=\"tablist\">\n<div id=\"tab-label-description\" class=\"data item title active\" tabindex=\"0\" role=\"tab\" data-role=\"collapsible\" data-collapsible=\"true\" aria-controls=\"description\" aria-selected=\"false\" aria-expanded=\"true\">\n<p data-start=\"1431\" data-end=\"1466\"><strong data-start=\"1437\" data-end=\"1466\">Caract\u00e9ristiques techniques :<\/strong><\/p>\n<ul>\n<li>Gamme : Smart Microfiber<\/li>\n<li>Tissu : Microfibre 100% Polyester<\/li>\n<li>Grammage : 140 g\/m\u00b2.<\/li>\n<li data-start=\"341\" data-end=\"503\"><span style=\"font-size: 16px;\">Traitements :<\/span>Antibact\u00e9rien<\/li>\n<li>R\u00e9pulsif liquide<\/li>\n<li>Dos : \u00e9lastique<\/li>\n<li>R\u00e9glage : \u00e0 l'aide de sangles lat\u00e9rales<\/li>\n<li>Taille : Taille unique<\/li>\n<li>R\u00e9utilisable et lavable<\/li>\n<li>Bonnet hygi\u00e9nique r\u00e9glable en microfibre avec dos \u00e9lastique, traitement antibact\u00e9rien et hydrofuge. Confort et hygi\u00e8ne dans les environnements exigeants.<\/li>\n<\/ul>\n<p data-start=\"1780\" data-end=\"1812\"><strong data-start=\"1785\" data-end=\"1810\">Recommandation d'utilisation :<\/strong><\/p>\n<ul>\n<li data-start=\"1813\" data-end=\"1971\">Recommand\u00e9 pour les professionnels de la sant\u00e9, de l'alimentation, de la cosm\u00e9tique ou du secteur pharmaceutique, lorsqu'une protection hygi\u00e9nique l\u00e9g\u00e8re et confortable est n\u00e9cessaire.<\/li>\n<\/ul>\n<\/div>\n<\/div>","protected":false},"excerpt":{"rendered":"<p class=\"\" data-start=\"341\" data-end=\"503\">Bonnet hygi\u00e9nique r\u00e9glable en microfibre avec dos \u00e9lastique, traitement antibact\u00e9rien et hydrofuge. Confort et hygi\u00e8ne dans les environnements exigeants.<\/p>\n<p data-start=\"341\" data-end=\"503\"><img decoding=\"async\" class=\"alignnone wp-image-15241\" src=\"https:\/\/combi-pro.com\/wp-content\/uploads\/2025\/04\/icon-microfiber.png\" alt=\"\" width=\"89\" height=\"40\" srcset=\"https:\/\/combi-pro.com\/wp-content\/uploads\/2025\/04\/icon-microfiber.png 228w, https:\/\/combi-pro.com\/wp-content\/uploads\/2025\/04\/icon-microfiber-64x29.png 64w, https:\/\/combi-pro.com\/wp-content\/uploads\/2025\/04\/icon-microfiber-18x8.png 18w\" sizes=\"(max-width: 89px) 100vw, 89px\" \/><\/p>\n<p data-start=\"341\" data-end=\"503\"><strong>Mesure<\/strong>Tour de t\u00eate 62,5 cm - Hauteur 10 cm<\/p>\n<p><strong>\u00a0<\/strong><\/p>","protected":false},"featured_media":5910,"template":"","meta":{"site-sidebar-layout":"default","site-content-layout":"","ast-site-content-layout":"default","site-content-style":"default","site-sidebar-style":"default","ast-global-header-display":"","ast-banner-title-visibility":"","ast-main-header-display":"","ast-hfb-above-header-display":"","ast-hfb-below-header-display":"","ast-hfb-mobile-header-display":"","site-post-title":"","ast-breadcrumbs-content":"","ast-featured-img":"","footer-sml-layout":"","ast-disable-related-posts":"","theme-transparent-header-meta":"default","adv-header-id-meta":"","stick-header-meta":"","header-above-stick-meta":"","header-main-stick-meta":"","header-below-stick-meta":"","astra-migrate-meta-layouts":"set","ast-page-background-enabled":"default","ast-page-background-meta":{"desktop":{"background-color":"","background-image":"","background-repeat":"repeat","background-position":"center center","background-size":"auto","background-attachment":"scroll","background-type":"","background-media":"","overlay-type":"","overlay-color":"","overlay-opacity":"","overlay-gradient":""},"tablet":{"background-color":"","background-image":"","background-repeat":"repeat","background-position":"center center","background-size":"auto","background-attachment":"scroll","background-type":"","background-media":"","overlay-type":"","overlay-color":"","overlay-opacity":"","overlay-gradient":""},"mobile":{"background-color":"","background-image":"","background-repeat":"repeat","background-position":"center center","background-size":"auto","background-attachment":"scroll","background-type":"","background-media":"","overlay-type":"","overlay-color":"","overlay-opacity":"","overlay-gradient":""}},"ast-content-background-meta":{"desktop":{"background-color":"var(--ast-global-color-5)","background-image":"","background-repeat":"repeat","background-position":"center center","background-size":"auto","background-attachment":"scroll","background-type":"","background-media":"","overlay-type":"","overlay-color":"","overlay-opacity":"","overlay-gradient":""},"tablet":{"background-color":"var(--ast-global-color-5)","background-image":"","background-repeat":"repeat","background-position":"center center","background-size":"auto","background-attachment":"scroll","background-type":"","background-media":"","overlay-type":"","overlay-color":"","overlay-opacity":"","overlay-gradient":""},"mobile":{"background-color":"var(--ast-global-color-5)","background-image":"","background-repeat":"repeat","background-position":"center center","background-size":"auto","background-attachment":"scroll","background-type":"","background-media":"","overlay-type":"","overlay-color":"","overlay-opacity":"","overlay-gradient":""}}},"product_brand":[442],"product_cat":[133,50,71],"product_tag":[],"class_list":{"0":"post-5895","1":"product","2":"type-product","3":"status-publish","4":"has-post-thumbnail","6":"product_brand-velilla","7":"product_cat-complementos-sanidad-y-servicios","8":"product_cat-ropa-profesional","9":"product_cat-sanidad-y-servicios","10":"desktop-align-center","11":"tablet-align-left","12":"mobile-align-left","14":"first","15":"instock","16":"taxable","17":"shipping-taxable","18":"purchasable","19":"product-type-variable","20":"has-default-attributes"},"_links":{"self":[{"href":"https:\/\/combi-pro.com\/fr\/wp-json\/wp\/v2\/product\/5895","targetHints":{"allow":["GET"]}}],"collection":[{"href":"https:\/\/combi-pro.com\/fr\/wp-json\/wp\/v2\/product"}],"about":[{"href":"https:\/\/combi-pro.com\/fr\/wp-json\/wp\/v2\/types\/product"}],"wp:featuredmedia":[{"embeddable":true,"href":"https:\/\/combi-pro.com\/fr\/wp-json\/wp\/v2\/media\/5910"}],"wp:attachment":[{"href":"https:\/\/combi-pro.com\/fr\/wp-json\/wp\/v2\/media?parent=5895"}],"wp:term":[{"taxonomy":"product_brand","embeddable":true,"href":"https:\/\/combi-pro.com\/fr\/wp-json\/wp\/v2\/product_brand?post=5895"},{"taxonomy":"product_cat","embeddable":true,"href":"https:\/\/combi-pro.com\/fr\/wp-json\/wp\/v2\/product_cat?post=5895"},{"taxonomy":"product_tag","embeddable":true,"href":"https:\/\/combi-pro.com\/fr\/wp-json\/wp\/v2\/product_tag?post=5895"}],"curies":[{"name":"wp","href":"https:\/\/api.w.org\/{rel}","templated":true}]}}