{"id":5919,"date":"2024-04-28T11:54:48","date_gmt":"2024-04-28T09:54:48","guid":{"rendered":"https:\/\/combi-pro.com\/?post_type=product&#038;p=5919"},"modified":"2026-05-08T21:54:48","modified_gmt":"2026-05-08T19:54:48","slug":"587-camisole-de-pyjama","status":"publish","type":"product","link":"https:\/\/combi-pro.com\/fr\/boutique\/587-camisole-de-pyjama\/","title":{"rendered":"Chemise de nuit \u00e0 manches courtes de base pour un usage professionnel 587 | VELILLA"},"content":{"rendered":"<div class=\"data item\" role=\"tablist\">\n<div id=\"tab-label-description\" class=\"data item title active\" tabindex=\"0\" role=\"tab\" data-role=\"collapsible\" data-collapsible=\"true\" aria-controls=\"description\" aria-selected=\"false\" aria-expanded=\"true\">\n<p data-start=\"1144\" data-end=\"1179\"><strong data-start=\"1150\" data-end=\"1179\">Caract\u00e9ristiques techniques :<\/strong><\/p>\n<ul>\n<li data-start=\"1183\" data-end=\"1203\">Design : unisexe<\/li>\n<li data-start=\"1206\" data-end=\"1224\">Manches : courtes<\/li>\n<li data-start=\"1227\" data-end=\"1248\">Col : Col en V<\/li>\n<li data-start=\"1251\" data-end=\"1280\">Ouvertures lat\u00e9rales : Oui<\/li>\n<li data-start=\"1283\" data-end=\"1321\">Poches : 3 poches plaqu\u00e9es<\/li>\n<li data-start=\"1324\" data-end=\"1343\">Tissu : serg\u00e9<\/li>\n<li data-start=\"1346\" data-end=\"1392\">Composition : 65% polyester - 35% coton<\/li>\n<li data-start=\"1395\" data-end=\"1418\">Poids : 190 g\/m\u00b2.<\/li>\n<\/ul>\n<p><strong>Gamme :<\/strong> PolyCoton<\/p>\n<p data-start=\"1450\" data-end=\"1482\"><strong data-start=\"1455\" data-end=\"1480\">Recommandation d'utilisation :<\/strong><\/p>\n<ul>\n<li data-start=\"1483\" data-end=\"1635\">Id\u00e9al pour les professionnels des secteurs de la sant\u00e9, de la beaut\u00e9, de la m\u00e9decine v\u00e9t\u00e9rinaire ou du nettoyage, qui ont besoin d'un v\u00eatement durable, confortable et facile \u00e0 entretenir.<\/li>\n<\/ul>\n<\/div>\n<\/div>","protected":false},"excerpt":{"rendered":"<p class=\"\" data-start=\"256\" data-end=\"401\">Chemise de pyjama avec col en V, fentes lat\u00e9rales et trois poches. Confortable, fonctionnel et r\u00e9sistant, id\u00e9al pour les professionnels du secteur.<\/p>\n<p><strong>GUIDE DES TAILLES\u00a0 \u00a0<\/strong><\/p>\n<p><img decoding=\"async\" class=\"alignnone wp-image-17960\" src=\"https:\/\/combi-pro.com\/wp-content\/uploads\/2024\/04\/66.7-81.9-300x156.png\" alt=\"\" width=\"308\" height=\"160\" srcset=\"https:\/\/combi-pro.com\/wp-content\/uploads\/2024\/04\/66.7-81.9-300x156.png 300w, https:\/\/combi-pro.com\/wp-content\/uploads\/2024\/04\/66.7-81.9-18x9.png 18w, https:\/\/combi-pro.com\/wp-content\/uploads\/2024\/04\/66.7-81.9-64x33.png 64w, https:\/\/combi-pro.com\/wp-content\/uploads\/2024\/04\/66.7-81.9.png 400w\" sizes=\"(max-width: 308px) 100vw, 308px\" \/> <img decoding=\"async\" class=\"alignnone wp-image-17696\" src=\"https:\/\/combi-pro.com\/wp-content\/uploads\/2025\/05\/screenshot-1749214923473-300x106.png\" alt=\"\" width=\"283\" height=\"100\" srcset=\"https:\/\/combi-pro.com\/wp-content\/uploads\/2025\/05\/screenshot-1749214923473-300x106.png 300w, https:\/\/combi-pro.com\/wp-content\/uploads\/2025\/05\/screenshot-1749214923473-64x23.png 64w, https:\/\/combi-pro.com\/wp-content\/uploads\/2025\/05\/screenshot-1749214923473-18x6.png 18w, https:\/\/combi-pro.com\/wp-content\/uploads\/2025\/05\/screenshot-1749214923473.png 396w\" sizes=\"(max-width: 283px) 100vw, 283px\" \/><\/p>","protected":false},"featured_media":5920,"template":"","meta":{"site-sidebar-layout":"default","site-content-layout":"","ast-site-content-layout":"default","site-content-style":"default","site-sidebar-style":"default","ast-global-header-display":"","ast-banner-title-visibility":"","ast-main-header-display":"","ast-hfb-above-header-display":"","ast-hfb-below-header-display":"","ast-hfb-mobile-header-display":"","site-post-title":"","ast-breadcrumbs-content":"","ast-featured-img":"","footer-sml-layout":"","ast-disable-related-posts":"","theme-transparent-header-meta":"default","adv-header-id-meta":"","stick-header-meta":"","header-above-stick-meta":"","header-main-stick-meta":"","header-below-stick-meta":"","astra-migrate-meta-layouts":"set","ast-page-background-enabled":"default","ast-page-background-meta":{"desktop":{"background-color":"","background-image":"","background-repeat":"repeat","background-position":"center center","background-size":"auto","background-attachment":"scroll","background-type":"","background-media":"","overlay-type":"","overlay-color":"","overlay-opacity":"","overlay-gradient":""},"tablet":{"background-color":"","background-image":"","background-repeat":"repeat","background-position":"center center","background-size":"auto","background-attachment":"scroll","background-type":"","background-media":"","overlay-type":"","overlay-color":"","overlay-opacity":"","overlay-gradient":""},"mobile":{"background-color":"","background-image":"","background-repeat":"repeat","background-position":"center center","background-size":"auto","background-attachment":"scroll","background-type":"","background-media":"","overlay-type":"","overlay-color":"","overlay-opacity":"","overlay-gradient":""}},"ast-content-background-meta":{"desktop":{"background-color":"var(--ast-global-color-5)","background-image":"","background-repeat":"repeat","background-position":"center center","background-size":"auto","background-attachment":"scroll","background-type":"","background-media":"","overlay-type":"","overlay-color":"","overlay-opacity":"","overlay-gradient":""},"tablet":{"background-color":"var(--ast-global-color-5)","background-image":"","background-repeat":"repeat","background-position":"center center","background-size":"auto","background-attachment":"scroll","background-type":"","background-media":"","overlay-type":"","overlay-color":"","overlay-opacity":"","overlay-gradient":""},"mobile":{"background-color":"var(--ast-global-color-5)","background-image":"","background-repeat":"repeat","background-position":"center center","background-size":"auto","background-attachment":"scroll","background-type":"","background-media":"","overlay-type":"","overlay-color":"","overlay-opacity":"","overlay-gradient":""}}},"product_brand":[442],"product_cat":[132,50,71],"product_tag":[],"class_list":{"0":"post-5919","1":"product","2":"type-product","3":"status-publish","4":"has-post-thumbnail","6":"product_brand-velilla","7":"product_cat-camisolas-sanidad-y-servicios","8":"product_cat-ropa-profesional","9":"product_cat-sanidad-y-servicios","10":"desktop-align-center","11":"tablet-align-left","12":"mobile-align-left","14":"first","15":"instock","16":"taxable","17":"shipping-taxable","18":"purchasable","19":"product-type-variable"},"_links":{"self":[{"href":"https:\/\/combi-pro.com\/fr\/wp-json\/wp\/v2\/product\/5919","targetHints":{"allow":["GET"]}}],"collection":[{"href":"https:\/\/combi-pro.com\/fr\/wp-json\/wp\/v2\/product"}],"about":[{"href":"https:\/\/combi-pro.com\/fr\/wp-json\/wp\/v2\/types\/product"}],"wp:featuredmedia":[{"embeddable":true,"href":"https:\/\/combi-pro.com\/fr\/wp-json\/wp\/v2\/media\/5920"}],"wp:attachment":[{"href":"https:\/\/combi-pro.com\/fr\/wp-json\/wp\/v2\/media?parent=5919"}],"wp:term":[{"taxonomy":"product_brand","embeddable":true,"href":"https:\/\/combi-pro.com\/fr\/wp-json\/wp\/v2\/product_brand?post=5919"},{"taxonomy":"product_cat","embeddable":true,"href":"https:\/\/combi-pro.com\/fr\/wp-json\/wp\/v2\/product_cat?post=5919"},{"taxonomy":"product_tag","embeddable":true,"href":"https:\/\/combi-pro.com\/fr\/wp-json\/wp\/v2\/product_tag?post=5919"}],"curies":[{"name":"wp","href":"https:\/\/api.w.org\/{rel}","templated":true}]}}