{"id":5937,"date":"2024-04-28T12:05:40","date_gmt":"2024-04-28T10:05:40","guid":{"rendered":"https:\/\/combi-pro.com\/?post_type=product&#038;p=5937"},"modified":"2026-05-13T16:34:39","modified_gmt":"2026-05-13T14:34:39","slug":"588-camisole-de-pyjama-ml","status":"publish","type":"product","link":"https:\/\/combi-pro.com\/fr\/boutique\/588-camisole-de-pyjama-ml\/","title":{"rendered":"Chemise de nuit \u00e0 manches longues de confort et de protection pour usage professionnel 588 | VELILLA"},"content":{"rendered":"<div class=\"data item\" role=\"tablist\">\n<div id=\"tab-label-description\" class=\"data item title active\" tabindex=\"0\" role=\"tab\" data-role=\"collapsible\" data-collapsible=\"true\" aria-controls=\"description\" aria-selected=\"false\" aria-expanded=\"true\">\n<p data-start=\"1061\" data-end=\"1096\"><strong data-start=\"1067\" data-end=\"1096\">Caract\u00e9ristiques techniques :<\/strong><\/p>\n<ul>\n<li data-start=\"1100\" data-end=\"1120\">Design : unisexe<\/li>\n<li data-start=\"1123\" data-end=\"1141\">Manches : longues<\/li>\n<li data-start=\"1144\" data-end=\"1165\">Col : Col en V<\/li>\n<li data-start=\"1168\" data-end=\"1197\">Ouvertures lat\u00e9rales : Oui<\/li>\n<li data-start=\"1200\" data-end=\"1238\">Poches : 3 poches plaqu\u00e9es<\/li>\n<li data-start=\"1241\" data-end=\"1260\">Tissu : serg\u00e9<\/li>\n<li data-start=\"1263\" data-end=\"1309\">Composition : 65% polyester - 35% coton<\/li>\n<li data-start=\"1312\" data-end=\"1335\">Poids : 190 g\/m\u00b2.<\/li>\n<\/ul>\n<p data-start=\"1342\" data-end=\"1374\"><strong data-start=\"1347\" data-end=\"1372\">Recommandation d'utilisation :<\/strong><\/p>\n<ul>\n<li data-start=\"1375\" data-end=\"1533\">Id\u00e9al pour les professionnels travaillant dans des environnements o\u00f9 une plus grande couverture des bras est n\u00e9cessaire, tels que les centres m\u00e9dicaux, les cliniques, les maisons de retraite ou les laboratoires.<\/li>\n<\/ul>\n<\/div>\n<\/div>","protected":false},"excerpt":{"rendered":"<p class=\"\" data-start=\"250\" data-end=\"405\">Chemise de pyjama avec col en V, manches longues et trois poches. Confortable et durable, elle est id\u00e9ale pour les environnements professionnels qui n\u00e9cessitent une plus grande couverture.<\/p>\n<p><strong>GUIDE DES TAILLES\u00a0 \u00a0<\/strong><\/p>\n<p><img decoding=\"async\" class=\"alignnone wp-image-17791\" src=\"https:\/\/combi-pro.com\/wp-content\/uploads\/2024\/05\/69-81-screenshot-1750069758777-300x116.png\" alt=\"\" width=\"310\" height=\"120\" srcset=\"https:\/\/combi-pro.com\/wp-content\/uploads\/2024\/05\/69-81-screenshot-1750069758777-300x116.png 300w, https:\/\/combi-pro.com\/wp-content\/uploads\/2024\/05\/69-81-screenshot-1750069758777-64x25.png 64w, https:\/\/combi-pro.com\/wp-content\/uploads\/2024\/05\/69-81-screenshot-1750069758777-18x7.png 18w, https:\/\/combi-pro.com\/wp-content\/uploads\/2024\/05\/69-81-screenshot-1750069758777.png 400w\" sizes=\"(max-width: 310px) 100vw, 310px\" \/> <img decoding=\"async\" class=\"alignnone wp-image-17696\" src=\"https:\/\/combi-pro.com\/wp-content\/uploads\/2025\/05\/screenshot-1749214923473-300x106.png\" alt=\"\" width=\"283\" height=\"100\" srcset=\"https:\/\/combi-pro.com\/wp-content\/uploads\/2025\/05\/screenshot-1749214923473-300x106.png 300w, https:\/\/combi-pro.com\/wp-content\/uploads\/2025\/05\/screenshot-1749214923473-64x23.png 64w, https:\/\/combi-pro.com\/wp-content\/uploads\/2025\/05\/screenshot-1749214923473-18x6.png 18w, https:\/\/combi-pro.com\/wp-content\/uploads\/2025\/05\/screenshot-1749214923473.png 396w\" sizes=\"(max-width: 283px) 100vw, 283px\" \/><\/p>","protected":false},"featured_media":5938,"template":"","meta":{"site-sidebar-layout":"default","site-content-layout":"","ast-site-content-layout":"default","site-content-style":"default","site-sidebar-style":"default","ast-global-header-display":"","ast-banner-title-visibility":"","ast-main-header-display":"","ast-hfb-above-header-display":"","ast-hfb-below-header-display":"","ast-hfb-mobile-header-display":"","site-post-title":"","ast-breadcrumbs-content":"","ast-featured-img":"","footer-sml-layout":"","ast-disable-related-posts":"","theme-transparent-header-meta":"default","adv-header-id-meta":"","stick-header-meta":"","header-above-stick-meta":"","header-main-stick-meta":"","header-below-stick-meta":"","astra-migrate-meta-layouts":"set","ast-page-background-enabled":"default","ast-page-background-meta":{"desktop":{"background-color":"","background-image":"","background-repeat":"repeat","background-position":"center center","background-size":"auto","background-attachment":"scroll","background-type":"","background-media":"","overlay-type":"","overlay-color":"","overlay-opacity":"","overlay-gradient":""},"tablet":{"background-color":"","background-image":"","background-repeat":"repeat","background-position":"center center","background-size":"auto","background-attachment":"scroll","background-type":"","background-media":"","overlay-type":"","overlay-color":"","overlay-opacity":"","overlay-gradient":""},"mobile":{"background-color":"","background-image":"","background-repeat":"repeat","background-position":"center center","background-size":"auto","background-attachment":"scroll","background-type":"","background-media":"","overlay-type":"","overlay-color":"","overlay-opacity":"","overlay-gradient":""}},"ast-content-background-meta":{"desktop":{"background-color":"var(--ast-global-color-5)","background-image":"","background-repeat":"repeat","background-position":"center center","background-size":"auto","background-attachment":"scroll","background-type":"","background-media":"","overlay-type":"","overlay-color":"","overlay-opacity":"","overlay-gradient":""},"tablet":{"background-color":"var(--ast-global-color-5)","background-image":"","background-repeat":"repeat","background-position":"center center","background-size":"auto","background-attachment":"scroll","background-type":"","background-media":"","overlay-type":"","overlay-color":"","overlay-opacity":"","overlay-gradient":""},"mobile":{"background-color":"var(--ast-global-color-5)","background-image":"","background-repeat":"repeat","background-position":"center center","background-size":"auto","background-attachment":"scroll","background-type":"","background-media":"","overlay-type":"","overlay-color":"","overlay-opacity":"","overlay-gradient":""}}},"product_brand":[442],"product_cat":[132,50,71],"product_tag":[],"class_list":{"0":"post-5937","1":"product","2":"type-product","3":"status-publish","4":"has-post-thumbnail","6":"product_brand-velilla","7":"product_cat-camisolas-sanidad-y-servicios","8":"product_cat-ropa-profesional","9":"product_cat-sanidad-y-servicios","10":"desktop-align-center","11":"tablet-align-left","12":"mobile-align-left","14":"first","15":"instock","16":"taxable","17":"shipping-taxable","18":"purchasable","19":"product-type-variable"},"_links":{"self":[{"href":"https:\/\/combi-pro.com\/fr\/wp-json\/wp\/v2\/product\/5937","targetHints":{"allow":["GET"]}}],"collection":[{"href":"https:\/\/combi-pro.com\/fr\/wp-json\/wp\/v2\/product"}],"about":[{"href":"https:\/\/combi-pro.com\/fr\/wp-json\/wp\/v2\/types\/product"}],"wp:featuredmedia":[{"embeddable":true,"href":"https:\/\/combi-pro.com\/fr\/wp-json\/wp\/v2\/media\/5938"}],"wp:attachment":[{"href":"https:\/\/combi-pro.com\/fr\/wp-json\/wp\/v2\/media?parent=5937"}],"wp:term":[{"taxonomy":"product_brand","embeddable":true,"href":"https:\/\/combi-pro.com\/fr\/wp-json\/wp\/v2\/product_brand?post=5937"},{"taxonomy":"product_cat","embeddable":true,"href":"https:\/\/combi-pro.com\/fr\/wp-json\/wp\/v2\/product_cat?post=5937"},{"taxonomy":"product_tag","embeddable":true,"href":"https:\/\/combi-pro.com\/fr\/wp-json\/wp\/v2\/product_tag?post=5937"}],"curies":[{"name":"wp","href":"https:\/\/api.w.org\/{rel}","templated":true}]}}