{"id":5987,"date":"2024-04-28T21:39:07","date_gmt":"2024-04-28T19:39:07","guid":{"rendered":"https:\/\/combi-pro.com\/?post_type=product&#038;p=5987"},"modified":"2026-04-11T00:15:30","modified_gmt":"2026-04-10T22:15:30","slug":"pantalon-de-pyjama-337","status":"publish","type":"product","link":"https:\/\/combi-pro.com\/fr\/boutique\/pantalon-de-pyjama-337\/","title":{"rendered":"Pantalon de pyjama unisexe avec fermeture \u00e9clair, taille \u00e9lastique et trois poches 337 | VELILLA"},"content":{"rendered":"<div class=\"data item\" role=\"tablist\">\n<div id=\"tab-label-description\" class=\"data item title active\" tabindex=\"0\" role=\"tab\" data-role=\"collapsible\" data-collapsible=\"true\" aria-controls=\"description\" aria-selected=\"false\" aria-expanded=\"true\">\n<p data-start=\"1184\" data-end=\"1219\"><strong data-start=\"1190\" data-end=\"1219\">Caract\u00e9ristiques techniques :<\/strong><\/p>\n<ul>\n<li data-start=\"1223\" data-end=\"1253\">Fermeture : Fermeture \u00e0 glissi\u00e8re + bouton<\/li>\n<li data-start=\"1256\" data-end=\"1298\">Taille : \u00e9lastiqu\u00e9e pour un meilleur ajustement<\/li>\n<li data-start=\"1301\" data-end=\"1343\">Colliers de serrage : avant pour plus de confort<\/li>\n<li data-start=\"1346\" data-end=\"1386\">Coutures : Double couture de s\u00e9curit\u00e9<\/li>\n<li data-start=\"1389\" data-end=\"1456\">Poches : 2 poches fran\u00e7aises + 1 poche arri\u00e8re plaqu\u00e9e<\/li>\n<li data-start=\"1459\" data-end=\"1476\">Tissu : serg\u00e9<\/li>\n<li data-start=\"1479\" data-end=\"1523\">Composition : 65% polyester - 35% coton<\/li>\n<li data-start=\"1526\" data-end=\"1547\">Poids : 190 g\/m\u00b2.<\/li>\n<\/ul>\n<p><strong>Gamme :<\/strong> PolyCoton<\/p>\n<p><strong data-start=\"1582\" data-end=\"1607\">Recommandation d'utilisation :<\/strong><\/p>\n<ul>\n<li data-start=\"1610\" data-end=\"1767\">Id\u00e9al pour les professionnels de la sant\u00e9, du nettoyage, de l'h\u00f4tellerie ou de la maintenance qui ont besoin de v\u00eatements pratiques, r\u00e9sistants et confortables pendant leur journ\u00e9e de travail.<\/li>\n<\/ul>\n<\/div>\n<\/div>","protected":false},"excerpt":{"rendered":"<p class=\"\" data-start=\"234\" data-end=\"362\">Pantalon de pyjama unisexe avec fermeture \u00e9clair, taille \u00e9lastiqu\u00e9e et trois poches. Conception confortable et fonctionnelle pour un usage professionnel quotidien.<\/p>\n<p><strong>GUIDE DES TAILLES<\/strong><\/p>\n<p><img decoding=\"async\" class=\"alignnone wp-image-17967\" src=\"https:\/\/combi-pro.com\/wp-content\/uploads\/2024\/04\/40-64-300x129.png\" alt=\"\" width=\"302\" height=\"130\" srcset=\"https:\/\/combi-pro.com\/wp-content\/uploads\/2024\/04\/40-64-300x129.png 300w, https:\/\/combi-pro.com\/wp-content\/uploads\/2024\/04\/40-64-18x8.png 18w, https:\/\/combi-pro.com\/wp-content\/uploads\/2024\/04\/40-64-64x28.png 64w, https:\/\/combi-pro.com\/wp-content\/uploads\/2024\/04\/40-64.png 400w\" sizes=\"(max-width: 302px) 100vw, 302px\" \/>\u00a0<img decoding=\"async\" class=\"alignnone wp-image-17729\" src=\"https:\/\/combi-pro.com\/wp-content\/uploads\/2024\/05\/screenshot-1749765502228.png\" alt=\"\" width=\"146\" height=\"110\" srcset=\"https:\/\/combi-pro.com\/wp-content\/uploads\/2024\/05\/screenshot-1749765502228.png 292w, https:\/\/combi-pro.com\/wp-content\/uploads\/2024\/05\/screenshot-1749765502228-64x48.png 64w, https:\/\/combi-pro.com\/wp-content\/uploads\/2024\/05\/screenshot-1749765502228-16x12.png 16w\" sizes=\"(max-width: 146px) 100vw, 146px\" \/><\/p>","protected":false},"featured_media":5995,"template":"","meta":{"site-sidebar-layout":"default","site-content-layout":"","ast-site-content-layout":"default","site-content-style":"default","site-sidebar-style":"default","ast-global-header-display":"","ast-banner-title-visibility":"","ast-main-header-display":"","ast-hfb-above-header-display":"","ast-hfb-below-header-display":"","ast-hfb-mobile-header-display":"","site-post-title":"","ast-breadcrumbs-content":"","ast-featured-img":"","footer-sml-layout":"","ast-disable-related-posts":"","theme-transparent-header-meta":"default","adv-header-id-meta":"","stick-header-meta":"","header-above-stick-meta":"","header-main-stick-meta":"","header-below-stick-meta":"","astra-migrate-meta-layouts":"set","ast-page-background-enabled":"default","ast-page-background-meta":{"desktop":{"background-color":"","background-image":"","background-repeat":"repeat","background-position":"center center","background-size":"auto","background-attachment":"scroll","background-type":"","background-media":"","overlay-type":"","overlay-color":"","overlay-opacity":"","overlay-gradient":""},"tablet":{"background-color":"","background-image":"","background-repeat":"repeat","background-position":"center center","background-size":"auto","background-attachment":"scroll","background-type":"","background-media":"","overlay-type":"","overlay-color":"","overlay-opacity":"","overlay-gradient":""},"mobile":{"background-color":"","background-image":"","background-repeat":"repeat","background-position":"center center","background-size":"auto","background-attachment":"scroll","background-type":"","background-media":"","overlay-type":"","overlay-color":"","overlay-opacity":"","overlay-gradient":""}},"ast-content-background-meta":{"desktop":{"background-color":"var(--ast-global-color-5)","background-image":"","background-repeat":"repeat","background-position":"center center","background-size":"auto","background-attachment":"scroll","background-type":"","background-media":"","overlay-type":"","overlay-color":"","overlay-opacity":"","overlay-gradient":""},"tablet":{"background-color":"var(--ast-global-color-5)","background-image":"","background-repeat":"repeat","background-position":"center center","background-size":"auto","background-attachment":"scroll","background-type":"","background-media":"","overlay-type":"","overlay-color":"","overlay-opacity":"","overlay-gradient":""},"mobile":{"background-color":"var(--ast-global-color-5)","background-image":"","background-repeat":"repeat","background-position":"center center","background-size":"auto","background-attachment":"scroll","background-type":"","background-media":"","overlay-type":"","overlay-color":"","overlay-opacity":"","overlay-gradient":""}}},"product_brand":[442],"product_cat":[134,50,71],"product_tag":[],"class_list":{"0":"post-5987","1":"product","2":"type-product","3":"status-publish","4":"has-post-thumbnail","6":"product_brand-velilla","7":"product_cat-pantalones-sanidad-y-servicios","8":"product_cat-ropa-profesional","9":"product_cat-sanidad-y-servicios","10":"desktop-align-center","11":"tablet-align-left","12":"mobile-align-left","14":"first","15":"instock","16":"taxable","17":"shipping-taxable","18":"purchasable","19":"product-type-variable","20":"has-default-attributes"},"_links":{"self":[{"href":"https:\/\/combi-pro.com\/fr\/wp-json\/wp\/v2\/product\/5987","targetHints":{"allow":["GET"]}}],"collection":[{"href":"https:\/\/combi-pro.com\/fr\/wp-json\/wp\/v2\/product"}],"about":[{"href":"https:\/\/combi-pro.com\/fr\/wp-json\/wp\/v2\/types\/product"}],"wp:featuredmedia":[{"embeddable":true,"href":"https:\/\/combi-pro.com\/fr\/wp-json\/wp\/v2\/media\/5995"}],"wp:attachment":[{"href":"https:\/\/combi-pro.com\/fr\/wp-json\/wp\/v2\/media?parent=5987"}],"wp:term":[{"taxonomy":"product_brand","embeddable":true,"href":"https:\/\/combi-pro.com\/fr\/wp-json\/wp\/v2\/product_brand?post=5987"},{"taxonomy":"product_cat","embeddable":true,"href":"https:\/\/combi-pro.com\/fr\/wp-json\/wp\/v2\/product_cat?post=5987"},{"taxonomy":"product_tag","embeddable":true,"href":"https:\/\/combi-pro.com\/fr\/wp-json\/wp\/v2\/product_tag?post=5987"}],"curies":[{"name":"wp","href":"https:\/\/api.w.org\/{rel}","templated":true}]}}