{"id":6025,"date":"2024-04-28T23:12:07","date_gmt":"2024-04-28T21:12:07","guid":{"rendered":"https:\/\/combi-pro.com\/?post_type=product&#038;p=6025"},"modified":"2026-02-01T16:56:59","modified_gmt":"2026-02-01T15:56:59","slug":"539001-blouse-pour-hommes","status":"publish","type":"product","link":"https:\/\/combi-pro.com\/fr\/boutique\/539001-blouse-pour-hommes\/","title":{"rendered":"Robe semi-ajust\u00e9e pour homme avec fermeture \u00e0 boutons et coupe sur mesure 539001 | VELILLA"},"content":{"rendered":"<div class=\"data item\" role=\"tablist\">\n<div id=\"tab-label-description\" class=\"data item title active\" tabindex=\"0\" role=\"tab\" data-role=\"collapsible\" data-collapsible=\"true\" aria-controls=\"description\" aria-selected=\"false\" aria-expanded=\"true\">\n<p data-start=\"1401\" data-end=\"1436\"><strong data-start=\"1407\" data-end=\"1436\">Caract\u00e9ristiques techniques :<\/strong><\/p>\n<ul>\n<li data-start=\"1440\" data-end=\"1466\">Coupe : semi-coupe<\/li>\n<li data-start=\"1469\" data-end=\"1502\">Fermeture : sur le devant avec des boutons<\/li>\n<li data-start=\"1505\" data-end=\"1543\">Manches : de type tailleur (deux pi\u00e8ces)<\/li>\n<li data-start=\"1546\" data-end=\"1560\">Retour :<\/li>\n<li data-start=\"1565\" data-end=\"1583\">Ouverture arri\u00e8re<\/li>\n<li data-start=\"1588\" data-end=\"1612\">Ceinture dans le dos<\/li>\n<li data-start=\"1617\" data-end=\"1639\">Coutures de s\u00e9curit\u00e9<\/li>\n<li data-start=\"1642\" data-end=\"1682\">Poches : 3 poches plaqu\u00e9es<\/li>\n<li data-start=\"1685\" data-end=\"1704\">Tissu : serg\u00e9<\/li>\n<li data-start=\"1707\" data-end=\"1753\">Composition : 65% polyester - 35% coton<\/li>\n<li data-start=\"1756\" data-end=\"1779\">Poids : 210 g\/m\u00b2.<\/li>\n<li data-start=\"1782\" data-end=\"1829\">Taille : Hommes - disponible en plusieurs tailles<\/li>\n<\/ul>\n<p data-start=\"1836\" data-end=\"1868\"><strong data-start=\"1841\" data-end=\"1866\">Recommandation d'utilisation :<\/strong><\/p>\n<ul>\n<li data-start=\"1869\" data-end=\"2052\">Recommand\u00e9 pour les travailleurs de la sant\u00e9, les enseignants, les pharmaciens, les laborantins et les professionnels de bureau qui recherchent une blouse confortable, \u00e9l\u00e9gante et durable pour un usage quotidien.<\/li>\n<\/ul>\n<\/div>\n<\/div>","protected":false},"excerpt":{"rendered":"<p class=\"\" data-start=\"332\" data-end=\"486\">Manteau semi-ajust\u00e9 pour homme avec fermeture \u00e0 glissi\u00e8re sur le devant, manches ajust\u00e9es et ceinture au dos. Mod\u00e8le fonctionnel et professionnel en tissu serg\u00e9 r\u00e9sistant de 210 g\/m\u00b2.<\/p>\n<p><strong>GUIDE DES TAILLES<\/strong><\/p>\n<p><img decoding=\"async\" class=\"alignnone wp-image-17937\" src=\"https:\/\/combi-pro.com\/wp-content\/uploads\/2024\/04\/102-107-screenshot-1750597829053-300x114.png\" alt=\"\" width=\"317\" height=\"120\" srcset=\"https:\/\/combi-pro.com\/wp-content\/uploads\/2024\/04\/102-107-screenshot-1750597829053-300x114.png 300w, https:\/\/combi-pro.com\/wp-content\/uploads\/2024\/04\/102-107-screenshot-1750597829053-18x7.png 18w, https:\/\/combi-pro.com\/wp-content\/uploads\/2024\/04\/102-107-screenshot-1750597829053-64x24.png 64w, https:\/\/combi-pro.com\/wp-content\/uploads\/2024\/04\/102-107-screenshot-1750597829053.png 399w\" sizes=\"(max-width: 317px) 100vw, 317px\" \/> <img decoding=\"async\" class=\"alignnone wp-image-17777\" src=\"https:\/\/combi-pro.com\/wp-content\/uploads\/2024\/05\/screenshot-1750037043744-300x167.png\" alt=\"\" width=\"180\" height=\"100\" srcset=\"https:\/\/combi-pro.com\/wp-content\/uploads\/2024\/05\/screenshot-1750037043744-300x167.png 300w, https:\/\/combi-pro.com\/wp-content\/uploads\/2024\/05\/screenshot-1750037043744-64x36.png 64w, https:\/\/combi-pro.com\/wp-content\/uploads\/2024\/05\/screenshot-1750037043744-18x10.png 18w, https:\/\/combi-pro.com\/wp-content\/uploads\/2024\/05\/screenshot-1750037043744.png 343w\" sizes=\"(max-width: 180px) 100vw, 180px\" \/><\/p>","protected":false},"featured_media":6032,"template":"","meta":{"site-sidebar-layout":"default","site-content-layout":"","ast-site-content-layout":"default","site-content-style":"default","site-sidebar-style":"default","ast-global-header-display":"","ast-banner-title-visibility":"","ast-main-header-display":"","ast-hfb-above-header-display":"","ast-hfb-below-header-display":"","ast-hfb-mobile-header-display":"","site-post-title":"","ast-breadcrumbs-content":"","ast-featured-img":"","footer-sml-layout":"","ast-disable-related-posts":"","theme-transparent-header-meta":"default","adv-header-id-meta":"","stick-header-meta":"","header-above-stick-meta":"","header-main-stick-meta":"","header-below-stick-meta":"","astra-migrate-meta-layouts":"set","ast-page-background-enabled":"default","ast-page-background-meta":{"desktop":{"background-color":"","background-image":"","background-repeat":"repeat","background-position":"center center","background-size":"auto","background-attachment":"scroll","background-type":"","background-media":"","overlay-type":"","overlay-color":"","overlay-opacity":"","overlay-gradient":""},"tablet":{"background-color":"","background-image":"","background-repeat":"repeat","background-position":"center center","background-size":"auto","background-attachment":"scroll","background-type":"","background-media":"","overlay-type":"","overlay-color":"","overlay-opacity":"","overlay-gradient":""},"mobile":{"background-color":"","background-image":"","background-repeat":"repeat","background-position":"center center","background-size":"auto","background-attachment":"scroll","background-type":"","background-media":"","overlay-type":"","overlay-color":"","overlay-opacity":"","overlay-gradient":""}},"ast-content-background-meta":{"desktop":{"background-color":"var(--ast-global-color-5)","background-image":"","background-repeat":"repeat","background-position":"center center","background-size":"auto","background-attachment":"scroll","background-type":"","background-media":"","overlay-type":"","overlay-color":"","overlay-opacity":"","overlay-gradient":""},"tablet":{"background-color":"var(--ast-global-color-5)","background-image":"","background-repeat":"repeat","background-position":"center center","background-size":"auto","background-attachment":"scroll","background-type":"","background-media":"","overlay-type":"","overlay-color":"","overlay-opacity":"","overlay-gradient":""},"mobile":{"background-color":"var(--ast-global-color-5)","background-image":"","background-repeat":"repeat","background-position":"center center","background-size":"auto","background-attachment":"scroll","background-type":"","background-media":"","overlay-type":"","overlay-color":"","overlay-opacity":"","overlay-gradient":""}}},"product_brand":[442],"product_cat":[131,50,71],"product_tag":[],"class_list":{"0":"post-6025","1":"product","2":"type-product","3":"status-publish","4":"has-post-thumbnail","6":"product_brand-velilla","7":"product_cat-batas-sanidad-y-servicios","8":"product_cat-ropa-profesional","9":"product_cat-sanidad-y-servicios","10":"desktop-align-center","11":"tablet-align-left","12":"mobile-align-left","14":"first","15":"instock","16":"taxable","17":"shipping-taxable","18":"purchasable","19":"product-type-variable"},"_links":{"self":[{"href":"https:\/\/combi-pro.com\/fr\/wp-json\/wp\/v2\/product\/6025","targetHints":{"allow":["GET"]}}],"collection":[{"href":"https:\/\/combi-pro.com\/fr\/wp-json\/wp\/v2\/product"}],"about":[{"href":"https:\/\/combi-pro.com\/fr\/wp-json\/wp\/v2\/types\/product"}],"wp:featuredmedia":[{"embeddable":true,"href":"https:\/\/combi-pro.com\/fr\/wp-json\/wp\/v2\/media\/6032"}],"wp:attachment":[{"href":"https:\/\/combi-pro.com\/fr\/wp-json\/wp\/v2\/media?parent=6025"}],"wp:term":[{"taxonomy":"product_brand","embeddable":true,"href":"https:\/\/combi-pro.com\/fr\/wp-json\/wp\/v2\/product_brand?post=6025"},{"taxonomy":"product_cat","embeddable":true,"href":"https:\/\/combi-pro.com\/fr\/wp-json\/wp\/v2\/product_cat?post=6025"},{"taxonomy":"product_tag","embeddable":true,"href":"https:\/\/combi-pro.com\/fr\/wp-json\/wp\/v2\/product_tag?post=6025"}],"curies":[{"name":"wp","href":"https:\/\/api.w.org\/{rel}","templated":true}]}}