{"id":6041,"date":"2024-04-28T23:22:35","date_gmt":"2024-04-28T21:22:35","guid":{"rendered":"https:\/\/combi-pro.com\/?post_type=product&#038;p=6041"},"modified":"2026-05-13T16:35:06","modified_gmt":"2026-05-13T14:35:06","slug":"539010-robe-de-chambre-unisexe-en-microfibre","status":"publish","type":"product","link":"https:\/\/combi-pro.com\/fr\/boutique\/539010-robe-de-chambre-unisexe-en-microfibre\/","title":{"rendered":"Blouse antibact\u00e9rienne en microfibre avec col chemise et fermeture automatique 539010 | VELILLA"},"content":{"rendered":"<div class=\"data item\" role=\"tablist\">\n<div id=\"tab-label-description\" class=\"data item title active\" tabindex=\"0\" role=\"tab\" data-role=\"collapsible\" data-collapsible=\"true\" aria-controls=\"description\" aria-selected=\"false\" aria-expanded=\"true\">\n<p data-start=\"1341\" data-end=\"1376\"><strong data-start=\"1347\" data-end=\"1376\">Caract\u00e9ristiques techniques :<\/strong><\/p>\n<ul>\n<li data-start=\"1380\" data-end=\"1425\">Fermeture : boutons-pression \u00e0 rondelle<\/li>\n<li data-start=\"1428\" data-end=\"1450\">Col : Col chemise<\/li>\n<li data-start=\"1453\" data-end=\"1467\">Retour :<\/li>\n<li data-start=\"1472\" data-end=\"1490\">Ouverture arri\u00e8re<\/li>\n<li data-start=\"1495\" data-end=\"1517\">Coutures de s\u00e9curit\u00e9<\/li>\n<li data-start=\"1520\" data-end=\"1558\">Poches : 3 poches plaqu\u00e9es<\/li>\n<li data-start=\"1561\" data-end=\"1585\">Tissu : Microfibre<\/li>\n<li data-start=\"1588\" data-end=\"1617\">Traitement des tissus :<\/li>\n<li data-start=\"1622\" data-end=\"1637\">Antibact\u00e9rien<\/li>\n<li data-start=\"1642\" data-end=\"1665\">R\u00e9pulsif liquide<\/li>\n<li data-start=\"1668\" data-end=\"1701\">Composition : polyester 100%<\/li>\n<li data-start=\"1704\" data-end=\"1727\">Grammage : 140 g\/m\u00b2.<\/li>\n<\/ul>\n<p><strong>Gamme :<\/strong> Microfibre intelligente<\/p>\n<p data-start=\"1765\" data-end=\"1797\"><strong data-start=\"1770\" data-end=\"1795\">Recommandation d'utilisation :<\/strong><\/p>\n<ul>\n<li data-start=\"1798\" data-end=\"1969\">Id\u00e9al pour les professionnels de la sant\u00e9, de la beaut\u00e9, du nettoyage, de l'h\u00f4tellerie et des soins v\u00e9t\u00e9rinaires. Parfait pour les environnements o\u00f9 l'hygi\u00e8ne, la l\u00e9g\u00e8ret\u00e9 et la fonctionnalit\u00e9 sont des priorit\u00e9s.<\/li>\n<\/ul>\n<\/div>\n<\/div>","protected":false},"excerpt":{"rendered":"<p class=\"\" data-start=\"307\" data-end=\"433\">Blouse professionnelle en microfibre avec traitement antibact\u00e9rien, col chemise, fermeture automatique et design l\u00e9ger et fonctionnel.<\/p>\n<p data-start=\"307\" data-end=\"433\"><img decoding=\"async\" class=\"alignnone wp-image-15241\" src=\"https:\/\/combi-pro.com\/wp-content\/uploads\/2025\/04\/icon-microfiber.png\" alt=\"\" width=\"89\" height=\"40\" srcset=\"https:\/\/combi-pro.com\/wp-content\/uploads\/2025\/04\/icon-microfiber.png 228w, https:\/\/combi-pro.com\/wp-content\/uploads\/2025\/04\/icon-microfiber-64x29.png 64w, https:\/\/combi-pro.com\/wp-content\/uploads\/2025\/04\/icon-microfiber-18x8.png 18w\" sizes=\"(max-width: 89px) 100vw, 89px\" \/><\/p>\n<p><strong>GUIDE DES TAILLES<\/strong><\/p>\n<p><img decoding=\"async\" class=\"alignnone wp-image-17947\" src=\"https:\/\/combi-pro.com\/wp-content\/uploads\/2024\/04\/88.2-93.6-screenshot-1750599690376-300x126.png\" alt=\"\" width=\"310\" height=\"130\" srcset=\"https:\/\/combi-pro.com\/wp-content\/uploads\/2024\/04\/88.2-93.6-screenshot-1750599690376-300x126.png 300w, https:\/\/combi-pro.com\/wp-content\/uploads\/2024\/04\/88.2-93.6-screenshot-1750599690376-18x8.png 18w, https:\/\/combi-pro.com\/wp-content\/uploads\/2024\/04\/88.2-93.6-screenshot-1750599690376-64x27.png 64w, https:\/\/combi-pro.com\/wp-content\/uploads\/2024\/04\/88.2-93.6-screenshot-1750599690376.png 398w\" sizes=\"(max-width: 310px) 100vw, 310px\" \/> <img decoding=\"async\" class=\"alignnone wp-image-17777\" src=\"https:\/\/combi-pro.com\/wp-content\/uploads\/2024\/05\/screenshot-1750037043744-300x167.png\" alt=\"\" width=\"198\" height=\"110\" srcset=\"https:\/\/combi-pro.com\/wp-content\/uploads\/2024\/05\/screenshot-1750037043744-300x167.png 300w, https:\/\/combi-pro.com\/wp-content\/uploads\/2024\/05\/screenshot-1750037043744-64x36.png 64w, https:\/\/combi-pro.com\/wp-content\/uploads\/2024\/05\/screenshot-1750037043744-18x10.png 18w, https:\/\/combi-pro.com\/wp-content\/uploads\/2024\/05\/screenshot-1750037043744.png 343w\" sizes=\"(max-width: 198px) 100vw, 198px\" \/><\/p>","protected":false},"featured_media":6049,"template":"","meta":{"site-sidebar-layout":"default","site-content-layout":"","ast-site-content-layout":"default","site-content-style":"default","site-sidebar-style":"default","ast-global-header-display":"","ast-banner-title-visibility":"","ast-main-header-display":"","ast-hfb-above-header-display":"","ast-hfb-below-header-display":"","ast-hfb-mobile-header-display":"","site-post-title":"","ast-breadcrumbs-content":"","ast-featured-img":"","footer-sml-layout":"","ast-disable-related-posts":"","theme-transparent-header-meta":"default","adv-header-id-meta":"","stick-header-meta":"","header-above-stick-meta":"","header-main-stick-meta":"","header-below-stick-meta":"","astra-migrate-meta-layouts":"set","ast-page-background-enabled":"default","ast-page-background-meta":{"desktop":{"background-color":"","background-image":"","background-repeat":"repeat","background-position":"center center","background-size":"auto","background-attachment":"scroll","background-type":"","background-media":"","overlay-type":"","overlay-color":"","overlay-opacity":"","overlay-gradient":""},"tablet":{"background-color":"","background-image":"","background-repeat":"repeat","background-position":"center center","background-size":"auto","background-attachment":"scroll","background-type":"","background-media":"","overlay-type":"","overlay-color":"","overlay-opacity":"","overlay-gradient":""},"mobile":{"background-color":"","background-image":"","background-repeat":"repeat","background-position":"center center","background-size":"auto","background-attachment":"scroll","background-type":"","background-media":"","overlay-type":"","overlay-color":"","overlay-opacity":"","overlay-gradient":""}},"ast-content-background-meta":{"desktop":{"background-color":"var(--ast-global-color-5)","background-image":"","background-repeat":"repeat","background-position":"center center","background-size":"auto","background-attachment":"scroll","background-type":"","background-media":"","overlay-type":"","overlay-color":"","overlay-opacity":"","overlay-gradient":""},"tablet":{"background-color":"var(--ast-global-color-5)","background-image":"","background-repeat":"repeat","background-position":"center center","background-size":"auto","background-attachment":"scroll","background-type":"","background-media":"","overlay-type":"","overlay-color":"","overlay-opacity":"","overlay-gradient":""},"mobile":{"background-color":"var(--ast-global-color-5)","background-image":"","background-repeat":"repeat","background-position":"center center","background-size":"auto","background-attachment":"scroll","background-type":"","background-media":"","overlay-type":"","overlay-color":"","overlay-opacity":"","overlay-gradient":""}}},"product_brand":[442],"product_cat":[131,50,71],"product_tag":[],"class_list":{"0":"post-6041","1":"product","2":"type-product","3":"status-publish","4":"has-post-thumbnail","6":"product_brand-velilla","7":"product_cat-batas-sanidad-y-servicios","8":"product_cat-ropa-profesional","9":"product_cat-sanidad-y-servicios","10":"desktop-align-center","11":"tablet-align-left","12":"mobile-align-left","14":"first","15":"instock","16":"taxable","17":"shipping-taxable","18":"purchasable","19":"product-type-variable"},"_links":{"self":[{"href":"https:\/\/combi-pro.com\/fr\/wp-json\/wp\/v2\/product\/6041","targetHints":{"allow":["GET"]}}],"collection":[{"href":"https:\/\/combi-pro.com\/fr\/wp-json\/wp\/v2\/product"}],"about":[{"href":"https:\/\/combi-pro.com\/fr\/wp-json\/wp\/v2\/types\/product"}],"wp:featuredmedia":[{"embeddable":true,"href":"https:\/\/combi-pro.com\/fr\/wp-json\/wp\/v2\/media\/6049"}],"wp:attachment":[{"href":"https:\/\/combi-pro.com\/fr\/wp-json\/wp\/v2\/media?parent=6041"}],"wp:term":[{"taxonomy":"product_brand","embeddable":true,"href":"https:\/\/combi-pro.com\/fr\/wp-json\/wp\/v2\/product_brand?post=6041"},{"taxonomy":"product_cat","embeddable":true,"href":"https:\/\/combi-pro.com\/fr\/wp-json\/wp\/v2\/product_cat?post=6041"},{"taxonomy":"product_tag","embeddable":true,"href":"https:\/\/combi-pro.com\/fr\/wp-json\/wp\/v2\/product_tag?post=6041"}],"curies":[{"name":"wp","href":"https:\/\/api.w.org\/{rel}","templated":true}]}}