{"id":6056,"date":"2024-04-28T23:35:28","date_gmt":"2024-04-28T21:35:28","guid":{"rendered":"https:\/\/combi-pro.com\/?post_type=product&#038;p=6056"},"modified":"2026-05-13T16:35:11","modified_gmt":"2026-05-13T14:35:11","slug":"539009s-blouse-courte-extensible-pour-femmes","status":"publish","type":"product","link":"https:\/\/combi-pro.com\/fr\/boutique\/539009s-blouse-courte-extensible-pour-femmes\/","title":{"rendered":"Robe courte extensible pour femme avec une coupe semi-ajust\u00e9e et un tissu \u00e9lastique 539009S | VELILLA"},"content":{"rendered":"<div class=\"data item\" role=\"tablist\">\n<div id=\"tab-label-description\" class=\"data item title active\" tabindex=\"0\" role=\"tab\" data-role=\"collapsible\" data-collapsible=\"true\" aria-controls=\"description\" aria-selected=\"false\" aria-expanded=\"true\">\n<p data-start=\"1353\" data-end=\"1388\"><strong data-start=\"1359\" data-end=\"1388\">Caract\u00e9ristiques techniques :<\/strong><\/p>\n<ul>\n<li data-start=\"1392\" data-end=\"1426\">Mod\u00e8le : f\u00e9minin, semi-fixe<\/li>\n<li data-start=\"1429\" data-end=\"1459\">Fermeture : boutons classiques<\/li>\n<li data-start=\"1462\" data-end=\"1499\">Manches : de type tailleur (deux pi\u00e8ces)<\/li>\n<li data-start=\"1502\" data-end=\"1516\">Retour :<\/li>\n<li data-start=\"1521\" data-end=\"1541\">Ouverture arri\u00e8re<\/li>\n<li data-start=\"1546\" data-end=\"1568\">Coutures de s\u00e9curit\u00e9<\/li>\n<li data-start=\"1571\" data-end=\"1587\">Pince \u00e0 \u00e9piler : Oui<\/li>\n<li data-start=\"1590\" data-end=\"1636\">Flancs : avant et double arri\u00e8re<\/li>\n<li data-start=\"1639\" data-end=\"1675\">Poches : 3 poches passepoil\u00e9es<\/li>\n<li data-start=\"1678\" data-end=\"1699\">Tissu : extensible<\/li>\n<li data-start=\"1702\" data-end=\"1762\">Composition : 62% polyester - 34% coton - 4% \u00e9lasthanne<\/li>\n<li data-start=\"1765\" data-end=\"1788\">Poids : 185 g\/m\u00b2.<\/li>\n<\/ul>\n<p><strong>Gamme :<\/strong> \u00c9tirer<\/p>\n<p data-start=\"1817\" data-end=\"1849\"><strong data-start=\"1822\" data-end=\"1847\">Recommandation d'utilisation :<\/strong><\/p>\n<ul>\n<li data-start=\"1850\" data-end=\"1995\">Id\u00e9ale pour les professionnels de la sant\u00e9, de la beaut\u00e9, de la pharmacie ou des laboratoires \u00e0 la recherche d'une blouse f\u00e9minine, confortable, fonctionnelle et moderne.<\/li>\n<\/ul>\n<\/div>\n<\/div>","protected":false},"excerpt":{"rendered":"<p class=\"\" data-start=\"337\" data-end=\"468\">Manteau court et semi-ajust\u00e9 pour femmes, avec tissu extensible et poches passepoil\u00e9es. L\u00e9ger, professionnel et confortable pour le travail quotidien.<\/p>\n<p data-start=\"337\" data-end=\"468\"><img decoding=\"async\" class=\"alignnone wp-image-15240\" src=\"https:\/\/combi-pro.com\/wp-content\/uploads\/2025\/04\/icon-stretch.png\" alt=\"\" width=\"99\" height=\"40\" srcset=\"https:\/\/combi-pro.com\/wp-content\/uploads\/2025\/04\/icon-stretch.png 228w, https:\/\/combi-pro.com\/wp-content\/uploads\/2025\/04\/icon-stretch-64x26.png 64w, https:\/\/combi-pro.com\/wp-content\/uploads\/2025\/04\/icon-stretch-18x7.png 18w\" sizes=\"(max-width: 99px) 100vw, 99px\" \/><\/p>\n<p><strong>GUIDE DES TAILLES<\/strong><\/p>\n<p><img decoding=\"async\" class=\"alignnone wp-image-17946\" src=\"https:\/\/combi-pro.com\/wp-content\/uploads\/2024\/04\/75-80-screenshot-1750599466223-300x113.png\" alt=\"\" width=\"319\" height=\"120\" srcset=\"https:\/\/combi-pro.com\/wp-content\/uploads\/2024\/04\/75-80-screenshot-1750599466223-300x113.png 300w, https:\/\/combi-pro.com\/wp-content\/uploads\/2024\/04\/75-80-screenshot-1750599466223-18x7.png 18w, https:\/\/combi-pro.com\/wp-content\/uploads\/2024\/04\/75-80-screenshot-1750599466223-64x24.png 64w, https:\/\/combi-pro.com\/wp-content\/uploads\/2024\/04\/75-80-screenshot-1750599466223.png 401w\" sizes=\"(max-width: 319px) 100vw, 319px\" \/> <img decoding=\"async\" class=\"alignnone wp-image-17777\" src=\"https:\/\/combi-pro.com\/wp-content\/uploads\/2024\/05\/screenshot-1750037043744-300x167.png\" alt=\"\" width=\"180\" height=\"100\" srcset=\"https:\/\/combi-pro.com\/wp-content\/uploads\/2024\/05\/screenshot-1750037043744-300x167.png 300w, https:\/\/combi-pro.com\/wp-content\/uploads\/2024\/05\/screenshot-1750037043744-64x36.png 64w, https:\/\/combi-pro.com\/wp-content\/uploads\/2024\/05\/screenshot-1750037043744-18x10.png 18w, https:\/\/combi-pro.com\/wp-content\/uploads\/2024\/05\/screenshot-1750037043744.png 343w\" sizes=\"(max-width: 180px) 100vw, 180px\" \/><\/p>","protected":false},"featured_media":6063,"template":"","meta":{"site-sidebar-layout":"default","site-content-layout":"","ast-site-content-layout":"default","site-content-style":"default","site-sidebar-style":"default","ast-global-header-display":"","ast-banner-title-visibility":"","ast-main-header-display":"","ast-hfb-above-header-display":"","ast-hfb-below-header-display":"","ast-hfb-mobile-header-display":"","site-post-title":"","ast-breadcrumbs-content":"","ast-featured-img":"","footer-sml-layout":"","ast-disable-related-posts":"","theme-transparent-header-meta":"default","adv-header-id-meta":"","stick-header-meta":"","header-above-stick-meta":"","header-main-stick-meta":"","header-below-stick-meta":"","astra-migrate-meta-layouts":"set","ast-page-background-enabled":"default","ast-page-background-meta":{"desktop":{"background-color":"","background-image":"","background-repeat":"repeat","background-position":"center center","background-size":"auto","background-attachment":"scroll","background-type":"","background-media":"","overlay-type":"","overlay-color":"","overlay-opacity":"","overlay-gradient":""},"tablet":{"background-color":"","background-image":"","background-repeat":"repeat","background-position":"center center","background-size":"auto","background-attachment":"scroll","background-type":"","background-media":"","overlay-type":"","overlay-color":"","overlay-opacity":"","overlay-gradient":""},"mobile":{"background-color":"","background-image":"","background-repeat":"repeat","background-position":"center center","background-size":"auto","background-attachment":"scroll","background-type":"","background-media":"","overlay-type":"","overlay-color":"","overlay-opacity":"","overlay-gradient":""}},"ast-content-background-meta":{"desktop":{"background-color":"var(--ast-global-color-5)","background-image":"","background-repeat":"repeat","background-position":"center center","background-size":"auto","background-attachment":"scroll","background-type":"","background-media":"","overlay-type":"","overlay-color":"","overlay-opacity":"","overlay-gradient":""},"tablet":{"background-color":"var(--ast-global-color-5)","background-image":"","background-repeat":"repeat","background-position":"center center","background-size":"auto","background-attachment":"scroll","background-type":"","background-media":"","overlay-type":"","overlay-color":"","overlay-opacity":"","overlay-gradient":""},"mobile":{"background-color":"var(--ast-global-color-5)","background-image":"","background-repeat":"repeat","background-position":"center center","background-size":"auto","background-attachment":"scroll","background-type":"","background-media":"","overlay-type":"","overlay-color":"","overlay-opacity":"","overlay-gradient":""}}},"product_brand":[442],"product_cat":[131,50,71],"product_tag":[],"class_list":{"0":"post-6056","1":"product","2":"type-product","3":"status-publish","4":"has-post-thumbnail","6":"product_brand-velilla","7":"product_cat-batas-sanidad-y-servicios","8":"product_cat-ropa-profesional","9":"product_cat-sanidad-y-servicios","10":"desktop-align-center","11":"tablet-align-left","12":"mobile-align-left","14":"first","15":"instock","16":"taxable","17":"shipping-taxable","18":"purchasable","19":"product-type-variable"},"_links":{"self":[{"href":"https:\/\/combi-pro.com\/fr\/wp-json\/wp\/v2\/product\/6056","targetHints":{"allow":["GET"]}}],"collection":[{"href":"https:\/\/combi-pro.com\/fr\/wp-json\/wp\/v2\/product"}],"about":[{"href":"https:\/\/combi-pro.com\/fr\/wp-json\/wp\/v2\/types\/product"}],"wp:featuredmedia":[{"embeddable":true,"href":"https:\/\/combi-pro.com\/fr\/wp-json\/wp\/v2\/media\/6063"}],"wp:attachment":[{"href":"https:\/\/combi-pro.com\/fr\/wp-json\/wp\/v2\/media?parent=6056"}],"wp:term":[{"taxonomy":"product_brand","embeddable":true,"href":"https:\/\/combi-pro.com\/fr\/wp-json\/wp\/v2\/product_brand?post=6056"},{"taxonomy":"product_cat","embeddable":true,"href":"https:\/\/combi-pro.com\/fr\/wp-json\/wp\/v2\/product_cat?post=6056"},{"taxonomy":"product_tag","embeddable":true,"href":"https:\/\/combi-pro.com\/fr\/wp-json\/wp\/v2\/product_tag?post=6056"}],"curies":[{"name":"wp","href":"https:\/\/api.w.org\/{rel}","templated":true}]}}