{"id":6072,"date":"2024-04-29T00:33:48","date_gmt":"2024-04-28T22:33:48","guid":{"rendered":"https:\/\/combi-pro.com\/?post_type=product&#038;p=6072"},"modified":"2026-05-13T16:35:14","modified_gmt":"2026-05-13T14:35:14","slug":"539008s-blouse-courte-extensible-pour-hommes","status":"publish","type":"product","link":"https:\/\/combi-pro.com\/fr\/boutique\/539008s-blouse-courte-extensible-pour-hommes\/","title":{"rendered":"Robe courte extensible pour homme avec une coupe semi-ajust\u00e9e poches 539008S | VELILLA"},"content":{"rendered":"<div class=\"data item\" role=\"tablist\">\n<div id=\"tab-label-description\" class=\"data item title active\" tabindex=\"0\" role=\"tab\" data-role=\"collapsible\" data-collapsible=\"true\" aria-controls=\"description\" aria-selected=\"false\" aria-expanded=\"true\">\n<p data-start=\"1345\" data-end=\"1380\"><strong data-start=\"1351\" data-end=\"1380\">Caract\u00e9ristiques techniques :<\/strong><\/p>\n<ul>\n<li data-start=\"1384\" data-end=\"1422\">Design : Masculin, semi-fixe<\/li>\n<li data-start=\"1425\" data-end=\"1465\">Fermeture : boutons classiques sur le devant<\/li>\n<li data-start=\"1468\" data-end=\"1505\">Manches : de type tailleur (deux pi\u00e8ces)<\/li>\n<li data-start=\"1508\" data-end=\"1522\">Retour :<\/li>\n<li data-start=\"1527\" data-end=\"1545\">Ouverture arri\u00e8re<\/li>\n<li data-start=\"1550\" data-end=\"1572\">Coutures de s\u00e9curit\u00e9<\/li>\n<li data-start=\"1575\" data-end=\"1614\">Flancs : avant et arri\u00e8re<\/li>\n<li data-start=\"1617\" data-end=\"1653\">Poches : 3 poches passepoil\u00e9es<\/li>\n<li data-start=\"1656\" data-end=\"1677\">Tissu : extensible<\/li>\n<li data-start=\"1680\" data-end=\"1740\">Composition : 62% polyester - 34% coton - 4% \u00e9lasthanne<\/li>\n<li data-start=\"1743\" data-end=\"1766\">Poids : 185 g\/m\u00b2.<\/li>\n<\/ul>\n<p><strong>Gamme :<\/strong> \u00c9tirer<\/p>\n<p data-start=\"1795\" data-end=\"1827\"><strong data-start=\"1800\" data-end=\"1825\">Recommandation d'utilisation :<\/strong><\/p>\n<ul>\n<li data-start=\"1828\" data-end=\"1976\">Recommand\u00e9 pour les professionnels de la sant\u00e9, de l'esth\u00e9tique, des laboratoires ou de la pharmacie \u00e0 la recherche d'une blouse courte, l\u00e9g\u00e8re, fonctionnelle et au design moderne.<\/li>\n<\/ul>\n<\/div>\n<\/div>","protected":false},"excerpt":{"rendered":"<p class=\"\" data-start=\"310\" data-end=\"447\">Manteau court pour homme en tissu extensible, semi-ajust\u00e9 et poches passepoil\u00e9es. Confortable, fonctionnel et offrant une libert\u00e9 de mouvement maximale.<\/p>\n<p data-start=\"310\" data-end=\"447\"><img decoding=\"async\" class=\"alignnone wp-image-15240\" src=\"https:\/\/combi-pro.com\/wp-content\/uploads\/2025\/04\/icon-stretch.png\" alt=\"\" width=\"99\" height=\"40\" srcset=\"https:\/\/combi-pro.com\/wp-content\/uploads\/2025\/04\/icon-stretch.png 228w, https:\/\/combi-pro.com\/wp-content\/uploads\/2025\/04\/icon-stretch-64x26.png 64w, https:\/\/combi-pro.com\/wp-content\/uploads\/2025\/04\/icon-stretch-18x7.png 18w\" sizes=\"(max-width: 99px) 100vw, 99px\" \/><\/p>\n<p><strong>GUIDE DES TAILLES<\/strong><\/p>\n<p><img decoding=\"async\" class=\"alignnone wp-image-17943\" src=\"https:\/\/combi-pro.com\/wp-content\/uploads\/2024\/04\/84-89-screenshot-1750599216725-300x113.png\" alt=\"\" width=\"319\" height=\"120\" srcset=\"https:\/\/combi-pro.com\/wp-content\/uploads\/2024\/04\/84-89-screenshot-1750599216725-300x113.png 300w, https:\/\/combi-pro.com\/wp-content\/uploads\/2024\/04\/84-89-screenshot-1750599216725-18x7.png 18w, https:\/\/combi-pro.com\/wp-content\/uploads\/2024\/04\/84-89-screenshot-1750599216725-64x24.png 64w, https:\/\/combi-pro.com\/wp-content\/uploads\/2024\/04\/84-89-screenshot-1750599216725.png 399w\" sizes=\"(max-width: 319px) 100vw, 319px\" \/> <img decoding=\"async\" class=\"alignnone wp-image-17777\" src=\"https:\/\/combi-pro.com\/wp-content\/uploads\/2024\/05\/screenshot-1750037043744-300x167.png\" alt=\"\" width=\"180\" height=\"100\" srcset=\"https:\/\/combi-pro.com\/wp-content\/uploads\/2024\/05\/screenshot-1750037043744-300x167.png 300w, https:\/\/combi-pro.com\/wp-content\/uploads\/2024\/05\/screenshot-1750037043744-64x36.png 64w, https:\/\/combi-pro.com\/wp-content\/uploads\/2024\/05\/screenshot-1750037043744-18x10.png 18w, https:\/\/combi-pro.com\/wp-content\/uploads\/2024\/05\/screenshot-1750037043744.png 343w\" sizes=\"(max-width: 180px) 100vw, 180px\" \/><\/p>","protected":false},"featured_media":6079,"template":"","meta":{"site-sidebar-layout":"default","site-content-layout":"","ast-site-content-layout":"default","site-content-style":"default","site-sidebar-style":"default","ast-global-header-display":"","ast-banner-title-visibility":"","ast-main-header-display":"","ast-hfb-above-header-display":"","ast-hfb-below-header-display":"","ast-hfb-mobile-header-display":"","site-post-title":"","ast-breadcrumbs-content":"","ast-featured-img":"","footer-sml-layout":"","ast-disable-related-posts":"","theme-transparent-header-meta":"default","adv-header-id-meta":"","stick-header-meta":"","header-above-stick-meta":"","header-main-stick-meta":"","header-below-stick-meta":"","astra-migrate-meta-layouts":"set","ast-page-background-enabled":"default","ast-page-background-meta":{"desktop":{"background-color":"","background-image":"","background-repeat":"repeat","background-position":"center center","background-size":"auto","background-attachment":"scroll","background-type":"","background-media":"","overlay-type":"","overlay-color":"","overlay-opacity":"","overlay-gradient":""},"tablet":{"background-color":"","background-image":"","background-repeat":"repeat","background-position":"center center","background-size":"auto","background-attachment":"scroll","background-type":"","background-media":"","overlay-type":"","overlay-color":"","overlay-opacity":"","overlay-gradient":""},"mobile":{"background-color":"","background-image":"","background-repeat":"repeat","background-position":"center center","background-size":"auto","background-attachment":"scroll","background-type":"","background-media":"","overlay-type":"","overlay-color":"","overlay-opacity":"","overlay-gradient":""}},"ast-content-background-meta":{"desktop":{"background-color":"var(--ast-global-color-5)","background-image":"","background-repeat":"repeat","background-position":"center center","background-size":"auto","background-attachment":"scroll","background-type":"","background-media":"","overlay-type":"","overlay-color":"","overlay-opacity":"","overlay-gradient":""},"tablet":{"background-color":"var(--ast-global-color-5)","background-image":"","background-repeat":"repeat","background-position":"center center","background-size":"auto","background-attachment":"scroll","background-type":"","background-media":"","overlay-type":"","overlay-color":"","overlay-opacity":"","overlay-gradient":""},"mobile":{"background-color":"var(--ast-global-color-5)","background-image":"","background-repeat":"repeat","background-position":"center center","background-size":"auto","background-attachment":"scroll","background-type":"","background-media":"","overlay-type":"","overlay-color":"","overlay-opacity":"","overlay-gradient":""}}},"product_brand":[442],"product_cat":[131,50,71],"product_tag":[],"class_list":{"0":"post-6072","1":"product","2":"type-product","3":"status-publish","4":"has-post-thumbnail","6":"product_brand-velilla","7":"product_cat-batas-sanidad-y-servicios","8":"product_cat-ropa-profesional","9":"product_cat-sanidad-y-servicios","10":"desktop-align-center","11":"tablet-align-left","12":"mobile-align-left","14":"first","15":"instock","16":"taxable","17":"shipping-taxable","18":"purchasable","19":"product-type-variable"},"_links":{"self":[{"href":"https:\/\/combi-pro.com\/fr\/wp-json\/wp\/v2\/product\/6072","targetHints":{"allow":["GET"]}}],"collection":[{"href":"https:\/\/combi-pro.com\/fr\/wp-json\/wp\/v2\/product"}],"about":[{"href":"https:\/\/combi-pro.com\/fr\/wp-json\/wp\/v2\/types\/product"}],"wp:featuredmedia":[{"embeddable":true,"href":"https:\/\/combi-pro.com\/fr\/wp-json\/wp\/v2\/media\/6079"}],"wp:attachment":[{"href":"https:\/\/combi-pro.com\/fr\/wp-json\/wp\/v2\/media?parent=6072"}],"wp:term":[{"taxonomy":"product_brand","embeddable":true,"href":"https:\/\/combi-pro.com\/fr\/wp-json\/wp\/v2\/product_brand?post=6072"},{"taxonomy":"product_cat","embeddable":true,"href":"https:\/\/combi-pro.com\/fr\/wp-json\/wp\/v2\/product_cat?post=6072"},{"taxonomy":"product_tag","embeddable":true,"href":"https:\/\/combi-pro.com\/fr\/wp-json\/wp\/v2\/product_tag?post=6072"}],"curies":[{"name":"wp","href":"https:\/\/api.w.org\/{rel}","templated":true}]}}